{"id":7690,"date":"2022-03-03T13:36:58","date_gmt":"2022-03-03T18:36:58","guid":{"rendered":"https:\/\/unicuces.edu.co\/principal\/?page_id=7690"},"modified":"2022-12-16T12:00:22","modified_gmt":"2022-12-16T17:00:22","slug":"codigos-institucionales","status":"publish","type":"page","link":"https:\/\/unicuces.edu.co\/principal\/codigos-institucionales\/","title":{"rendered":"C\u00f3digos Institucionales"},"content":{"rendered":"<p>[et_pb_section fb_built=\u00bb1&#8243; _builder_version=\u00bb4.16&#8243; background_color=\u00bb#AB001D\u00bb background_image=\u00bbhttps:\/\/unicuces.edu.co\/principal\/wp-content\/uploads\/2018\/11\/Documentos-Unicuces-Universidad-Cali-Final-1.jpg\u00bb da_disable_devices=\u00bboff|off|off\u00bb locked=\u00bboff\u00bb global_colors_info=\u00bb{}\u00bb da_is_popup=\u00bboff\u00bb da_exit_intent=\u00bboff\u00bb da_has_close=\u00bbon\u00bb da_alt_close=\u00bboff\u00bb da_dark_close=\u00bboff\u00bb da_not_modal=\u00bbon\u00bb da_is_singular=\u00bboff\u00bb da_with_loader=\u00bboff\u00bb da_has_shadow=\u00bbon\u00bb][et_pb_row _builder_version=\u00bb4.16&#8243; background_size=\u00bbinitial\u00bb background_position=\u00bbtop_left\u00bb background_repeat=\u00bbrepeat\u00bb global_colors_info=\u00bb{}\u00bb][et_pb_column type=\u00bb4_4&#8243; _builder_version=\u00bb4.16&#8243; custom_padding=\u00bb|||\u00bb global_colors_info=\u00bb{}\u00bb custom_padding__hover=\u00bb|||\u00bb][et_pb_text admin_label=\u00bbText\u00bb _builder_version=\u00bb4.16.0&#8243; background_size=\u00bbinitial\u00bb background_position=\u00bbtop_left\u00bb background_repeat=\u00bbrepeat\u00bb text_orientation=\u00bbcenter\u00bb background_layout=\u00bbdark\u00bb module_alignment=\u00bbcenter\u00bb text_text_shadow_style=\u00bbpreset2&#8243; global_colors_info=\u00bb{}\u00bb]<\/p>\n<p style=\"font-size: 48px; font-weight: 300;\">C\u00f3digos Institucionales<\/p>\n<p>[\/et_pb_text][\/et_pb_column][\/et_pb_row][\/et_pb_section][et_pb_section fb_built=\u00bb1&#8243; _builder_version=\u00bb4.16&#8243; _module_preset=\u00bbdefault\u00bb da_disable_devices=\u00bboff|off|off\u00bb global_colors_info=\u00bb{}\u00bb da_is_popup=\u00bboff\u00bb da_exit_intent=\u00bboff\u00bb da_has_close=\u00bbon\u00bb da_alt_close=\u00bboff\u00bb da_dark_close=\u00bboff\u00bb da_not_modal=\u00bbon\u00bb da_is_singular=\u00bboff\u00bb da_with_loader=\u00bboff\u00bb da_has_shadow=\u00bbon\u00bb][et_pb_row _builder_version=\u00bb4.16&#8243; _module_preset=\u00bbdefault\u00bb global_colors_info=\u00bb{}\u00bb][et_pb_column type=\u00bb4_4&#8243; _builder_version=\u00bb4.16&#8243; _module_preset=\u00bbdefault\u00bb global_colors_info=\u00bb{}\u00bb][et_pb_text _builder_version=\u00bb4.18.0&#8243; _module_preset=\u00bbdefault\u00bb hover_enabled=\u00bb0&#8243; global_colors_info=\u00bb{}\u00bb sticky_enabled=\u00bb0&#8243;]<\/p>\n<table class=\"Tabla clase-navegar ende-2\" border=\"0\" cellspacing=\"0\" cellpadding=\"0\">\n<tbody>\n<tr>\n<th scope=\"col\" style=\"background-color: #c30f2e; color: #fff;\">C\u00d3DIGOS INSTITUCIONALES<\/th>\n<th scope=\"col\" style=\"background-color: #c30f2e;\"><\/th>\n<th scope=\"col\" style=\"background-color: #c30f2e;\"><\/th>\n<\/tr>\n<tr>\n<td>\n<p class=\"p1\"><span class=\"s1\">Manual de Identidad Institucional, Enero de 2021<\/span><\/p>\n<\/td>\n<td><\/td>\n<td>\n<div class=\"alinear-letf\"><a href=\"https:\/\/unicuces.edu.co\/principal\/wp-content\/uploads\/2022\/12\/UNICUCES-Manual-de-Identidad-Institucional-2021.pdf\">Ver<\/a><\/div>\n<\/td>\n<\/tr>\n<tr>\n<td>Pol\u00edtica de C\u00f3digo de Buen Gobierno Institucional, Acuerdo N\u00ba 02 de septiembre 02 de 2020<\/td>\n<td><\/td>\n<td>\n<div class=\"alinear-letf\"><a href=\"http:\/\/www.unicuces.edu.co\/principal\/imagenes-UNICUCES\/Documentos-UNICUCES\/Politica-Codigo-de-Buen-Gobierno-Institucional.html\" target=\"_blank\" rel=\"noopener\">Ver<\/a><\/div>\n<\/td>\n<\/tr>\n<\/tbody>\n<\/table>\n<p>[\/et_pb_text][\/et_pb_column][\/et_pb_row][\/et_pb_section]<\/p>\n","protected":false},"excerpt":{"rendered":"<p>C\u00f3digos Institucionales C\u00d3DIGOS INSTITUCIONALES Manual de Identidad Institucional, Enero de 2021 Ver Pol\u00edtica de C\u00f3digo de Buen Gobierno Institucional, Acuerdo N\u00ba 02 de septiembre 02 de 2020 Ver<\/p>\n","protected":false},"author":14,"featured_media":0,"parent":0,"menu_order":0,"comment_status":"closed","ping_status":"closed","template":"","meta":{"_et_pb_use_builder":"on","_et_pb_old_content":"","_et_gb_content_width":"","footnotes":""},"class_list":["post-7690","page","type-page","status-publish","hentry"],"_links":{"self":[{"href":"https:\/\/unicuces.edu.co\/principal\/wp-json\/wp\/v2\/pages\/7690","targetHints":{"allow":["GET"]}}],"collection":[{"href":"https:\/\/unicuces.edu.co\/principal\/wp-json\/wp\/v2\/pages"}],"about":[{"href":"https:\/\/unicuces.edu.co\/principal\/wp-json\/wp\/v2\/types\/page"}],"author":[{"embeddable":true,"href":"https:\/\/unicuces.edu.co\/principal\/wp-json\/wp\/v2\/users\/14"}],"replies":[{"embeddable":true,"href":"https:\/\/unicuces.edu.co\/principal\/wp-json\/wp\/v2\/comments?post=7690"}],"version-history":[{"count":3,"href":"https:\/\/unicuces.edu.co\/principal\/wp-json\/wp\/v2\/pages\/7690\/revisions"}],"predecessor-version":[{"id":15059,"href":"https:\/\/unicuces.edu.co\/principal\/wp-json\/wp\/v2\/pages\/7690\/revisions\/15059"}],"wp:attachment":[{"href":"https:\/\/unicuces.edu.co\/principal\/wp-json\/wp\/v2\/media?parent=7690"}],"curies":[{"name":"wp","href":"https:\/\/api.w.org\/{rel}","templated":true}]}}