{"id":7683,"date":"2022-03-03T13:32:04","date_gmt":"2022-03-03T18:32:04","guid":{"rendered":"https:\/\/unicuces.edu.co\/principal\/?page_id=7683"},"modified":"2025-04-04T18:17:35","modified_gmt":"2025-04-04T23:17:35","slug":"politicas-institucionales","status":"publish","type":"page","link":"https:\/\/unicuces.edu.co\/principal\/politicas-institucionales\/","title":{"rendered":"Pol\u00edticas Institucionales"},"content":{"rendered":"<p>[et_pb_section fb_built=\u00bb1&#8243; _builder_version=\u00bb4.16&#8243; background_color=\u00bb#AB001D\u00bb background_image=\u00bbhttps:\/\/unicuces.edu.co\/principal\/wp-content\/uploads\/2018\/11\/Documentos-Unicuces-Universidad-Cali-Final-1.jpg\u00bb locked=\u00bboff\u00bb global_colors_info=\u00bb{}\u00bb][et_pb_row _builder_version=\u00bb4.16&#8243; background_size=\u00bbinitial\u00bb background_position=\u00bbtop_left\u00bb background_repeat=\u00bbrepeat\u00bb global_colors_info=\u00bb{}\u00bb][et_pb_column type=\u00bb4_4&#8243; _builder_version=\u00bb4.16&#8243; custom_padding=\u00bb|||\u00bb global_colors_info=\u00bb{}\u00bb custom_padding__hover=\u00bb|||\u00bb][et_pb_text admin_label=\u00bbText\u00bb _builder_version=\u00bb4.16.0&#8243; background_size=\u00bbinitial\u00bb background_position=\u00bbtop_left\u00bb background_repeat=\u00bbrepeat\u00bb text_orientation=\u00bbcenter\u00bb background_layout=\u00bbdark\u00bb module_alignment=\u00bbcenter\u00bb text_text_shadow_style=\u00bbpreset2&#8243; global_colors_info=\u00bb{}\u00bb]<\/p>\n<p style=\"font-size: 48px; font-weight: 300;\">Pol\u00edticas Institucionales<\/p>\n<p>[\/et_pb_text][\/et_pb_column][\/et_pb_row][\/et_pb_section][et_pb_section fb_built=\u00bb1&#8243; _builder_version=\u00bb4.16&#8243; _module_preset=\u00bbdefault\u00bb global_colors_info=\u00bb{}\u00bb][et_pb_row _builder_version=\u00bb4.16&#8243; _module_preset=\u00bbdefault\u00bb global_colors_info=\u00bb{}\u00bb][et_pb_column type=\u00bb4_4&#8243; _builder_version=\u00bb4.16&#8243; _module_preset=\u00bbdefault\u00bb global_colors_info=\u00bb{}\u00bb][et_pb_text _builder_version=\u00bb4.27.4&#8243; _module_preset=\u00bbdefault\u00bb hover_enabled=\u00bb0&#8243; global_colors_info=\u00bb{}\u00bb sticky_enabled=\u00bb0&#8243;]<\/p>\n<table class=\"Tabla clase-navegar ende-2\" border=\"0\" cellspacing=\"0\" cellpadding=\"0\" style=\"height: 600px;\">\n<tbody>\n<tr style=\"height: 24px;\">\n<th scope=\"col\" style=\"background-color: #c30f2e; color: #ffffff; height: 24px; width: 818.047px;\">POL\u00cdTICAS INSTITUCIONALES<\/th>\n<th scope=\"col\" style=\"background-color: #c30f2e; height: 24px; width: 0px;\"><\/th>\n<th scope=\"col\" style=\"background-color: #c30f2e; height: 24px; width: 24.9531px;\"><\/th>\n<\/tr>\n<tr style=\"height: 24px;\">\n<td style=\"height: 24px; width: 818.047px;\">Pol\u00edtica Institucional para para la Prevenci\u00f3n, Detecci\u00f3n y Atenci\u00f3n Integral a Violencias Basadas en G\u00e9nero \u2013 UNICUCES<\/td>\n<td style=\"height: 24px; width: 0px;\"><\/td>\n<td style=\"height: 24px; width: 24.9531px;\">\n<div class=\"alinear-letf\"><a href=\"https:\/\/unicuces.edu.co\/principal\/wp-content\/uploads\/2025\/04\/UNICUCES-Protocolo-contra-la-Violencia-de-Genero.pdf\" target=\"_blank\" rel=\"noopener\">Ver<\/a><\/div>\n<\/td>\n<\/tr>\n<tr style=\"height: 24px;\">\n<td style=\"height: 24px; width: 818.047px;\">Pol\u00edtica Institucional para la atenci\u00f3n a los sujetos de especial protecci\u00f3n constitucional, grupos marginados y enfoque de g\u00e9nero, en UNICUCES<span style=\"font-size: 14px;\">, Acuerdo N\u00ba\u00a0 01 de mayo 2 de 2023<\/span><\/td>\n<td style=\"height: 24px; width: 0px;\"><\/td>\n<td style=\"height: 24px; width: 24.9531px;\">\n<div class=\"alinear-letf\"><a href=\"https:\/\/unicuces.edu.co\/principal\/wp-content\/uploads\/2023\/10\/ACD-1-May-2-2023_Politica-Atencion-Sujetos-Especial-Proteccion-Marginados-EnfoqueGenero.pdf\" target=\"_blank\" rel=\"noopener\">Ver<\/a><\/div>\n<\/td>\n<\/tr>\n<tr style=\"height: 24px;\">\n<td style=\"height: 24px; width: 818.047px;\">Pol\u00edtica Editorial &#8211; UNICUCES, Acuerdo N\u00ba 20 de diciembre 30 de 2013<\/td>\n<td style=\"height: 24px; width: 0px;\"><\/td>\n<td style=\"height: 24px; width: 24.9531px;\">\n<div class=\"alinear-letf\"><a href=\"http:\/\/www.unicuces.edu.co\/principal\/imagenes-UNICUCES\/Documentos-UNICUCES\/Politica-Editorial-Unicuces.html\" target=\"_blank\" rel=\"noopener\">Ver<\/a><\/div>\n<\/td>\n<\/tr>\n<tr style=\"height: 24px;\">\n<td style=\"height: 24px; width: 818.047px;\">Pol\u00edtica de Desarrollo Profesoral, Acuerdo N\u00ba 19 de diciembre 10 de 2015<\/td>\n<td style=\"height: 24px; width: 0px;\"><\/td>\n<td style=\"height: 24px; width: 24.9531px;\">\n<div class=\"alinear-letf\"><a href=\"http:\/\/www.unicuces.edu.co\/principal\/imagenes-UNICUCES\/Documentos-UNICUCES\/Politica%20Desarrollo%20Profesoral.html\" target=\"_blank\" rel=\"noopener\">Ver<\/a><\/div>\n<\/td>\n<\/tr>\n<tr style=\"height: 24px;\">\n<td style=\"height: 24px; width: 818.047px;\">Pol\u00edtica de Tratamiento de Informaci\u00f3n y Datos Personales, Acuerdo N\u00ba 20 de diciembre 10 de 2015<\/td>\n<td style=\"height: 24px; width: 0px;\"><\/td>\n<td style=\"height: 24px; width: 24.9531px;\">\n<div class=\"alinear-letf\"><a href=\"http:\/\/www.unicuces.edu.co\/principal\/imagenes-UNICUCES\/Documentos-UNICUCES\/Politica De-Tratamiento-de-Informacion-y-Datos-Personales.html\" target=\"_blank\" rel=\"noopener\">Ver<\/a><\/div>\n<\/td>\n<\/tr>\n<tr style=\"height: 24px;\">\n<td style=\"height: 24px; width: 818.047px;\">Pol\u00edtica de Responsabilidad Social Empresarial-RSE, Acuerdo N\u00ba 13 de diciembre 09 de 2016<\/td>\n<td style=\"height: 24px; width: 0px;\"><\/td>\n<td style=\"height: 24px; width: 24.9531px;\">\n<div class=\"alinear-letf\"><a href=\"http:\/\/www.unicuces.edu.co\/principal\/imagenes-UNICUCES\/Documentos-UNICUCES\/Politica-Rse.html\" target=\"_blank\" rel=\"noopener\">Ver<\/a><\/div>\n<\/td>\n<\/tr>\n<tr style=\"height: 24px;\">\n<td style=\"height: 24px; width: 818.047px;\">Pol\u00edtica Sistema Integrador de Gesti\u00f3n de la UNICUCES &#8211; SIGU, Acuerdo N\u00ba 06 de julio 13 de 2018<\/td>\n<td style=\"height: 24px; width: 0px;\"><\/td>\n<td style=\"height: 24px; width: 24.9531px;\">\n<div class=\"alinear-letf\"><a href=\"http:\/\/www.unicuces.edu.co\/principal\/imagenes-UNICUCES\/Documentos-UNICUCES\/Conform-y-Aprueba-Polit-Objt-Sist-Intgr-Gest-Sigu.html\" target=\"_blank\" rel=\"noopener\">Ver<\/a><\/div>\n<\/td>\n<\/tr>\n<tr style=\"height: 24px;\">\n<td style=\"height: 24px; width: 818.047px;\">Pol\u00edtica de Bienestar, Permanencia y Graduaci\u00f3n, Acuerdo N\u00ba 09 de julio 13 de 2018<\/td>\n<td style=\"height: 24px; width: 0px;\"><\/td>\n<td style=\"height: 24px; width: 24.9531px;\">\n<div class=\"alinear-letf\"><a href=\"http:\/\/www.unicuces.edu.co\/principal\/imagenes-UNICUCES\/Documentos-UNICUCES\/Politica-Bienestar-Permanencia-y-Graduacion.html\" target=\"_blank\" rel=\"noopener\">Ver<\/a><\/div>\n<\/td>\n<\/tr>\n<tr style=\"height: 24px;\">\n<td style=\"height: 24px; width: 818.047px;\">Pol\u00edtica de Proyecci\u00f3n Social y Extensi\u00f3n, Acuerdo N\u00ba 10 de julio 13 de 2018<\/td>\n<td style=\"height: 24px; width: 0px;\"><\/td>\n<td style=\"height: 24px; width: 24.9531px;\">\n<div class=\"alinear-letf\"><a href=\"http:\/\/www.unicuces.edu.co\/principal\/imagenes-UNICUCES\/Documentos-UNICUCES\/Politica-de-Proyeccion-Social-Extension.html\" target=\"_blank\" rel=\"noopener\">Ver<\/a><\/div>\n<\/td>\n<\/tr>\n<tr style=\"height: 24px;\">\n<td style=\"height: 24px; width: 818.047px;\">Pol\u00edtica de Administraci\u00f3n de Bienes Muebles e Inmuebles, Acuerdo N\u00ba 11 de julio 13 de 2018<\/td>\n<td style=\"height: 24px; width: 0px;\"><\/td>\n<td style=\"height: 24px; width: 24.9531px;\">\n<div class=\"alinear-letf\"><a href=\"http:\/\/www.unicuces.edu.co\/principal\/imagenes-UNICUCES\/Documentos-UNICUCES\/Politica-Admon-Bienes-Muebles-E-Inmueble.html\" target=\"_blank\" rel=\"noopener\">Ver<\/a><\/div>\n<\/td>\n<\/tr>\n<tr style=\"height: 24px;\">\n<td style=\"height: 24px; width: 818.047px;\">Pol\u00edtica de Egresados, Acuerdo N\u00ba 12 de julio 13 de 2018<\/td>\n<td style=\"height: 24px; width: 0px;\"><\/td>\n<td style=\"height: 24px; width: 24.9531px;\">\n<div class=\"alinear-letf\"><a href=\"http:\/\/www.unicuces.edu.co\/principal\/imagenes-UNICUCES\/Documentos-UNICUCES\/Politica-de-Egresados.html\" target=\"_blank\" rel=\"noopener\">Ver<\/a><\/div>\n<\/td>\n<\/tr>\n<tr style=\"height: 24px;\">\n<td style=\"height: 24px; width: 818.047px;\">Pol\u00edtica de Relaciones Nacionales e Internacionales, Acuerdo N\u00ba 13 de julio 13 de 2018<\/td>\n<td style=\"height: 24px; width: 0px;\"><\/td>\n<td style=\"height: 24px; width: 24.9531px;\">\n<div class=\"alinear-letf\"><a href=\"http:\/\/www.unicuces.edu.co\/principal\/imagenes-UNICUCES\/Documentos-UNICUCES\/Politica De-Relac-Nales-E-Internacionales.html\" target=\"_blank\" rel=\"noopener\">Ver<\/a><\/div>\n<\/td>\n<\/tr>\n<tr style=\"height: 24px;\">\n<td style=\"height: 24px; width: 818.047px;\">Pol\u00edtica de Administraci\u00f3n de Recursos Bibliogr\u00e1ficos, Acuerdo N\u00ba 14 de julio 13 de 2018<\/td>\n<td style=\"height: 24px; width: 0px;\"><\/td>\n<td style=\"height: 24px; width: 24.9531px;\">\n<div class=\"alinear-letf\"><a href=\"http:\/\/www.unicuces.edu.co\/principal\/imagenes-UNICUCES\/Documentos-UNICUCES\/Politica-de-Admon-de-Recursos-Bibliograficos.html\" target=\"_blank\" rel=\"noopener\">Ver<\/a><\/div>\n<\/td>\n<\/tr>\n<tr style=\"height: 24px;\">\n<td style=\"height: 24px; width: 818.047px;\">Pol\u00edtica de Investigaci\u00f3n, Innovaci\u00f3n y Creaci\u00f3n Art\u00edstica y Cultural, Acuerdo N\u00ba 15 de julio 13 de 2018<\/td>\n<td style=\"height: 24px; width: 0px;\"><\/td>\n<td style=\"height: 24px; width: 24.9531px;\">\n<div class=\"alinear-letf\"><a href=\"http:\/\/www.unicuces.edu.co\/principal\/imagenes-UNICUCES\/Documentos-UNICUCES\/Politica-de-Investigacion-Innovacion-y-Creacion-Artistica-y-Cultural.html\" target=\"_blank\" rel=\"noopener\">Ver<\/a><\/div>\n<\/td>\n<\/tr>\n<tr style=\"height: 24px;\">\n<td style=\"height: 24px; width: 818.047px;\">Pol\u00edtica de Inclusi\u00f3n, Acuerdo N\u00ba 01 de enero 23 de 2019<\/td>\n<td style=\"height: 24px; width: 0px;\"><\/td>\n<td style=\"height: 24px; width: 24.9531px;\">\n<div class=\"alinear-letf\"><a href=\"http:\/\/www.unicuces.edu.co\/principal\/imagenes-UNICUCES\/Documentos-UNICUCES\/Aprueba-Politica-de-Inclusion.html\" target=\"_blank\" rel=\"noopener\">Ver<\/a><\/div>\n<\/td>\n<\/tr>\n<tr style=\"height: 24px;\">\n<td style=\"height: 24px; width: 818.047px;\">Pol\u00edtica de Gesti\u00f3n Financiera y Presupuestal, Acuerdo N\u00ba 10 de septiembre 30 de 2019<\/td>\n<td style=\"height: 24px; width: 0px;\"><\/td>\n<td style=\"height: 24px; width: 24.9531px;\">\n<div class=\"alinear-letf\"><a href=\"http:\/\/www.unicuces.edu.co\/principal\/imagenes-UNICUCES\/Documentos-UNICUCES\/Politica-Gestion-Financiera-y-Presupuestal.html\" target=\"_blank\" rel=\"noopener\">Ver<\/a><\/div>\n<\/td>\n<\/tr>\n<tr style=\"height: 24px;\">\n<td style=\"height: 24px; width: 818.047px;\">Pol\u00edtica de Gesti\u00f3n de Talento Humano, Acuerdo N\u00ba 14 de diciembre 17 de 2019<\/td>\n<td style=\"height: 24px; width: 0px;\"><\/td>\n<td style=\"height: 24px; width: 24.9531px;\">\n<div class=\"alinear-letf\"><a href=\"http:\/\/www.unicuces.edu.co\/principal\/imagenes-UNICUCES\/Documentos-UNICUCES\/Politica-de-Talento-Humano.html\" target=\"_blank\" rel=\"noopener\">Ver<\/a><\/div>\n<\/td>\n<\/tr>\n<tr style=\"height: 48px;\">\n<td style=\"height: 48px; width: 818.047px;\">Pol\u00edtica de Renovaci\u00f3n y Actualizaci\u00f3n de Infraestructura F\u00edsica y Tecnol\u00f3gica, Acuerdo N\u00ba 15 de diciembre 17 de 2019<\/td>\n<td style=\"height: 48px; width: 0px;\"><\/td>\n<td style=\"height: 48px; width: 24.9531px;\">\n<div class=\"alinear-letf\"><a href=\"http:\/\/www.unicuces.edu.co\/principal\/imagenes-UNICUCES\/Documentos-UNICUCES\/Politica-Renovacion-y-Actualizacion-de-Infraestructura-Fisica-y-Tecnologica.html\" target=\"_blank\" rel=\"noopener\">Ver<\/a><\/div>\n<\/td>\n<\/tr>\n<tr style=\"height: 24px;\">\n<td style=\"height: 24px; width: 818.047px;\">Pol\u00edtica de C\u00f3digo de Buen Gobierno Institucional, Acuerdo N\u00ba 02 de septiembre 02 de 2020<\/td>\n<td style=\"height: 24px; width: 0px;\"><\/td>\n<td style=\"height: 24px; width: 24.9531px;\">\n<div class=\"alinear-letf\"><a href=\"http:\/\/www.unicuces.edu.co\/principal\/imagenes-UNICUCES\/Documentos-UNICUCES\/Politica-Codigo-de-Buen-Gobierno-Institucional.html\" target=\"_blank\" rel=\"noopener\">Ver<\/a><\/div>\n<\/td>\n<\/tr>\n<tr style=\"height: 24px;\">\n<td style=\"height: 24px; width: 818.047px;\">Pol\u00edtica Institucional de Autoevaluaci\u00f3n, Acuerdo N\u00ba 03 de septiembre 02 de 2020<\/td>\n<td style=\"height: 24px; width: 0px;\"><\/td>\n<td style=\"height: 24px; width: 24.9531px;\">\n<div class=\"alinear-letf\"><a href=\"http:\/\/www.unicuces.edu.co\/principal\/imagenes-UNICUCES\/Documentos-UNICUCES\/Politica-de-Autoevaluacion.html\" target=\"_blank\" rel=\"noopener\">Ver<\/a><\/div>\n<\/td>\n<\/tr>\n<tr style=\"height: 24px;\">\n<td style=\"height: 24px; width: 818.047px;\">Pol\u00edtica de Gesti\u00f3n de la Informaci\u00f3n, Acuerdo N\u00ba 04 de octubre 26 de 2020<\/td>\n<td style=\"height: 24px; width: 0px;\"><\/td>\n<td style=\"height: 24px; width: 24.9531px;\">\n<div class=\"alinear-letf\"><a href=\"http:\/\/www.unicuces.edu.co\/principal\/imagenes-UNICUCES\/Documentos-UNICUCES\/Politica-Gestion-de-la-Informacion.html\" target=\"_blank\" rel=\"noopener\">Ver<\/a><\/div>\n<\/td>\n<\/tr>\n<tr style=\"height: 24px;\">\n<td style=\"height: 24px; width: 818.047px;\">Pol\u00edtica de Propiedad Intelectual, Acuerdo N\u00ba 05 de octubre 26 de 2020<\/td>\n<td style=\"height: 24px; width: 0px;\"><\/td>\n<td style=\"height: 24px; width: 24.9531px;\">\n<div class=\"alinear-letf\"><a href=\"http:\/\/www.unicuces.edu.co\/principal\/imagenes-UNICUCES\/Documentos-UNICUCES\/Politica-Propiedad-Intelectual.html\" target=\"_blank\" rel=\"noopener\">Ver<\/a><\/div>\n<\/td>\n<\/tr>\n<tr style=\"height: 48px;\">\n<td style=\"height: 48px; width: 818.047px;\">Pol\u00edtica Asociada a Curr\u00edculo, Resultados de Aprendizaje, Cr\u00e9ditos y Actividades, Acuerdo N\u00ba 06 de noviembre 10 de 2020<\/td>\n<td style=\"height: 48px; width: 0px;\"><\/td>\n<td style=\"height: 48px; width: 24.9531px;\">\n<div class=\"alinear-letf\"><a href=\"http:\/\/www.unicuces.edu.co\/principal\/imagenes-UNICUCES\/Documentos-UNICUCES\/Politica-Academica-Asociada-a-Curriculo-Result-de-Aprend-Creditos-y-Activid.html\" target=\"_blank\" rel=\"noopener\">Ver<\/a><\/div>\n<\/td>\n<\/tr>\n<tr style=\"height: 24px;\">\n<td style=\"height: 24px; width: 818.047px;\">Pol\u00edticas Institucionales, Acuerdo N\u00ba 07 de noviembre 25 de 2020<\/td>\n<td style=\"height: 24px; width: 0px;\"><\/td>\n<td style=\"height: 24px; width: 24.9531px;\">\n<div class=\"alinear-letf\"><a href=\"http:\/\/www.unicuces.edu.co\/principal\/imagenes-UNICUCES\/Documentos-UNICUCES\/Adopcion-Politicas-Institucionales.html\" target=\"_blank\" rel=\"noopener\">Ver<\/a><\/div>\n<\/td>\n<\/tr>\n<\/tbody>\n<\/table>\n<p>[\/et_pb_text][\/et_pb_column][\/et_pb_row][\/et_pb_section]<\/p>\n","protected":false},"excerpt":{"rendered":"<p>Pol\u00edticas Institucionales POL\u00cdTICAS INSTITUCIONALES Pol\u00edtica Institucional para para la Prevenci\u00f3n, Detecci\u00f3n y Atenci\u00f3n Integral a Violencias Basadas en G\u00e9nero \u2013 UNICUCES Ver Pol\u00edtica Institucional para la atenci\u00f3n a los sujetos de especial protecci\u00f3n constitucional, grupos marginados y enfoque de g\u00e9nero, en UNICUCES, Acuerdo N\u00ba\u00a0 01 de mayo 2 de 2023 Ver Pol\u00edtica Editorial &#8211; UNICUCES, [&hellip;]<\/p>\n","protected":false},"author":14,"featured_media":0,"parent":0,"menu_order":0,"comment_status":"closed","ping_status":"closed","template":"","meta":{"_et_pb_use_builder":"on","_et_pb_old_content":"","_et_gb_content_width":"","footnotes":""},"class_list":["post-7683","page","type-page","status-publish","hentry"],"_links":{"self":[{"href":"https:\/\/unicuces.edu.co\/principal\/wp-json\/wp\/v2\/pages\/7683","targetHints":{"allow":["GET"]}}],"collection":[{"href":"https:\/\/unicuces.edu.co\/principal\/wp-json\/wp\/v2\/pages"}],"about":[{"href":"https:\/\/unicuces.edu.co\/principal\/wp-json\/wp\/v2\/types\/page"}],"author":[{"embeddable":true,"href":"https:\/\/unicuces.edu.co\/principal\/wp-json\/wp\/v2\/users\/14"}],"replies":[{"embeddable":true,"href":"https:\/\/unicuces.edu.co\/principal\/wp-json\/wp\/v2\/comments?post=7683"}],"version-history":[{"count":6,"href":"https:\/\/unicuces.edu.co\/principal\/wp-json\/wp\/v2\/pages\/7683\/revisions"}],"predecessor-version":[{"id":19864,"href":"https:\/\/unicuces.edu.co\/principal\/wp-json\/wp\/v2\/pages\/7683\/revisions\/19864"}],"wp:attachment":[{"href":"https:\/\/unicuces.edu.co\/principal\/wp-json\/wp\/v2\/media?parent=7683"}],"curies":[{"name":"wp","href":"https:\/\/api.w.org\/{rel}","templated":true}]}}