{"id":7603,"date":"2022-03-02T17:26:32","date_gmt":"2022-03-02T22:26:32","guid":{"rendered":"https:\/\/unicuces.edu.co\/principal\/?page_id=7603"},"modified":"2022-04-05T08:50:55","modified_gmt":"2022-04-05T13:50:55","slug":"reglamentos-institucionales","status":"publish","type":"page","link":"https:\/\/unicuces.edu.co\/principal\/reglamentos-institucionales\/","title":{"rendered":"Reglamentos Institucionales"},"content":{"rendered":"\n[et_pb_section fb_built=\u00bb1&#8243; _builder_version=\u00bb3.22&#8243; background_color=\u00bb#AB001D\u00bb background_image=\u00bbhttps:\/\/unicuces.edu.co\/principal\/wp-content\/uploads\/2018\/11\/Documentos-Unicuces-Universidad-Cali-Final-1.jpg\u00bb locked=\u00bboff\u00bb global_colors_info=\u00bb{}\u00bb][et_pb_row _builder_version=\u00bb3.25&#8243; background_size=\u00bbinitial\u00bb background_position=\u00bbtop_left\u00bb background_repeat=\u00bbrepeat\u00bb global_colors_info=\u00bb{}\u00bb][et_pb_column type=\u00bb4_4&#8243; _builder_version=\u00bb3.25&#8243; custom_padding=\u00bb|||\u00bb global_colors_info=\u00bb{}\u00bb custom_padding__hover=\u00bb|||\u00bb][et_pb_text admin_label=\u00bbText\u00bb _builder_version=\u00bb4.14.8&#8243; background_size=\u00bbinitial\u00bb background_position=\u00bbtop_left\u00bb background_repeat=\u00bbrepeat\u00bb text_orientation=\u00bbcenter\u00bb background_layout=\u00bbdark\u00bb module_alignment=\u00bbcenter\u00bb text_text_shadow_style=\u00bbpreset2&#8243; global_colors_info=\u00bb{}\u00bb]<p style=\"font-size: 48px; font-weight: 300;\">Reglamentos Institucionales<\/p>[\/et_pb_text][\/et_pb_column][\/et_pb_row][\/et_pb_section][et_pb_section fb_built=\u00bb1&#8243; _builder_version=\u00bb4.14.8&#8243; _module_preset=\u00bbdefault\u00bb global_colors_info=\u00bb{}\u00bb][et_pb_row _builder_version=\u00bb4.14.8&#8243; _module_preset=\u00bbdefault\u00bb hover_enabled=\u00bb0&#8243; global_colors_info=\u00bb{}\u00bb sticky_enabled=\u00bb0&#8243;][et_pb_column type=\u00bb4_4&#8243; _builder_version=\u00bb4.14.8&#8243; _module_preset=\u00bbdefault\u00bb global_colors_info=\u00bb{}\u00bb][et_pb_text _builder_version=\u00bb4.14.8&#8243; _module_preset=\u00bbdefault\u00bb text_font=\u00bb||||||||\u00bb text_line_height=\u00bb1.9em\u00bb hover_enabled=\u00bb0&#8243; global_colors_info=\u00bb{}\u00bb sticky_enabled=\u00bb0&#8243;]<table class=\"Tabla clase-navegar ende-2\" border=\"0\" cellspacing=\"0\" cellpadding=\"0\">\n<tbody>\n<tr>\n<th scope=\"col\" style=\"background-color: #c30f2e;color:#fff;\">REGLAMENTOS INSTITUCIONALES<\/th>\n<th scope=\"col\" style=\"background-color: #c30f2e\"><\/th>\n<th scope=\"col\" style=\"background-color: #c30f2e\"><\/th>\n<\/tr>\n<tr>\n<td>Reglamento de Archivos y Tablas de Retenci\u00f3n Documental, Resoluci\u00f3n Rectoral N\u00ba 09-07 de diciembre 19 de 2007<\/td>\n<td><\/td>\n<td>\n<div class=\"alinear-letf\"><a href=\"https:\/\/www.unicuces.edu.co\/principal\/imagenes-UNICUCES\/Documentos-UNICUCES\/Reglamento%20de%20Archivos%20y%20Tablas%20de%20Retencion%20Documental.html\" target=\"_blank\" rel=\"noopener\">Ver<\/a><\/div><\/td>\n<\/tr>\n<tr>\n<td>Reglamento Estudiantil, Acuerdo N\u00ba 13 diciembre 04 de 2015<\/td>\n<td><\/td>\n<td>\n<div class=\"alinear-letf\"><a href=\"https:\/\/www.unicuces.edu.co\/principal\/imagenes-UNICUCES\/Documentos-UNICUCES\/Reglamento-Estudiantil-UNICUCES.html\" target=\"_blank\" rel=\"noopener\">Ver<\/a><\/div><\/td>\n<\/tr>\n<tr>\n<td>Reglamento Financiero, Acuerdo N\u00ba 15 de diciembre 04 de 2015<\/td>\n<td><\/td>\n<td>\n<div class=\"alinear-letf\"><a href=\"https:\/\/www.unicuces.edu.co\/principal\/imagenes-UNICUCES\/Documentos-UNICUCES\/Reglamento-Matricula-Financiera-UNICUCES.html\" target=\"_blank\" rel=\"noopener\">Ver<\/a><\/div><\/td>\n<\/tr>\n<tr>\n<td>Reglamento de requisitos de grado, Acuerdo N\u00ba 14 de diciembre de 2015<\/td>\n<td><\/td>\n<td>\n<div class=\"alinear-letf\"><a href=\"https:\/\/www.unicuces.edu.co\/principal\/imagenes-UNICUCES\/Documentos-UNICUCES\/Reglamento-Requisitos-de-Grado-UNICUCES.html\" target=\"_blank\" rel=\"noopener\">Ver<\/a><\/div><\/td>\n<\/tr>\n<tr>\n<td>Reglamento de Posgrado, Acuerdo N\u00ba 16 de diciembre 04 de 2015<\/td>\n<td><\/td>\n<td>\n<div class=\"alinear-letf\"><a href=\"https:\/\/www.unicuces.edu.co\/principal\/imagenes-UNICUCES\/Documentos-UNICUCES\/Reglamento-Posgrados-UNICUCES.html\" target=\"_blank\" rel=\"noopener\">Ver<\/a><\/div><\/td>\n<\/tr>\n<tr>\n<td>Reglamento Personal Docente, Acuerdo N\u00ba 16 de septiembre 20 de 2018<\/td>\n<td><\/td>\n<td>\n<div class=\"alinear-letf\">&nbsp;<a href=\"https:\/\/www.unicuces.edu.co\/principal\/imagenes-UNICUCES\/Documentos-UNICUCES\/Reglamento-Personal-Docente-UNICUCES.html\" target=\"_blank\" rel=\"noopener\">Ver<\/a><\/div><\/td>\n<\/tr>\n<tr>\n<td>Reglamento de Investigaci\u00f3n, Innovaci\u00f3n y Creaci\u00f3n Art\u00edstica y Cultural, Acuerdo N\u00ba 17 de septiembre 20 de 2018<\/td>\n<td><\/td>\n<td>\n<div class=\"alinear-letf\">&nbsp;<a href=\"https:\/\/www.unicuces.edu.co\/principal\/imagenes-UNICUCES\/Documentos-UNICUCES\/Reglamento-de-Investigaciones-UNICUCES.html\" target=\"_blank\" rel=\"noopener\">Ver<\/a><\/div><\/td>\n<\/tr>\n<tr>\n<td>Reglamento de Biblioteca Carlos Ariel Trejos Tabares, Acuerdo N\u00ba 18 de septiembre 20 de 2018<\/td>\n<td><\/td>\n<td>\n<div class=\"alinear-letf\">&nbsp;<a href=\"https:\/\/www.unicuces.edu.co\/principal\/imagenes-UNICUCES\/Documentos-UNICUCES\/Reglamento-de-la-Biblioteca-UNICUCES.html\" target=\"_blank\" rel=\"noopener\">Ver<\/a><\/div><\/td>\n<\/tr>\n<tr>\n<td>Reglamento de Bienestar Institucional, Permanencia y Graduaci\u00f3n, Acuerdo N\u00ba 19 de octubre 16 de 2018<\/td>\n<td><\/td>\n<td>\n<div class=\"alinear-letf\"><a href=\"https:\/\/www.unicuces.edu.co\/principal\/imagenes-UNICUCES\/Documentos-UNICUCES\/Reglamento-de-Bienestar-Institucional-UNICUCES.html\" target=\"_blank\" rel=\"noopener\">Ver<\/a><\/div><\/td>\n<\/tr>\n<\/tbody>\n<\/table>[\/et_pb_text][\/et_pb_column][\/et_pb_row][\/et_pb_section]\n","protected":false},"excerpt":{"rendered":"<p>Reglamentos Institucionales REGLAMENTOS INSTITUCIONALES Reglamento de Archivos y Tablas de Retenci\u00f3n Documental, Resoluci\u00f3n Rectoral N\u00ba 09-07 de diciembre 19 de 2007 Ver Reglamento Estudiantil, Acuerdo N\u00ba 13 diciembre 04 de 2015 Ver Reglamento Financiero, Acuerdo N\u00ba 15 de diciembre 04 de 2015 Ver Reglamento de requisitos de grado, Acuerdo N\u00ba 14 de diciembre de 2015 [&hellip;]<\/p>\n","protected":false},"author":14,"featured_media":0,"parent":0,"menu_order":0,"comment_status":"closed","ping_status":"closed","template":"","meta":{"_et_pb_use_builder":"on","_et_pb_old_content":"","_et_gb_content_width":"","footnotes":""},"class_list":["post-7603","page","type-page","status-publish","hentry"],"_links":{"self":[{"href":"https:\/\/unicuces.edu.co\/principal\/wp-json\/wp\/v2\/pages\/7603","targetHints":{"allow":["GET"]}}],"collection":[{"href":"https:\/\/unicuces.edu.co\/principal\/wp-json\/wp\/v2\/pages"}],"about":[{"href":"https:\/\/unicuces.edu.co\/principal\/wp-json\/wp\/v2\/types\/page"}],"author":[{"embeddable":true,"href":"https:\/\/unicuces.edu.co\/principal\/wp-json\/wp\/v2\/users\/14"}],"replies":[{"embeddable":true,"href":"https:\/\/unicuces.edu.co\/principal\/wp-json\/wp\/v2\/comments?post=7603"}],"version-history":[{"count":5,"href":"https:\/\/unicuces.edu.co\/principal\/wp-json\/wp\/v2\/pages\/7603\/revisions"}],"predecessor-version":[{"id":7688,"href":"https:\/\/unicuces.edu.co\/principal\/wp-json\/wp\/v2\/pages\/7603\/revisions\/7688"}],"wp:attachment":[{"href":"https:\/\/unicuces.edu.co\/principal\/wp-json\/wp\/v2\/media?parent=7603"}],"curies":[{"name":"wp","href":"https:\/\/api.w.org\/{rel}","templated":true}]}}