{"id":714,"date":"2018-08-17T02:32:17","date_gmt":"2018-08-17T02:32:17","guid":{"rendered":"https:\/\/demo.unicuces.edu.co\/wp\/?page_id=714"},"modified":"2026-03-02T15:32:39","modified_gmt":"2026-03-02T20:32:39","slug":"ofertas-laborales","status":"publish","type":"page","link":"https:\/\/unicuces.edu.co\/principal\/ofertas-laborales\/","title":{"rendered":"Ofertas Laborales"},"content":{"rendered":"<p>[et_pb_section fb_built=\u00bb1&#8243; fullwidth=\u00bbon\u00bb _builder_version=\u00bb4.16&#8243; background_color_gradient_direction=\u00bb179deg\u00bb background_image=\u00bbhttps:\/\/unicuces.edu.co\/principal\/wp-content\/uploads\/2019\/03\/0-Ofertas-Laborales-UNICUCES-Universidad-Cali-Colombia.jpg\u00bb global_colors_info=\u00bb{}\u00bb][et_pb_fullwidth_header title=\u00bbRELACIONAMIENTO CON EL SECTOR EXTERNO\u00bb text_orientation=\u00bbcenter\u00bb admin_label=\u00bbFullwidth Header\u00bb _builder_version=\u00bb4.18.0&#8243; title_font=\u00bb||||||||\u00bb background_color=\u00bbrgba(255, 255, 255, 0)\u00bb title_text_shadow_style=\u00bbpreset1&#8243; title_text_shadow_color=\u00bbrgba(11,31,102,0.53)\u00bb text_shadow_style=\u00bbpreset1&#8243; text_shadow_color=\u00bbrgba(11,31,102,0.4)\u00bb global_colors_info=\u00bb{}\u00bb button_one_text_size__hover_enabled=\u00bboff\u00bb button_one_text_size__hover=\u00bbnull\u00bb button_two_text_size__hover_enabled=\u00bboff\u00bb button_two_text_size__hover=\u00bbnull\u00bb button_one_text_color__hover_enabled=\u00bboff\u00bb button_one_text_color__hover=\u00bbnull\u00bb button_two_text_color__hover_enabled=\u00bboff\u00bb button_two_text_color__hover=\u00bbnull\u00bb button_one_border_width__hover_enabled=\u00bboff\u00bb button_one_border_width__hover=\u00bbnull\u00bb button_two_border_width__hover_enabled=\u00bboff\u00bb button_two_border_width__hover=\u00bbnull\u00bb button_one_border_color__hover_enabled=\u00bboff\u00bb button_one_border_color__hover=\u00bbnull\u00bb button_two_border_color__hover_enabled=\u00bboff\u00bb button_two_border_color__hover=\u00bbnull\u00bb button_one_border_radius__hover_enabled=\u00bboff\u00bb button_one_border_radius__hover=\u00bbnull\u00bb button_two_border_radius__hover_enabled=\u00bboff\u00bb button_two_border_radius__hover=\u00bbnull\u00bb button_one_letter_spacing__hover_enabled=\u00bboff\u00bb button_one_letter_spacing__hover=\u00bbnull\u00bb button_two_letter_spacing__hover_enabled=\u00bboff\u00bb button_two_letter_spacing__hover=\u00bbnull\u00bb button_one_bg_color__hover_enabled=\u00bboff\u00bb button_one_bg_color__hover=\u00bbnull\u00bb button_two_bg_color__hover_enabled=\u00bboff\u00bb button_two_bg_color__hover=\u00bbnull\u00bb][\/et_pb_fullwidth_header][\/et_pb_section][et_pb_section fb_built=\u00bb1&#8243; _builder_version=\u00bb4.27.4&#8243; _module_preset=\u00bbdefault\u00bb global_colors_info=\u00bb{}\u00bb][et_pb_row _builder_version=\u00bb4.27.4&#8243; _module_preset=\u00bbdefault\u00bb width=\u00bb66.7%\u00bb custom_margin=\u00bb|330px||301px||\u00bb custom_padding=\u00bb|6px||||\u00bb global_colors_info=\u00bb{}\u00bb][et_pb_column type=\u00bb4_4&#8243; _builder_version=\u00bb4.16&#8243; _module_preset=\u00bbdefault\u00bb global_colors_info=\u00bb{}\u00bb][et_pb_text _builder_version=\u00bb4.27.4&#8243; _module_preset=\u00bbdefault\u00bb hover_enabled=\u00bb0&#8243; sticky_enabled=\u00bb0&#8243;]<\/p>\n<p style=\"text-align: center;\"><span style=\"font-size: large;\"><strong>PARA POSTULARTE DEBES REALIZAR LO SIGUIENTE:<\/strong><\/span><span style=\"text-decoration: underline;\"><a href=\"https:\/\/unicuces.edu.co\/principal\/wp-content\/uploads\/2022\/03\/RG01-HV-ESTUDIANTES.pdf\" download=\"HV-UNICUCES\"><\/a><\/span><\/p>\n<p style=\"text-align: center;\"><strong>1. <\/strong>Enviar hoja de vida UNICUCES al correo: <a href=\"mailto:vinculemonos@unicuces.edu.co\">vinculemonos@unicuces.edu.co<\/a>\u00a0 (Indicar en el asunto a que convocatoria aplica)<\/p>\n<p>[\/et_pb_text][\/et_pb_column][\/et_pb_row][et_pb_row _builder_version=\u00bb4.27.4&#8243; _module_preset=\u00bbdefault\u00bb global_colors_info=\u00bb{}\u00bb][et_pb_column type=\u00bb4_4&#8243; _builder_version=\u00bb4.27.4&#8243; _module_preset=\u00bbdefault\u00bb global_colors_info=\u00bb{}\u00bb][et_pb_text _builder_version=\u00bb4.27.4&#8243; _module_preset=\u00bbdefault\u00bb background_color=\u00bb#F9F8F6&#8243; hover_enabled=\u00bb0&#8243; global_colors_info=\u00bb{}\u00bb sticky_enabled=\u00bb0&#8243; content_last_edited=\u00bbon|desktop\u00bb content_tablet=\u00bb<\/p>\n<div class=%22tabla-contenedor%22>\n<table class=%22tabla-empleo%22>\n<thead>\n<tr>\n<th>Vacante<\/th>\n<th>Empresa<\/th>\n<th>Perfil<\/th>\n<th>Cargo<\/th>\n<th>\u00c1rea<\/th>\n<th>Contrato<\/th>\n<\/tr>\n<\/thead>\n<tbody>\n<tr>\n<td>Aprendices<\/td>\n<td>Empaques y Envasados<\/td>\n<td><span data-sheets-root=%221%22>Estudiantes Tecnolog\u00eda en Gesti\u00f3n de la Producci\u00f3n <\/span><\/td>\n<td>Aprendiz<\/td>\n<td>Calidad y Producci\u00f3n<\/td>\n<td>Aprendizaje<\/td>\n<\/tr>\n<tr>\n<td>Aprendices<\/td>\n<td>Supermercados La Gran Colombia<\/td>\n<td><span data-sheets-root=%221%22>Estudiantes Tecnolog\u00edas en Gesti\u00f3n Empresarial, Gesti\u00f3n Contable y Financiera y Gesti\u00f3n de la Producci\u00f3n<br \/><\/span><\/td>\n<td>Aprendiz<\/td>\n<td>Administrativo<\/td>\n<td>Aprendizaje<\/td>\n<\/tr>\n<\/tbody>\n<\/table>\n<\/div>\n<p>\u00bb content_phone=\u00bb<\/p>\n<div class=%22tabla-contenedor%22>\n<table class=%22tabla-empleo%22>\n<thead>\n<tr>\n<th>Vacante<\/th>\n<th>Empresa<\/th>\n<th>Perfil<\/th>\n<th>Cargo<\/th>\n<th>\u00c1rea<\/th>\n<th>Contrato<\/th>\n<\/tr>\n<\/thead>\n<tbody>\n<tr>\n<td>Aprendices<\/td>\n<td>Empaques y Envasados<\/td>\n<td><span data-sheets-root=%221%22>Estudiantes Tecnolog\u00eda en Gesti\u00f3n de la Producci\u00f3n <\/span><\/td>\n<td>Aprendiz<\/td>\n<td>Calidad y Producci\u00f3n<\/td>\n<td>Aprendizaje<\/td>\n<\/tr>\n<tr>\n<td>Aprendices<\/td>\n<td>Supermercados La Gran Colombia<\/td>\n<td><span data-sheets-root=%221%22>Estudiantes Tecnolog\u00edas en Gesti\u00f3n Empresarial, Gesti\u00f3n Contable y Financiera y Gesti\u00f3n de la Producci\u00f3n<br \/><\/span><\/td>\n<td>Aprendiz<\/td>\n<td>Administrativo<\/td>\n<td>Aprendizaje<\/td>\n<\/tr>\n<\/tbody>\n<\/table>\n<\/div>\n<p>\u00ab]<\/p>\n<div class=\"tabla-contenedor\">\n<table class=\"tabla-empleo\">\n<thead>\n<tr>\n<th>Vacante<\/th>\n<th>Empresa<\/th>\n<th>Perfil<\/th>\n<th>Cargo<\/th>\n<th>\u00c1rea<\/th>\n<th>Contrato<\/th>\n<\/tr>\n<\/thead>\n<tbody>\n<tr>\n<td>Aprendices<\/td>\n<td>Empaques y Envasados<\/td>\n<td><span data-sheets-root=\"1\">Estudiantes Tecnolog\u00eda en Gesti\u00f3n de la Producci\u00f3n <\/span><\/td>\n<td>Aprendiz<\/td>\n<td>Calidad y Producci\u00f3n<\/td>\n<td>Aprendizaje<\/td>\n<\/tr>\n<tr>\n<td>Aprendices<\/td>\n<td>Supermercados La Gran Colombia<\/td>\n<td><span data-sheets-root=\"1\">Estudiantes Tecnolog\u00edas en Gesti\u00f3n Empresarial, Gesti\u00f3n Contable y Financiera y Gesti\u00f3n de la Producci\u00f3n<br \/><\/span><\/td>\n<td>Aprendiz<\/td>\n<td>Administrativo<\/td>\n<td>Aprendizaje<\/td>\n<\/tr>\n<\/tbody>\n<\/table>\n<\/div>\n<p>[\/et_pb_text][\/et_pb_column][\/et_pb_row][\/et_pb_section]<\/p>\n","protected":false},"excerpt":{"rendered":"<p>PARA POSTULARTE DEBES REALIZAR LO SIGUIENTE: 1. Enviar hoja de vida UNICUCES al correo: vinculemonos@unicuces.edu.co\u00a0 (Indicar en el asunto a que convocatoria aplica) Vacante Empresa Perfil Cargo \u00c1rea Contrato Aprendices Empaques y Envasados Estudiantes Tecnolog\u00eda en Gesti\u00f3n de la Producci\u00f3n Aprendiz Calidad y Producci\u00f3n Aprendizaje Aprendices Supermercados La Gran Colombia Estudiantes Tecnolog\u00edas en Gesti\u00f3n Empresarial, [&hellip;]<\/p>\n","protected":false},"author":14,"featured_media":0,"parent":0,"menu_order":0,"comment_status":"closed","ping_status":"closed","template":"","meta":{"_et_pb_use_builder":"on","_et_pb_old_content":"","_et_gb_content_width":"","footnotes":""},"class_list":["post-714","page","type-page","status-publish","hentry"],"_links":{"self":[{"href":"https:\/\/unicuces.edu.co\/principal\/wp-json\/wp\/v2\/pages\/714","targetHints":{"allow":["GET"]}}],"collection":[{"href":"https:\/\/unicuces.edu.co\/principal\/wp-json\/wp\/v2\/pages"}],"about":[{"href":"https:\/\/unicuces.edu.co\/principal\/wp-json\/wp\/v2\/types\/page"}],"author":[{"embeddable":true,"href":"https:\/\/unicuces.edu.co\/principal\/wp-json\/wp\/v2\/users\/14"}],"replies":[{"embeddable":true,"href":"https:\/\/unicuces.edu.co\/principal\/wp-json\/wp\/v2\/comments?post=714"}],"version-history":[{"count":268,"href":"https:\/\/unicuces.edu.co\/principal\/wp-json\/wp\/v2\/pages\/714\/revisions"}],"predecessor-version":[{"id":20499,"href":"https:\/\/unicuces.edu.co\/principal\/wp-json\/wp\/v2\/pages\/714\/revisions\/20499"}],"wp:attachment":[{"href":"https:\/\/unicuces.edu.co\/principal\/wp-json\/wp\/v2\/media?parent=714"}],"curies":[{"name":"wp","href":"https:\/\/api.w.org\/{rel}","templated":true}]}}