{"id":69,"date":"2018-08-01T15:07:15","date_gmt":"2018-08-01T15:07:15","guid":{"rendered":"https:\/\/demo.unicuces.edu.co\/wp\/?page_id=69"},"modified":"2022-04-13T18:06:15","modified_gmt":"2022-04-13T23:06:15","slug":"estructura-organizacional","status":"publish","type":"page","link":"https:\/\/unicuces.edu.co\/principal\/estructura-organizacional\/","title":{"rendered":"Estructura Organizacional"},"content":{"rendered":"<p>[et_pb_section fb_built=\u00bb1&#8243; fullwidth=\u00bbon\u00bb _builder_version=\u00bb4.16&#8243; background_color=\u00bb#C1102C\u00bb background_image=\u00bbhttps:\/\/unicuces.edu.co\/principal\/wp-content\/uploads\/2018\/11\/Estructura-Organizacional-Unicuces-Universidad-Cali-Final-3.jpg\u00bb background_position=\u00bbcenter_left\u00bb global_colors_info=\u00bb{}\u00bb da_is_popup=\u00bboff\u00bb da_exit_intent=\u00bboff\u00bb da_has_close=\u00bbon\u00bb da_alt_close=\u00bboff\u00bb da_dark_close=\u00bboff\u00bb da_not_modal=\u00bbon\u00bb da_is_singular=\u00bboff\u00bb da_with_loader=\u00bboff\u00bb da_has_shadow=\u00bbon\u00bb da_disable_devices=\u00bboff|off|off\u00bb][et_pb_fullwidth_header title=\u00bbESTRUCTURA ORGANIZACIONAL\u00bb text_orientation=\u00bbcenter\u00bb admin_label=\u00bbFullwidth Header\u00bb _builder_version=\u00bb4.16&#8243; title_font=\u00bb||||||||\u00bb background_color=\u00bbrgba(255, 255, 255, 0)\u00bb title_text_shadow_style=\u00bbpreset2&#8243; title_text_shadow_color=\u00bbrgba(11,31,102,0.4)\u00bb global_colors_info=\u00bb{}\u00bb button_one_text_size__hover_enabled=\u00bboff\u00bb button_two_text_size__hover_enabled=\u00bboff\u00bb button_one_text_color__hover_enabled=\u00bboff\u00bb button_two_text_color__hover_enabled=\u00bboff\u00bb button_one_border_width__hover_enabled=\u00bboff\u00bb button_two_border_width__hover_enabled=\u00bboff\u00bb button_one_border_color__hover_enabled=\u00bboff\u00bb button_two_border_color__hover_enabled=\u00bboff\u00bb button_one_border_radius__hover_enabled=\u00bboff\u00bb button_two_border_radius__hover_enabled=\u00bboff\u00bb button_one_letter_spacing__hover_enabled=\u00bboff\u00bb button_two_letter_spacing__hover_enabled=\u00bboff\u00bb button_one_bg_color__hover_enabled=\u00bboff\u00bb button_two_bg_color__hover_enabled=\u00bboff\u00bb][\/et_pb_fullwidth_header][\/et_pb_section][et_pb_section fb_built=\u00bb1&#8243; _builder_version=\u00bb4.16&#8243; global_colors_info=\u00bb{}\u00bb da_is_popup=\u00bboff\u00bb da_exit_intent=\u00bboff\u00bb da_has_close=\u00bbon\u00bb da_alt_close=\u00bboff\u00bb da_dark_close=\u00bboff\u00bb da_not_modal=\u00bbon\u00bb da_is_singular=\u00bboff\u00bb da_with_loader=\u00bboff\u00bb da_has_shadow=\u00bbon\u00bb da_disable_devices=\u00bboff|off|off\u00bb][et_pb_row _builder_version=\u00bb4.16&#8243; background_size=\u00bbinitial\u00bb background_position=\u00bbtop_left\u00bb background_repeat=\u00bbrepeat\u00bb global_colors_info=\u00bb{}\u00bb][et_pb_column type=\u00bb4_4&#8243; _builder_version=\u00bb4.16&#8243; custom_padding=\u00bb|||\u00bb global_colors_info=\u00bb{}\u00bb custom_padding__hover=\u00bb|||\u00bb][et_pb_text admin_label=\u00bbText\u00bb _builder_version=\u00bb4.16&#8243; background_size=\u00bbinitial\u00bb background_position=\u00bbtop_left\u00bb background_repeat=\u00bbrepeat\u00bb global_colors_info=\u00bb{}\u00bb]<\/p>\n<h2><\/h2>\n<p style=\"text-align: justify;\"><span>La estructura organizacional de la\u00a0<span style=\"color: #ab001d;\"><strong>CORPORACI\u00d3N UNIVERSITARIA CENTRO SUPERIOR<\/strong><\/span>, est\u00e1 concebida teniendo en cuenta la Misi\u00f3n Institucional, el tama\u00f1o de la Instituci\u00f3n, el Direccionamiento Estrat\u00e9gico y la Cultura Organizacional.<\/span><\/p>\n<p style=\"text-align: justify;\"><span>Esta estructura, busca fortalecer las funciones b\u00e1sicas de la Educaci\u00f3n Superior: Formaci\u00f3n, Investigaci\u00f3n y Proyecci\u00f3n Social, a trav\u00e9s de la integraci\u00f3n con las funciones administrativas de apoyo log\u00edstico de recursos f\u00edsicos y financieros.<\/span><\/p>\n<p style=\"text-align: justify;\"><span><span style=\"color: #ab001d;\"><strong>CORPORACI\u00d3N UNIVERSITARIA CENTRO SUPERIOR<\/strong><\/span>\u00a0concibe la estructura como un sistema formal de relaciones de trabajo en donde se consolidan las \u00e1reas de Direcci\u00f3n de la Instituci\u00f3n y se refuerzan los niveles de autoridad y responsabilidad. Con esto se facilita el empoderamiento y la flexibilizaci\u00f3n de la organizaci\u00f3n para la ejecuci\u00f3n de las tareas y la integraci\u00f3n de los diferentes procesos de una manera \u00e1gil, orientada hacia una gesti\u00f3n de calidad.<\/span><\/p>\n<p style=\"text-align: justify;\"><span>Las \u00e1reas que realizan el Direccionamiento de la Instituci\u00f3n son:<\/span><\/p>\n<p style=\"text-align: justify;\"><span style=\"color: #ab001d;\"><strong>1.\u00a0<\/strong><\/span><span><span style=\"color: #ab001d;\"><strong><span style=\"color: #ab001d;\">Dire<\/span>cci\u00f3n General.<\/strong>\u00a0<\/span>La conforman las dependencias encargadas del Direccionamiento Estrat\u00e9gico de la Instituci\u00f3n. Est\u00e1 integrada por la Rector\u00eda, las Vicerrector\u00edas Acad\u00e9mica y Administrativa, la Secretar\u00eda General, la Direcci\u00f3n de Planeaci\u00f3n y Desarrollo y los \u00f3rganos colegiados de m\u00e1xima autoridad en los cu\u00e1les se toman las decisiones misionales de la Corporaci\u00f3n<br \/><\/span><\/p>\n<p style=\"text-align: justify;\"><span style=\"color: #ab001d;\"><strong>2.\u00a0<\/strong><\/span><span><span style=\"color: #ab001d;\"><strong>Direcci\u00f3n Acad\u00e9mica<\/strong>.<\/span>\u00a0La conforman las dependencias en las cu\u00e1les se llevan a cabo el Direccionamiento T\u00e1ctico \u2013 Operativo de las funciones sustantivas de Docencia, Investigaci\u00f3n, Proyecci\u00f3n Social y Bienestar Universitario. Adem\u00e1s existen \u00f3rganos colegiados asesores que aportan en las propuestas de mejoramiento acad\u00e9mico de la Instituci\u00f3n.<br \/><\/span><\/p>\n<p style=\"text-align: justify;\"><span><span style=\"color: #ab001d;\"><strong>3.\u00a0Direcci\u00f3n Administrativa<\/strong>.<\/span>\u00a0La conforman las dependencias en las cu\u00e1les se llevan a cabo el Direccionamiento T\u00e1ctico \u2013 Operativo de las funciones administrativas de apoyo en recursos f\u00edsicos, tecnol\u00f3gicos, humanos y financieros, necesarios para cumplir la Misi\u00f3n. Adem\u00e1s existe un \u00f3rgano colegiado que asesora las decisiones que aportan propuestas de mejoramiento administrativo y de recursos, de la Instituci\u00f3n.<\/span><\/p>\n<p style=\"text-align: justify;\"><span><br \/>La Vicerrector\u00eda Acad\u00e9mica y la Vicerrector\u00eda Administrativa son el enlace entre las dependencias de las \u00e1reas Acad\u00e9mica y Administrativa, respectivamente a su cargo, con la Direcci\u00f3n General.<\/span><\/p>\n<p style=\"text-align: justify;\"><span>La Direcci\u00f3n Acad\u00e9mica cumple con los objetivos fundamentales de la\u00a0<strong>CORPORACI\u00d3N UNIVERSITARIA CENTRO SUPERIOR\u00a0<\/strong><\/span><span>y la Direcci\u00f3n Administrativa constituye el complemento y apoyo para la realizaci\u00f3n de los mismos.<\/span><\/p>\n<p style=\"text-align: justify;\"><span>La Estructura organizacional general de la\u00a0<\/span><span><strong>CORPORACI\u00d3N UNIVERSITARIA CENTRO SUPERIOR<\/strong><\/span><span>\u00a0<\/span><span>se representa de la siguiente manera:<\/span><\/p>\n<p>[\/et_pb_text][\/et_pb_column][\/et_pb_row][et_pb_row _builder_version=\u00bb4.16&#8243; global_colors_info=\u00bb{}\u00bb][et_pb_column type=\u00bb4_4&#8243; _builder_version=\u00bb4.16&#8243; custom_padding=\u00bb|||\u00bb global_colors_info=\u00bb{}\u00bb custom_padding__hover=\u00bb|||\u00bb][et_pb_image src=\u00bbhttps:\/\/unicuces.edu.co\/principal\/wp-content\/uploads\/2018\/08\/Organigrama-Unicuces-Universidad-Cali-Colombia-Aministracion-de-Empresas-Logistica-Mercadeo-Ingenieria-de-Sistemas.jpg\u00bb align=\u00bbcenter\u00bb align_tablet=\u00bbcenter\u00bb align_last_edited=\u00bbon|desktop\u00bb _builder_version=\u00bb4.16&#8243; global_colors_info=\u00bb{}\u00bb align_phone=\u00bbcenter\u00bb][\/et_pb_image][\/et_pb_column][\/et_pb_row][\/et_pb_section][et_pb_section fb_built=\u00bb1&#8243; _builder_version=\u00bb4.16&#8243; background_color=\u00bb#AB001D\u00bb custom_padding=\u00bb0px||0px|\u00bb global_colors_info=\u00bb{}\u00bb locked=\u00bboff\u00bb da_is_popup=\u00bboff\u00bb da_exit_intent=\u00bboff\u00bb da_has_close=\u00bbon\u00bb da_alt_close=\u00bboff\u00bb da_dark_close=\u00bboff\u00bb da_not_modal=\u00bbon\u00bb da_is_singular=\u00bboff\u00bb da_with_loader=\u00bboff\u00bb da_has_shadow=\u00bbon\u00bb da_disable_devices=\u00bboff|off|off\u00bb][et_pb_row _builder_version=\u00bb4.16&#8243; global_colors_info=\u00bb{}\u00bb][et_pb_column type=\u00bb4_4&#8243; _builder_version=\u00bb4.16&#8243; custom_padding=\u00bb|||\u00bb global_colors_info=\u00bb{}\u00bb custom_padding__hover=\u00bb|||\u00bb][et_pb_text _builder_version=\u00bb4.17.0&#8243; text_font=\u00bb||||||||\u00bb background_layout=\u00bbdark\u00bb hover_enabled=\u00bb0&#8243; global_colors_info=\u00bb{}\u00bb sticky_enabled=\u00bb0&#8243;]<\/p>\n<h2 style=\"text-align: center;\"><strong>\u00bfEst\u00e1s interesado en nuestra oferta formativa?<\/strong><\/h2>\n<p>[\/et_pb_text][et_pb_button button_url=\u00bbhttps:\/\/unicuces.edu.co\/principal\/contactenos\/\u00bb button_text=\u00bb\u00a1Cont\u00e1ctanos!\u00bb button_alignment=\u00bbcenter\u00bb _builder_version=\u00bb4.16&#8243; custom_button=\u00bbon\u00bb button_text_color=\u00bb#ffffff\u00bb button_bg_color=\u00bb#0B1F66&#8243; button_border_color=\u00bb#0B1F66&#8243; button_border_radius=\u00bb10px\u00bb button_font=\u00bb||||||||\u00bb button_text_shadow_style=\u00bbpreset2&#8243; global_colors_info=\u00bb{}\u00bb button_text_size__hover_enabled=\u00bboff\u00bb button_one_text_size__hover_enabled=\u00bboff\u00bb button_two_text_size__hover_enabled=\u00bboff\u00bb button_text_color__hover_enabled=\u00bboff\u00bb button_one_text_color__hover_enabled=\u00bboff\u00bb button_two_text_color__hover_enabled=\u00bboff\u00bb button_border_width__hover_enabled=\u00bboff\u00bb button_one_border_width__hover_enabled=\u00bboff\u00bb button_two_border_width__hover_enabled=\u00bboff\u00bb button_border_color__hover_enabled=\u00bboff\u00bb button_one_border_color__hover_enabled=\u00bboff\u00bb button_two_border_color__hover_enabled=\u00bboff\u00bb button_border_radius__hover_enabled=\u00bboff\u00bb button_one_border_radius__hover_enabled=\u00bboff\u00bb button_two_border_radius__hover_enabled=\u00bboff\u00bb button_letter_spacing__hover_enabled=\u00bboff\u00bb button_one_letter_spacing__hover_enabled=\u00bboff\u00bb button_two_letter_spacing__hover_enabled=\u00bboff\u00bb button_bg_color__hover_enabled=\u00bboff\u00bb button_one_bg_color__hover_enabled=\u00bboff\u00bb button_two_bg_color__hover_enabled=\u00bboff\u00bb][\/et_pb_button][\/et_pb_column][\/et_pb_row][\/et_pb_section]<\/p>\n","protected":false},"excerpt":{"rendered":"<p>La estructura organizacional de la\u00a0CORPORACI\u00d3N UNIVERSITARIA CENTRO SUPERIOR, est\u00e1 concebida teniendo en cuenta la Misi\u00f3n Institucional, el tama\u00f1o de la Instituci\u00f3n, el Direccionamiento Estrat\u00e9gico y la Cultura Organizacional. Esta estructura, busca fortalecer las funciones b\u00e1sicas de la Educaci\u00f3n Superior: Formaci\u00f3n, Investigaci\u00f3n y Proyecci\u00f3n Social, a trav\u00e9s de la integraci\u00f3n con las funciones administrativas de apoyo [&hellip;]<\/p>\n","protected":false},"author":14,"featured_media":0,"parent":0,"menu_order":0,"comment_status":"closed","ping_status":"closed","template":"","meta":{"_et_pb_use_builder":"on","_et_pb_old_content":"","_et_gb_content_width":"","footnotes":""},"class_list":["post-69","page","type-page","status-publish","hentry"],"_links":{"self":[{"href":"https:\/\/unicuces.edu.co\/principal\/wp-json\/wp\/v2\/pages\/69","targetHints":{"allow":["GET"]}}],"collection":[{"href":"https:\/\/unicuces.edu.co\/principal\/wp-json\/wp\/v2\/pages"}],"about":[{"href":"https:\/\/unicuces.edu.co\/principal\/wp-json\/wp\/v2\/types\/page"}],"author":[{"embeddable":true,"href":"https:\/\/unicuces.edu.co\/principal\/wp-json\/wp\/v2\/users\/14"}],"replies":[{"embeddable":true,"href":"https:\/\/unicuces.edu.co\/principal\/wp-json\/wp\/v2\/comments?post=69"}],"version-history":[{"count":6,"href":"https:\/\/unicuces.edu.co\/principal\/wp-json\/wp\/v2\/pages\/69\/revisions"}],"predecessor-version":[{"id":11298,"href":"https:\/\/unicuces.edu.co\/principal\/wp-json\/wp\/v2\/pages\/69\/revisions\/11298"}],"wp:attachment":[{"href":"https:\/\/unicuces.edu.co\/principal\/wp-json\/wp\/v2\/media?parent=69"}],"curies":[{"name":"wp","href":"https:\/\/api.w.org\/{rel}","templated":true}]}}