{"id":67,"date":"2018-08-01T15:07:00","date_gmt":"2018-08-01T15:07:00","guid":{"rendered":"https:\/\/demo.unicuces.edu.co\/wp\/?page_id=67"},"modified":"2023-10-03T10:16:46","modified_gmt":"2023-10-03T15:16:46","slug":"documentos","status":"publish","type":"page","link":"https:\/\/unicuces.edu.co\/principal\/documentos\/","title":{"rendered":"Documentos Institucionales"},"content":{"rendered":"<p>[et_pb_section fb_built=\u00bb1&#8243; _builder_version=\u00bb4.16&#8243; background_color=\u00bb#AB001D\u00bb background_image=\u00bbhttps:\/\/unicuces.edu.co\/principal\/wp-content\/uploads\/2018\/11\/Documentos-Unicuces-Universidad-Cali-Final-1.jpg\u00bb da_disable_devices=\u00bboff|off|off\u00bb global_colors_info=\u00bb{}\u00bb da_is_popup=\u00bboff\u00bb da_exit_intent=\u00bboff\u00bb da_has_close=\u00bbon\u00bb da_alt_close=\u00bboff\u00bb da_dark_close=\u00bboff\u00bb da_not_modal=\u00bbon\u00bb da_is_singular=\u00bboff\u00bb da_with_loader=\u00bboff\u00bb da_has_shadow=\u00bbon\u00bb][et_pb_row _builder_version=\u00bb4.16&#8243; background_size=\u00bbinitial\u00bb background_position=\u00bbtop_left\u00bb background_repeat=\u00bbrepeat\u00bb global_colors_info=\u00bb{}\u00bb][et_pb_column type=\u00bb4_4&#8243; _builder_version=\u00bb4.16&#8243; custom_padding=\u00bb|||\u00bb global_colors_info=\u00bb{}\u00bb custom_padding__hover=\u00bb|||\u00bb][et_pb_text admin_label=\u00bbText\u00bb _builder_version=\u00bb4.16&#8243; background_size=\u00bbinitial\u00bb background_position=\u00bbtop_left\u00bb background_repeat=\u00bbrepeat\u00bb text_orientation=\u00bbcenter\u00bb background_layout=\u00bbdark\u00bb module_alignment=\u00bbcenter\u00bb text_text_shadow_style=\u00bbpreset2&#8243; global_colors_info=\u00bb{}\u00bb]<\/p>\n<p style=\"font-size: 48px; font-weight: 300;\">Documentos Institucionales<\/p>\n<p>[\/et_pb_text][\/et_pb_column][\/et_pb_row][\/et_pb_section][et_pb_section fb_built=\u00bb1&#8243; module_id=\u00bbcuadro-intro-docum\u00bb _builder_version=\u00bb4.16.0&#8243; custom_padding=\u00bb4px||0px||false|false\u00bb da_disable_devices=\u00bboff|off|off\u00bb global_colors_info=\u00bb{}\u00bb da_is_popup=\u00bboff\u00bb da_exit_intent=\u00bboff\u00bb da_has_close=\u00bbon\u00bb da_alt_close=\u00bboff\u00bb da_dark_close=\u00bboff\u00bb da_not_modal=\u00bbon\u00bb da_is_singular=\u00bboff\u00bb da_with_loader=\u00bboff\u00bb da_has_shadow=\u00bbon\u00bb][et_pb_row column_structure=\u00bb1_5,3_5,1_5&#8243; _builder_version=\u00bb4.16&#8243; global_colors_info=\u00bb{}\u00bb][et_pb_column type=\u00bb1_5&#8243; _builder_version=\u00bb4.16&#8243; custom_padding=\u00bb|||\u00bb global_colors_info=\u00bb{}\u00bb custom_padding__hover=\u00bb|||\u00bb][\/et_pb_column][et_pb_column type=\u00bb3_5&#8243; _builder_version=\u00bb4.16&#8243; custom_padding=\u00bb|||\u00bb global_colors_info=\u00bb{}\u00bb custom_padding__hover=\u00bb|||\u00bb][et_pb_text _builder_version=\u00bb4.16&#8243; global_colors_info=\u00bb{}\u00bb]<\/p>\n<p class=\"text-documentos\" style=\"margin: 10px 0 0 0;\"><b style=\"font-size: 25px;\">E<\/b>n este espacio se re\u00fane la informaci\u00f3n de la Instituci\u00f3n, mediante documentos de car\u00e1cter institucional de inter\u00e9s general. Aqu\u00ed encontrar\u00e1 resoluciones, estatutos, reglamentos generales, c\u00f3digos entre otros archivos oficiales.<\/p>\n<p>[\/et_pb_text][\/et_pb_column][et_pb_column type=\u00bb1_5&#8243; _builder_version=\u00bb4.16&#8243; custom_padding=\u00bb|||\u00bb global_colors_info=\u00bb{}\u00bb custom_padding__hover=\u00bb|||\u00bb][\/et_pb_column][\/et_pb_row][\/et_pb_section][et_pb_section fb_built=\u00bb1&#8243; _builder_version=\u00bb4.16.0&#8243; custom_padding=\u00bb0px||||false|false\u00bb da_disable_devices=\u00bboff|off|off\u00bb global_colors_info=\u00bb{}\u00bb da_is_popup=\u00bboff\u00bb da_exit_intent=\u00bboff\u00bb da_has_close=\u00bbon\u00bb da_alt_close=\u00bboff\u00bb da_dark_close=\u00bboff\u00bb da_not_modal=\u00bbon\u00bb da_is_singular=\u00bboff\u00bb da_with_loader=\u00bboff\u00bb da_has_shadow=\u00bbon\u00bb][et_pb_row module_id=\u00bbdocum-generales\u00bb _builder_version=\u00bb4.16&#8243; background_size=\u00bbinitial\u00bb background_position=\u00bbtop_left\u00bb background_repeat=\u00bbrepeat\u00bb global_colors_info=\u00bb{}\u00bb][et_pb_column type=\u00bb4_4&#8243; _builder_version=\u00bb4.16&#8243; custom_padding=\u00bb|||\u00bb global_colors_info=\u00bb{}\u00bb custom_padding__hover=\u00bb|||\u00bb][et_pb_text admin_label=\u00bbDocumentos Generales\u00bb module_id=\u00bbdocum-generales\u00bb _builder_version=\u00bb4.16&#8243; background_size=\u00bbinitial\u00bb background_position=\u00bbtop_left\u00bb background_repeat=\u00bbrepeat\u00bb global_colors_info=\u00bb{}\u00bb]<!--\n\n\n<table class=\"Tabla\" border=\"0\" cellspacing=\"0\" cellpadding=\"0\" >\n\n\n<tbody>\n\n\n<tr>\n\n\n<th scope=\"col\" style=\"background-color: #c30f2e;color:#fff;\">PANDEMIA 2020 ACTOS NORMATIVOS<\/th>\n\n\n\n\n<th scope=\"col\" style=\"background-color: #c30f2e\"><\/th>\n\n\n\n\n<th scope=\"col\" style=\"background-color: #c30f2e\"><\/th>\n\n\n<\/tr>\n\n\n\n\n<tr>\n\n\n<td>Comunicado No. 1 Suspensi\u00f3n de actividades acad\u00e9micas como medida preventiva ante el COVID-19<\/td>\n\n\n\n\n<td><\/td>\n\n\n\n\n<td>\n\n\n<div class=\"alinear-letf\"><a href=\"https:\/\/unicuces.edu.co\/principal\/wp-content\/uploads\/2020\/03\/Comunicado-UNICUCES-4.pdf\" target=\"_blank\" rel=\"noopener\">Ver<\/a><\/div>\n\n<\/td>\n\n\n<\/tr>\n\n\n\n\n<tr>\n\n\n<td>Comunicado No. 2 a Estudiantes de la UNICUCES<\/td>\n\n\n\n\n<td><\/td>\n\n\n\n\n<td>\n\n\n<div class=\"alinear-letf\"><a href=\"https:\/\/unicuces.edu.co\/principal\/wp-content\/uploads\/2020\/04\/2-ABRIL-13-DE-2020.pdf\" target=\"_blank\" rel=\"noopener\">Ver<\/a><\/div>\n\n<\/td>\n\n\n<\/tr>\n\n\n\n\n<tr>\n\n\n<td>RECTORIA RESOLUCI\u00d3N N\u00ba 04<\/td>\n\n\n\n\n<td><\/td>\n\n\n\n\n<td>\n\n\n<div class=\"alinear-letf\"><a href=\"https:\/\/unicuces.edu.co\/principal\/wp-content\/uploads\/2020\/04\/4-2020-RES-04-ABR-14_MODIFICA-Articulos-4%C2%B0-6%C2%B0-DE-LA-RESOL-RECT-N%C2%B0-02-DE-ene-14-de-2020-DISPOSICIONES-GENERALES.pdf\" target=\"_blank\" rel=\"noopener\">Ver<\/a><\/div>\n\n<\/td>\n\n\n<\/tr>\n\n\n<\/tbody>\n\n\n<\/table>\n\n\n--><\/p>\n<p><!-- \/\/\/\/\/\/\/\/\/\/\/\/\/\/\/\/\/\/\/\/\/\/\/\/\/\/\/\/\/\/\/\/\/\/\/\/\/\/\/\/\/\/\/\/\/\/\/\/\/\/\/\/\/\/\/\/\/\/\/\/ --><\/p>\n<p><!--\n\n\n<tr>\n\n\n<td>Estatuto Org\u00e1nico, Resoluci\u00f3n MEN N\u00ba 6775 de mayo 31 de 2013<\/td>\n\n\n\n\n<td><\/td>\n\n\n\n\n<td>\n\n\n<div class=\"alinear-letf\"><a title=\"Estatuto Organico\" href=\"https:\/\/www.unicuces.edu.co\/principal\/imagenes-UNICUCES\/Documentos-UNICUCES\/Estatuto-Organico-UNICUCES.html\" target=\"_blank\" rel=\"noopener\">Ver<\/a><\/div>\n\n<\/td>\n\n\n<\/tr>\n\n\n--><\/p>\n<p><!--\n\n\n<tr>\n\n\n<td>Estatuto Docente<\/td>\n\n\n\n\n<td><\/td>\n\n\n\n\n<td>\n\n\n<div class=\"alinear-letf\"><a title=\"Estatuto Docente Web\" href=\"https:\/\/www.unicuces.edu.co\/principal\/wp-content\/uploads\/images\/imagenes-home\/Documentos-UNICUCES\/UNICUCES_ESTATUTO_DOCENTE.html\" target=\"_blank\" rel=\"noopener\">Ver<\/a><\/div>\n\n<\/td>\n\n\n<\/tr>\n\n\n--><\/p>\n<p><!--\n\n\n<tr>\n\n\n<td>Reglamento Estudiantil, Acuerdo N\u00ba 13 diciembre 04 de 2015<\/td>\n\n\n\n\n<td><\/td>\n\n\n\n\n<td>\n\n\n<div class=\"alinear-letf\"><a href=\"https:\/\/www.unicuces.edu.co\/principal\/imagenes-UNICUCES\/Documentos-UNICUCES\/Reglamento-Estudiantil-UNICUCES.html\" target=\"_blank\" rel=\"noopener\">Ver<\/a><\/div>\n\n<\/td>\n\n\n<\/tr>\n\n\n\n\n<tr>\n\n\n<td>Reglamento Financiero, Acuerdo N\u00ba 15 de diciembre 04 de 2015<\/td>\n\n\n\n\n<td><\/td>\n\n\n\n\n<td>\n\n\n<div class=\"alinear-letf\"><a href=\"https:\/\/www.unicuces.edu.co\/principal\/imagenes-UNICUCES\/Documentos-UNICUCES\/Reglamento-Matricula-Financiera-UNICUCES.html\" target=\"_blank\" rel=\"noopener\">Ver<\/a><\/div>\n\n<\/td>\n\n\n<\/tr>\n\n\n\n\n<tr>\n\n\n<td>Reglamento de requisitos de grado, Acuerdo N\u00ba 14 de diciembre de 2015<\/td>\n\n\n\n\n<td><\/td>\n\n\n\n\n<td>\n\n\n<div class=\"alinear-letf\"><a href=\"https:\/\/www.unicuces.edu.co\/principal\/imagenes-UNICUCES\/Documentos-UNICUCES\/Reglamento-Requisitos-de-Grado-UNICUCES.html\" target=\"_blank\" rel=\"noopener\">Ver<\/a><\/div>\n\n<\/td>\n\n\n<\/tr>\n\n\n\n\n<tr>\n\n\n<td>Reglamento de Posgrado, Acuerdo N\u00ba 16 de diciembre 04 de 2015<\/td>\n\n\n\n\n<td><\/td>\n\n\n\n\n<td>\n\n\n<div class=\"alinear-letf\"><a href=\"https:\/\/www.unicuces.edu.co\/principal\/imagenes-UNICUCES\/Documentos-UNICUCES\/Reglamento-Posgrados-UNICUCES.html\" target=\"_blank\" rel=\"noopener\">Ver<\/a><\/div>\n\n<\/td>\n\n\n<\/tr>\n\n\n--><\/p>\n<p><!--\n\n\n<tr>\n\n\n<td>Reglamento Personal Docente, Acuerdo N\u00ba 16 de septiembre 20 de 2018<\/td>\n\n\n\n\n<td><\/td>\n\n\n\n\n<td>\n\n\n<div class=\"alinear-letf\">&nbsp;<a href=\"https:\/\/www.unicuces.edu.co\/principal\/imagenes-UNICUCES\/Documentos-UNICUCES\/Reglamento-Personal-Docente-UNICUCES.html\" target=\"_blank\" rel=\"noopener\">Ver<\/a><\/div>\n\n<\/td>\n\n\n<\/tr>\n\n\n\n\n<tr>\n\n\n<td>Reglamento de Investigaci\u00f3n, Innovaci\u00f3n y Creaci\u00f3n Art\u00edstica y Cultural, Acuerdo N\u00ba 17 de septiembre 20 de 2018<\/td>\n\n\n\n\n<td><\/td>\n\n\n\n\n<td>\n\n\n<div class=\"alinear-letf\">&nbsp;<a href=\"https:\/\/www.unicuces.edu.co\/principal\/imagenes-UNICUCES\/Documentos-UNICUCES\/Reglamento-de-Investigaciones-UNICUCES.html\" target=\"_blank\" rel=\"noopener\">Ver<\/a><\/div>\n\n<\/td>\n\n\n<\/tr>\n\n\n\n\n<tr>\n\n\n<td>Reglamento de Biblioteca Carlos Ariel Trejos Tabares, Acuerdo N\u00ba 18 de septiembre 20 de 2018<\/td>\n\n\n\n\n<td><\/td>\n\n\n\n\n<td>\n\n\n<div class=\"alinear-letf\">&nbsp;<a href=\"https:\/\/www.unicuces.edu.co\/principal\/imagenes-UNICUCES\/Documentos-UNICUCES\/Reglamento-de-la-Biblioteca-UNICUCES.html\" target=\"_blank\" rel=\"noopener\">Ver<\/a><\/div>\n\n<\/td>\n\n\n<\/tr>\n\n\n\n\n<tr>\n\n\n<td>Reglamento de Bienestar Institucional, Permanencia y Graduaci\u00f3n, Acuerdo N\u00ba 19 de octubre 16 de 2018<\/td>\n\n\n\n\n<td><\/td>\n\n\n\n\n<td>\n\n\n<div class=\"alinear-letf\"><a href=\"https:\/\/www.unicuces.edu.co\/principal\/imagenes-UNICUCES\/Documentos-UNICUCES\/Reglamento-de-Bienestar-Institucional-UNICUCES.html\" target=\"_blank\" rel=\"noopener\">Ver<\/a><\/div>\n\n<\/td>\n\n\n<\/tr>\n\n\n--><\/p>\n<p><!--\n\n\n<tr>\n\n\n<td>Directorio de Egresados de las Diferentes Modalidades de Educaci\u00f3n Superior ofrecidas por el CENTRO SUPERIOR: 1964-2013-I<\/td>\n\n\n\n\n<td><\/td>\n\n\n\n\n<td>\n\n\n<div class=\"alinear-letf\">&nbsp;<a href=\"https:\/\/www.unicuces.edu.co\/principal\/imagenes-UNICUCES\/Documentos-UNICUCES\/Directorio-de-Egresados.html\" target=\"_blank\" rel=\"noopener\">Ver<\/a><\/div>\n\n<\/td>\n\n\n<\/tr>\n\n\n--><\/p>\n<p><!--\n\n\n<tr>\n\n\n<td>Acuerdo No.10 del Consejo Superior de Noviembre 27 de 2017 por el cual se fijan los Derechos Pecuniarios del a\u00f1o 2018<\/td>\n\n\n\n\n<td><\/td>\n\n\n\n\n<td>&nbsp;<a href=\"https:\/\/www.unicuces.edu.co\/principal\/imagenes-UNICUCES\/Documentos-UNICUCES\/\" target=\"_blank\" rel=\"noopener\">Ver<\/a><\/td>\n\n\n<\/tr>\n\n\n--><\/p>\n<p><!--\n\n\n<tr>\n\n\n<td>Acuerdo No.12 del Consejo Superior de Diciembre 02 de 2019 por el cual se fijan los Derechos Pecuniarios del a\u00f1o 2020<\/td>\n\n\n\n\n<td><\/td>\n\n\n\n\n<td>\n\n\n<div class=\"alinear-letf\"><a href=\"https:\/\/www.unicuces.edu.co\/principal\/imagenes-UNICUCES\/Documentos-UNICUCES\/Derechos-Pecuniarios-2020.html\" target=\"_blank\" rel=\"noopener\">Ver<\/a><\/div>\n\n<\/td>\n\n\n<\/tr>\n\n\n\n\n<tr>\n\n\n<td>Acuerdo No.08 del Consejo Superior de Noviembre 30 de 2020 por el cual se fijan los Derechos Pecuniarios del a\u00f1o 2021<\/td>\n\n\n\n\n<td><\/td>\n\n\n\n\n<td>\n\n\n<div class=\"alinear-letf\"><a href=\"https:\/\/unicuces.edu.co\/principal\/wp-content\/uploads\/2020\/12\/CONSUPER-ACD08-30NOV2020-Se-fijan-para-el-an\u0303o-2021-los-Derechos-Pecuniarios.1.pdf\" target=\"_blank\" rel=\"noopener\">Ver<\/a><\/div>\n\n<\/td>\n\n\n<\/tr>\n\n\n--><\/p>\n<table class=\"Tabla clase-navegar ende-2\" border=\"0\" cellspacing=\"0\" cellpadding=\"0\" style=\"margin:-85px 0 0 0;\">\n<tbody>\n<tr>\n<th scope=\"col\">DOCUMENTOS INSTITUCIONALES<\/th>\n<th scope=\"col\"><\/th>\n<th scope=\"col\"><\/th>\n<\/tr>\n<tr>\n<td>Personer\u00eda Jur\u00eddica, Resoluci\u00f3n MEN N\u00ba 7464 de junio 12 de 1978<\/td>\n<td><\/td>\n<td>\n<div class=\"alinear-letf\">&nbsp;<a href=\"https:\/\/www.unicuces.edu.co\/principal\/imagenes-UNICUCES\/Documentos-UNICUCES\/Personeria-Juridica-UNICUCES.html\" target=\"_blank\" rel=\"noopener\">Ver<\/a><\/div>\n<\/td>\n<\/tr>\n<tr>\n<td>Resoluci\u00f3n MEN Cambio de Car\u00e1cter, N\u00ba 413 de febrero 06 de 2007<\/td>\n<td><\/td>\n<td>\n<div class=\"alinear-letf\">&nbsp;<a href=\"https:\/\/www.unicuces.edu.co\/principal\/imagenes-UNICUCES\/Documentos-UNICUCES\/Resolucion-Cambio-de-Caracter-UNICUCES.html\" target=\"_blank\" rel=\"noopener\">Ver<\/a><\/div>\n<\/td>\n<\/tr>\n<tr>\n<td>Proyecto Educativo Institucional &#8211; UNICUCES, Acuerdo N\u00ba 23 de diciembre 04 de 2018<\/td>\n<td><\/td>\n<td>\n<div class=\"alinear-letf\"><a href=\"https:\/\/www.unicuces.edu.co\/principal\/imagenes-UNICUCES\/Documentos-UNICUCES\/Proyecto-Educativo-Institucional-UNICUCES.html\" target=\"_blank\" rel=\"noopener\">Ver<\/a><\/div>\n<\/td>\n<\/tr>\n<tr>\n<td>Docentes Vinculados a la CORPORACI\u00d3N UNIVERSITARIA CENTRO SUPERIOR &#8211; UNICUCES desde su fundaci\u00f3n el 4 de agosto de 1964 hasta el 2-2021 en \u00e9poca de COVID-19<\/td>\n<td><\/td>\n<td>\n<div class=\"alinear-letf\"><a href=\"https:\/\/www.unicuces.edu.co\/principal\/imagenes-UNICUCES\/Documentos-UNICUCES\/Docentes-Vinculados-UNICUCES.html\" target=\"_blank\" rel=\"noopener\">Ver<\/a><\/div>\n<\/td>\n<\/tr>\n<tr>\n<td>Acta de Constituci\u00f3n de Asociaci\u00f3n de Egresados &#8211; ADECUCES<\/td>\n<td><\/td>\n<td>\n<div class=\"alinear-letf\"><a href=\"https:\/\/www.unicuces.edu.co\/principal\/imagenes-UNICUCES\/Documentos-UNICUCES\/Acta-de-Constituci\u00f3n-de-Asociaci\u00f3n-de-Egresados.html\" target=\"_blank\" rel=\"noopener\">Ver<\/a><\/div>\n<\/td>\n<\/tr>\n<\/tbody>\n<\/table>\n<p><!--\n\n\n<table class=\"Tabla\" border=\"0\" cellspacing=\"0\" cellpadding=\"0\">\n\n\n<tbody>\n\n\n<tr>\n\n\n<th scope=\"col\" style=\"background-color: #c30f2e;color:#fff;\">POL\u00cdTICAS INSTITUCIONALES<\/th>\n\n\n\n\n<th scope=\"col\" style=\"background-color: #c30f2e\"><\/th>\n\n\n\n\n<th scope=\"col\" style=\"background-color: #c30f2e\"><\/th>\n\n\n<\/tr>\n\n\n\n\n<tr>\n\n\n<td>Pol\u00edtica Editorial - UNICUCES, Acuerdo N\u00ba 20 de diciembre 30 de 2013<\/td>\n\n\n\n\n<td><\/td>\n\n\n\n\n<td>\n\n\n<div class=\"alinear-letf\"><a href=\"http:\/\/www.unicuces.edu.co\/principal\/imagenes-UNICUCES\/Documentos-UNICUCES\/Politica-Editorial-Unicuces.html\" target=\"_blank\" rel=\"noopener\">Ver<\/a><\/div>\n\n<\/td>\n\n\n<\/tr>\n\n\n\n\n<tr>\n\n\n<td>Pol\u00edtica de Desarrollo Profesoral, Acuerdo N\u00ba 19 de diciembre 10 de 2015<\/td>\n\n\n\n\n<td><\/td>\n\n\n\n\n<td>\n\n\n<div class=\"alinear-letf\"><a href=\"http:\/\/www.unicuces.edu.co\/principal\/imagenes-UNICUCES\/Documentos-UNICUCES\/Politica%20Desarrollo%20Profesoral.html\" target=\"_blank\" rel=\"noopener\">Ver<\/a><\/div>\n\n<\/td>\n\n\n<\/tr>\n\n\n\n\n<tr>\n\n\n<td>Pol\u00edtica de Tratamiento de Informaci\u00f3n y Datos Personales, Acuerdo N\u00ba 20 de diciembre 10 de 2015<\/td>\n\n\n\n\n<td><\/td>\n\n\n\n\n<td>\n\n\n<div class=\"alinear-letf\"><a href=\"http:\/\/www.unicuces.edu.co\/principal\/imagenes-UNICUCES\/Documentos-UNICUCES\/Politica De-Tratamiento-de-Informacion-y-Datos-Personales.html\" target=\"_blank\" rel=\"noopener\">Ver<\/a><\/div>\n\n<\/td>\n\n\n<\/tr>\n\n\n\n\n<tr>\n\n\n<td>Pol\u00edtica de Responsabilidad Social Empresarial-RSE, Acuerdo N\u00ba 13 de diciembre 09 de 2016<\/td>\n\n\n\n\n<td><\/td>\n\n\n\n\n<td>\n\n\n<div class=\"alinear-letf\"><a href=\"http:\/\/www.unicuces.edu.co\/principal\/imagenes-UNICUCES\/Documentos-UNICUCES\/Politica-Rse.html\" target=\"_blank\" rel=\"noopener\">Ver<\/a><\/div>\n\n<\/td>\n\n\n<\/tr>\n\n\n\n\n<tr>\n\n\n<td>Pol\u00edtica Sistema Integrador de Gesti\u00f3n de la UNICUCES - SIGU, Acuerdo N\u00ba 06 de julio 13 de 2018<\/td>\n\n\n\n\n<td><\/td>\n\n\n\n\n<td>\n\n\n<div class=\"alinear-letf\"><a href=\"http:\/\/www.unicuces.edu.co\/principal\/imagenes-UNICUCES\/Documentos-UNICUCES\/Conform-y-Aprueba-Polit-Objt-Sist-Intgr-Gest-Sigu.html\" target=\"_blank\" rel=\"noopener\">Ver<\/a><\/div>\n\n<\/td>\n\n\n<\/tr>\n\n\n\n\n<tr>\n\n\n<td>Pol\u00edtica de Bienestar, Permanencia y Graduaci\u00f3n, Acuerdo N\u00ba 09 de julio 13 de 2018<\/td>\n\n\n\n\n<td><\/td>\n\n\n\n\n<td>\n\n\n<div class=\"alinear-letf\"><a href=\"http:\/\/www.unicuces.edu.co\/principal\/imagenes-UNICUCES\/Documentos-UNICUCES\/Politica-Bienestar-Permanencia-y-Graduacion.html\" target=\"_blank\" rel=\"noopener\">Ver<\/a><\/div>\n\n<\/td>\n\n\n<\/tr>\n\n\n\n\n<tr>\n\n\n<td>Pol\u00edtica de Proyecci\u00f3n Social y Extensi\u00f3n, Acuerdo N\u00ba 10 de julio 13 de 2018<\/td>\n\n\n\n\n<td><\/td>\n\n\n\n\n<td>\n\n\n<div class=\"alinear-letf\"><a href=\"http:\/\/www.unicuces.edu.co\/principal\/imagenes-UNICUCES\/Documentos-UNICUCES\/Politica-de-Proyeccion-Social-Extension.html\" target=\"_blank\" rel=\"noopener\">Ver<\/a><\/div>\n\n<\/td>\n\n\n<\/tr>\n\n\n\n\n<tr>\n\n\n<td>Pol\u00edtica de Administraci\u00f3n de Bienes Muebles e Inmuebles, Acuerdo N\u00ba 11 de julio 13 de 2018<\/td>\n\n\n\n\n<td><\/td>\n\n\n\n\n<td>\n\n\n<div class=\"alinear-letf\"><a href=\"http:\/\/www.unicuces.edu.co\/principal\/imagenes-UNICUCES\/Documentos-UNICUCES\/Politica-Admon-Bienes-Muebles-E-Inmueble.html\" target=\"_blank\" rel=\"noopener\">Ver<\/a><\/div>\n\n<\/td>\n\n\n<\/tr>\n\n\n\n\n<tr>\n\n\n<td>Pol\u00edtica de Egresados, Acuerdo N\u00ba 12 de julio 13 de 2018<\/td>\n\n\n\n\n<td><\/td>\n\n\n\n\n<td>\n\n\n<div class=\"alinear-letf\"><a href=\"http:\/\/www.unicuces.edu.co\/principal\/imagenes-UNICUCES\/Documentos-UNICUCES\/Politica-de-Egresados.html\" target=\"_blank\" rel=\"noopener\">Ver<\/a><\/div>\n\n<\/td>\n\n\n<\/tr>\n\n\n\n\n<tr>\n\n\n<td>Pol\u00edtica de Relaciones Nacionales e Internacionales, Acuerdo N\u00ba 13 de julio 13 de 2018<\/td>\n\n\n\n\n<td><\/td>\n\n\n\n\n<td>\n\n\n<div class=\"alinear-letf\"><a href=\"http:\/\/www.unicuces.edu.co\/principal\/imagenes-UNICUCES\/Documentos-UNICUCES\/Politica De-Relac-Nales-E-Internacionales.html\" target=\"_blank\" rel=\"noopener\">Ver<\/a><\/div>\n\n<\/td>\n\n\n<\/tr>\n\n\n\n\n<tr>\n\n\n<td>Pol\u00edtica de Administraci\u00f3n de Recursos Bibliogr\u00e1ficos, Acuerdo N\u00ba 14 de julio 13 de 2018<\/td>\n\n\n\n\n<td><\/td>\n\n\n\n\n<td>\n\n\n<div class=\"alinear-letf\"><a href=\"http:\/\/www.unicuces.edu.co\/principal\/imagenes-UNICUCES\/Documentos-UNICUCES\/Politica-de-Admon-de-Recursos-Bibliograficos.html\" target=\"_blank\" rel=\"noopener\">Ver<\/a><\/div>\n\n<\/td>\n\n\n<\/tr>\n\n\n\n\n<tr>\n\n\n<td>Pol\u00edtica de Investigaci\u00f3n, Innovaci\u00f3n y Creaci\u00f3n Art\u00edstica y Cultural, Acuerdo N\u00ba 15 de julio 13 de 2018<\/td>\n\n\n\n\n<td><\/td>\n\n\n\n\n<td>\n\n\n<div class=\"alinear-letf\"><a href=\"http:\/\/www.unicuces.edu.co\/principal\/imagenes-UNICUCES\/Documentos-UNICUCES\/Politica-de-Investigacion-Innovacion-y-Creacion-Artistica-y-Cultural.html\" target=\"_blank\" rel=\"noopener\">Ver<\/a><\/div>\n\n<\/td>\n\n\n<\/tr>\n\n\n\n\n<tr>\n\n\n<td>Pol\u00edtica de Inclusi\u00f3n, Acuerdo N\u00ba 01 de enero 23 de 2019<\/td>\n\n\n\n\n<td><\/td>\n\n\n\n\n<td>\n\n\n<div class=\"alinear-letf\"><a href=\"http:\/\/www.unicuces.edu.co\/principal\/imagenes-UNICUCES\/Documentos-UNICUCES\/Aprueba-Politica-de-Inclusion.html\" target=\"_blank\" rel=\"noopener\">Ver<\/a><\/div>\n\n<\/td>\n\n\n<\/tr>\n\n\n\n\n<tr>\n\n\n<td>Pol\u00edtica de Gesti\u00f3n Financiera y Presupuestal, Acuerdo N\u00ba 10 de septiembre 30 de 2019<\/td>\n\n\n\n\n<td><\/td>\n\n\n\n\n<td>\n\n\n<div class=\"alinear-letf\"><a href=\"http:\/\/www.unicuces.edu.co\/principal\/imagenes-UNICUCES\/Documentos-UNICUCES\/Politica-Gestion-Financiera-y-Presupuestal.html\" target=\"_blank\" rel=\"noopener\">Ver<\/a><\/div>\n\n<\/td>\n\n\n<\/tr>\n\n\n\n\n<tr>\n\n\n<td>Pol\u00edtica de Gesti\u00f3n de Talento Humano, Acuerdo N\u00ba 14 de diciembre 17 de 2019<\/td>\n\n\n\n\n<td><\/td>\n\n\n\n\n<td>\n\n\n<div class=\"alinear-letf\"><a href=\"http:\/\/www.unicuces.edu.co\/principal\/imagenes-UNICUCES\/Documentos-UNICUCES\/Politica-de-Talento-Humano.html\" target=\"_blank\" rel=\"noopener\">Ver<\/a><\/div>\n\n<\/td>\n\n\n<\/tr>\n\n\n\n\n<tr>\n\n\n<td>Pol\u00edtica de Renovaci\u00f3n y Actualizaci\u00f3n de Infraestructura F\u00edsica y Tecnol\u00f3gica, Acuerdo N\u00ba 15 de diciembre 17 de 2019<\/td>\n\n\n\n\n<td><\/td>\n\n\n\n\n<td>\n\n\n<div class=\"alinear-letf\"><a href=\"http:\/\/www.unicuces.edu.co\/principal\/imagenes-UNICUCES\/Documentos-UNICUCES\/Politica-Renovacion-y-Actualizacion-de-Infraestructura-Fisica-y-Tecnologica.html\" target=\"_blank\" rel=\"noopener\">Ver<\/a><\/div>\n\n<\/td>\n\n\n<\/tr>\n\n\n\n\n<tr>\n\n\n<td>Pol\u00edtica de C\u00f3digo de Buen Gobierno Institucional, Acuerdo N\u00ba 02 de septiembre 02 de 2020<\/td>\n\n\n\n\n<td><\/td>\n\n\n\n\n<td>\n\n\n<div class=\"alinear-letf\"><a href=\"http:\/\/www.unicuces.edu.co\/principal\/imagenes-UNICUCES\/Documentos-UNICUCES\/Politica-Codigo-de-Buen-Gobierno-Institucional.html\" target=\"_blank\" rel=\"noopener\">Ver<\/a><\/div>\n\n<\/td>\n\n\n<\/tr>\n\n\n\n\n<tr>\n\n\n<td>Pol\u00edtica Institucional de Autoevaluaci\u00f3n, Acuerdo N\u00ba 03 de septiembre 02 de 2020<\/td>\n\n\n\n\n<td><\/td>\n\n\n\n\n<td>\n\n\n<div class=\"alinear-letf\"><a href=\"http:\/\/www.unicuces.edu.co\/principal\/imagenes-UNICUCES\/Documentos-UNICUCES\/Politica-de-Autoevaluacion.html\" target=\"_blank\" rel=\"noopener\">Ver<\/a><\/div>\n\n<\/td>\n\n\n<\/tr>\n\n\n\n\n<tr>\n\n\n<td>Pol\u00edtica de Gesti\u00f3n de la Informaci\u00f3n, Acuerdo N\u00ba 04 de octubre 26 de 2020<\/td>\n\n\n\n\n<td><\/td>\n\n\n\n\n<td>\n\n\n<div class=\"alinear-letf\"><a href=\"http:\/\/www.unicuces.edu.co\/principal\/imagenes-UNICUCES\/Documentos-UNICUCES\/Politica-Gestion-de-la-Informacion.html\" target=\"_blank\" rel=\"noopener\">Ver<\/a><\/div>\n\n<\/td>\n\n\n<\/tr>\n\n\n\n\n<tr>\n\n\n<td>Pol\u00edtica de Propiedad Intelectual, Acuerdo N\u00ba 05 de octubre 26 de 2020<\/td>\n\n\n\n\n<td><\/td>\n\n\n\n\n<td>\n\n\n<div class=\"alinear-letf\"><a href=\"http:\/\/www.unicuces.edu.co\/principal\/imagenes-UNICUCES\/Documentos-UNICUCES\/Politica-Propiedad-Intelectual.html\" target=\"_blank\" rel=\"noopener\">Ver<\/a><\/div>\n\n<\/td>\n\n\n<\/tr>\n\n\n\n\n<tr>\n\n\n<td>Pol\u00edtica Asociada a Curr\u00edculo, Resultados de Aprendizaje, Cr\u00e9ditos y Actividades, Acuerdo N\u00ba 06 de noviembre 10 de 2020<\/td>\n\n\n\n\n<td><\/td>\n\n\n\n\n<td>\n\n\n<div class=\"alinear-letf\"><a href=\"http:\/\/www.unicuces.edu.co\/principal\/imagenes-UNICUCES\/Documentos-UNICUCES\/Politica-Academica-Asociada-a-Curriculo-Result-de-Aprend-Creditos-y-Activid.html\" target=\"_blank\" rel=\"noopener\">Ver<\/a><\/div>\n\n<\/td>\n\n\n<\/tr>\n\n\n\n\n<tr>\n\n\n<td>Pol\u00edticas Institucionales, Acuerdo N\u00ba 07 de noviembre 25 de 2020<\/td>\n\n\n\n\n<td><\/td>\n\n\n\n\n<td>\n\n\n<div class=\"alinear-letf\"><a href=\"http:\/\/www.unicuces.edu.co\/principal\/imagenes-UNICUCES\/Documentos-UNICUCES\/Adopcion-Politicas-Institucionales.html\" target=\"_blank\" rel=\"noopener\">Ver<\/a><\/div>\n\n<\/td>\n\n\n<\/tr>\n\n\n<\/tbody>\n\n\n<\/table>\n\n\n--><\/p>\n<p><!--<span style=\"color: #646464; font-family: 'trebuchet ms', geneva; font-size: 13.3333px; text-align: justify; background-color: #fdfeff;\">Estos archivos est\u00e1n en formato .pdf (Adobe Acrobat). Para consultarlos, debe tener instalado en su computador el software Acrobat Reader (gratuito) o Adobe Acrobat. Si no tiene el Acrobat Reader instalado en su computador, lo puede descargar del enlace que se encuentra a continuaci\u00f3n:<\/span>\n\n-->[\/et_pb_text][\/et_pb_column][\/et_pb_row][\/et_pb_section]<\/p>\n","protected":false},"excerpt":{"rendered":"<p>Documentos InstitucionalesEn este espacio se re\u00fane la informaci\u00f3n de la Instituci\u00f3n, mediante documentos de car\u00e1cter institucional de inter\u00e9s general. Aqu\u00ed encontrar\u00e1 resoluciones, estatutos, reglamentos generales, c\u00f3digos entre otros archivos oficiales. DOCUMENTOS INSTITUCIONALES Personer\u00eda Jur\u00eddica, Resoluci\u00f3n MEN N\u00ba 7464 de junio 12 de 1978 &nbsp;Ver Resoluci\u00f3n MEN Cambio de Car\u00e1cter, N\u00ba 413 de febrero 06 de [&hellip;]<\/p>\n","protected":false},"author":14,"featured_media":0,"parent":0,"menu_order":0,"comment_status":"closed","ping_status":"closed","template":"","meta":{"_et_pb_use_builder":"on","_et_pb_old_content":"","_et_gb_content_width":"","footnotes":""},"class_list":["post-67","page","type-page","status-publish","hentry"],"_links":{"self":[{"href":"https:\/\/unicuces.edu.co\/principal\/wp-json\/wp\/v2\/pages\/67","targetHints":{"allow":["GET"]}}],"collection":[{"href":"https:\/\/unicuces.edu.co\/principal\/wp-json\/wp\/v2\/pages"}],"about":[{"href":"https:\/\/unicuces.edu.co\/principal\/wp-json\/wp\/v2\/types\/page"}],"author":[{"embeddable":true,"href":"https:\/\/unicuces.edu.co\/principal\/wp-json\/wp\/v2\/users\/14"}],"replies":[{"embeddable":true,"href":"https:\/\/unicuces.edu.co\/principal\/wp-json\/wp\/v2\/comments?post=67"}],"version-history":[{"count":256,"href":"https:\/\/unicuces.edu.co\/principal\/wp-json\/wp\/v2\/pages\/67\/revisions"}],"predecessor-version":[{"id":16384,"href":"https:\/\/unicuces.edu.co\/principal\/wp-json\/wp\/v2\/pages\/67\/revisions\/16384"}],"wp:attachment":[{"href":"https:\/\/unicuces.edu.co\/principal\/wp-json\/wp\/v2\/media?parent=67"}],"curies":[{"name":"wp","href":"https:\/\/api.w.org\/{rel}","templated":true}]}}