{"id":64,"date":"2018-08-01T15:06:45","date_gmt":"2018-08-01T15:06:45","guid":{"rendered":"https:\/\/demo.unicuces.edu.co\/wp\/?page_id=64"},"modified":"2022-04-13T18:05:58","modified_gmt":"2022-04-13T23:05:58","slug":"resena-historica","status":"publish","type":"page","link":"https:\/\/unicuces.edu.co\/principal\/resena-historica\/","title":{"rendered":"Rese\u00f1a Hist\u00f3rica"},"content":{"rendered":"<p>[et_pb_section fb_built=\u00bb1&#8243; fullwidth=\u00bbon\u00bb _builder_version=\u00bb4.16&#8243; background_image=\u00bbhttps:\/\/unicuces.edu.co\/principal\/wp-content\/uploads\/2018\/11\/Historia-Unicuces-Universidad-Cali-Final-1.jpg\u00bb global_colors_info=\u00bb{}\u00bb da_is_popup=\u00bboff\u00bb da_exit_intent=\u00bboff\u00bb da_has_close=\u00bbon\u00bb da_alt_close=\u00bboff\u00bb da_dark_close=\u00bboff\u00bb da_not_modal=\u00bbon\u00bb da_is_singular=\u00bboff\u00bb da_with_loader=\u00bboff\u00bb da_has_shadow=\u00bbon\u00bb da_disable_devices=\u00bboff|off|off\u00bb][et_pb_fullwidth_header title=\u00bbHISTORIA\u00bb text_orientation=\u00bbcenter\u00bb admin_label=\u00bbFullwidth Header\u00bb _builder_version=\u00bb4.16&#8243; title_font=\u00bb||||||||\u00bb background_color=\u00bbrgba(255, 255, 255, 0)\u00bb title_text_shadow_style=\u00bbpreset1&#8243; title_text_shadow_color=\u00bbrgba(11,31,102,0.59)\u00bb global_colors_info=\u00bb{}\u00bb button_one_text_size__hover_enabled=\u00bboff\u00bb button_two_text_size__hover_enabled=\u00bboff\u00bb button_one_text_color__hover_enabled=\u00bboff\u00bb button_two_text_color__hover_enabled=\u00bboff\u00bb button_one_border_width__hover_enabled=\u00bboff\u00bb button_two_border_width__hover_enabled=\u00bboff\u00bb button_one_border_color__hover_enabled=\u00bboff\u00bb button_two_border_color__hover_enabled=\u00bboff\u00bb button_one_border_radius__hover_enabled=\u00bboff\u00bb button_two_border_radius__hover_enabled=\u00bboff\u00bb button_one_letter_spacing__hover_enabled=\u00bboff\u00bb button_two_letter_spacing__hover_enabled=\u00bboff\u00bb button_one_bg_color__hover_enabled=\u00bboff\u00bb button_two_bg_color__hover_enabled=\u00bboff\u00bb][\/et_pb_fullwidth_header][\/et_pb_section][et_pb_section fb_built=\u00bb1&#8243; _builder_version=\u00bb4.16&#8243; global_colors_info=\u00bb{}\u00bb da_is_popup=\u00bboff\u00bb da_exit_intent=\u00bboff\u00bb da_has_close=\u00bbon\u00bb da_alt_close=\u00bboff\u00bb da_dark_close=\u00bboff\u00bb da_not_modal=\u00bbon\u00bb da_is_singular=\u00bboff\u00bb da_with_loader=\u00bboff\u00bb da_has_shadow=\u00bbon\u00bb da_disable_devices=\u00bboff|off|off\u00bb][et_pb_row _builder_version=\u00bb4.16&#8243; background_size=\u00bbinitial\u00bb background_position=\u00bbtop_left\u00bb background_repeat=\u00bbrepeat\u00bb global_colors_info=\u00bb{}\u00bb][et_pb_column type=\u00bb4_4&#8243; _builder_version=\u00bb4.16&#8243; custom_padding=\u00bb|||\u00bb global_colors_info=\u00bb{}\u00bb custom_padding__hover=\u00bb|||\u00bb][et_pb_text admin_label=\u00bbText\u00bb _builder_version=\u00bb4.16&#8243; background_size=\u00bbinitial\u00bb background_position=\u00bbtop_left\u00bb background_repeat=\u00bbrepeat\u00bb global_colors_info=\u00bb{}\u00bb]<\/p>\n<h2><span style=\"color: #ab001d;\"><strong>Rese\u00f1a Hist\u00f3rica<\/strong><\/span><\/h2>\n<p style=\"text-align: justify;\"><span>A comienzos de 1960, la Educaci\u00f3n Superior Colombiana, empez\u00f3 a tener un desarrollo significativo con la aparici\u00f3n de la formaci\u00f3n t\u00e9cnica y tecnol\u00f3gica, generada en la urgente necesidad de ofrecer una formaci\u00f3n alternativa a la ya existente, orientada en ese momento al ofrecimiento de carreras tradicionales universitarias, y ante la necesaria urgencia de fortalecer el talento humano calificado en nuevas \u00e1reas del conocimiento con fines ocupacionales para satisfacer los requerimientos de personal calificado, necesarios para el desarrollo econ\u00f3mico del pa\u00eds.\u00a0<\/span><\/p>\n<p style=\"text-align: justify;\"><span>Como una respuesta a las necesidades educativas de la \u00e9poca nace el\u00a0CENTRO SUPERIOR, el cual inicia sus labores acad\u00e9micas el\u00a04 de Agosto de 1964, bajo el nombre de\u00a0INSTITUTO UNIVERSITARIO T\u00c9CNICO INDUSTRIAL, atendiendo los lineamientos que dio el Ministerio de Educaci\u00f3n Nacional con la promulgaci\u00f3n del Decreto 1464 de 1963.\u00a0\u00a0El\u00a0CENTRO SUPERIOR<strong>\u00a0<\/strong>surge como una Instituci\u00f3n de car\u00e1cter privado en medio de la coyuntura nacional de la diversificaci\u00f3n educativa. Fue as\u00ed como la reci\u00e9n creada\u00a0INSTITUCI\u00d3N\u00a0se convirti\u00f3 en la primera entidad que en la regi\u00f3n del sur occidente colombiano ofreci\u00f3\u00a0<span style=\"color: #ab001d;\"><strong>FORMACI\u00d3N T\u00c9CNICA PROFESIONAL NO UNIVERSITARIA<\/strong><\/span>, a los estudiantes de la ciudad de Cali y del Departamento del Valle del Cauca, con el Programa de ADMINISTRACION DE EMPRESAS Y RELACIONES INDUSTRIALES, con una duraci\u00f3n de seis semestres y como requisito de ingreso el 4\u00ba a\u00f1o de bachillerato, pues as\u00ed lo determinaba el Decreto Ley 1637 de 1960 del Ministerio de Educaci\u00f3n Nacional.<\/span><\/p>\n<p style=\"text-align: justify;\"><span>Este panorama de cambios en una \u00e9poca de transiciones para la educaci\u00f3n colombiana, se reflej\u00f3 tambi\u00e9n en la naturaleza y estructura de la Instituci\u00f3n,\u00a0 la cual en 1965 pas\u00f3 a llamarse\u00a0CENTRO SUPERIOR DE ADMINISTRACI\u00d3N INDUSTRIAL, con una poblaci\u00f3n estudiantil que estaba compuesta por personas adultas, y que con el paso de los a\u00f1os se fue cambiando por estudiantes m\u00e1s j\u00f3venes y reci\u00e9n egresados del bachillerato, o bien por empresarios emp\u00edricos que buscaban una formaci\u00f3n profesional en corto tiempo.\u00a0<\/span><\/p>\n<p style=\"text-align: justify;\"><span>En febrero de 1974 se cre\u00f3 el Programa de T\u00e9cnico en\u00a0SECRETARIADO EJECUTIVO BILING\u00dcE; en agosto del mismo a\u00f1o, el de TECNICO EN INGENIERIA INDUSTRIAL, y del curso de Dibujo Arquitect\u00f3nico que creci\u00f3 y se desarroll\u00f3, se deriv\u00f3 la fundaci\u00f3n de una Instituci\u00f3n T\u00e9cnica de este g\u00e9nero.\u00a0 En 1975 se cre\u00f3 el Programa de TECNICO EN CONTABILIDAD, y por la deserci\u00f3n que se present\u00f3 en el programa de T\u00e9cnico en Secretariado Ejecutivo Biling\u00fce por causa del ingl\u00e9s, se cre\u00f3 el Programa de TECNICO EN SECRETARIADO EJECUTIVO.<\/span><\/p>\n<p style=\"text-align: justify;\"><span>La instituci\u00f3n se desarroll\u00f3, los Programas continuaron, la poblaci\u00f3n aument\u00f3 y por ese per\u00edodo, se inici\u00f3 en la regi\u00f3n la creaci\u00f3n de otras instituciones del mismo tipo, la mayor\u00eda de ellas con el nombre de CENTRO\u2026\u2026\u2026\u2026<\/span><\/p>\n<p style=\"text-align: justify;\"><span>En 1976,\u00a0 el\u00a0CSAI\u00a0(CENTRO SUPERIOR DE ADMINISTRACION INDUSTRIAL) inici\u00f3 el proceso de CAMBIO DE CAR\u00c1CTER ACADEMICO A INSTITUCION TECNOLOGICA, y el 12 de junio de 1978, mediante la Personer\u00eda Jur\u00eddica N\u00ba 7464, el MEN por intermedio del concepto favorable del ICFES, aprob\u00f3 este cambio de Car\u00e1cter Acad\u00e9mico, as\u00ed como el nombre de la Entidad, por el de\u00a0<span style=\"color: #ab001d;\"><strong>CORPORACION EDUCATIVA CENTRO SUPERIOR DE CALI<\/strong><\/span>.\u00a0 Posteriormente el ICFES, aprob\u00f3 la creaci\u00f3n de los Programas de TECNOLOG\u00cdA INDUSTRIAL, TECNOLOG\u00cdA EN ADMINISTRACI\u00d3N FINANCIERA, TECNOLOG\u00cdA EN ADMINISTRACI\u00d3N DE PERSONAL Y TECNOLOG\u00cdA EN MERCADEO Y VENTAS.\u00a0\u00a0\u00a0<\/span><\/p>\n<p style=\"text-align: justify;\"><span>En este momento, se convierte la Instituci\u00f3n en la primera Entidad Educativa\u00a0 del Valle\u00a0 del Cauca en ofrecer\u00a0 las dos modalidades educativas, es decir, era\u00a0 la\u00a0 PIONERA\u00a0 en la\u00a0 Formaci\u00f3n T\u00e9cnica Profesional (5 programas) y en la Formaci\u00f3n Tecnol\u00f3gica (4 programas) la Instituci\u00f3n ten\u00eda una identidad y un perfil de oferta educativa orientado b\u00e1sicamente hacia los mandos medios del sector empresarial de la regi\u00f3n.\u00a0 En esta caracter\u00edstica, est\u00e1 la nota sustantiva de lo que quiso ser la Instituci\u00f3n desde sus or\u00edgenes y lo que logra consolidar en la d\u00e9cada de los 70 como entidad educativa para el desarrollo empresarial de la regi\u00f3n.<\/span><\/p>\n<p style=\"text-align: justify;\"><span>No obstante este \u00e9nfasis constituido como fortaleza institucional, la\u00a0CORPORACI\u00d3N\u00a0ha buscado a la par, lograr la cualificaci\u00f3n del talento humano, proporcionar una s\u00f3lida formaci\u00f3n de valores \u00e9ticos y con visi\u00f3n de prop\u00f3sitos sociales en todos los egresados de sus\u00a0 programas t\u00e9cnicos y tecnol\u00f3gicos.\u00a0 En la b\u00fasqueda permanente del reconocimiento de su aporte a la sociedad, la CORPORACI\u00d3N mantiene permanentemente un proceso formal de autoevaluaci\u00f3n con fines de acreditaci\u00f3n. Este proceso de an\u00e1lisis de fortalezas y debilidades ha permitido la identificaci\u00f3n de factores cr\u00edticos que en la actualidad han generado planes de acci\u00f3n orientados al mejoramiento continuo.<\/span><\/p>\n<p style=\"text-align: justify;\"><span>En septiembre de 1997, la\u00a0CORPORACION\u00a0present\u00f3 al Ministerio de Educaci\u00f3n Nacional la solicitud para el\u00a0CAMBIO DE CAR\u00c1CTER ACADEMICO, A INSTITUCION UNIVERSITARIA.\u00a0 A partir de esta fecha fueron innumerables los cambios que se presentaron en las directivas del Ministerio de Educaci\u00f3n Nacional y del Icfes, cambios que motivaron la demora en la respuesta a las solicitudes presentadas y que juntamente con la aparici\u00f3n de una serie de Decretos y normas sobre el cambio de car\u00e1cter acad\u00e9mico, posteriormente derogados,\u00a0 hicieron que esta solicitud s\u00f3lo fuera\u00a0<span style=\"color: #ab001d;\"><strong>APROBADA POR EL MEN EL 6 DE FEBRERO DE 2007<\/strong><\/span>, 10 a\u00f1os despu\u00e9s de presentada la solicitud.\u00a0 Por lo anterior, a partir del 8 de febrero de 2007, fecha de notificaci\u00f3n de la Resoluci\u00f3n N\u00ba 413 de feb 6-2007, la Instituci\u00f3n se denomina CORPORACION UNIVERSITARIA CENTRO SUPERIOR.\u00a0 Este reconocimiento del Estado le permite a la Instituci\u00f3n, ofrecer sus propios Programas en las diferentes modalidades de Educaci\u00f3n Superior:\u00a0 1) T\u00e9cnicos Profesionales; 2)\u00a0 Tecnol\u00f3gicos;\u00a0 3) Universitarios;\u00a0 4) Especializaciones.Esta breve rese\u00f1a de la\u00a0<strong><span style=\"color: #ab001d;\">UNICUCES (CORPORACION UNIVERSITARIA CENTRO SUPERIOR)<\/span>,<\/strong>\u00a0muestra una organizaci\u00f3n con una identidad definida hacia el campo del desarrollo empresarial y econ\u00f3mico del pa\u00eds y la regi\u00f3n, bajo una estructura curricular flexible mediada por la investigaci\u00f3n con el enfoque de la RESPONSABILIDAD SOCIAL EMPRESARIAL, y con una proyecci\u00f3n hist\u00f3rica hacia la integraci\u00f3n como sistema educativo general, en donde el futuro institucional se proyecta considerando las experiencias del pasado.<\/span><\/p>\n<p>.<\/p>\n<p>[\/et_pb_text][\/et_pb_column][\/et_pb_row][et_pb_row _builder_version=\u00bb4.16&#8243; global_colors_info=\u00bb{}\u00bb column_structure=\u00bb1_2,1_2&#8243;][et_pb_column type=\u00bb1_2&#8243; _builder_version=\u00bb4.16&#8243; custom_padding=\u00bb|||\u00bb global_colors_info=\u00bb{}\u00bb custom_padding__hover=\u00bb|||\u00bb][et_pb_image src=\u00bbhttps:\/\/unicuces.edu.co\/principal\/wp-content\/uploads\/2018\/08\/CENTRO-SUPERIOR-DE-ADMINISTRACI\u00d3N-INDUSTRIAL.jpg\u00bb align=\u00bbcenter\u00bb align_tablet=\u00bbcenter\u00bb align_last_edited=\u00bbon|desktop\u00bb _builder_version=\u00bb4.16&#8243; global_colors_info=\u00bb{}\u00bb align_phone=\u00bbcenter\u00bb][\/et_pb_image][\/et_pb_column][et_pb_column type=\u00bb1_2&#8243; _builder_version=\u00bb4.16&#8243; custom_padding=\u00bb|||\u00bb global_colors_info=\u00bb{}\u00bb custom_padding__hover=\u00bb|||\u00bb][et_pb_image src=\u00bbhttps:\/\/unicuces.edu.co\/principal\/wp-content\/uploads\/2018\/08\/CORPORACION-EDUCATIVA-CENTRO-SUPERIOR-DE-CALI.jpg\u00bb align=\u00bbcenter\u00bb align_tablet=\u00bbcenter\u00bb align_last_edited=\u00bbon|desktop\u00bb _builder_version=\u00bb4.16&#8243; global_colors_info=\u00bb{}\u00bb align_phone=\u00bbcenter\u00bb][\/et_pb_image][\/et_pb_column][\/et_pb_row][\/et_pb_section][et_pb_section fb_built=\u00bb1&#8243; _builder_version=\u00bb4.16&#8243; background_color=\u00bb#AB001D\u00bb custom_padding=\u00bb0px||0px|\u00bb global_colors_info=\u00bb{}\u00bb locked=\u00bboff\u00bb da_is_popup=\u00bboff\u00bb da_exit_intent=\u00bboff\u00bb da_has_close=\u00bbon\u00bb da_alt_close=\u00bboff\u00bb da_dark_close=\u00bboff\u00bb da_not_modal=\u00bbon\u00bb da_is_singular=\u00bboff\u00bb da_with_loader=\u00bboff\u00bb da_has_shadow=\u00bbon\u00bb da_disable_devices=\u00bboff|off|off\u00bb][et_pb_row _builder_version=\u00bb4.16&#8243; global_colors_info=\u00bb{}\u00bb][et_pb_column type=\u00bb4_4&#8243; _builder_version=\u00bb4.16&#8243; custom_padding=\u00bb|||\u00bb global_colors_info=\u00bb{}\u00bb custom_padding__hover=\u00bb|||\u00bb][et_pb_text _builder_version=\u00bb4.17.0&#8243; text_font=\u00bb||||||||\u00bb background_layout=\u00bbdark\u00bb hover_enabled=\u00bb0&#8243; global_colors_info=\u00bb{}\u00bb sticky_enabled=\u00bb0&#8243;]<\/p>\n<h2 style=\"text-align: center;\"><strong>\u00bfEst\u00e1s interesado en nuestra oferta formativa?<\/strong><\/h2>\n<p>[\/et_pb_text][et_pb_button button_url=\u00bbhttps:\/\/unicuces.edu.co\/principal\/contactenos\/\u00bb button_text=\u00bb\u00a1Cont\u00e1ctanos!\u00bb button_alignment=\u00bbcenter\u00bb _builder_version=\u00bb4.16&#8243; custom_button=\u00bbon\u00bb button_text_color=\u00bb#ffffff\u00bb button_bg_color=\u00bb#0B1F66&#8243; button_border_color=\u00bb#0B1F66&#8243; button_border_radius=\u00bb10px\u00bb button_font=\u00bb||||||||\u00bb button_text_shadow_style=\u00bbpreset2&#8243; global_colors_info=\u00bb{}\u00bb button_text_size__hover_enabled=\u00bboff\u00bb button_one_text_size__hover_enabled=\u00bboff\u00bb button_two_text_size__hover_enabled=\u00bboff\u00bb button_text_color__hover_enabled=\u00bboff\u00bb button_one_text_color__hover_enabled=\u00bboff\u00bb button_two_text_color__hover_enabled=\u00bboff\u00bb button_border_width__hover_enabled=\u00bboff\u00bb button_one_border_width__hover_enabled=\u00bboff\u00bb button_two_border_width__hover_enabled=\u00bboff\u00bb button_border_color__hover_enabled=\u00bboff\u00bb button_one_border_color__hover_enabled=\u00bboff\u00bb button_two_border_color__hover_enabled=\u00bboff\u00bb button_border_radius__hover_enabled=\u00bboff\u00bb button_one_border_radius__hover_enabled=\u00bboff\u00bb button_two_border_radius__hover_enabled=\u00bboff\u00bb button_letter_spacing__hover_enabled=\u00bboff\u00bb button_one_letter_spacing__hover_enabled=\u00bboff\u00bb button_two_letter_spacing__hover_enabled=\u00bboff\u00bb button_bg_color__hover_enabled=\u00bboff\u00bb button_one_bg_color__hover_enabled=\u00bboff\u00bb button_two_bg_color__hover_enabled=\u00bboff\u00bb][\/et_pb_button][\/et_pb_column][\/et_pb_row][\/et_pb_section]<\/p>\n","protected":false},"excerpt":{"rendered":"<p>Rese\u00f1a Hist\u00f3rica A comienzos de 1960, la Educaci\u00f3n Superior Colombiana, empez\u00f3 a tener un desarrollo significativo con la aparici\u00f3n de la formaci\u00f3n t\u00e9cnica y tecnol\u00f3gica, generada en la urgente necesidad de ofrecer una formaci\u00f3n alternativa a la ya existente, orientada en ese momento al ofrecimiento de carreras tradicionales universitarias, y ante la necesaria urgencia de [&hellip;]<\/p>\n","protected":false},"author":14,"featured_media":0,"parent":0,"menu_order":0,"comment_status":"closed","ping_status":"closed","template":"","meta":{"_et_pb_use_builder":"on","_et_pb_old_content":"","_et_gb_content_width":"","footnotes":""},"class_list":["post-64","page","type-page","status-publish","hentry"],"_links":{"self":[{"href":"https:\/\/unicuces.edu.co\/principal\/wp-json\/wp\/v2\/pages\/64","targetHints":{"allow":["GET"]}}],"collection":[{"href":"https:\/\/unicuces.edu.co\/principal\/wp-json\/wp\/v2\/pages"}],"about":[{"href":"https:\/\/unicuces.edu.co\/principal\/wp-json\/wp\/v2\/types\/page"}],"author":[{"embeddable":true,"href":"https:\/\/unicuces.edu.co\/principal\/wp-json\/wp\/v2\/users\/14"}],"replies":[{"embeddable":true,"href":"https:\/\/unicuces.edu.co\/principal\/wp-json\/wp\/v2\/comments?post=64"}],"version-history":[{"count":4,"href":"https:\/\/unicuces.edu.co\/principal\/wp-json\/wp\/v2\/pages\/64\/revisions"}],"predecessor-version":[{"id":11301,"href":"https:\/\/unicuces.edu.co\/principal\/wp-json\/wp\/v2\/pages\/64\/revisions\/11301"}],"wp:attachment":[{"href":"https:\/\/unicuces.edu.co\/principal\/wp-json\/wp\/v2\/media?parent=64"}],"curies":[{"name":"wp","href":"https:\/\/api.w.org\/{rel}","templated":true}]}}