{"id":636,"date":"2018-08-16T22:58:58","date_gmt":"2018-08-16T22:58:58","guid":{"rendered":"https:\/\/demo.unicuces.edu.co\/wp\/?page_id=636"},"modified":"2022-04-08T15:20:50","modified_gmt":"2022-04-08T20:20:50","slug":"revista-saberse","status":"publish","type":"page","link":"https:\/\/unicuces.edu.co\/principal\/revista-saberse\/","title":{"rendered":"Revista SabeRSE"},"content":{"rendered":"<p>[et_pb_section fb_built=\u00bb1&#8243; fullwidth=\u00bbon\u00bb _builder_version=\u00bb4.16&#8243; background_color_gradient_direction=\u00bb189deg\u00bb background_image=\u00bbhttps:\/\/unicuces.edu.co\/principal\/wp-content\/uploads\/2019\/03\/0-0-Revista-SABERSE-publicaciones-Universidad-Cali-Colombia-3-.jpg\u00bb da_disable_devices=\u00bboff|off|off\u00bb global_colors_info=\u00bb{}\u00bb da_is_popup=\u00bboff\u00bb da_exit_intent=\u00bboff\u00bb da_has_close=\u00bbon\u00bb da_alt_close=\u00bboff\u00bb da_dark_close=\u00bboff\u00bb da_not_modal=\u00bbon\u00bb da_is_singular=\u00bboff\u00bb da_with_loader=\u00bboff\u00bb da_has_shadow=\u00bbon\u00bb][et_pb_fullwidth_header title=\u00bbREVISTA SabeRSE \u00bb text_orientation=\u00bbcenter\u00bb admin_label=\u00bbFullwidth Header\u00bb _builder_version=\u00bb4.16&#8243; background_color=\u00bbrgba(255, 255, 255, 0)\u00bb text_shadow_style=\u00bbpreset1&#8243; text_shadow_color=\u00bbrgba(11,31,102,0.68)\u00bb global_colors_info=\u00bb{}\u00bb button_one_text_size__hover_enabled=\u00bboff\u00bb button_two_text_size__hover_enabled=\u00bboff\u00bb button_one_text_color__hover_enabled=\u00bboff\u00bb button_two_text_color__hover_enabled=\u00bboff\u00bb button_one_border_width__hover_enabled=\u00bboff\u00bb button_two_border_width__hover_enabled=\u00bboff\u00bb button_one_border_color__hover_enabled=\u00bboff\u00bb button_two_border_color__hover_enabled=\u00bboff\u00bb button_one_border_radius__hover_enabled=\u00bboff\u00bb button_two_border_radius__hover_enabled=\u00bboff\u00bb button_one_letter_spacing__hover_enabled=\u00bboff\u00bb button_two_letter_spacing__hover_enabled=\u00bboff\u00bb button_one_bg_color__hover_enabled=\u00bboff\u00bb button_two_bg_color__hover_enabled=\u00bboff\u00bb][\/et_pb_fullwidth_header][\/et_pb_section][et_pb_section fb_built=\u00bb1&#8243; _builder_version=\u00bb4.16&#8243; da_disable_devices=\u00bboff|off|off\u00bb global_colors_info=\u00bb{}\u00bb da_is_popup=\u00bboff\u00bb da_exit_intent=\u00bboff\u00bb da_has_close=\u00bbon\u00bb da_alt_close=\u00bboff\u00bb da_dark_close=\u00bboff\u00bb da_not_modal=\u00bbon\u00bb da_is_singular=\u00bboff\u00bb da_with_loader=\u00bboff\u00bb da_has_shadow=\u00bbon\u00bb][et_pb_row _builder_version=\u00bb4.16&#8243; global_colors_info=\u00bb{}\u00bb][et_pb_column type=\u00bb4_4&#8243; _builder_version=\u00bb4.16&#8243; custom_padding=\u00bb|||\u00bb global_colors_info=\u00bb{}\u00bb custom_padding__hover=\u00bb|||\u00bb][et_pb_tabs active_tab_background_color=\u00bb#AB001D\u00bb inactive_tab_background_color=\u00bb#0B1F66&#8243; _builder_version=\u00bb4.17.0&#8243; tab_text_color=\u00bb#ffffff\u00bb tab_font=\u00bb||||||||\u00bb max_width=\u00bb76.7%\u00bb module_alignment=\u00bbcenter\u00bb hover_enabled=\u00bb0&#8243; custom_css_tab=\u00bbwidth: 25%;||text-align: center;\u00bb tab_text_shadow_style=\u00bbpreset2&#8243; border_radii=\u00bbon|10px|10px|10px|10px\u00bb box_shadow_style=\u00bbpreset2&#8243; global_colors_info=\u00bb{}\u00bb custom_css_tab_last_edited=\u00bbon|phone\u00bb sticky_enabled=\u00bb0&#8243; custom_css_tab_phone=\u00bbwidth: 100%;\u00bb custom_css_tab_tablet=\u00bbwidth: 25%;||text-align: center;\u00bb][et_pb_tab title=\u00bbINFORMACI\u00d3N GENERAL\u00bb _builder_version=\u00bb4.16&#8243; global_colors_info=\u00bb{}\u00bb]<\/p>\n<p style=\"text-align: justify;\"><span>La Revista SabeRSE, es de publicaci\u00f3n semestral que promueve la reflexi\u00f3n acad\u00e9mica e investigativa en el campo de las organizaciones, la educaci\u00f3n y sus relaciones con la cultura y la sociedad. Ser\u00e1 un espacio para la divulgaci\u00f3n de contenidos nuevos y originales dirigidos a las comunidades educativas y producido por ellas mismas. La Vicerrector\u00eda Acad\u00e9mica y la Direcci\u00f3n de Investigaciones invitan a docentes, investigadores y miembros de la comunidad acad\u00e9mica nacional e internacional a participar de la convocatoria para publicar art\u00edculos originales e in\u00e9ditos resultado de investigaci\u00f3n en la nueva edici\u00f3n.\u00a0<\/span><\/p>\n<p>\u00a0<\/p>\n<p><img decoding=\"async\" src=\"https:\/\/www.unicuces.edu.co\/principal\/wp-content\/uploads\/images\/imagenes-home\/Publicaciones-Revistas\/saberse.png\" style=\"display: block; margin-left: auto; margin-right: auto;\" \/><span><\/span><\/p>\n<div><img decoding=\"async\" src=\"https:\/\/www.unicuces.edu.co\/principal\/wp-content\/uploads\/images\/imagenes-home\/Publicaciones-Revistas\/saber-unicuces.jpg\" style=\"display: block; margin-left: auto; margin-right: auto;\" \/><\/div>\n<p style=\"text-align: center;\"><strong><\/strong><\/p>\n<p style=\"text-align: center;\"><strong>ISSN: <span>2500-6789<\/span><\/strong><\/p>\n<p>[\/et_pb_tab][et_pb_tab title=\u00bbCONVOCATORIA\u00bb _builder_version=\u00bb4.16&#8243; global_colors_info=\u00bb{}\u00bb]<\/p>\n<p>Actualmente no tenemos convocatoria disponible<\/p>\n<p>[\/et_pb_tab][et_pb_tab title=\u00bbGU\u00cdA PARA AUTORES\u00bb _builder_version=\u00bb4.16&#8243; global_colors_info=\u00bb{}\u00bb]<\/p>\n<p><span style=\"font-size: 14px; text-align: justify;\">Pr\u00f3ximamente estara la Gu\u00eda de Autores disponible.<\/span><span style=\"font-size: 14px;\">\u00a0<\/span><\/p>\n<div><\/div>\n<p>[\/et_pb_tab][et_pb_tab title=\u00bbEDICIONES ANTERIORES\u00bb _builder_version=\u00bb4.16&#8243; global_colors_info=\u00bb{}\u00bb]<\/p>\n<p>Actualmente no se encuentran disponibles las ediciones anteriores.<\/p>\n<p>[\/et_pb_tab][\/et_pb_tabs][\/et_pb_column][\/et_pb_row][\/et_pb_section]<\/p>\n","protected":false},"excerpt":{"rendered":"<p>La Revista SabeRSE, es de publicaci\u00f3n semestral que promueve la reflexi\u00f3n acad\u00e9mica e investigativa en el campo de las organizaciones, la educaci\u00f3n y sus relaciones con la cultura y la sociedad. Ser\u00e1 un espacio para la divulgaci\u00f3n de contenidos nuevos y originales dirigidos a las comunidades educativas y producido por ellas mismas. La Vicerrector\u00eda Acad\u00e9mica [&hellip;]<\/p>\n","protected":false},"author":14,"featured_media":0,"parent":0,"menu_order":0,"comment_status":"closed","ping_status":"closed","template":"","meta":{"_et_pb_use_builder":"on","_et_pb_old_content":"","_et_gb_content_width":"","footnotes":""},"class_list":["post-636","page","type-page","status-publish","hentry"],"_links":{"self":[{"href":"https:\/\/unicuces.edu.co\/principal\/wp-json\/wp\/v2\/pages\/636","targetHints":{"allow":["GET"]}}],"collection":[{"href":"https:\/\/unicuces.edu.co\/principal\/wp-json\/wp\/v2\/pages"}],"about":[{"href":"https:\/\/unicuces.edu.co\/principal\/wp-json\/wp\/v2\/types\/page"}],"author":[{"embeddable":true,"href":"https:\/\/unicuces.edu.co\/principal\/wp-json\/wp\/v2\/users\/14"}],"replies":[{"embeddable":true,"href":"https:\/\/unicuces.edu.co\/principal\/wp-json\/wp\/v2\/comments?post=636"}],"version-history":[{"count":4,"href":"https:\/\/unicuces.edu.co\/principal\/wp-json\/wp\/v2\/pages\/636\/revisions"}],"predecessor-version":[{"id":11324,"href":"https:\/\/unicuces.edu.co\/principal\/wp-json\/wp\/v2\/pages\/636\/revisions\/11324"}],"wp:attachment":[{"href":"https:\/\/unicuces.edu.co\/principal\/wp-json\/wp\/v2\/media?parent=636"}],"curies":[{"name":"wp","href":"https:\/\/api.w.org\/{rel}","templated":true}]}}