{"id":3057,"date":"2019-03-13T15:12:42","date_gmt":"2019-03-13T20:12:42","guid":{"rendered":"https:\/\/unicuces.edu.co\/principal\/?page_id=3057"},"modified":"2022-03-28T14:21:06","modified_gmt":"2022-03-28T19:21:06","slug":"investigacion-linea-de-tiempo","status":"publish","type":"page","link":"https:\/\/unicuces.edu.co\/principal\/investigacion-linea-de-tiempo\/","title":{"rendered":"L\u00ednea del Tiempo"},"content":{"rendered":"\n[et_pb_section bb_built=\u00bb1&#8243; fullwidth=\u00bbon\u00bb _builder_version=\u00bb3.0.89&#8243; background_image=\u00bbhttps:\/\/unicuces.edu.co\/principal\/wp-content\/uploads\/2019\/03\/0-0-linea-de-tiempo-Investigaciones-publicaciones-Universidad-Cali-Colombia-2-.jpg\u00bb next_background_color=\u00bb#ffffff\u00bb][et_pb_fullwidth_header title=\u00bbL\u00cdNEA DE TIEMPO\u00bb text_orientation=\u00bbcenter\u00bb _builder_version=\u00bb3.0.89&#8243; title_font=\u00bb||||||||\u00bb title_text_color=\u00bb#ffffff\u00bb title_text_shadow_style=\u00bbpreset1&#8243; title_text_shadow_color=\u00bbrgba(11,31,102,0.74)\u00bb background_layout=\u00bblight\u00bb background_color=\u00bbrgba(255, 255, 255, 0)\u00bb button_one_text_size__hover_enabled=\u00bboff\u00bb button_one_text_size__hover=\u00bbnull\u00bb button_two_text_size__hover_enabled=\u00bboff\u00bb button_two_text_size__hover=\u00bbnull\u00bb button_one_text_color__hover_enabled=\u00bboff\u00bb button_one_text_color__hover=\u00bbnull\u00bb button_two_text_color__hover_enabled=\u00bboff\u00bb button_two_text_color__hover=\u00bbnull\u00bb button_one_border_width__hover_enabled=\u00bboff\u00bb button_one_border_width__hover=\u00bbnull\u00bb button_two_border_width__hover_enabled=\u00bboff\u00bb button_two_border_width__hover=\u00bbnull\u00bb button_one_border_color__hover_enabled=\u00bboff\u00bb button_one_border_color__hover=\u00bbnull\u00bb button_two_border_color__hover_enabled=\u00bboff\u00bb button_two_border_color__hover=\u00bbnull\u00bb button_one_border_radius__hover_enabled=\u00bboff\u00bb button_one_border_radius__hover=\u00bbnull\u00bb button_two_border_radius__hover_enabled=\u00bboff\u00bb button_two_border_radius__hover=\u00bbnull\u00bb button_one_letter_spacing__hover_enabled=\u00bboff\u00bb button_one_letter_spacing__hover=\u00bbnull\u00bb button_two_letter_spacing__hover_enabled=\u00bboff\u00bb button_two_letter_spacing__hover=\u00bbnull\u00bb button_one_bg_color__hover_enabled=\u00bboff\u00bb button_one_bg_color__hover=\u00bbnull\u00bb button_two_bg_color__hover_enabled=\u00bboff\u00bb button_two_bg_color__hover=\u00bbnull\u00bb \/][\/et_pb_section][et_pb_section bb_built=\u00bb1&#8243; _builder_version=\u00bb3.0.89&#8243; custom_margin=\u00bb0px||0px|\u00bb custom_padding=\u00bb0px||0px|\u00bb prev_background_color=\u00bb#000000&#8243; next_background_color=\u00bb#000000&#8243;][et_pb_row custom_padding=\u00bb0px|||\u00bb custom_margin=\u00bb0px|||\u00bb _builder_version=\u00bb3.0.89&#8243;][et_pb_column type=\u00bb4_4&#8243;][et_pb_text _builder_version=\u00bb3.0.89&#8243; custom_margin=\u00bb20px|||\u00bb]\r\n\r\n<h2 style=\"text-align: center;\"><span style=\"color: #ffffff;\"><strong><\/strong><\/span><\/h2>\r\n<p><span style=\"color: #ffffff;\"><\/span><\/p>\r\n<p style=\"text-align: center;\">\u00a0<span style=\"color: #ab001d; font-size: 26px;\"><strong style=\"text-align: center;\">La Investigaci\u00f3n en la UNICUCES Avanza:<\/strong><\/span><\/p>\r\n<p><span style=\"color: #ffffff;\"><strong><\/strong><\/span><\/p>\r\n\r\n[\/et_pb_text][\/et_pb_column][\/et_pb_row][\/et_pb_section][et_pb_section bb_built=\u00bb1&#8243; _builder_version=\u00bb3.0.89&#8243; custom_margin=\u00bb0px||0px|\u00bb custom_padding=\u00bb0px||0px|\u00bb prev_background_color=\u00bb#000000&#8243;][et_pb_row _builder_version=\u00bb3.0.89&#8243;][et_pb_column type=\u00bb1_3&#8243;][et_pb_image src=\u00bbhttps:\/\/unicuces.edu.co\/principal\/wp-content\/uploads\/2019\/03\/0-Investigacion-Cali-Colombia-Universidad-Unicuces-Administracion-de-Empresas-Contaduria-Mercadeo-Ingenieria-de-Sistemas-Industrial-3.png\u00bb _builder_version=\u00bb3.0.89&#8243; max_width=\u00bb90%\u00bb custom_margin=\u00bb50px|||\u00bb \/][\/et_pb_column][et_pb_column type=\u00bb2_3&#8243;][et_pb_accordion open_toggle_text_color=\u00bb#ffffff\u00bb open_toggle_background_color=\u00bb#0b1f66&#8243; closed_toggle_text_color=\u00bb#ffffff\u00bb closed_toggle_background_color=\u00bb#ab001d\u00bb icon_color=\u00bb#0b1f66&#8243; _builder_version=\u00bb3.0.89&#8243; body_text_color=\u00bb#ffffff\u00bb body_text_shadow_style=\u00bbpreset4&#8243; border_radii=\u00bbon|10px|10px|10px|10px\u00bb box_shadow_style=\u00bbpreset2&#8243;][et_pb_accordion_item title=\u00bb2005&#8243; open=\u00bbon\u00bb _builder_version=\u00bb3.0.89&#8243; title_text_shadow_horizontal_length=\u00bb0em\u00bb title_text_shadow_vertical_length=\u00bb0em\u00bb title_text_shadow_blur_strength=\u00bb0em\u00bb body_text_shadow_horizontal_length=\u00bb0em\u00bb body_text_shadow_vertical_length=\u00bb0em\u00bb body_text_shadow_blur_strength=\u00bb0em\u00bb]<div>\u00b7 Constituci\u00f3n, aval institucional y registro en COLCIENCIAS.<br \/>\r\n\u00b7 Creaci\u00f3n de la Revista HOMOTECHNIA.<\/div>[\/et_pb_accordion_item][et_pb_accordion_item title=\u00bb2007&#8243; _builder_version=\u00bb3.0.89&#8243; title_text_shadow_horizontal_length=\u00bb0em\u00bb title_text_shadow_vertical_length=\u00bb0em\u00bb title_text_shadow_blur_strength=\u00bb0em\u00bb body_text_shadow_horizontal_length=\u00bb0em\u00bb body_text_shadow_vertical_length=\u00bb0em\u00bb body_text_shadow_blur_strength=\u00bb0em\u00bb open=\u00bboff\u00bb]<div>\u00b7 Enfoque institucional en Responsabilidad Social.<br \/>\r\n\u00b7 Declaraci\u00f3n de l\u00edneas transversales de investigaci\u00f3n en RSE.<br \/>\r\n\u00b7 Dise\u00f1o y puesta en marcha de seminarios de investigaci\u00f3n con enfoque en RSE.<\/div>[\/et_pb_accordion_item][et_pb_accordion_item title=\u00bb2008&#8243; _builder_version=\u00bb3.0.89&#8243; title_text_shadow_horizontal_length=\u00bb0em\u00bb title_text_shadow_vertical_length=\u00bb0em\u00bb title_text_shadow_blur_strength=\u00bb0em\u00bb body_text_shadow_horizontal_length=\u00bb0em\u00bb body_text_shadow_vertical_length=\u00bb0em\u00bb body_text_shadow_blur_strength=\u00bb0em\u00bb open=\u00bboff\u00bb]<div>\u00b7 Socializaci\u00f3n y apropiaci\u00f3n del enfoque institucional de investigaci\u00f3n (Foros, seminarios, diplomados, conversatorios, etc).<\/div>\r\n[\/et_pb_accordion_item][et_pb_accordion_item title=\u00bb2009&#8243; _builder_version=\u00bb3.0.89&#8243; title_text_shadow_horizontal_length=\u00bb0em\u00bb title_text_shadow_vertical_length=\u00bb0em\u00bb title_text_shadow_blur_strength=\u00bb0em\u00bb body_text_shadow_horizontal_length=\u00bb0em\u00bb body_text_shadow_vertical_length=\u00bb0em\u00bb body_text_shadow_blur_strength=\u00bb0em\u00bb open=\u00bboff\u00bb]<div>\u00b7 Creaci\u00f3n del grupo GIERS.<br \/>\r\n\u00b7 Constituci\u00f3n de Semilleros de investigaci\u00f3n.<br \/>\r\n\u00b7 Integraci\u00f3n a redes de investigaci\u00f3n.<\/div>[\/et_pb_accordion_item][\/et_pb_accordion][\/et_pb_column][\/et_pb_row][et_pb_row _builder_version=\u00bb3.0.89&#8243;][et_pb_column type=\u00bb2_3&#8243;][et_pb_accordion open_toggle_text_color=\u00bb#ffffff\u00bb open_toggle_background_color=\u00bb#0b1f66&#8243; closed_toggle_text_color=\u00bb#ffffff\u00bb closed_toggle_background_color=\u00bb#ab001d\u00bb icon_color=\u00bb#0b1f66&#8243; _builder_version=\u00bb3.0.89&#8243; body_text_color=\u00bb#ffffff\u00bb body_text_shadow_style=\u00bbpreset4&#8243; border_radii=\u00bbon|10px|10px|10px|10px\u00bb box_shadow_style=\u00bbpreset2&#8243;][et_pb_accordion_item title=\u00bb2010&#8243; open=\u00bbon\u00bb _builder_version=\u00bb3.0.89&#8243; title_text_shadow_horizontal_length=\u00bb0em\u00bb title_text_shadow_vertical_length=\u00bb0em\u00bb title_text_shadow_blur_strength=\u00bb0em\u00bb body_text_shadow_horizontal_length=\u00bb0em\u00bb body_text_shadow_vertical_length=\u00bb0em\u00bb body_text_shadow_blur_strength=\u00bb0em\u00bb]<div>\u00b7 Categorizaci\u00f3n de grupos en COLCIENCIAS \/ 4 en categor\u00eda D \u2013 2 reconocidos (GIERS y CONSTRUCECS) \u2013 1 registrado (GAMA).<\/div>\r\n[\/et_pb_accordion_item][et_pb_accordion_item title=\u00bb2011&#8243; _builder_version=\u00bb3.0.89&#8243; title_text_shadow_horizontal_length=\u00bb0em\u00bb title_text_shadow_vertical_length=\u00bb0em\u00bb title_text_shadow_blur_strength=\u00bb0em\u00bb body_text_shadow_horizontal_length=\u00bb0em\u00bb body_text_shadow_vertical_length=\u00bb0em\u00bb body_text_shadow_blur_strength=\u00bb0em\u00bb open=\u00bboff\u00bb]<div>\u00b7 Participaci\u00f3n en la mesa Regional de Responsabilidad Social.<br \/>\r\n\u00b7 Convenios interinstitucionales para el desarrollo de estrategias de internacionalizaci\u00f3n de la investigaci\u00f3n.<\/div>[\/et_pb_accordion_item][et_pb_accordion_item title=\u00bb2012&#8243; _builder_version=\u00bb3.0.89&#8243; title_text_shadow_horizontal_length=\u00bb0em\u00bb title_text_shadow_vertical_length=\u00bb0em\u00bb title_text_shadow_blur_strength=\u00bb0em\u00bb body_text_shadow_horizontal_length=\u00bb0em\u00bb body_text_shadow_vertical_length=\u00bb0em\u00bb body_text_shadow_blur_strength=\u00bb0em\u00bb open=\u00bboff\u00bb]<div>\u00b7 Re categorizaci\u00f3n en grupos de investigaci\u00f3n en COLCIENCIAS.<br \/>\r\n\u00b7 Consolidaci\u00f3n de unidad de Emprendimiento.<\/div>[\/et_pb_accordion_item][et_pb_accordion_item title=\u00bb2014&#8243; _builder_version=\u00bb3.0.89&#8243; title_text_shadow_horizontal_length=\u00bb0em\u00bb title_text_shadow_vertical_length=\u00bb0em\u00bb title_text_shadow_blur_strength=\u00bb0em\u00bb body_text_shadow_horizontal_length=\u00bb0em\u00bb body_text_shadow_vertical_length=\u00bb0em\u00bb body_text_shadow_blur_strength=\u00bb0em\u00bb open=\u00bboff\u00bb]<div>\u00b7 Re significaci\u00f3n de las l\u00edneas de investigaci\u00f3n.<br \/>\r\n\u00b7 Participaci\u00f3n activa de nuestros estudiantes Semilleristas en eventos nacionales y regionales.<br \/>\r\n\u00b7 Participaci\u00f3n activa de los docentes en eventos nacionales y regionales de investigaci\u00f3n.<\/div>[\/et_pb_accordion_item][\/et_pb_accordion][et_pb_text _builder_version=\u00bb3.0.89&#8243;]\r\n\r\n<h2 class=\"t-ce4\" style=\"text-align: center;\"><\/h2>\r\n\r\n[\/et_pb_text][\/et_pb_column][et_pb_column type=\u00bb1_3&#8243;][et_pb_image src=\u00bbhttps:\/\/unicuces.edu.co\/principal\/wp-content\/uploads\/2019\/03\/0-Investigacion-2-Cali-Colombia-Universidad-Unicuces-Administracion-de-Empresas-Contaduria-Mercadeo-Ingenieria-de-Sistemas-Industrial-3.jpg\u00bb _builder_version=\u00bb3.0.89&#8243; max_width=\u00bb90%\u00bb custom_margin=\u00bb35px|||\u00bb \/][\/et_pb_column][\/et_pb_row][et_pb_row _builder_version=\u00bb3.0.89&#8243;][et_pb_column type=\u00bb1_3&#8243;][et_pb_image src=\u00bbhttps:\/\/unicuces.edu.co\/principal\/wp-content\/uploads\/2019\/03\/0-Investigacion-3-Cali-Colombia-Universidad-Unicuces-Administracion-de-Empresas-Contaduria-Mercadeo-Ingenieria-de-Sistemas-Industrial-3.jpg\u00bb _builder_version=\u00bb3.0.89&#8243; max_width=\u00bb90%\u00bb custom_margin=\u00bb55px|||\u00bb \/][\/et_pb_column][et_pb_column type=\u00bb2_3&#8243;][et_pb_accordion open_toggle_text_color=\u00bb#ffffff\u00bb open_toggle_background_color=\u00bb#0b1f66&#8243; closed_toggle_text_color=\u00bb#ffffff\u00bb closed_toggle_background_color=\u00bb#ab001d\u00bb icon_color=\u00bb#0b1f66&#8243; _builder_version=\u00bb3.21&#8243; body_text_color=\u00bb#ffffff\u00bb body_text_shadow_style=\u00bbpreset4&#8243; border_radii=\u00bbon|10px|10px|10px|10px\u00bb box_shadow_style=\u00bbpreset2&#8243;][et_pb_accordion_item title=\u00bb2015&#8243; open=\u00bbon\u00bb _builder_version=\u00bb3.21&#8243; title_text_shadow_horizontal_length=\u00bb0em\u00bb title_text_shadow_vertical_length=\u00bb0em\u00bb title_text_shadow_blur_strength=\u00bb0em\u00bb body_text_shadow_horizontal_length=\u00bb0em\u00bb body_text_shadow_vertical_length=\u00bb0em\u00bb body_text_shadow_blur_strength=\u00bb0em\u00bb]\r\n\r\n<div>\r\n<p>\u00b7 Se consolida el Grupo de Investigaci\u00f3n CONSTRUCECS, Construcci\u00f3n de Calidad, Estrategia Ciencia y Sociedad y se logra la categorizaci\u00f3n en Colciencias en B.<\/p>\r\n<p>\u00b7 Se crea el Grupo de Investigaci\u00f3n, Universidad innovadora, Responsable, Sostenible y Emprendedora, UNIRSE y se logra la categorizaci\u00f3n ante Colciencias en D<\/p>\r\n<\/div>\r\n\r\n[\/et_pb_accordion_item][et_pb_accordion_item title=\u00bb2016&#8243; _builder_version=\u00bb3.21&#8243; title_text_shadow_horizontal_length=\u00bb0em\u00bb title_text_shadow_vertical_length=\u00bb0em\u00bb title_text_shadow_blur_strength=\u00bb0em\u00bb body_text_shadow_horizontal_length=\u00bb0em\u00bb body_text_shadow_vertical_length=\u00bb0em\u00bb body_text_shadow_blur_strength=\u00bb0em\u00bb open=\u00bboff\u00bb]\r\n\r\n<div style=\"\">\r\n<div style=\"font-size: 15px;line-height:20px;\">\r\n\u00b7 Se consolida la internacionalizaci\u00f3n de la investigaci\u00f3n en convenios nacionales e internacionales, conjuntamente con universidades de diferentes pa\u00edses.<p><\/p>\r\n<p>\u00b7 Proyecto de Investigaci\u00f3n Binacional Colombia &#8211; Ecuador UNICUCES-Universidad de Guayaquil.<\/p>\r\n<p>\u00b7 Proyecto de Investigaci\u00f3n Binacional UNICUCES, Universidad Aut\u00f3noma del Estado de M\u00e9xico.<\/p>\r\n<p>\u00b7 Movilidad internacional por parte de los docentes investigadores de la UNICUCES.<\/p>\r\n<p>\u00b7 Unicuces es la sede permanente en Colombia del Centro de Investigaci\u00f3n Latinoamericano en Epistemolog\u00eda pedag\u00f3gica CESPE, que re\u00fane a m\u00e1s de doce pa\u00edses.\r\n<\/p>\r\n<\/div>\r\n<\/div>\r\n\r\n[\/et_pb_accordion_item][et_pb_accordion_item title=\u00bb2017&#8243; _builder_version=\u00bb3.21&#8243; title_text_shadow_horizontal_length=\u00bb0em\u00bb title_text_shadow_vertical_length=\u00bb0em\u00bb title_text_shadow_blur_strength=\u00bb0em\u00bb body_text_shadow_horizontal_length=\u00bb0em\u00bb body_text_shadow_vertical_length=\u00bb0em\u00bb body_text_shadow_blur_strength=\u00bb0em\u00bb open=\u00bboff\u00bb]\r\n\r\n<div style=\"\">\r\n<div style=\"font-size: 15px;line-height:20px;\">\r\n\u00b7 La UNICUCES avanza en procesos investigativos, 9 Investigadores de 37 vinculados con la UNICUCES, fueron categorizados por COLCIENCIAS en la Convocatoria Nacional para el Reconocimiento y Medici\u00f3n de Grupos de Investigaci\u00f3n, Desarrollo Tecnol\u00f3gico o de Innovaci\u00f3n y para el Reconocimiento de Investigadores del SNCTel, -CONVOCATORIA 781 DE 2017.<p><\/p>\r\n<p>&#8211;  5 investigadores ASOCIADOS<br>\r\n&#8211;  4 investigadores JUNIOR<\/p>\r\n<p>\u00b7 Categorizaci\u00f3n de los tres Grupos de investigaci\u00f3n CONSTRUCECS B, UniRSE B e IngeniaRSE C.<\/p>\r\n<p>\u00b7 <b>Evento Internacional:<\/b> Primer Seminario Internacional en Educaci\u00f3n Sostenible y Responsabilidad Social en tiempos de paz. Barcelona Espa\u00f1a. Representante Doctora Ana Mercedes Ocampo Hoyos PhD.<\/p>\r\n<p>\u00b7 <b>Participaci\u00f3n en ponencia internacional:<\/b> Global Conference On Business And Finance \u2013San Jose, Costa Rica, Representada por los Doctores: Carlos Augusto Narv\u00e1ez D\u00edaz Mg, Wilson Eduardo Romero Palacios PhD y Mar\u00eda del Pilar Jara Vargas PhD (c).<\/p>\r\n<p>\u00b7 Participaci\u00f3n de tres ponencias en evento organizado por ASCOLFA: <b>\u201cInnovaci\u00f3n y Transformaci\u00f3n Productiva para el Desarrollo\u201d<\/b>, Neiva.<\/p>\r\n<p>\u00b7 Participaci\u00f3n en el <b>4to Encuentro de Investigaci\u00f3n ASCOLFA cap\u00edtulo suroccidente y 1er Encuentro de Semilleros de estudiantes en Administraci\u00f3n<\/b>, Pereira.<\/p>\r\n<p>\u00b7 Realizaci\u00f3n del <b>\u201cVI Encuentro Internacional de Investigadores Desarrollo Sostenible y Responsabilidad Social en tiempos de Paz\u201d<\/b>;  UNICUCES, Universidad Aut\u00f3noma del Estado de M\u00e9xico, Universidad Aut\u00f3noma Chapingo, Universidad Autonoma de Guerrero, Universidad  Ju\u00e1rez Aut\u00f3noma de Tabasco -M\u00e9xico-Colombia.<\/p>\r\n<p>\u00b7 Se destaca el nivel de producci\u00f3n y generaci\u00f3n del nuevo conocimiento, mediante la consolidaci\u00f3n del <b>Sello Editorial UNICUCES<\/b>, con un tiraje de 30 vol\u00famenes anuales, una amplia producci\u00f3n de conocimiento, libros resultados de Investigaciones.\r\n<\/p><\/div>\r\n<p><\/p>\r\n<\/div>\r\n\r\n[\/et_pb_accordion_item][et_pb_accordion_item title=\u00bb2018&#8243; _builder_version=\u00bb3.21&#8243; title_text_shadow_horizontal_length=\u00bb0em\u00bb title_text_shadow_vertical_length=\u00bb0em\u00bb title_text_shadow_blur_strength=\u00bb0em\u00bb body_text_shadow_horizontal_length=\u00bb0em\u00bb body_text_shadow_vertical_length=\u00bb0em\u00bb body_text_shadow_blur_strength=\u00bb0em\u00bb open=\u00bboff\u00bb]\r\n\r\n<div style=\"\">\r\n<div style=\"font-size: 15px;line-height:20px;\">\r\n\u00b7 Clasificaci\u00f3n en el Ranking ASC-Sapiens, seg\u00fan indicadores de Apropiaci\u00f3n Social del Conocimiento, la UNICUCES se encuentra entre las mejores 5 INSTITUCIONES UNIVERSITARIAS de Santiago de Cali<p><\/p>\r\n<p>\u00b7 Se lleva a cabo en la UNICUCES el <b>XV Encuentro Departamental de Semilleros de Investigaci\u00f3n de REDCOLSI<\/b>  los d\u00edas 17 y 18 de Mayo de 2018.<\/p>\r\n<p>\u00b7 Participaci\u00f3n con ponencias de los Investigadores de UNICUCES en la conferencia ASCOLFA, en Manizales.<\/p>\r\n<p>\u00b7 Participaci\u00f3n con ponencias y como miembros del comit\u00e9 organizador de ACIET, del  VI Encuentro Regional de Semilleros de Investigaci\u00f3n IES T\u00e9cnicas, Tecnol\u00f3gicas y Universitarias.   III Encuentro Internacional de Grupos y Semilleros de Investigaci\u00f3n, Innovaci\u00f3n y Desarrollo tecnol\u00f3gico.<\/p>\r\n<p>\u00b7 La UNICUCES actualiza las pol\u00edticas de Investigaci\u00f3n, en el marco del proceso de acreditaci\u00f3n.\r\n<\/p>\r\n<\/div>\r\n<\/div>\r\n\r\n[\/et_pb_accordion_item][et_pb_accordion_item title=\u00bb2019&#8243; _builder_version=\u00bb3.21&#8243; title_text_shadow_horizontal_length=\u00bb0em\u00bb title_text_shadow_vertical_length=\u00bb0em\u00bb title_text_shadow_blur_strength=\u00bb0em\u00bb body_text_shadow_horizontal_length=\u00bb0em\u00bb body_text_shadow_vertical_length=\u00bb0em\u00bb body_text_shadow_blur_strength=\u00bb0em\u00bb open=\u00bboff\u00bb link_option_url_new_window=\u00bboff\u00bb use_background_color_gradient=\u00bboff\u00bb background_color_gradient_start=\u00bb#2b87da\u00bb background_color_gradient_end=\u00bb#29c4a9&#8243; background_color_gradient_type=\u00bblinear\u00bb background_color_gradient_direction=\u00bb180deg\u00bb background_color_gradient_direction_radial=\u00bbcenter\u00bb background_color_gradient_start_position=\u00bb0%\u00bb background_color_gradient_end_position=\u00bb100%\u00bb background_color_gradient_overlays_image=\u00bboff\u00bb parallax=\u00bboff\u00bb parallax_method=\u00bbon\u00bb background_size=\u00bbcover\u00bb background_position=\u00bbcenter\u00bb background_repeat=\u00bbno-repeat\u00bb background_blend=\u00bbnormal\u00bb allow_player_pause=\u00bboff\u00bb background_video_pause_outside_viewport=\u00bbon\u00bb text_shadow_style=\u00bbnone\u00bb border_radii=\u00bbon||||\u00bb box_shadow_style=\u00bbnone\u00bb hover_transition_duration=\u00bb300ms\u00bb hover_transition_delay=\u00bb0ms\u00bb hover_transition_speed_curve=\u00bbease\u00bb]\r\n\r\n<div style=\"\">\r\n<div style=\"font-size: 15px;line-height:20px;\">\r\n<p>\u00b7 Se mantiene seg\u00fan la convocatoria 833 de 2018 de COLCIENCIAS, la categorizaci\u00f3n de los grupos de investigaci\u00f3n CONSTRUCECS e UniRSE en \u201cB\u201d y se mejora la categorizaci\u00f3n del grupo de Investigaci\u00f3n IngeniaRSE que pasa de  estar categorizado en \u201cC\u201d a \u201cB\u201d y se crea un nuevo grupo de investigaci\u00f3n para las necesidades de investigaci\u00f3n asociadas a consolidar nuevos programas acad\u00e9micos en especial Derecho denominado DERCIHUM. el cual, queda reconocido y categorizado en \u201cC\u201d.<\/p>\r\n<p>\u00b7 Resultado de la convocatoria 833 de 2018 de COLCIENCIAS, quedan reconocidos y categorizados 20 investigadores, dos en categor\u00eda Senior, 10 en categor\u00eda Asociado, 6 en categor\u00eda Junior y 2 investigadores vinculados con maestr\u00eda.<\/p>\r\n\r\n<p>\u00b7 Posicionamiento de la investigaci\u00f3n en la vigencia 2019 seg\u00fan los resultados del Rankin Sapiens Research, como una de las mejores instituciones colombianas en las categor\u00edas de:<br>\r\na)    Libros de investigaci\u00f3n<br>\r\nb)    Cap\u00edtulos de libros de investigaci\u00f3n<br>\r\nc)    Generaci\u00f3n de nuevo conocimiento y Desarrollo Tecnol\u00f3gico e Innovaci\u00f3n.<\/p>\r\n\r\n<p>\u00b7 Participaci\u00f3n con 19 ponencias y como miembros del comit\u00e9 organizador de ACIET, VII Encuentro Regional de Semilleros de Investigaci\u00f3n, Colegios, IES T\u00e9cnicas, Tecnol\u00f3gicas y Universitarias.  IV Encuentro Internacional de Grupos y Semilleros de Investigaci\u00f3n, Innovaci\u00f3n y Desarrollo tecnol\u00f3gico.<\/p>\r\n\r\n<p>\u00b7 Publicaci\u00f3n de dos ejemplares de la revista Homotechnia, dos ejemplares de la revista SabeRSE, un ejemplares de la revista ALEC impresa, un ejemplares de la revista ALEC digital.<\/p>\r\n\r\n<p>Dise\u00f1o de una nueva imagen corporativa y organizaci\u00f3n administrativa a las revistas institucionales, liderado por el Vicerrector de Planeaci\u00f3n y Desarrollo Institucional, modernizando las publicaciones y ajust\u00e1ndose a los est\u00e1ndares actuales.<\/p>\r\n\r\n<p>Se realizaron tres proyectos de investigaci\u00f3n con contrapartida del Fondo para el desarrollo de la Educaci\u00f3n Superior FODESEP. Los proyectos permitieron la investigaci\u00f3n aplicada en comunidades de Buenaventura y  Guachen\u00e9.<\/p>\r\n\r\n<p>Se destaca la participaci\u00f3n de los semilleristas de los Programas de Ingenier\u00eda Industrial y la Tecnolog\u00eda en Gesti\u00f3n de la Producci\u00f3n, que permiti\u00f3 que se generar\u00e1 para la UNICUCES el desarrollo de 21 prototipos en el marco del proyecto de investigaci\u00f3n \u201cPrototipos Did\u00e1cticos para la Ense\u00f1anza y el Aprendizaje en la Educaci\u00f3n Superior\u201d, entre la vigencia 2016 hasta 2019.<\/p>\r\n\r\n<p>Se generaron 15 ponencias con las cuales la UNICUCES particip\u00f3 en el III Encuentro de Investigaci\u00f3n, Desarrollo Tecnol\u00f3gico e Innovaci\u00f3n Colombia \u2013 Ecuador \u2013 REDEC, que se desarroll\u00f3 el 6 y 7 de junio en la Universidad San Buenaventura Cali.<\/p>\r\n\r\n<p>Se llev\u00f3 a cabo el Seminario Internacional del primer semestre que permiti\u00f3 que 38 estudiante viajaran a participar en el seminario internacional \u201cPlaneaci\u00f3n estrat\u00e9gica e indicadores de desempe\u00f1o\u201d.<\/p>\r\n\r\n<p>En el segundo semestre de 2019, se llevaron a cabo paralelos dos seminarios internacionales uno en Ecuador con dos seminarios: a) \u201cSeminario &#8211; Taller Planeaci\u00f3n Estrat\u00e9gica e Indicadores de Desempe\u00f1o\u201d en el cual participaron 30 estudiantes, b) Seminario \u2013 Taller Normas Internacionales de Informaci\u00f3n Financiera (NIIF) y Normas Internacionales de Auditor\u00eda (NIA), en el cual participaron 10 estudiantes con la Universidad de Santiago de Guayaquil. En Panam\u00e1 se llev\u00f3 a cabo el seminario internacional con la Universidad Metropolitana de Educaci\u00f3n, Ciencia y tecnolog\u00eda \u2013 UMECIT \u201cSeminario \u2013 en  Actualizaci\u00f3n Mar\u00edtima\u201d, en el cual participaron 17 estudiantes.<\/p>\r\n\r\n<p>Se celebr\u00f3 el convenio espec\u00edfico de cooperaci\u00f3n entre la CORPORACI\u00d3N UNIVERSITARIA CENTRO SUPERIOR, UNICUCES y la Instituci\u00f3n Universitaria Colegio Mayor del Cauca.<\/p>\r\n\r\n\r\n<\/div>\r\n<\/div>\r\n\r\n[\/et_pb_accordion_item][\/et_pb_accordion][\/et_pb_column][\/et_pb_row][\/et_pb_section]\n","protected":false},"excerpt":{"rendered":"<p>\u00a0La Investigaci\u00f3n en la UNICUCES Avanza: \u00b7 Constituci\u00f3n, aval institucional y registro en COLCIENCIAS. \u00b7 Creaci\u00f3n de la Revista HOMOTECHNIA.\u00b7 Enfoque institucional en Responsabilidad Social. \u00b7 Declaraci\u00f3n de l\u00edneas transversales de investigaci\u00f3n en RSE. \u00b7 Dise\u00f1o y puesta en marcha de seminarios de investigaci\u00f3n con enfoque en RSE.\u00b7 Socializaci\u00f3n y apropiaci\u00f3n del enfoque institucional de [&hellip;]<\/p>\n","protected":false},"author":14,"featured_media":0,"parent":0,"menu_order":0,"comment_status":"closed","ping_status":"closed","template":"","meta":{"_et_pb_use_builder":"on","_et_pb_old_content":"","_et_gb_content_width":"","footnotes":""},"class_list":["post-3057","page","type-page","status-publish","hentry"],"_links":{"self":[{"href":"https:\/\/unicuces.edu.co\/principal\/wp-json\/wp\/v2\/pages\/3057","targetHints":{"allow":["GET"]}}],"collection":[{"href":"https:\/\/unicuces.edu.co\/principal\/wp-json\/wp\/v2\/pages"}],"about":[{"href":"https:\/\/unicuces.edu.co\/principal\/wp-json\/wp\/v2\/types\/page"}],"author":[{"embeddable":true,"href":"https:\/\/unicuces.edu.co\/principal\/wp-json\/wp\/v2\/users\/14"}],"replies":[{"embeddable":true,"href":"https:\/\/unicuces.edu.co\/principal\/wp-json\/wp\/v2\/comments?post=3057"}],"version-history":[{"count":5,"href":"https:\/\/unicuces.edu.co\/principal\/wp-json\/wp\/v2\/pages\/3057\/revisions"}],"predecessor-version":[{"id":11339,"href":"https:\/\/unicuces.edu.co\/principal\/wp-json\/wp\/v2\/pages\/3057\/revisions\/11339"}],"wp:attachment":[{"href":"https:\/\/unicuces.edu.co\/principal\/wp-json\/wp\/v2\/media?parent=3057"}],"curies":[{"name":"wp","href":"https:\/\/api.w.org\/{rel}","templated":true}]}}