{"id":236,"date":"2018-08-01T17:20:49","date_gmt":"2018-08-01T17:20:49","guid":{"rendered":"https:\/\/demo.unicuces.edu.co\/wp\/?page_id=236"},"modified":"2026-03-26T12:26:39","modified_gmt":"2026-03-26T17:26:39","slug":"inicio","status":"publish","type":"page","link":"https:\/\/unicuces.edu.co\/principal\/","title":{"rendered":"Inicio"},"content":{"rendered":"<p>[et_pb_section fb_built=\u00bb1&#8243; fullwidth=\u00bbon\u00bb _builder_version=\u00bb4.27.4&#8243; _module_preset=\u00bbdefault\u00bb global_colors_info=\u00bb{}\u00bb][et_pb_fullwidth_slider show_content_on_mobile=\u00bboff\u00bb _builder_version=\u00bb4.27.4&#8243; _module_preset=\u00bbdefault\u00bb content_width=\u00bb100%\u00bb min_height=\u00bb800px\u00bb auto=\u00bbon\u00bb auto_speed=\u00bb5000&#8243; hover_enabled=\u00bb0&#8243; global_colors_info=\u00bb{}\u00bb sticky_enabled=\u00bb0&#8243;][et_pb_slide _builder_version=\u00bb4.27.4&#8243; _module_preset=\u00bbdefault\u00bb background_enable_color=\u00bboff\u00bb background_image=\u00bbhttps:\/\/unicuces.edu.co\/principal\/wp-content\/uploads\/2026\/03\/MOVILIDAD-MX-2027-scaled.webp\u00bb background_enable_image=\u00bbon\u00bb hover_enabled=\u00bb0&#8243; global_colors_info=\u00bb{}\u00bb sticky_transition=\u00bbon\u00bb title_text=\u00bbMOVILIDAD MX 2027&#8243; sticky_enabled=\u00bb0&#8243;][\/et_pb_slide][\/et_pb_fullwidth_slider][\/et_pb_section][et_pb_section fb_built=\u00bb1&#8243; module_class=\u00bbpasador-principal\u00bb _builder_version=\u00bb4.27.4&#8243; custom_margin=\u00bb||||false|false\u00bb custom_margin_tablet=\u00bb||||false|false\u00bb custom_margin_phone=\u00bb0px||||false|false\u00bb custom_margin_last_edited=\u00bbon|phone\u00bb custom_padding=\u00bb0px||0px||false|false\u00bb animation_style=\u00bbfade\u00bb animation_starting_opacity=\u00bb12%\u00bb global_colors_info=\u00bb{}\u00bb][et_pb_row column_structure=\u00bb1_4,1_4,1_4,1_4&#8243; make_equal=\u00bbon\u00bb _builder_version=\u00bb4.27.4&#8243; _module_preset=\u00bbdefault\u00bb background_color=\u00bb#f9f8f6&#8243; width=\u00bb100%\u00bb max_width=\u00bb2560px\u00bb module_alignment=\u00bbcenter\u00bb min_height=\u00bb381.9px\u00bb custom_margin=\u00bb||||false|false\u00bb custom_padding=\u00bb|||0px||\u00bb global_colors_info=\u00bb{}\u00bb][et_pb_column type=\u00bb1_4&#8243; _builder_version=\u00bb4.17.4&#8243; _module_preset=\u00bbdefault\u00bb global_colors_info=\u00bb{}\u00bb][et_pb_image src=\u00bbhttps:\/\/unicuces.edu.co\/principal\/wp-content\/uploads\/2026\/01\/PREGRADOS.png\u00bb title_text=\u00bbPREGRADOS\u00bb url=\u00bbhttps:\/\/unicuces.edu.co\/principal\/programas\/\u00bb _builder_version=\u00bb4.27.4&#8243; _module_preset=\u00bbdefault\u00bb animation_style=\u00bbbounce\u00bb global_colors_info=\u00bb{}\u00bb][\/et_pb_image][\/et_pb_column][et_pb_column type=\u00bb1_4&#8243; _builder_version=\u00bb4.17.4&#8243; _module_preset=\u00bbdefault\u00bb global_colors_info=\u00bb{}\u00bb][et_pb_image src=\u00bbhttps:\/\/unicuces.edu.co\/principal\/wp-content\/uploads\/2026\/01\/PREGRADOS-1.png\u00bb title_text=\u00bbPREGRADOS (1)\u00bb url=\u00bbhttps:\/\/unicuces.edu.co\/principal\/programasacademicos#espacioposgrado\u00bb _builder_version=\u00bb4.27.4&#8243; _module_preset=\u00bbdefault\u00bb animation_style=\u00bbbounce\u00bb global_colors_info=\u00bb{}\u00bb][\/et_pb_image][\/et_pb_column][et_pb_column type=\u00bb1_4&#8243; _builder_version=\u00bb4.17.4&#8243; _module_preset=\u00bbdefault\u00bb global_colors_info=\u00bb{}\u00bb][et_pb_image src=\u00bbhttps:\/\/unicuces.edu.co\/principal\/wp-content\/uploads\/2026\/01\/PREGRADOS-2.png\u00bb title_text=\u00bbPREGRADOS (2)\u00bb url=\u00bbhttps:\/\/unicuces.edu.co\/principal\/programasacademicos#espaciotecnicos\u00bb _builder_version=\u00bb4.27.4&#8243; _module_preset=\u00bbdefault\u00bb animation_style=\u00bbbounce\u00bb global_colors_info=\u00bb{}\u00bb][\/et_pb_image][\/et_pb_column][et_pb_column type=\u00bb1_4&#8243; _builder_version=\u00bb4.17.4&#8243; _module_preset=\u00bbdefault\u00bb global_colors_info=\u00bb{}\u00bb][et_pb_image src=\u00bbhttps:\/\/unicuces.edu.co\/principal\/wp-content\/uploads\/2026\/01\/PREGRADOS-3.png\u00bb title_text=\u00bbPREGRADOS (3)\u00bb url=\u00bbhttps:\/\/unicuces.edu.co\/principal\/educacion-continua\/\u00bb _builder_version=\u00bb4.27.4&#8243; _module_preset=\u00bbdefault\u00bb animation_style=\u00bbbounce\u00bb global_colors_info=\u00bb{}\u00bb][\/et_pb_image][\/et_pb_column][\/et_pb_row][\/et_pb_section][et_pb_section fb_built=\u00bb1&#8243; fullwidth=\u00bbon\u00bb _builder_version=\u00bb4.27.4&#8243; _module_preset=\u00bbdefault\u00bb background_color=\u00bb#870922&#8243; global_colors_info=\u00bb{}\u00bb][\/et_pb_section][et_pb_section fb_built=\u00bb1&#8243; admin_label=\u00bbSection\u00bb _builder_version=\u00bb4.27.4&#8243; _module_preset=\u00bbdefault\u00bb background_color=\u00bb#f9f8f6&#8243; module_alignment=\u00bbcenter\u00bb min_height=\u00bb327.7px\u00bb custom_margin=\u00bb0px||||false|false\u00bb custom_padding=\u00bb0px||||false|false\u00bb top_divider_color=\u00bb#007FE0&#8243; top_divider_height=\u00bb50%\u00bb bottom_divider_color=\u00bb#f6f6f6&#8243; locked=\u00bboff\u00bb global_colors_info=\u00bb{}\u00bb][et_pb_row column_structure=\u00bb1_4,1_4,1_4,1_4&#8243; use_custom_gutter=\u00bbon\u00bb gutter_width=\u00bb2&#8243; _builder_version=\u00bb4.25.0&#8243; _module_preset=\u00bbdefault\u00bb width=\u00bb94%\u00bb max_width=\u00bb1888px\u00bb module_alignment=\u00bbcenter\u00bb min_height=\u00bb301.9px\u00bb custom_margin=\u00bb|0px|0px|0px|false|false\u00bb custom_padding=\u00bb||||false|false\u00bb global_colors_info=\u00bb{}\u00bb][et_pb_column type=\u00bb1_4&#8243; _builder_version=\u00bb4.16&#8243; _module_preset=\u00bbdefault\u00bb z_index=\u00bb1&#8243; border_radii=\u00bbon|15px|15px|15px|15px\u00bb border_width_all=\u00bb1px\u00bb border_color_all=\u00bb#8F8F8F\u00bb box_shadow_style=\u00bbpreset2&#8243; global_colors_info=\u00bb{}\u00bb][et_pb_image src=\u00bbhttps:\/\/unicuces.edu.co\/principal\/wp-content\/uploads\/2023\/10\/adultos-jovenes-togas-graduacion-sonriendo-orgullosamente-generados-ia.jpg\u00bb alt=\u00bbGrados UNICUCES\u00bb title_text=\u00bbGrados UNICUCES\u00bb url=\u00bbhttps:\/\/unicuces.edu.co\/principal\/formatos-para-candidatos-a-grados\/\u00bb show_bottom_space=\u00bboff\u00bb _builder_version=\u00bb4.22.2&#8243; _module_preset=\u00bbdefault\u00bb global_colors_info=\u00bb{}\u00bb filter_brightness__hover_enabled=\u00bbon|hover\u00bb filter_brightness__hover=\u00bb80%\u00bb][\/et_pb_image][et_pb_text _builder_version=\u00bb4.27.4&#8243; _module_preset=\u00bbdefault\u00bb text_font=\u00bbAkshar|||on|||||\u00bb text_text_color=\u00bb#FFFFFF\u00bb background_color=\u00bb#FFFFFF\u00bb min_height=\u00bb41.2px\u00bb custom_padding=\u00bb4%||4%||true|false\u00bb link_option_url=\u00bbhttps:\/\/unicuces.edu.co\/principal\/formatos-para-candidatos-a-grados\/\u00bb global_colors_info=\u00bb{}\u00bb text_font_size__hover_enabled=\u00bboff|desktop\u00bb background__hover_enabled=\u00bbon|hover\u00bb background_color__hover=\u00bb#750011&#8243; background_enable_color__hover=\u00bbon\u00bb]<\/p>\n<h1 style=\"text-align: center;\"><span style=\"color: #800000;\"><strong>CANDIDATOS A GRADOS<\/strong><\/span><\/h1>\n<p>[\/et_pb_text][\/et_pb_column][et_pb_column type=\u00bb1_4&#8243; _builder_version=\u00bb4.16&#8243; _module_preset=\u00bbdefault\u00bb z_index=\u00bb1&#8243; border_radii=\u00bbon|15px|15px|15px|15px\u00bb border_width_all=\u00bb1px\u00bb border_color_all=\u00bb#8F8F8F\u00bb box_shadow_style=\u00bbpreset2&#8243; global_colors_info=\u00bb{}\u00bb][et_pb_image src=\u00bbhttps:\/\/unicuces.edu.co\/principal\/wp-content\/uploads\/2023\/10\/longitud-total-estudiantes-universitarios-felices-caminando-juntos-campus-2.jpg\u00bb title_text=\u00bblongitud-total-estudiantes-universitarios-felices-caminando-juntos-campus (2)\u00bb url=\u00bbhttps:\/\/unicuces.edu.co\/principal\/requisitos-de-admision\/\u00bb show_bottom_space=\u00bboff\u00bb _builder_version=\u00bb4.22.2&#8243; _module_preset=\u00bbdefault\u00bb global_colors_info=\u00bb{}\u00bb filter_brightness__hover_enabled=\u00bbon|hover\u00bb filter_brightness__hover=\u00bb80%\u00bb][\/et_pb_image][et_pb_text _builder_version=\u00bb4.27.4&#8243; _module_preset=\u00bbdefault\u00bb text_font=\u00bbAkshar|800||on|||||\u00bb text_text_color=\u00bb#FFFFFF\u00bb background_color=\u00bb#FFFFFF\u00bb custom_padding=\u00bb4%||4%||true|false\u00bb link_option_url=\u00bbhttps:\/\/unicuces.edu.co\/principal\/requisitos-de-admision\/\u00bb global_colors_info=\u00bb{}\u00bb text_font_size__hover_enabled=\u00bboff|desktop\u00bb background__hover_enabled=\u00bbon|hover\u00bb background_color__hover=\u00bb#750011&#8243; background_enable_color__hover=\u00bbon\u00bb]<\/p>\n<h1 style=\"text-align: center;\"><span style=\"color: #800000;\"><strong>ASPIRANTES<\/strong><\/span><\/h1>\n<p>[\/et_pb_text][\/et_pb_column][et_pb_column type=\u00bb1_4&#8243; _builder_version=\u00bb4.17.3&#8243; _module_preset=\u00bbdefault\u00bb z_index=\u00bb1&#8243; border_radii=\u00bbon|15px|15px|15px|15px\u00bb border_width_all=\u00bb1px\u00bb border_color_all=\u00bb#8F8F8F\u00bb box_shadow_style=\u00bbpreset2&#8243; global_colors_info=\u00bb{}\u00bb][et_pb_image src=\u00bbhttps:\/\/unicuces.edu.co\/principal\/wp-content\/uploads\/2023\/10\/hombre-mujer-sentados-mesa-papeles-e1697554366781.jpg\u00bb alt=\u00bbCosto UNICUCES\u00bb title_text=\u00bbCosto UNICUCES\u00bb url=\u00bbhttps:\/\/unicuces.edu.co\/principal\/costos\u00bb show_bottom_space=\u00bboff\u00bb _builder_version=\u00bb4.22.2&#8243; _module_preset=\u00bbdefault\u00bb global_colors_info=\u00bb{}\u00bb filter_brightness__hover_enabled=\u00bbon|hover\u00bb filter_brightness__hover=\u00bb80%\u00bb][\/et_pb_image][et_pb_text _builder_version=\u00bb4.27.4&#8243; _module_preset=\u00bbdefault\u00bb text_font=\u00bbAkshar|||on|||||\u00bb text_text_color=\u00bb#FFFFFF\u00bb background_color=\u00bb#FFFFFF\u00bb custom_padding=\u00bb4%||4%||true|false\u00bb link_option_url=\u00bbhttps:\/\/unicuces.edu.co\/principal\/costos\u00bb global_colors_info=\u00bb{}\u00bb text_font_size__hover_enabled=\u00bboff|desktop\u00bb background__hover_enabled=\u00bbon|hover\u00bb background_color__hover=\u00bb#750011&#8243; background_enable_color__hover=\u00bbon\u00bb]<\/p>\n<h1 style=\"text-align: center;\"><span style=\"color: #800000;\"><strong>COSTOS<\/strong><\/span><\/h1>\n<p>[\/et_pb_text][\/et_pb_column][et_pb_column type=\u00bb1_4&#8243; _builder_version=\u00bb4.17.3&#8243; _module_preset=\u00bbdefault\u00bb z_index=\u00bb1&#8243; border_radii=\u00bbon|15px|15px|15px|15px\u00bb border_width_all=\u00bb1px\u00bb border_color_all=\u00bb#8F8F8F\u00bb box_shadow_style=\u00bbpreset2&#8243; global_colors_info=\u00bb{}\u00bb][et_pb_image src=\u00bbhttps:\/\/unicuces.edu.co\/principal\/wp-content\/uploads\/2023\/10\/mujer-sentada-escritorio-oficina-monitor-computadora-monitor-teclado-e1697554344168.jpg\u00bb title_text=\u00bbmujer-sentada-escritorio-oficina-monitor-computadora-monitor-teclado\u00bb url=\u00bbhttps:\/\/unicuces.edu.co\/principal\/financiacion\/\u00bb show_bottom_space=\u00bboff\u00bb _builder_version=\u00bb4.22.2&#8243; _module_preset=\u00bbdefault\u00bb width=\u00bb100%\u00bb max_height=\u00bb1000px\u00bb global_colors_info=\u00bb{}\u00bb filter_brightness__hover_enabled=\u00bbon|hover\u00bb filter_brightness__hover=\u00bb80%\u00bb][\/et_pb_image][et_pb_text _builder_version=\u00bb4.27.4&#8243; _module_preset=\u00bbdefault\u00bb text_font=\u00bbAkshar|||on|||||\u00bb text_text_color=\u00bb#FFFFFF\u00bb background_color=\u00bb#FFFFFF\u00bb custom_padding=\u00bb4%||4%||true|false\u00bb link_option_url=\u00bbhttps:\/\/unicuces.edu.co\/principal\/financiacion\/\u00bb global_colors_info=\u00bb{}\u00bb text_font_size__hover_enabled=\u00bboff|desktop\u00bb background__hover_enabled=\u00bbon|hover\u00bb background_color__hover=\u00bb#750011&#8243; background_enable_color__hover=\u00bbon\u00bb]<\/p>\n<h1 style=\"text-align: center;\"><span style=\"color: #800000;\"><strong>CR\u00c9DITO EDUCATIVO<\/strong><\/span><\/h1>\n<p>[\/et_pb_text][\/et_pb_column][\/et_pb_row][\/et_pb_section][et_pb_section fb_built=\u00bb1&#8243; admin_label=\u00bbSection\u00bb _builder_version=\u00bb4.27.4&#8243; _module_preset=\u00bbdefault\u00bb background_color=\u00bb#f9f8f6&#8243; min_height=\u00bb517.1px\u00bb custom_margin=\u00bb||-25px|||\u00bb custom_padding=\u00bb0px|||||\u00bb locked=\u00bboff\u00bb global_colors_info=\u00bb{}\u00bb][et_pb_row column_structure=\u00bb1_4,1_4,1_4,1_4&#8243; _builder_version=\u00bb4.27.4&#8243; _module_preset=\u00bbdefault\u00bb background_color=\u00bb#f9f8f6&#8243; width=\u00bb100%\u00bb max_width=\u00bb2290px\u00bb min_height=\u00bb227.8px\u00bb custom_padding=\u00bb23px|||||\u00bb global_colors_info=\u00bb{}\u00bb][et_pb_column type=\u00bb1_4&#8243; _builder_version=\u00bb4.16&#8243; _module_preset=\u00bbdefault\u00bb global_colors_info=\u00bb{}\u00bb background__hover_enabled=\u00bbon|desktop\u00bb][et_pb_icon font_icon=\u00bb&#xf4fc;||fa||900&#8243; icon_color=\u00bb#0B1F66&#8243; url=\u00bbhttps:\/\/unicuces.edu.co\/principal\/referirpaga\/\u00bb _builder_version=\u00bb4.27.4&#8243; _module_preset=\u00bbdefault\u00bb custom_margin=\u00bb|0px||||\u00bb custom_padding=\u00bb|19px||||\u00bb global_colors_info=\u00bb{}\u00bb icon_color__hover_enabled=\u00bbon|hover\u00bb icon_color__hover=\u00bb#1c4f8e\u00bb][\/et_pb_icon][et_pb_text _builder_version=\u00bb4.27.4&#8243; _module_preset=\u00bbdefault\u00bb text_font=\u00bb|||on|||||\u00bb text_text_color=\u00bb#870922&#8243; width=\u00bb94.6%\u00bb custom_margin=\u00bb-29px||||false|false\u00bb custom_padding=\u00bb|28px|1px|||\u00bb link_option_url=\u00bbhttps:\/\/unicuces.edu.co\/principal\/referirpaga\/\u00bb global_colors_info=\u00bb{}\u00bb]<\/p>\n<h6 style=\"text-align: center;\"><strong>PLAN REFERIDO<\/strong><\/h6>\n<p>[\/et_pb_text][\/et_pb_column][et_pb_column type=\u00bb1_4&#8243; _builder_version=\u00bb4.27.4&#8243; _module_preset=\u00bbdefault\u00bb global_colors_info=\u00bb{}\u00bb][et_pb_icon font_icon=\u00bb&#xf044;||fa||400&#8243; icon_color=\u00bb#0B1F66&#8243; url=\u00bbhttps:\/\/unicuces.edu.co\/principal\/actualizacion-egresados\/\u00bb _builder_version=\u00bb4.27.4&#8243; _module_preset=\u00bbdefault\u00bb global_colors_info=\u00bb{}\u00bb icon_color__hover_enabled=\u00bbon|hover\u00bb icon_color__hover=\u00bb#1c4f8e\u00bb][\/et_pb_icon][et_pb_text _builder_version=\u00bb4.27.4&#8243; _module_preset=\u00bbdefault\u00bb text_font=\u00bb|||on|||||\u00bb width=\u00bb96.6%\u00bb custom_margin=\u00bb-30px||||false|false\u00bb link_option_url=\u00bbhttps:\/\/unicuces.edu.co\/principal\/actualizacion-egresados\/\u00bb global_colors_info=\u00bb{}\u00bb]<\/p>\n<h6 style=\"text-align: center;\"><strong>ACTUALIZACI\u00d3N DE EGRESADOS<\/strong><\/h6>\n<p>[\/et_pb_text][\/et_pb_column][et_pb_column type=\u00bb1_4&#8243; _builder_version=\u00bb4.16&#8243; _module_preset=\u00bbdefault\u00bb global_colors_info=\u00bb{}\u00bb][et_pb_icon font_icon=\u00bb&#x50;||divi||400&#8243; icon_color=\u00bb#0B1F66&#8243; url=\u00bbhttps:\/\/unicuces.edu.co\/principal\/wp-content\/uploads\/2026\/02\/INSTRUCTIVO-ADICIONES-Y-CANCELACIONES_2026_1.pdf\u00bb url_new_window=\u00bbon\u00bb _builder_version=\u00bb4.27.4&#8243; _module_preset=\u00bbdefault\u00bb global_colors_info=\u00bb{}\u00bb icon_color__hover_enabled=\u00bbon|hover\u00bb icon_color__hover=\u00bb#1c4f8e\u00bb][\/et_pb_icon][et_pb_text _builder_version=\u00bb4.27.4&#8243; _module_preset=\u00bbdefault\u00bb text_font=\u00bb|||on|||||\u00bb custom_margin=\u00bb-30px||||false|false\u00bb link_option_url=\u00bbhttps:\/\/unicuces.edu.co\/principal\/wp-content\/uploads\/2024\/08\/Adicion-y-Cancelacion-2-2024.pdf\u00bb link_option_url_new_window=\u00bbon\u00bb global_colors_info=\u00bb{}\u00bb]<\/p>\n<h6 style=\"text-align: center;\"><strong>ADICI\u00d3N Y CANCELACI\u00d3N<\/strong><\/h6>\n<p>[\/et_pb_text][\/et_pb_column][et_pb_column type=\u00bb1_4&#8243; _builder_version=\u00bb4.16&#8243; _module_preset=\u00bbdefault\u00bb global_colors_info=\u00bb{}\u00bb][et_pb_icon font_icon=\u00bb&#xf0b1;||fa||900&#8243; icon_color=\u00bb#0B1F66&#8243; url=\u00bbhttps:\/\/unicuces.edu.co\/principal\/ofertas-laborales\/\u00bb _builder_version=\u00bb4.17.3&#8243; _module_preset=\u00bbdefault\u00bb global_colors_info=\u00bb{}\u00bb icon_color__hover_enabled=\u00bbon|hover\u00bb icon_color__hover=\u00bb#1c4f8e\u00bb][\/et_pb_icon][et_pb_text _builder_version=\u00bb4.27.4&#8243; _module_preset=\u00bbdefault\u00bb text_font=\u00bb|||on|||||\u00bb custom_margin=\u00bb-30px||||false|false\u00bb link_option_url=\u00bbhttps:\/\/unicuces.edu.co\/principal\/ofertas-laborales\/\u00bb global_colors_info=\u00bb{}\u00bb]<\/p>\n<h6 style=\"text-align: center;\"><strong>OFERTAS LABORALES Y APRENDICES<\/strong><\/h6>\n<p>[\/et_pb_text][\/et_pb_column][\/et_pb_row][et_pb_row column_structure=\u00bb1_4,1_4,1_4,1_4&#8243; _builder_version=\u00bb4.27.4&#8243; _module_preset=\u00bbdefault\u00bb background_color=\u00bb#f9f8f6&#8243; width=\u00bb100%\u00bb max_width=\u00bb2265px\u00bb global_colors_info=\u00bb{}\u00bb][et_pb_column type=\u00bb1_4&#8243; _builder_version=\u00bb4.16&#8243; _module_preset=\u00bbdefault\u00bb global_colors_info=\u00bb{}\u00bb][et_pb_icon font_icon=\u00bb&#xf073;||fa||400&#8243; icon_color=\u00bb#0B1F66&#8243; url=\u00bbhttps:\/\/unicuces.edu.co\/principal\/wp-content\/uploads\/2025\/04\/CALENDARIO-INSTITUCIONAL-2025.pdf\u00bb _builder_version=\u00bb4.27.4&#8243; _module_preset=\u00bbdefault\u00bb global_colors_info=\u00bb{}\u00bb icon_color__hover_enabled=\u00bbon|hover\u00bb icon_color__hover=\u00bb#1c4f8e\u00bb][\/et_pb_icon][et_pb_text _builder_version=\u00bb4.27.4&#8243; _module_preset=\u00bbdefault\u00bb text_font=\u00bb|||on|||||\u00bb custom_margin=\u00bb-30px||||false|false\u00bb link_option_url=\u00bbhttps:\/\/unicuces.edu.co\/principal\/wp-content\/uploads\/2025\/04\/CALENDARIO-INSTITUCIONAL-2025.pdf\u00bb global_colors_info=\u00bb{}\u00bb]<\/p>\n<h6 style=\"text-align: center;\"><strong>CALENDARIO DE ACTIVIDADES<\/strong><\/h6>\n<p>[\/et_pb_text][\/et_pb_column][et_pb_column type=\u00bb1_4&#8243; _builder_version=\u00bb4.27.4&#8243; _module_preset=\u00bbdefault\u00bb global_colors_info=\u00bb{}\u00bb][et_pb_icon font_icon=\u00bb&#x77;||divi||400&#8243; icon_color=\u00bb#0B1F66&#8243; url=\u00bbhttps:\/\/unicuces.edu.co\/principal\/pqrs\/\u00bb _builder_version=\u00bb4.27.4&#8243; _module_preset=\u00bbdefault\u00bb global_colors_info=\u00bb{}\u00bb icon_color__hover_enabled=\u00bbon|hover\u00bb icon_color__hover=\u00bb#1c4f8e\u00bb][\/et_pb_icon][et_pb_text _builder_version=\u00bb4.27.4&#8243; _module_preset=\u00bbdefault\u00bb text_font=\u00bb|||on|||||\u00bb custom_margin=\u00bb-30px||||false|false\u00bb link_option_url=\u00bbhttps:\/\/unicuces.edu.co\/principal\/pqrs\/\u00bb global_colors_info=\u00bb{}\u00bb]<\/p>\n<h6 style=\"text-align: center;\"><strong>PQRS<\/strong><\/h6>\n<p>[\/et_pb_text][\/et_pb_column][et_pb_column type=\u00bb1_4&#8243; _builder_version=\u00bb4.16&#8243; _module_preset=\u00bbdefault\u00bb global_colors_info=\u00bb{}\u00bb][et_pb_icon font_icon=\u00bb&#xe0f7;||divi||400&#8243; icon_color=\u00bb#0B1F66&#8243; url=\u00bbhttps:\/\/unicuces.edu.co\/principal\/biblioteca\/\u00bb _builder_version=\u00bb4.17.3&#8243; _module_preset=\u00bbdefault\u00bb global_colors_info=\u00bb{}\u00bb icon_color__hover_enabled=\u00bbon|hover\u00bb icon_color__hover=\u00bb#1c4f8e\u00bb][\/et_pb_icon][et_pb_text _builder_version=\u00bb4.27.4&#8243; _module_preset=\u00bbdefault\u00bb text_font=\u00bb|||on|||||\u00bb custom_margin=\u00bb-30px||||false|false\u00bb link_option_url=\u00bbhttps:\/\/unicuces.edu.co\/principal\/biblioteca\/\u00bb global_colors_info=\u00bb{}\u00bb]<\/p>\n<h6 style=\"text-align: center;\"><strong>CONSULTA BIBLIOGR\u00c1FICA<\/strong><\/h6>\n<p>[\/et_pb_text][\/et_pb_column][et_pb_column type=\u00bb1_4&#8243; _builder_version=\u00bb4.27.4&#8243; _module_preset=\u00bbdefault\u00bb global_colors_info=\u00bb{}\u00bb][et_pb_icon font_icon=\u00bb&#x69;||divi||400&#8243; icon_color=\u00bb#0B1F66&#8243; url=\u00bbhttps:\/\/www.unicuces.edu.co\/principal\/imagenes-UNICUCES\/Documentos-UNICUCES\/Reglamento-Estudiantil-UNICUCES.html\u00bb _builder_version=\u00bb4.27.4&#8243; _module_preset=\u00bbdefault\u00bb global_colors_info=\u00bb{}\u00bb icon_color__hover_enabled=\u00bbon|hover\u00bb icon_color__hover=\u00bb#1c4f8e\u00bb][\/et_pb_icon][et_pb_text _builder_version=\u00bb4.27.4&#8243; _module_preset=\u00bbdefault\u00bb text_font=\u00bb|||on|||||\u00bb custom_margin=\u00bb-30px||||false|false\u00bb link_option_url=\u00bbhttps:\/\/www.unicuces.edu.co\/principal\/imagenes-UNICUCES\/Documentos-UNICUCES\/Reglamento-Estudiantil-UNICUCES.html\u00bb global_colors_info=\u00bb{}\u00bb]<\/p>\n<h6 style=\"text-align: center;\"><strong>REGLAMENTO ESTUDIANTIL<\/strong><\/h6>\n<p>[\/et_pb_text][et_pb_text _builder_version=\u00bb4.27.4&#8243; _module_preset=\u00bbdefault\u00bb text_text_color=\u00bb#FFFFFF\u00bb link_option_url=\u00bbhttps:\/\/unicuces.edu.co\/principal\/documentacion-rte\u00bb global_colors_info=\u00bb{}\u00bb]<\/p>\n<p>Documento RTE<\/p>\n<p>[\/et_pb_text][\/et_pb_column][\/et_pb_row][et_pb_row column_structure=\u00bb1_2,1_2&#8243; _builder_version=\u00bb4.27.4&#8243; _module_preset=\u00bbdefault\u00bb background_color=\u00bb#870922&#8243; width=\u00bb100%\u00bb max_width=\u00bb2265px\u00bb global_colors_info=\u00bb{}\u00bb][et_pb_column type=\u00bb1_2&#8243; _builder_version=\u00bb4.16&#8243; _module_preset=\u00bbdefault\u00bb global_colors_info=\u00bb{}\u00bb][\/et_pb_column][et_pb_column type=\u00bb1_2&#8243; _builder_version=\u00bb4.16&#8243; _module_preset=\u00bbdefault\u00bb global_colors_info=\u00bb{}\u00bb][\/et_pb_column][\/et_pb_row][\/et_pb_section]<\/p>\n","protected":false},"excerpt":{"rendered":"<p>CANDIDATOS A GRADOSASPIRANTESCOSTOSCR\u00c9DITO EDUCATIVOPLAN REFERIDOACTUALIZACI\u00d3N DE EGRESADOSADICI\u00d3N Y CANCELACI\u00d3NOFERTAS LABORALES Y APRENDICESCALENDARIO DE ACTIVIDADESPQRSCONSULTA BIBLIOGR\u00c1FICAREGLAMENTO ESTUDIANTILDocumento RTE<\/p>\n","protected":false},"author":14,"featured_media":0,"parent":0,"menu_order":0,"comment_status":"closed","ping_status":"closed","template":"","meta":{"_et_pb_use_builder":"on","_et_pb_old_content":"","_et_gb_content_width":"","footnotes":""},"class_list":["post-236","page","type-page","status-publish","hentry"],"_links":{"self":[{"href":"https:\/\/unicuces.edu.co\/principal\/wp-json\/wp\/v2\/pages\/236","targetHints":{"allow":["GET"]}}],"collection":[{"href":"https:\/\/unicuces.edu.co\/principal\/wp-json\/wp\/v2\/pages"}],"about":[{"href":"https:\/\/unicuces.edu.co\/principal\/wp-json\/wp\/v2\/types\/page"}],"author":[{"embeddable":true,"href":"https:\/\/unicuces.edu.co\/principal\/wp-json\/wp\/v2\/users\/14"}],"replies":[{"embeddable":true,"href":"https:\/\/unicuces.edu.co\/principal\/wp-json\/wp\/v2\/comments?post=236"}],"version-history":[{"count":373,"href":"https:\/\/unicuces.edu.co\/principal\/wp-json\/wp\/v2\/pages\/236\/revisions"}],"predecessor-version":[{"id":20520,"href":"https:\/\/unicuces.edu.co\/principal\/wp-json\/wp\/v2\/pages\/236\/revisions\/20520"}],"wp:attachment":[{"href":"https:\/\/unicuces.edu.co\/principal\/wp-json\/wp\/v2\/media?parent=236"}],"curies":[{"name":"wp","href":"https:\/\/api.w.org\/{rel}","templated":true}]}}