{"id":215,"date":"2018-08-01T16:32:55","date_gmt":"2018-08-01T16:32:55","guid":{"rendered":"https:\/\/demo.unicuces.edu.co\/wp\/?page_id=215"},"modified":"2026-03-02T12:21:28","modified_gmt":"2026-03-02T17:21:28","slug":"vinculemonos","status":"publish","type":"page","link":"https:\/\/unicuces.edu.co\/principal\/vinculemonos\/","title":{"rendered":"Vincul\u00e9monos"},"content":{"rendered":"<p>[et_pb_section fb_built=\u00bb1&#8243; fullwidth=\u00bbon\u00bb _builder_version=\u00bb4.16&#8243; background_image=\u00bbhttps:\/\/unicuces.edu.co\/principal\/wp-content\/uploads\/2018\/11\/Vinculemonos-Universidad-Cali-UNICUCES.jpg\u00bb global_colors_info=\u00bb{}\u00bb][et_pb_fullwidth_header title=\u00bbVINCUL\u00c9MONOS\u00bb text_orientation=\u00bbcenter\u00bb admin_label=\u00bbFullwidth Header\u00bb _builder_version=\u00bb4.16&#8243; title_font=\u00bb||||||||\u00bb background_color=\u00bbrgba(255, 255, 255, 0)\u00bb title_text_shadow_style=\u00bbpreset1&#8243; title_text_shadow_color=\u00bbrgba(11,31,102,0.66)\u00bb text_shadow_style=\u00bbpreset2&#8243; global_colors_info=\u00bb{}\u00bb button_one_text_size__hover_enabled=\u00bboff\u00bb button_two_text_size__hover_enabled=\u00bboff\u00bb button_one_text_color__hover_enabled=\u00bboff\u00bb button_two_text_color__hover_enabled=\u00bboff\u00bb button_one_border_width__hover_enabled=\u00bboff\u00bb button_two_border_width__hover_enabled=\u00bboff\u00bb button_one_border_color__hover_enabled=\u00bboff\u00bb button_two_border_color__hover_enabled=\u00bboff\u00bb button_one_border_radius__hover_enabled=\u00bboff\u00bb button_two_border_radius__hover_enabled=\u00bboff\u00bb button_one_letter_spacing__hover_enabled=\u00bboff\u00bb button_two_letter_spacing__hover_enabled=\u00bboff\u00bb button_one_bg_color__hover_enabled=\u00bboff\u00bb button_two_bg_color__hover_enabled=\u00bboff\u00bb][\/et_pb_fullwidth_header][\/et_pb_section][et_pb_section fb_built=\u00bb1&#8243; _builder_version=\u00bb4.16&#8243; global_colors_info=\u00bb{}\u00bb][et_pb_row _builder_version=\u00bb4.16&#8243; background_size=\u00bbinitial\u00bb background_position=\u00bbtop_left\u00bb background_repeat=\u00bbrepeat\u00bb global_colors_info=\u00bb{}\u00bb][et_pb_column type=\u00bb4_4&#8243; _builder_version=\u00bb4.16&#8243; custom_padding=\u00bb|||\u00bb global_colors_info=\u00bb{}\u00bb custom_padding__hover=\u00bb|||\u00bb][et_pb_text _builder_version=\u00bb4.27.4&#8243; global_colors_info=\u00bb{}\u00bb]<\/p>\n<div class=\"Default\" style=\"text-align: justify;\"><span style=\"color: #ab001d;\"><strong>PR\u00c1CTICA EMPRESARIAL<\/strong><\/span><\/div>\n<div class=\"Default\" style=\"text-align: justify;\">\n<p><span><br \/>La Pr\u00e1ctica Empresarial en la CORPORACI\u00d3N UNIVERSITARIA CENTRO SUPERIOR se concibe como una experiencia acad\u00e9mica y pedag\u00f3gica en la cual el estudiante alterna su etapa lectiva o acad\u00e9mica, con la etapa pr\u00e1ctica o productiva, desarrollando formaci\u00f3n te\u00f3rica pr\u00e1ctica en una empresa en donde fortalezca las competencias propias de su perfil profesional.<\/span><\/p>\n<p>La CORPORACI\u00d3N UNIVERSITARIA CENTRO SUPERIOR para garantizar que la Pr\u00e1ctica Empresarial sea desarrollada abre espacios en empresas del sector p\u00fablico y privado en el \u00e1mbito local y regional.<\/p>\n<p><strong><span>\u00a0<\/span><\/strong><\/div>\n<div class=\"Default\" style=\"text-align: justify;\"><span><br \/>Por lo tanto en VINCUL\u00c9MONOS recolecta las hojas de vida de aquellos estudiantes con matr\u00edcula vigente, interesados en realizar su pr\u00e1ctica empresarial, para posteriormente ser enviadas como respuesta a las solicitudes empresariales, teniendo en cuenta sus perfiles, niveles de estudios, conocimientos y experiencias adquiridas a trav\u00e9s del tiempo.<\/span><\/div>\n<div class=\"Default\" style=\"text-align: justify;\"><span>\u00a0<\/span><\/div>\n<div class=\"Default\" style=\"text-align: justify;\"><span style=\"color: #ab001d;\"><strong>OFERTAS LABORALES<\/strong><\/span><\/div>\n<div class=\"Default\" style=\"text-align: justify;\"><span><br \/>Vincul\u00e9monos a su vez es Servicio de empleo gratuito y exclusivo para los Egresados y Estudiantes con matr\u00edcula vigente de la CORPORACI\u00d3N UNIVERSITARIA CENTRO SUPERIOR, que fomenta y contribuye al desarrollo personal y profesional de su poblaci\u00f3n estudiantil, vinculando a sus Estudiantes y Egresados a importantes empresas de la regi\u00f3n y la naci\u00f3n.<br \/><\/span><\/div>\n<div class=\"Default\" style=\"text-align: justify;\"><span><br \/>En el Servicio de Empleo-VINCULEMONOS, se pueden encontrar las ofertas laborales vigentes de empresas que solicitan personal con la formaci\u00f3n acad\u00e9mica que brinda la Instituci\u00f3n, informaci\u00f3n que es difundida a los interesados a trav\u00e9s de su correo electr\u00f3nico,\u00a0<\/span><a href=\"mailto:vinculemonos@unicuces.edu.co\">\u00a0<\/a><span>\u00a0<\/span><a href=\"mailto:vinculemonos@unicuces.edu.co\">vinculemonos@unicuces.edu.co<\/a><span>.<\/span><strong><span>\u00a0<\/span><\/strong><\/div>\n<div class=\"Default\" style=\"text-align: justify;\"><span><br \/>El Servicio de Empleo-VINCULEMONOS, recolecta las hojas de vida de aquellos estudiantes y egresados interesados en ubicarse laboralmente, teniendo en cuenta sus perfiles, niveles de estudios, conocimientos y experiencias adquiridas a trav\u00e9s del tiempo.<\/span><\/div>\n<div style=\"text-align: justify;\"><span><br \/>Una vez ubicado laboralmente el Estudiante o Egresado, el Servicio de Empleo- VINCULEMONOS contin\u00faa con el acompa\u00f1amiento y seguimiento de su proceso en la empresa donde se encuentre vinculado.<\/span><\/div>\n<div style=\"text-align: justify;\"><strong><span>\u00a0<\/span><\/strong><\/div>\n<div style=\"text-align: justify;\"><span style=\"color: #ab001d;\"><strong>C\u00d3MO INSCRIBIR SU HOJA DE VIDA Y APLICAR A UNA VACANTE:<\/strong><\/span><\/div>\n<div style=\"text-align: justify;\">\n<p><span style=\"color: #ab001d;\"><a href=\"https:\/\/www.unicuces.edu.co\/principal\/wp-content\/uploads\/images\/stories\/Boletin-BU-22012.pdf\" style=\"color: #ab001d;\">\u00a0<\/a><\/span><\/p>\n<ul>\n<li><span>Para enviar por PRIMERA VEZ su hoja de vida al Servicio de Empleo VINCUL\u00c9MONOS, debe solicitar a trav\u00e9s del correo\u00a0<a href=\"mailto:vinculemonos@unicuces.edu.co\">vinculemonos@unicuces.edu.co<\/a>el formato de hoja de vida UNICUCES.\u00a0 Una vez lo reciba, debe organizar sus datos teniendo como base dicho modelo.\u00a0 Una vez lo tenga listo, env\u00ede su documento de hoja de vida al correo electr\u00f3nico de VINCUL\u00c9MONOS\u00a0<a href=\"mailto:vinculemonos@unicuces.edu.co\">vinculemonos@unicuces.edu.co<\/a><br \/><\/span><\/li>\n<\/ul>\n<\/div>\n<div style=\"text-align: justify;\">\n<ul>\n<li><span>Si usted ya tiene registrada su hoja de vida en la base de datos del Servicio de Empleo VINCULEMONOS, simplemente env\u00ede un mensaje \u00a0<a href=\"mailto:vinculemonos@unicuces.edu.co\">vinculemonos@unicuces.edu.co<\/a>\u00a0informando cu\u00e1l es la vacante de su inter\u00e9s (especifique el nombre del cargo y el c\u00f3digo).\u00a0 Recuerde que usted puede aplicar a cualquier vacante que le interese, siempre y cuando su perfil se ajuste al publicado.<\/span><\/li>\n<\/ul>\n<ul>\n<li><span>Las \u00fanicas hojas de vida que ser\u00e1n recibidas y almacenadas en el Servicio de Empleo VINCULEMONOS, deben estar realizadas bajo el modelo de HOJA DE VIDA-UNICUCES.\u00a0<\/span><a href=\"https:\/\/www.unicuces.edu.co\/principal\/wp-content\/uploads\/images\/stories\/Boletin-BU-22012.pdf\">\u00a0<\/a><\/li>\n<\/ul>\n<\/div>\n<div style=\"text-align: justify;\">\n<ul>\n<li><span>Si usted ya se vincul\u00f3 laboralmente en alguna empresa y tiene registrada su hoja de vida en el Servicio de Empleo VINCULEMONOS, es importante que nos informe, ya sea telef\u00f3nicamente o v\u00eda mail, de esta manera solicitamos que su hoja sea actualizada con la informaci\u00f3n de su nuevo trabajo.<strong><br \/><\/strong>\u00a0<\/span><\/li>\n<li><span>En el momento de que usted cambie de semestre, es obligatorio que reenv\u00ede su hoja de vida con los datos actuales, para que as\u00ed sea enviada a las empresas con datos reales.<br \/><\/span><\/li>\n<li><span>Si usted ya realiz\u00f3 su pr\u00e1ctica empresarial o ya fue contratado bajo la modalidad de Aprendiz, NO PUEDE APLICAR a las vacantes donde solicitan aprendices, ya que esto conllevar\u00eda a multas y penalizaciones por parte del SENA.\u00a0<\/span><\/li>\n<\/ul>\n<\/div>\n<div style=\"text-align: justify;\">\n<ul>\n<li><span>Los cargos de APRENDICES, son aplicables \u00fanicamente para Estudiantes.\u00a0 Ning\u00fan Egresado puede aplicar a este tipo de vacantes.<\/span><\/li>\n<\/ul>\n<\/div>\n<div style=\"text-align: justify;\">\n<ul>\n<li><span>Recuerde que las empresas que solicitan APRENDICES, son reconocidas e importantes organizaciones de nuestro pa\u00eds o multinacionales.\u00a0 Si usted se encuentra desempleado, no desaproveche la oportunidad de vincularse como APRENDIZ, ya que en la mayor\u00eda de ocasiones, estos trabajadores son contratados con el fin de ser vinculados posteriormente bajo otro tipo de contrataci\u00f3n.\u00a0 Es otra forma de darse a conocer y conseguir experiencia laboral.<\/span><\/li>\n<\/ul>\n<\/div>\n<div style=\"text-align: justify;\"><strong><span>\u00a0<\/span><\/strong><\/div>\n<div style=\"text-align: justify;\"><strong><span>LAS PERSONAS INTERESADAS EN APLICAR A ALGUNA(S) DE ESTAS VACANTES, FAVOR ENVIAR UN MENSAJE A ESTE CORREO ELECTRONICO MANIFESTANDO SU INTERES POR LA OFERTA, DEJANDO CLARO EL NOMBRE DEL CARGO Y EL C\u00d3DIGO.<\/span><\/strong><\/div>\n<div style=\"text-align: justify;\"><strong><span>\u00a0<\/span><\/strong><\/div>\n<div style=\"text-align: justify;\"><strong><span><\/span><\/strong><\/div>\n<div style=\"text-align: justify;\"><strong><span><\/span><\/strong><\/div>\n<div style=\"text-align: justify;\">\n<div><strong><span><\/span><\/strong><\/div>\n<div><\/div>\n<div>Direcci\u00f3n Proyecci\u00f3n Social<\/div>\n<div>CORPORACI\u00d3N UNIVERSITARIA CENTRO SUPERIOR \u2013UNICUCES\u2013<\/div>\n<div><span style=\"color: #ab001d;\">vinculemonos@unicuces.edu.co<\/span><\/div>\n<div>Calle 14N NO. 8-35 B\/. Granada<\/div>\n<div>Tel\u00e9fonos: 6601011-6601012 Ext. 401<\/div>\n<div>Cali (Valle)<\/div>\n<\/div>\n<div style=\"text-align: justify;\"><strong><span><\/span><\/strong><\/div>\n<div style=\"text-align: center;\"><\/div>\n<p>[\/et_pb_text][\/et_pb_column][\/et_pb_row][\/et_pb_section][et_pb_section fb_built=\u00bb1&#8243; _builder_version=\u00bb4.16&#8243; background_color=\u00bb#AB001D\u00bb custom_padding=\u00bb0px||0px|\u00bb locked=\u00bboff\u00bb global_colors_info=\u00bb{}\u00bb][et_pb_row _builder_version=\u00bb4.16&#8243; global_colors_info=\u00bb{}\u00bb][et_pb_column type=\u00bb4_4&#8243; _builder_version=\u00bb4.16&#8243; custom_padding=\u00bb|||\u00bb global_colors_info=\u00bb{}\u00bb custom_padding__hover=\u00bb|||\u00bb][et_pb_text _builder_version=\u00bb4.17.0&#8243; text_font=\u00bb||||||||\u00bb background_layout=\u00bbdark\u00bb global_colors_info=\u00bb{}\u00bb]<\/p>\n<h2 style=\"text-align: center;\"><strong>\u00bfEst\u00e1s buscando trabajo?<\/strong><\/h2>\n<p>[\/et_pb_text][et_pb_button button_url=\u00bbhttps:\/\/unicuces.edu.co\/principal\/ofertas-laborales\/\u00bb button_text=\u00bbVer ofertas laborales disponibles\u00bb button_alignment=\u00bbcenter\u00bb _builder_version=\u00bb4.17.0&#8243; custom_button=\u00bbon\u00bb button_text_color=\u00bb#ffffff\u00bb button_bg_color=\u00bb#0B1F66&#8243; button_border_color=\u00bb#0B1F66&#8243; button_border_radius=\u00bb10px\u00bb button_font=\u00bb||||||||\u00bb button_text_shadow_style=\u00bbpreset2&#8243; global_colors_info=\u00bb{}\u00bb button_text_size__hover_enabled=\u00bboff\u00bb button_one_text_size__hover_enabled=\u00bboff\u00bb button_two_text_size__hover_enabled=\u00bboff\u00bb button_text_color__hover_enabled=\u00bboff\u00bb button_one_text_color__hover_enabled=\u00bboff\u00bb button_two_text_color__hover_enabled=\u00bboff\u00bb button_border_width__hover_enabled=\u00bboff\u00bb button_one_border_width__hover_enabled=\u00bboff\u00bb button_two_border_width__hover_enabled=\u00bboff\u00bb button_border_color__hover_enabled=\u00bboff\u00bb button_one_border_color__hover_enabled=\u00bboff\u00bb button_two_border_color__hover_enabled=\u00bboff\u00bb button_border_radius__hover_enabled=\u00bboff\u00bb button_one_border_radius__hover_enabled=\u00bboff\u00bb button_two_border_radius__hover_enabled=\u00bboff\u00bb button_letter_spacing__hover_enabled=\u00bboff\u00bb button_one_letter_spacing__hover_enabled=\u00bboff\u00bb button_two_letter_spacing__hover_enabled=\u00bboff\u00bb button_bg_color__hover_enabled=\u00bboff\u00bb button_one_bg_color__hover_enabled=\u00bboff\u00bb button_two_bg_color__hover_enabled=\u00bboff\u00bb][\/et_pb_button][\/et_pb_column][\/et_pb_row][\/et_pb_section]<\/p>\n","protected":false},"excerpt":{"rendered":"<p>PR\u00c1CTICA EMPRESARIAL La Pr\u00e1ctica Empresarial en la CORPORACI\u00d3N UNIVERSITARIA CENTRO SUPERIOR se concibe como una experiencia acad\u00e9mica y pedag\u00f3gica en la cual el estudiante alterna su etapa lectiva o acad\u00e9mica, con la etapa pr\u00e1ctica o productiva, desarrollando formaci\u00f3n te\u00f3rica pr\u00e1ctica en una empresa en donde fortalezca las competencias propias de su perfil profesional. La CORPORACI\u00d3N [&hellip;]<\/p>\n","protected":false},"author":14,"featured_media":0,"parent":0,"menu_order":0,"comment_status":"closed","ping_status":"closed","template":"","meta":{"_et_pb_use_builder":"on","_et_pb_old_content":"","_et_gb_content_width":"","footnotes":""},"class_list":["post-215","page","type-page","status-publish","hentry"],"_links":{"self":[{"href":"https:\/\/unicuces.edu.co\/principal\/wp-json\/wp\/v2\/pages\/215","targetHints":{"allow":["GET"]}}],"collection":[{"href":"https:\/\/unicuces.edu.co\/principal\/wp-json\/wp\/v2\/pages"}],"about":[{"href":"https:\/\/unicuces.edu.co\/principal\/wp-json\/wp\/v2\/types\/page"}],"author":[{"embeddable":true,"href":"https:\/\/unicuces.edu.co\/principal\/wp-json\/wp\/v2\/users\/14"}],"replies":[{"embeddable":true,"href":"https:\/\/unicuces.edu.co\/principal\/wp-json\/wp\/v2\/comments?post=215"}],"version-history":[{"count":8,"href":"https:\/\/unicuces.edu.co\/principal\/wp-json\/wp\/v2\/pages\/215\/revisions"}],"predecessor-version":[{"id":20480,"href":"https:\/\/unicuces.edu.co\/principal\/wp-json\/wp\/v2\/pages\/215\/revisions\/20480"}],"wp:attachment":[{"href":"https:\/\/unicuces.edu.co\/principal\/wp-json\/wp\/v2\/media?parent=215"}],"curies":[{"name":"wp","href":"https:\/\/api.w.org\/{rel}","templated":true}]}}