{"id":2143,"date":"2018-11-24T02:41:23","date_gmt":"2018-11-24T02:41:23","guid":{"rendered":"https:\/\/unicuces.edu.co\/principal\/?page_id=2143"},"modified":"2022-10-04T09:41:28","modified_gmt":"2022-10-04T14:41:28","slug":"mision-vision-y-principios","status":"publish","type":"page","link":"https:\/\/unicuces.edu.co\/principal\/mision-vision-y-principios\/","title":{"rendered":"Misi\u00f3n, Visi\u00f3n y Principios"},"content":{"rendered":"<p>[et_pb_section fb_built=\u00bb1&#8243; fullwidth=\u00bbon\u00bb _builder_version=\u00bb4.16&#8243; background_image=\u00bbhttps:\/\/unicuces.edu.co\/principal\/wp-content\/uploads\/2018\/11\/Mision-Vision-y-Principios-Unicuces-Universidad-Cali-Final-1.jpg\u00bb background_position=\u00bbcenter_left\u00bb da_disable_devices=\u00bboff|off|off\u00bb global_colors_info=\u00bb{}\u00bb da_is_popup=\u00bboff\u00bb da_exit_intent=\u00bboff\u00bb da_has_close=\u00bbon\u00bb da_alt_close=\u00bboff\u00bb da_dark_close=\u00bboff\u00bb da_not_modal=\u00bbon\u00bb da_is_singular=\u00bboff\u00bb da_with_loader=\u00bboff\u00bb da_has_shadow=\u00bbon\u00bb][et_pb_fullwidth_header title=\u00bbMISI\u00d3N, VISI\u00d3N Y PRINCIPIOS INSTITUCIONALES\u00bb text_orientation=\u00bbcenter\u00bb admin_label=\u00bbFullwidth Header\u00bb _builder_version=\u00bb4.16&#8243; title_font=\u00bb||||||||\u00bb background_color=\u00bbrgba(255, 255, 255, 0)\u00bb title_text_shadow_style=\u00bbpreset1&#8243; title_text_shadow_color=\u00bbrgba(11,31,102,0.56)\u00bb global_colors_info=\u00bb{}\u00bb button_one_text_size__hover_enabled=\u00bboff\u00bb button_two_text_size__hover_enabled=\u00bboff\u00bb button_one_text_color__hover_enabled=\u00bboff\u00bb button_two_text_color__hover_enabled=\u00bboff\u00bb button_one_border_width__hover_enabled=\u00bboff\u00bb button_two_border_width__hover_enabled=\u00bboff\u00bb button_one_border_color__hover_enabled=\u00bboff\u00bb button_two_border_color__hover_enabled=\u00bboff\u00bb button_one_border_radius__hover_enabled=\u00bboff\u00bb button_two_border_radius__hover_enabled=\u00bboff\u00bb button_one_letter_spacing__hover_enabled=\u00bboff\u00bb button_two_letter_spacing__hover_enabled=\u00bboff\u00bb button_one_bg_color__hover_enabled=\u00bboff\u00bb button_two_bg_color__hover_enabled=\u00bboff\u00bb][\/et_pb_fullwidth_header][\/et_pb_section][et_pb_section fb_built=\u00bb1&#8243; _builder_version=\u00bb4.16&#8243; background_size=\u00bbinitial\u00bb background_blend=\u00bbcolor-dodge\u00bb custom_margin=\u00bb||30px|\u00bb custom_padding=\u00bb||30px|\u00bb da_disable_devices=\u00bboff|off|off\u00bb global_colors_info=\u00bb{}\u00bb da_is_popup=\u00bboff\u00bb da_exit_intent=\u00bboff\u00bb da_has_close=\u00bbon\u00bb da_alt_close=\u00bboff\u00bb da_dark_close=\u00bboff\u00bb da_not_modal=\u00bbon\u00bb da_is_singular=\u00bboff\u00bb da_with_loader=\u00bboff\u00bb da_has_shadow=\u00bbon\u00bb][et_pb_row _builder_version=\u00bb4.16&#8243; background_size=\u00bbinitial\u00bb background_position=\u00bbtop_left\u00bb background_repeat=\u00bbrepeat\u00bb custom_margin=\u00bb||0px|\u00bb custom_padding=\u00bb||0px|\u00bb global_colors_info=\u00bb{}\u00bb][et_pb_column type=\u00bb4_4&#8243; _builder_version=\u00bb4.16&#8243; custom_padding=\u00bb||0px|\u00bb global_colors_info=\u00bb{}\u00bb custom_padding__hover=\u00bb|||\u00bb][et_pb_text _builder_version=\u00bb4.18.0&#8243; hover_enabled=\u00bb0&#8243; global_colors_info=\u00bb{}\u00bb sticky_enabled=\u00bb0&#8243;]<\/p>\n<h4 style=\"text-align: justify;\"><span style=\"color: #ab001d;\"><strong>MISI\u00d3N<\/strong><\/span><\/h4>\n<p style=\"text-align: justify;\">La CORPORACI\u00d3N concibe la Misi\u00f3n como la raz\u00f3n de ser de la Instituci\u00f3n en la cual se expresa el compromiso con la sociedad y la mayor aspiraci\u00f3n hacia donde se orientan todos los esfuerzos. Partiendo de esta concepci\u00f3n se formula la siguiente Misi\u00f3n Institucional: MISI\u00d3N \u00abLA CORPORACI\u00d3N UNIVERSITARIA CENTRO SUPERIOR, UNICUCES, es una Instituci\u00f3n de Educaci\u00f3n Superior que forma Profesionales integrales socialmente responsables, mediante curr\u00edculos integrados o estructurados por ciclos proped\u00e9uticos, en los diferentes niveles y modalidades de la educaci\u00f3n superior, fundamentados en procesos de alta calidad, satisfaciendo las necesidades de la sociedad en entornos seguros y amigables con el medio ambiente.\u00bb<\/p>\n<p>[\/et_pb_text][\/et_pb_column][\/et_pb_row][et_pb_row _builder_version=\u00bb4.16&#8243; background_size=\u00bbinitial\u00bb background_position=\u00bbtop_left\u00bb background_repeat=\u00bbrepeat\u00bb custom_margin=\u00bb30px||0px|\u00bb custom_padding=\u00bb||0px|\u00bb global_colors_info=\u00bb{}\u00bb][et_pb_column type=\u00bb4_4&#8243; _builder_version=\u00bb4.16&#8243; custom_padding=\u00bb||0px|\u00bb global_colors_info=\u00bb{}\u00bb custom_padding__hover=\u00bb|||\u00bb][et_pb_text _builder_version=\u00bb4.18.0&#8243; hover_enabled=\u00bb0&#8243; global_colors_info=\u00bb{}\u00bb sticky_enabled=\u00bb0&#8243;]<\/p>\n<h4><span style=\"color: #ab001d;\"><strong>VISI\u00d3N<\/strong><\/span><\/h4>\n<p style=\"text-align: justify;\"><span style=\"background-color: #ffffff; font-size: 14px; text-align: justify;\">La CORPORACI\u00d3N concibe la Visi\u00f3n como la imagen futura deseada y posible de la instituci\u00f3n que poco a poco se har\u00e1 realidad mediante la aplicaci\u00f3n de estrategias que garanticen el cumplimiento de la Misi\u00f3n. Partiendo de esta concepci\u00f3n se formula la siguiente Visi\u00f3n Institucional:<br \/><span style=\"font-size: 14px; font-weight: bold;\"><br \/>\u00ab<\/span>Al 2027 la CORPORACI\u00d3N UNIVERSITARIA CENTRO SUPERIOR, UNICUCES, ser\u00e1 una Instituci\u00f3n innovadora y de alta calidad, con una significativa oferta de programas y servicios acad\u00e9micos pertinentes, reconocida por su contribuci\u00f3n al desarrollo sostenible de la comunidad.<span style=\"font-size: 14px; font-weight: bold;\">\u00ab<\/span><\/span><span style=\"background-color: #ffffff; font-size: 14px; text-align: justify;\">\u00a0<\/span><span style=\"background-color: #ffffff; font-size: 14px; text-align: justify; font-weight: bold;\"><span style=\"font-size: 14px;\">\u00a0<\/span><\/span><\/p>\n<p>[\/et_pb_text][\/et_pb_column][\/et_pb_row][et_pb_row _builder_version=\u00bb4.16&#8243; background_size=\u00bbinitial\u00bb background_position=\u00bbtop_left\u00bb background_repeat=\u00bbrepeat\u00bb custom_margin=\u00bb30px||0px|\u00bb custom_padding=\u00bb||0px|\u00bb global_colors_info=\u00bb{}\u00bb][et_pb_column type=\u00bb4_4&#8243; _builder_version=\u00bb4.16&#8243; custom_padding=\u00bb||0px|\u00bb global_colors_info=\u00bb{}\u00bb custom_padding__hover=\u00bb|||\u00bb][et_pb_text _builder_version=\u00bb4.18.0&#8243; hover_enabled=\u00bb0&#8243; global_colors_info=\u00bb{}\u00bb sticky_enabled=\u00bb0&#8243;]<\/p>\n<h4><strong><span style=\"color: #ab001d;\">PRINCIPIOS INSTITUCIONALES<\/span><\/strong><\/h4>\n<p style=\"background-color: #ffffff; font-size: 14px; text-align: justify;\"><span style=\"font-size: 14px;\"><span style=\"font-size: 14px;\">Los principios institucionales aqu\u00ed enunciados retoman la filosof\u00eda de los Estatutos de la\u00a0UNICUCES, seg\u00fan Resoluci\u00f3n del Ministerio de Educaci\u00f3n Nacional No. 6775 de 31 de mayo de 2013, art\u00edculo 5\u00ba, CAPITULO SEGUNDO PRINCIPIOS Y OBJETIVOS<\/span>, a saber:\u00a0<\/span><\/p>\n<ul style=\"padding-bottom: 23px; background-color: #ffffff; font-size: 14px; text-align: justify;\">\n<ul style=\"padding-bottom: 23px; font-size: 14px;\">\n<li style=\"font-size: 14px;\"><span style=\"font-size: 14px;\"><span style=\"font-size: 14px; color: #c1102c;\"><span style=\"font-size: 14px; font-weight: bold;\">AUTONOM\u00cdA:<\/span><\/span>\u00a0Cumplir su misi\u00f3n, procediendo con independencia responsable, propendiendo por la calidad del servicio educativo y de acuerdo con la ley, expidiendo sus normas y reglamentos internos para tomar decisiones y desarrollar sus actividades.<br \/><\/span><\/li>\n<li style=\"font-size: 14px;\"><span style=\"font-size: 14px;\"><span style=\"font-size: 14px; color: #c1102c;\"><span style=\"font-size: 14px; font-weight: bold;\">ETICIDAD:<\/span>\u00a0<\/span>Orientar la formaci\u00f3n en valores humanos comprometidos con la comunidad en lo social y en lo moral.<br \/><\/span><\/li>\n<li style=\"font-size: 14px;\"><span style=\"font-size: 14px;\"><span style=\"font-size: 14px; color: #c1102c;\"><span style=\"font-size: 14px; font-weight: bold;\">LEGALIDAD:<\/span>\u00a0<\/span>Velar por el orden, el cumplimiento y el respeto de las normas que caracterizan la organizaci\u00f3n sist\u00e9mica de la UNICUCES.<br \/><\/span><\/li>\n<li style=\"font-size: 14px;\"><span style=\"font-size: 14px;\"><span style=\"font-size: 14px; color: #c1102c;\"><span style=\"font-size: 14px; font-weight: bold;\">EQUIDAD<\/span>:\u00a0<\/span>Garantizar a la comunidad iguales oportunidades de ingreso y formaci\u00f3n en los diferentes programas acad\u00e9micos que oferta.<br \/><\/span><\/li>\n<li style=\"font-size: 14px;\"><span style=\"font-size: 14px;\"><span style=\"font-size: 14px; color: #c1102c;\"><span style=\"font-size: 14px; font-weight: bold;\">CALIDAD:<\/span>\u00a0<\/span>Evaluar y mejorar continuamente los procesos institucionales con el fin de satisfacer las necesidades de la comunidad.<br \/><\/span><\/li>\n<li style=\"font-size: 14px;\"><span style=\"font-size: 14px;\"><span style=\"font-size: 14px; color: #c1102c;\"><span style=\"font-size: 14px; font-weight: bold;\">INTEGRACI\u00d3N:<\/span><\/span>\u00a0Consolidar nuestra Comunidad Educativa, integr\u00e1ndola a las funciones sustantivas de la Educaci\u00f3n Superior, reafirmando los valores de la nacionalidad, el conocimiento, desarrollo y goce de los valores culturales y por la defensa y aprovechamiento de los recursos naturales as\u00ed como la protecci\u00f3n y preservaci\u00f3n del medio ambiente.<\/span><\/li>\n<li style=\"font-size: 14px;\"><span style=\"font-size: 14px;\"><span style=\"font-size: 14px; color: #c1102c;\"><span style=\"font-size: 14px; font-weight: bold;\">FORMACI\u00d3N INTEGRAL:\u00a0<\/span>\u00a0<\/span>Centrar los procesos de ense\u00f1anza-aprendizaje en el desarrollo de las potencialidades del estudiante como nuestra raz\u00f3n de ser y la formaci\u00f3n integral como un prop\u00f3sito permanente.\u00a0<\/span><\/li>\n<li style=\"font-size: 14px;\"><span style=\"font-size: 14px;\"><span style=\"font-size: 14px; color: #c1102c;\"><span style=\"font-size: 14px; font-weight: bold;\">COOPERACI\u00d3N:<\/span><\/span>\u00a0Propender por el trabajo interactivo con el entorno y hacer presencia constante para incorporar el conocimiento a los distintos procesos socioecon\u00f3micos y culturales y sus desarrollos acad\u00e9micos a la soluci\u00f3n de las problem\u00e1ticas del pa\u00eds.<\/span><\/li>\n<li style=\"font-size: 14px;\"><span style=\"font-size: 14px;\"><span style=\"font-size: 14px; color: #c1102c;\"><span style=\"font-size: 14px; font-weight: bold;\">RESPONSABILIDAD SOCIAL:<\/span>\u00a0<\/span>Trabajar de manera activa y voluntaria por el mejoramiento social, econ\u00f3mico y ambiental de la comunidad.\u00a0<span>Adem\u00e1s, acoge los principios establecidos en la Ley 30 de 1992, T\u00edtulo Primero, Cap\u00edtulo I, art\u00edculos del 1\u00ba al 5\u00ba, y la Constituci\u00f3n Nacional.<\/span><br \/><\/span><\/li>\n<\/ul>\n<\/ul>\n<p>[\/et_pb_text][\/et_pb_column][\/et_pb_row][\/et_pb_section][et_pb_section fb_built=\u00bb1&#8243; _builder_version=\u00bb4.16&#8243; background_color=\u00bb#AB001D\u00bb custom_padding=\u00bb0px||0px|\u00bb da_disable_devices=\u00bboff|off|off\u00bb global_colors_info=\u00bb{}\u00bb da_is_popup=\u00bboff\u00bb da_exit_intent=\u00bboff\u00bb da_has_close=\u00bbon\u00bb da_alt_close=\u00bboff\u00bb da_dark_close=\u00bboff\u00bb da_not_modal=\u00bbon\u00bb da_is_singular=\u00bboff\u00bb da_with_loader=\u00bboff\u00bb da_has_shadow=\u00bbon\u00bb][et_pb_row _builder_version=\u00bb4.16&#8243; global_colors_info=\u00bb{}\u00bb][et_pb_column type=\u00bb4_4&#8243; _builder_version=\u00bb4.16&#8243; custom_padding=\u00bb|||\u00bb global_colors_info=\u00bb{}\u00bb custom_padding__hover=\u00bb|||\u00bb][et_pb_text _builder_version=\u00bb4.17.0&#8243; text_font=\u00bb||||||||\u00bb background_layout=\u00bbdark\u00bb global_colors_info=\u00bb{}\u00bb]<\/p>\n<h2 style=\"text-align: center;\"><strong>\u00bfEst\u00e1s interesado en nuestra oferta formativa?<\/strong><\/h2>\n<p>[\/et_pb_text][et_pb_button button_url=\u00bbhttps:\/\/unicuces.edu.co\/principal\/contactenos\/\u00bb button_text=\u00bb\u00a1Cont\u00e1ctanos!\u00bb button_alignment=\u00bbcenter\u00bb _builder_version=\u00bb4.16&#8243; custom_button=\u00bbon\u00bb button_text_color=\u00bb#ffffff\u00bb button_bg_color=\u00bb#0B1F66&#8243; button_border_color=\u00bb#0B1F66&#8243; button_border_radius=\u00bb10px\u00bb button_font=\u00bb||||||||\u00bb button_text_shadow_style=\u00bbpreset2&#8243; global_colors_info=\u00bb{}\u00bb button_text_size__hover_enabled=\u00bboff\u00bb button_one_text_size__hover_enabled=\u00bboff\u00bb button_two_text_size__hover_enabled=\u00bboff\u00bb button_text_color__hover_enabled=\u00bboff\u00bb button_one_text_color__hover_enabled=\u00bboff\u00bb button_two_text_color__hover_enabled=\u00bboff\u00bb button_border_width__hover_enabled=\u00bboff\u00bb button_one_border_width__hover_enabled=\u00bboff\u00bb button_two_border_width__hover_enabled=\u00bboff\u00bb button_border_color__hover_enabled=\u00bboff\u00bb button_one_border_color__hover_enabled=\u00bboff\u00bb button_two_border_color__hover_enabled=\u00bboff\u00bb button_border_radius__hover_enabled=\u00bboff\u00bb button_one_border_radius__hover_enabled=\u00bboff\u00bb button_two_border_radius__hover_enabled=\u00bboff\u00bb button_letter_spacing__hover_enabled=\u00bboff\u00bb button_one_letter_spacing__hover_enabled=\u00bboff\u00bb button_two_letter_spacing__hover_enabled=\u00bboff\u00bb button_bg_color__hover_enabled=\u00bboff\u00bb button_one_bg_color__hover_enabled=\u00bboff\u00bb button_two_bg_color__hover_enabled=\u00bboff\u00bb][\/et_pb_button][\/et_pb_column][\/et_pb_row][\/et_pb_section]<\/p>\n","protected":false},"excerpt":{"rendered":"<p>MISI\u00d3N La CORPORACI\u00d3N concibe la Misi\u00f3n como la raz\u00f3n de ser de la Instituci\u00f3n en la cual se expresa el compromiso con la sociedad y la mayor aspiraci\u00f3n hacia donde se orientan todos los esfuerzos. Partiendo de esta concepci\u00f3n se formula la siguiente Misi\u00f3n Institucional: MISI\u00d3N \u00abLA CORPORACI\u00d3N UNIVERSITARIA CENTRO SUPERIOR, UNICUCES, es una Instituci\u00f3n [&hellip;]<\/p>\n","protected":false},"author":14,"featured_media":0,"parent":0,"menu_order":0,"comment_status":"closed","ping_status":"closed","template":"","meta":{"_et_pb_use_builder":"on","_et_pb_old_content":"","_et_gb_content_width":"","footnotes":""},"class_list":["post-2143","page","type-page","status-publish","hentry"],"_links":{"self":[{"href":"https:\/\/unicuces.edu.co\/principal\/wp-json\/wp\/v2\/pages\/2143","targetHints":{"allow":["GET"]}}],"collection":[{"href":"https:\/\/unicuces.edu.co\/principal\/wp-json\/wp\/v2\/pages"}],"about":[{"href":"https:\/\/unicuces.edu.co\/principal\/wp-json\/wp\/v2\/types\/page"}],"author":[{"embeddable":true,"href":"https:\/\/unicuces.edu.co\/principal\/wp-json\/wp\/v2\/users\/14"}],"replies":[{"embeddable":true,"href":"https:\/\/unicuces.edu.co\/principal\/wp-json\/wp\/v2\/comments?post=2143"}],"version-history":[{"count":10,"href":"https:\/\/unicuces.edu.co\/principal\/wp-json\/wp\/v2\/pages\/2143\/revisions"}],"predecessor-version":[{"id":14233,"href":"https:\/\/unicuces.edu.co\/principal\/wp-json\/wp\/v2\/pages\/2143\/revisions\/14233"}],"wp:attachment":[{"href":"https:\/\/unicuces.edu.co\/principal\/wp-json\/wp\/v2\/media?parent=2143"}],"curies":[{"name":"wp","href":"https:\/\/api.w.org\/{rel}","templated":true}]}}