{"id":208,"date":"2018-08-01T16:29:30","date_gmt":"2018-08-01T16:29:30","guid":{"rendered":"https:\/\/demo.unicuces.edu.co\/wp\/?page_id=208"},"modified":"2026-02-27T11:11:13","modified_gmt":"2026-02-27T16:11:13","slug":"superarse","status":"publish","type":"page","link":"https:\/\/unicuces.edu.co\/principal\/superarse\/","title":{"rendered":"SuperarRSE"},"content":{"rendered":"<p>[et_pb_section fb_built=\u00bb1&#8243; fullwidth=\u00bbon\u00bb _builder_version=\u00bb4.24.0&#8243; _module_preset=\u00bbdefault\u00bb global_colors_info=\u00bb{}\u00bb][et_pb_fullwidth_image src=\u00bbhttps:\/\/unicuces.edu.co\/principal\/wp-content\/uploads\/2024\/02\/Nivelacion-Academica_Mesa-de-trabajo-1.jpg\u00bb title_text=\u00bbNivelacion Academica_Mesa de trabajo 1&#8243; disabled_on=\u00bbon|off|off\u00bb _builder_version=\u00bb4.24.0&#8243; _module_preset=\u00bbdefault\u00bb global_colors_info=\u00bb{}\u00bb][\/et_pb_fullwidth_image][\/et_pb_section][et_pb_section fb_built=\u00bb1&#8243; _builder_version=\u00bb4.16&#8243; global_colors_info=\u00bb{}\u00bb][et_pb_row _builder_version=\u00bb4.24.0&#8243; width=\u00bb100%\u00bb max_width=\u00bb2560px\u00bb global_colors_info=\u00bb{}\u00bb][et_pb_column type=\u00bb4_4&#8243; _builder_version=\u00bb4.16&#8243; custom_padding=\u00bb|||\u00bb global_colors_info=\u00bb{}\u00bb custom_padding__hover=\u00bb|||\u00bb][et_pb_tabs active_tab_background_color=\u00bb#AB001D\u00bb inactive_tab_background_color=\u00bb#0B1F66&#8243; _builder_version=\u00bb4.24.0&#8243; tab_text_color=\u00bb#ffffff\u00bb tab_font=\u00bb||||||||\u00bb width=\u00bb90%\u00bb max_width=\u00bb100%\u00bb module_alignment=\u00bbcenter\u00bb custom_margin=\u00bb|35px||||\u00bb custom_padding=\u00bb|16px||||\u00bb custom_css_tab=\u00bbwidth: 19.5%;||text-align:center;\u00bb tab_text_shadow_style=\u00bbpreset2&#8243; border_radii=\u00bbon|10px|10px|10px|10px\u00bb global_colors_info=\u00bb{}\u00bb custom_css_tab_last_edited=\u00bbon|phone\u00bb custom_css_tab_phone=\u00bbwidth: 100%;\u00bb custom_css_tab_tablet=\u00bbwidth: 19.5%;||text-align:center;\u00bb][et_pb_tab title=\u00bb\u00bfQU\u00c9 ES SuperaRSE?\u00bb _builder_version=\u00bb4.16&#8243; global_colors_info=\u00bb{}\u00bb]<\/p>\n<h4 style=\"text-align: justify;\"><span><strong>SISTEMA UNIVERSITARIO PARA EL MEJORAMIENTO ACAD\u00c9MICO Y LA PERMANENCIA ESTUDIANTIL<\/strong><\/span><\/h4>\n<p style=\"text-align: justify;\"><span style=\"font-size: 14px; text-align: justify;\">La Coordinaci\u00f3n de\u00a0<\/span><strong style=\"font-size: 14px; text-align: justify;\">SUPERA<\/strong><strong style=\"font-size: 14px; text-align: justify;\">RSE<\/strong><span style=\"font-size: 14px; text-align: justify;\">\u00a0(Sistema Universitario para el Mejoramiento Acad\u00e9mico y la Permanencia Estudiantil en la Educaci\u00f3n Superior de la UNICUCES), convoc\u00f3 mediante LA CARTA DEL RECTOR, N\u00ba 52, \u00a0a los estudiantes que tuvieron deficiencias y no lograron obtener un resultado satisfactorio en sus primeros ex\u00e1menes parciales, a participar en un refuerzo acad\u00e9mico de lunes a viernes de 5 pm a 9pm y s\u00e1bados de 2pm a 6pm. Para cumplir con el objetivo de prestar apoyo acad\u00e9mico a los estudiantes, de acuerdo a la pol\u00edtica del Ministerio de Educaci\u00f3n Nacional y los lineamientos de la UNICUCES.<\/span><\/p>\n<p><span style=\"font-size: 14px; text-align: justify;\">\u00a0<\/span><\/p>\n<p><span style=\"font-size: 14px; text-align: justify;\"><\/span><\/p>\n<p>[\/et_pb_tab][et_pb_tab title=\u00bbOBJETIVO GENERAL\u00bb _builder_version=\u00bb4.16&#8243; global_colors_info=\u00bb{}\u00bb]<\/p>\n<p style=\"text-align: justify;\"><span>Proporcionar a los estudiantes aspectos cognoscitivos, habilidades y destrezas que estimulen la formaci\u00f3n acad\u00e9mica integral de los alumnos de la Corporaci\u00f3n Universitaria Centro Superior UNICUCES y la identidad profesional en el \u00e1mbito laboral.<\/span><\/p>\n<p>[\/et_pb_tab][et_pb_tab title=\u00bbFASES\u00bb _builder_version=\u00bb4.16&#8243; global_colors_info=\u00bb{}\u00bb]<\/p>\n<p><b class=\"titulos-int\">FASES DE SuperaRSE<\/b><\/p>\n<p><img decoding=\"async\" src=\"https:\/\/www.unicuces.edu.co\/principal\/wp-content\/uploads\/images\/imagenes-home\/superarse3.jpg\" style=\"display: block; margin-left: auto; margin-right: auto;\" \/><\/p>\n<p style=\"text-align: justify;\">\u00a0<\/p>\n<p style=\"text-align: justify;\"><b class=\"titulos-int\">FASE A<\/b><\/p>\n<p style=\"text-align: justify;\"><span>* Charla de bienvenida y motivaci\u00f3n a los estudiantes UNICUCES, \u201cC\u00f3mo estudiar en la universidad\u201d implementaci\u00f3n en estrategias metodol\u00f3gicas para fortalecer el aprendizaje y la permanencia universitaria.\u00a0<\/p>\n<p>* Socializaci\u00f3n de la programaci\u00f3n de refuerzos en c\u00e1lculo I, c\u00e1lculo II y f\u00edsica I<\/span><\/p>\n<div><img decoding=\"async\" src=\"https:\/\/www.unicuces.edu.co\/principal\/wp-content\/uploads\/images\/imagenes-home\/superarse-5.jpg\" style=\"display: block; margin-left: auto; margin-right: auto;\" \/><\/div>\n<p><img decoding=\"async\" src=\"https:\/\/www.unicuces.edu.co\/principal\/wp-content\/uploads\/images\/imagenes-home\/superarse-6.jpg\" style=\"display: block; margin-left: auto; margin-right: auto;\" \/><\/p>\n<p style=\"text-align: justify;\">\n<p style=\"text-align: justify;\"><b class=\"titulos-int\">FASE B<\/b><\/p>\n<p><span>* Clases de introducci\u00f3n al C\u00e1lculo.\u00a0<br \/>* Refuerzos de C\u00e1lculo I, C\u00e1lculo II.\u00a0<br \/>* Refuerzos de F\u00edsica I\u00a0<br \/><img decoding=\"async\" src=\"https:\/\/www.unicuces.edu.co\/principal\/wp-content\/uploads\/images\/imagenes-home\/superarse-7.jpg\" style=\"display: block; margin-left: auto; margin-right: auto;\" \/><\/span><\/p>\n<p style=\"text-align: justify;\"><span><\/span><\/p>\n<p style=\"text-align: justify;\"><span><b class=\"titulos-int\">FASE C<\/b><br \/><\/span><\/p>\n<p><span>1. Tutor\u00edas de \u00e1reas b\u00e1sicas.\u00a0<br \/>2. Monitoria constante en otras \u00e1reas por medio de los estudiantes con la supervisi\u00f3n de la coordinaci\u00f3n de SuperaRSE.\u00a0<br \/>3. Asesor\u00eda y apoyo constante.<br \/>4. Utilizaci\u00f3n de las TIC como monitoria virtual.\u00a0<br \/><img decoding=\"async\" src=\"https:\/\/www.unicuces.edu.co\/principal\/wp-content\/uploads\/images\/imagenes-home\/superarse-8.jpg\" style=\"display: block; margin-left: auto; margin-right: auto;\" \/><\/span><\/p>\n<p style=\"text-align: justify;\"><span><\/span><\/p>\n<p style=\"text-align: justify;\"><span><b class=\"titulos-int\">FASE D<\/b><br \/><\/span><\/p>\n<p style=\"text-align: justify;\"><span>Evaluar los resultados con el fin de detectar fallas, aceptar sugerencias y hacer las respectivas mejoras para fortalecer el programa.\u00a0<br \/><\/span><\/p>\n<div><img decoding=\"async\" src=\"https:\/\/www.unicuces.edu.co\/principal\/wp-content\/uploads\/images\/imagenes-home\/superarse-9.jpg\" style=\"display: block; margin-left: auto; margin-right: auto;\" \/><\/div>\n<p>[\/et_pb_tab][et_pb_tab title=\u00bbACTIVIDADES COMPLEMENTARIAS\u00bb _builder_version=\u00bb4.16&#8243; global_colors_info=\u00bb{}\u00bb]<\/p>\n<p style=\"text-align: justify;\"><b class=\"titulos-int\">ACTIVIDADES COMPLEMENTARIAS<\/b><\/p>\n<p style=\"text-align: justify;\"><span>apoyando el proceso de formaci\u00f3n de desarrollo individual y colectivo se presenta a una propuesta educativa enfocada en el aprendizaje significativo, adaptado a las nuevas pedagog\u00edas y metodolog\u00edas aplicadas donde se ha integrado una actividad de Bienestar Institucional para buscar espacios combinados de deporte y estudio enfoque que se quiso aplicar con el TENIS DE MESA, la idea es proveer ambientes de confianza para potenciar el esfuerzo individual, la concentraci\u00f3n, la capacidad de respuesta, la l\u00f3gica y el trabajo en equipo buscando el mejoramiento continuo de su aprendizaje en el aula de clase.\u00a0<br \/><img decoding=\"async\" src=\"https:\/\/www.unicuces.edu.co\/principal\/wp-content\/uploads\/images\/imagenes-home\/superarse4.jpg\" \/><br \/>Enfocados en el mejoramiento acad\u00e9mico y la permanencia universitaria. \u2026Por que tu futuro hace parte de nuestro presente\u2026<\/span><\/p>\n<p>[\/et_pb_tab][et_pb_tab title=\u00bbREVISTAS\u00bb _builder_version=\u00bb4.16&#8243; global_colors_info=\u00bb{}\u00bb]<\/p>\n<p><b class=\"titulos-int\">REVISTAS<\/b><\/p>\n<ul>\n<li>\n<div class=\"revi-homotechnia-btn\"><a href=\"https:\/\/unicuces.edu.co\/principal\/revista-homotechnia\/\"><img decoding=\"async\" src=\"https:\/\/www.unicuces.edu.co\/principal\/wp-content\/uploads\/images\/imagenes-home\/Publicaciones-Revistas\/homotechnia.png\" \/><\/a><\/div>\n<div class=\"revi-homotechnia-btn\"><span style=\"font-size: 14px;\"><a href=\"https:\/\/unicuces.edu.co\/principal\/revista-homotechnia\/\"><img decoding=\"async\" src=\"https:\/\/www.unicuces.edu.co\/principal\/wp-content\/uploads\/images\/imagenes-home\/Publicaciones-Revistas\/homo-unicuces.jpg\" \/><\/a><\/span><\/div>\n<p><strong>ISSN: 1900-3870<\/strong><\/p>\n<hr \/>\n<\/li>\n<li>\n<div class=\"revi-saberse-btn\"><a href=\"https:\/\/unicuces.edu.co\/principal\/revista-saberse\/\"><img decoding=\"async\" src=\"https:\/\/www.unicuces.edu.co\/principal\/wp-content\/uploads\/images\/imagenes-home\/Publicaciones-Revistas\/saberse.png\" \/> <\/a><\/p>\n<div><a href=\"https:\/\/unicuces.edu.co\/principal\/revista-saberse\/\"><img decoding=\"async\" src=\"https:\/\/www.unicuces.edu.co\/principal\/wp-content\/uploads\/images\/imagenes-home\/Publicaciones-Revistas\/saber-unicuces.jpg\" \/><\/a><\/div>\n<\/div>\n<p><strong>ISSN: 2500-6789<\/strong><\/p>\n<hr \/>\n<\/li>\n<li>\n<div class=\"revi-alec-btn\"><a href=\"https:\/\/unicuces.edu.co\/principal\/revista-alec\/\"><img decoding=\"async\" src=\"https:\/\/www.unicuces.edu.co\/principal\/wp-content\/uploads\/images\/imagenes-home\/Publicaciones-Revistas\/alec.png\" \/> <\/a><\/p>\n<div><a href=\"https:\/\/unicuces.edu.co\/principal\/revista-alec\/\"><img decoding=\"async\" src=\"https:\/\/www.unicuces.edu.co\/principal\/wp-content\/uploads\/images\/imagenes-home\/Publicaciones-Revistas\/alec-unicuces.jpg\" \/><\/a><\/div>\n<div><strong>ISSN: 2539-2476<\/strong><\/div>\n<\/div>\n<\/li>\n<\/ul>\n<p>[\/et_pb_tab][\/et_pb_tabs][\/et_pb_column][\/et_pb_row][\/et_pb_section][et_pb_section fb_built=\u00bb1&#8243; fullwidth=\u00bbon\u00bb _builder_version=\u00bb4.24.0&#8243; _module_preset=\u00bbdefault\u00bb global_colors_info=\u00bb{}\u00bb][et_pb_fullwidth_image src=\u00bbhttps:\/\/unicuces.edu.co\/principal\/wp-content\/uploads\/2024\/02\/Nivelacion-Academica_Mesa-de-trabajo-1-copia.jpg\u00bb title_text=\u00bbNivelacion Academica_Mesa de trabajo 1 copia\u00bb disabled_on=\u00bbon|off|off\u00bb _builder_version=\u00bb4.24.0&#8243; _module_preset=\u00bbdefault\u00bb global_colors_info=\u00bb{}\u00bb][\/et_pb_fullwidth_image][\/et_pb_section][et_pb_section fb_built=\u00bb1&#8243; _builder_version=\u00bb4.16&#8243; global_colors_info=\u00bb{}\u00bb][et_pb_row _builder_version=\u00bb4.27.4&#8243; _module_preset=\u00bbdefault\u00bb width=\u00bb100%\u00bb max_width=\u00bb2560px\u00bb hover_enabled=\u00bb0&#8243; global_colors_info=\u00bb{}\u00bb sticky_enabled=\u00bb0&#8243;][et_pb_column type=\u00bb4_4&#8243; _builder_version=\u00bb4.24.0&#8243; _module_preset=\u00bbdefault\u00bb global_colors_info=\u00bb{}\u00bb][dvppl_cf7_styler cf7=\u00bb5292&#8243; form_label_spacing=\u00bb10px\u00bb _builder_version=\u00bb4.27.4&#8243; _module_preset=\u00bbdefault\u00bb form_field_font_text_align=\u00bbleft\u00bb form_field_font_font_size=\u00bb15px\u00bb labels_font=\u00bb|800|||||||\u00bb labels_text_align=\u00bbleft\u00bb labels_text_color=\u00bb#0B1F66&#8243; labels_font_size=\u00bb16px\u00bb labels_line_height=\u00bb1em\u00bb custom_submit_button=\u00bbon\u00bb submit_button_text_size=\u00bb21px\u00bb submit_button_bg_color=\u00bb#0B1F66&#8243; submit_button_border_width=\u00bb0px\u00bb submit_button_border_color=\u00bb#0B1F66&#8243; submit_button_border_radius=\u00bb100px\u00bb submit_button_letter_spacing=\u00bb7px\u00bb submit_button_font=\u00bb|700|||||||\u00bb width=\u00bb70%\u00bb max_width=\u00bb100%\u00bb module_alignment=\u00bbcenter\u00bb animation_style=\u00bbslide\u00bb border_radii_field=\u00bbon|100px|100px|100px|100px\u00bb border_width_all_field=\u00bb2px\u00bb border_color_all_field=\u00bb#0B1F66&#8243; box_shadow_style_submit_button=\u00bbpreset1&#8243; box_shadow_horizontal_submit_button=\u00bb-3px\u00bb box_shadow_blur_submit_button=\u00bb28px\u00bb box_shadow_color_submit_button=\u00bb#0B1F66&#8243; global_module=\u00bb17470&#8243; global_colors_info=\u00bb{}\u00bb][\/dvppl_cf7_styler][\/et_pb_column][\/et_pb_row][\/et_pb_section]<\/p>\n","protected":false},"excerpt":{"rendered":"<p>SISTEMA UNIVERSITARIO PARA EL MEJORAMIENTO ACAD\u00c9MICO Y LA PERMANENCIA ESTUDIANTIL La Coordinaci\u00f3n de\u00a0SUPERARSE\u00a0(Sistema Universitario para el Mejoramiento Acad\u00e9mico y la Permanencia Estudiantil en la Educaci\u00f3n Superior de la UNICUCES), convoc\u00f3 mediante LA CARTA DEL RECTOR, N\u00ba 52, \u00a0a los estudiantes que tuvieron deficiencias y no lograron obtener un resultado satisfactorio en sus primeros ex\u00e1menes parciales, [&hellip;]<\/p>\n","protected":false},"author":14,"featured_media":17466,"parent":0,"menu_order":0,"comment_status":"closed","ping_status":"closed","template":"","meta":{"_et_pb_use_builder":"on","_et_pb_old_content":"","_et_gb_content_width":"","footnotes":""},"class_list":["post-208","page","type-page","status-publish","has-post-thumbnail","hentry"],"_links":{"self":[{"href":"https:\/\/unicuces.edu.co\/principal\/wp-json\/wp\/v2\/pages\/208","targetHints":{"allow":["GET"]}}],"collection":[{"href":"https:\/\/unicuces.edu.co\/principal\/wp-json\/wp\/v2\/pages"}],"about":[{"href":"https:\/\/unicuces.edu.co\/principal\/wp-json\/wp\/v2\/types\/page"}],"author":[{"embeddable":true,"href":"https:\/\/unicuces.edu.co\/principal\/wp-json\/wp\/v2\/users\/14"}],"replies":[{"embeddable":true,"href":"https:\/\/unicuces.edu.co\/principal\/wp-json\/wp\/v2\/comments?post=208"}],"version-history":[{"count":11,"href":"https:\/\/unicuces.edu.co\/principal\/wp-json\/wp\/v2\/pages\/208\/revisions"}],"predecessor-version":[{"id":20478,"href":"https:\/\/unicuces.edu.co\/principal\/wp-json\/wp\/v2\/pages\/208\/revisions\/20478"}],"wp:featuredmedia":[{"embeddable":true,"href":"https:\/\/unicuces.edu.co\/principal\/wp-json\/wp\/v2\/media\/17466"}],"wp:attachment":[{"href":"https:\/\/unicuces.edu.co\/principal\/wp-json\/wp\/v2\/media?parent=208"}],"curies":[{"name":"wp","href":"https:\/\/api.w.org\/{rel}","templated":true}]}}