{"id":203,"date":"2018-08-01T16:28:27","date_gmt":"2018-08-01T16:28:27","guid":{"rendered":"https:\/\/demo.unicuces.edu.co\/wp\/?page_id=203"},"modified":"2024-04-03T12:58:26","modified_gmt":"2024-04-03T17:58:26","slug":"boletinesbienestar","status":"publish","type":"page","link":"https:\/\/unicuces.edu.co\/principal\/boletinesbienestar\/","title":{"rendered":"Boletines Bienestar"},"content":{"rendered":"\n[et_pb_section fb_built=\u00bb1&#8243; fullwidth=\u00bbon\u00bb _builder_version=\u00bb3.0.89&#8243; background_image=\u00bbhttps:\/\/unicuces.edu.co\/principal\/wp-content\/uploads\/2019\/03\/0-Boletines-UNICUCES-Universidad-Cali-Colombia.jpg\u00bb][et_pb_fullwidth_header title=\u00bbBOLETINES\u00bb text_orientation=\u00bbcenter\u00bb admin_label=\u00bbFullwidth Header\u00bb _builder_version=\u00bb3.16&#8243; background_color=\u00bbrgba(255, 255, 255, 0)\u00bb text_shadow_style=\u00bbpreset1&#8243; text_shadow_color=\u00bbrgba(11,31,102,0.4)\u00bb button_one_text_size__hover_enabled=\u00bboff\u00bb button_two_text_size__hover_enabled=\u00bboff\u00bb button_one_text_color__hover_enabled=\u00bboff\u00bb button_two_text_color__hover_enabled=\u00bboff\u00bb button_one_border_width__hover_enabled=\u00bboff\u00bb button_two_border_width__hover_enabled=\u00bboff\u00bb button_one_border_color__hover_enabled=\u00bboff\u00bb button_two_border_color__hover_enabled=\u00bboff\u00bb button_one_border_radius__hover_enabled=\u00bboff\u00bb button_two_border_radius__hover_enabled=\u00bboff\u00bb button_one_letter_spacing__hover_enabled=\u00bboff\u00bb button_two_letter_spacing__hover_enabled=\u00bboff\u00bb button_one_bg_color__hover_enabled=\u00bboff\u00bb button_two_bg_color__hover_enabled=\u00bboff\u00bb][\/et_pb_fullwidth_header][\/et_pb_section][et_pb_section fb_built=\u00bb1&#8243; _builder_version=\u00bb3.0.47&#8243;][et_pb_row _builder_version=\u00bb3.0.47&#8243; background_size=\u00bbinitial\u00bb background_position=\u00bbtop_left\u00bb background_repeat=\u00bbrepeat\u00bb][et_pb_column type=\u00bb4_4&#8243; _builder_version=\u00bb3.0.47&#8243;][et_pb_text _builder_version=\u00bb3.21&#8243;]<p style=\"text-align: justify;\"><span><span style=\"color: #ab001d;\"><strong>LA UNICUCES &#8211; CORPORACI\u00d3N UNIVERSITARIA CENTRO SUPERIOR<\/strong><\/span><strong>\u00a0<\/strong>en la formulaci\u00f3n del Plan de Desarrollo de Bienestar defini\u00f3 la siguiente Misi\u00f3n para el desarrollo del mismo en\u00a0la Comunidad Universitaria:<\/span><\/p>\n<p align=\"left\" style=\"text-align: justify;\"><span><em>\u201cPromover el Bienestar en la comunidad universitaria a trav\u00e9s de un sistema de servicios, programas y actividades que faciliten la formaci\u00f3n y el desarrollo integral, as\u00ed mismo,\u00a0 mejoren la convivencia, el ambiente acad\u00e9mico,\u00a0\u00a0 la investigaci\u00f3n y la proyecci\u00f3n social de la Corporaci\u00f3n Universitaria Centro Superior, generando un esp\u00edritu de compromiso y\u00a0 una visi\u00f3n integral y creativa del entorno\u201d<\/em><\/span><\/p>\n<p style=\"text-align: justify;\"><span>La Direcci\u00f3n de Bienestar Institucional de la CORPORACI\u00d3N\u00a0 UNIVERSITARIA CENTRO SUPERIOR pretende estimular y descubrir en los Estudiantes, personal Administrativo, Docente y dem\u00e1s miembros de la comunidad universitaria,\u00a0 su capacidad creadora y orientarlos para que la desarrollen y proyecten en su formaci\u00f3n personal, profesional y social, pretendiendo as\u00ed abarcar todas las dimensiones del Ser Humano, sin escatimar ning\u00fan esfuerzo; haciendo \u00e9nfasis\u00a0 en el Bien Ser, en el Bien Hacer, en el Bien Vivir, y en el Bien Estar, de todos los miembros de la Comunidad Universitaria.<\/span><\/p>\n<p style=\"text-align: justify;\"><span>Por lo tanto los campos de acci\u00f3n de Bienestar Institucional en la CORPORACI\u00d3N UNIVERSITARIA CENTRO SUPERIOR, promover\u00e1n la integraci\u00f3n de los objetivos a trav\u00e9s de las \u00e1reas deportiva, recreaci\u00f3n, cultural, salud, ambiental\u00a0 y de desarrollo humano, a trav\u00e9s de un trabajo integral y transversal, conducente a permear la academia y ser cooperadores de los procesos de formaci\u00f3n integral, de calidad de vida y de consolidaci\u00f3n de Comunidad Universitaria.<\/span><\/p>\n<p style=\"color: #363636; font-family: Arial, Helvetica, sans-serif; font-size: 12px; background-color: #ffffff;\"><span style=\"color: #666666; font-size: 12pt;\"><strong><span style=\"font-family: 'trebuchet ms', geneva;\"><\/span><\/strong><\/span><\/p>\n<p style=\"color: #363636; font-family: Arial, Helvetica, sans-serif; font-size: 12px; background-color: #ffffff;\"><span style=\"color: #666666; font-size: 12pt;\"><strong><span style=\"font-family: 'trebuchet ms', geneva;\"><\/span><\/strong><\/span><\/p>\n\n\n\n<!-- \/\/\/\/\/\/\/\/\/-->\n\n\n<p style=\"color: #363636; font-family: Arial, Helvetica, sans-serif; font-size: 12px; background-color: #ffffff;\"><span style=\"color: #666666; font-size: 12pt;\"><strong><span style=\"font-family: 'trebuchet ms', geneva;\">BOLETINES DE BIENESTAR INSTITUCIONAL 2021<\/span><\/strong><\/span><\/p>\n<ul style=\"color: #363636; font-family: Arial, Helvetica, sans-serif; font-size: 12px; background-color: #ffffff;\">\n\n<li>\n<p><a href=\"https:\/\/unicuces.edu.co\/principal\/wp-content\/uploads\/2021\/09\/BOLETIN-ComunicaRSE-AGOSTO-20211.pdf\" target=\"_blank\" rel=\"noopener\" style=\"background-color: #ffffff; font-size: 14px; font-family: 'Open Sans', Arial, sans-serif; text-align: justify;\">Bolet\u00edn Agosto<!--N\u00ba 1--><\/a><\/p>\n<\/li>\n\n<\/ul>\n\n<!--\/\/\/\/\/\/\/\/\/-->\n\n\n<p style=\"color: #363636; font-family: Arial, Helvetica, sans-serif; font-size: 12px; background-color: #ffffff;\"><span style=\"color: #666666; font-size: 12pt;\"><strong><span style=\"font-family: 'trebuchet ms', geneva;\">BOLETINES DE BIENESTAR INSTITUCIONAL 2-2018<\/span><\/strong><\/span><\/p>\n<ul style=\"color: #363636; font-family: Arial, Helvetica, sans-serif; font-size: 12px; background-color: #ffffff;\">\n\n<li>\n<p><a href=\"https:\/\/www.unicuces.edu.co\/principal\/wp-content\/uploads\/images\/imagenes-home\/Boletines%20Bienestar\/Boletin%20No1-2018-2.pdf\" target=\"_blank\" rel=\"noopener\" style=\"background-color: #ffffff; font-size: 14px; font-family: 'Open Sans', Arial, sans-serif; text-align: justify;\">Bolet\u00edn N\u00ba 1<\/a><\/p>\n<\/li>\n\n<\/ul>\n<p style=\"text-align: justify;\"><span><strong><br \/>BOLETINES DE BIENESTA<span style=\"color: #666666;\">R INSTITUCIONAL 1-2018<\/span><\/strong><\/span><\/p>\n<ul style=\"text-align: justify;\">\n<li>\n<p><span><a href=\"https:\/\/www.unicuces.edu.co\/principal\/wp-content\/uploads\/images\/imagenes-home\/Boletines%20Bienestar\/Boletin%20No1-2018-1.pdf\" target=\"_blank\" rel=\"noopener\">Bolet\u00edn N\u00ba 1<\/a><br \/><\/span><\/p>\n<\/li>\n<li>\n<p><span><a href=\"https:\/\/www.unicuces.edu.co\/principal\/wp-content\/uploads\/images\/imagenes-home\/Boletines%20Bienestar\/Becas-Academicas%202018-1.pdf\" target=\"_blank\" rel=\"noopener\">Bolet\u00edn N\u00ba 2<\/a><br \/><\/span><\/p>\n<\/li>\n<\/ul>\n<p style=\"text-align: justify;\"><span><strong><br \/>BOLETINES DE BIENESTAR INSTITUCIONAL 2-2017<\/strong><\/span><\/p>\n<ul style=\"text-align: justify;\">\n<li>\n<p><span><a href=\"https:\/\/www.unicuces.edu.co\/principal\/wp-content\/uploads\/images\/imagenes-home\/Boletines%20Bienestar\/Boletin%20N01-2017-2.pdf\" target=\"_blank\" rel=\"noopener\">Bolet\u00edn N\u00ba 1<\/a><br \/><\/span><\/p>\n<\/li>\n<li>\n<p><span><a href=\"https:\/\/www.unicuces.edu.co\/principal\/wp-content\/uploads\/images\/imagenes-home\/Boletines%20Bienestar\/Boletin%20N02-2017-2.pdf\" target=\"_blank\" rel=\"noopener\">Bolet\u00edn N\u00ba 2<\/a><br \/><\/span><\/p>\n<\/li>\n<\/ul>\n<p style=\"text-align: justify;\"><\/p>[\/et_pb_text][\/et_pb_column][\/et_pb_row][\/et_pb_section]\n","protected":false},"excerpt":{"rendered":"<p>LA UNICUCES &#8211; CORPORACI\u00d3N UNIVERSITARIA CENTRO SUPERIOR\u00a0en la formulaci\u00f3n del Plan de Desarrollo de Bienestar defini\u00f3 la siguiente Misi\u00f3n para el desarrollo del mismo en\u00a0la Comunidad Universitaria: \u201cPromover el Bienestar en la comunidad universitaria a trav\u00e9s de un sistema de servicios, programas y actividades que faciliten la formaci\u00f3n y el desarrollo integral, as\u00ed mismo,\u00a0 mejoren [&hellip;]<\/p>\n","protected":false},"author":14,"featured_media":0,"parent":0,"menu_order":0,"comment_status":"closed","ping_status":"closed","template":"","meta":{"_et_pb_use_builder":"on","_et_pb_old_content":"","_et_gb_content_width":"","footnotes":""},"class_list":["post-203","page","type-page","status-publish","hentry"],"_links":{"self":[{"href":"https:\/\/unicuces.edu.co\/principal\/wp-json\/wp\/v2\/pages\/203","targetHints":{"allow":["GET"]}}],"collection":[{"href":"https:\/\/unicuces.edu.co\/principal\/wp-json\/wp\/v2\/pages"}],"about":[{"href":"https:\/\/unicuces.edu.co\/principal\/wp-json\/wp\/v2\/types\/page"}],"author":[{"embeddable":true,"href":"https:\/\/unicuces.edu.co\/principal\/wp-json\/wp\/v2\/users\/14"}],"replies":[{"embeddable":true,"href":"https:\/\/unicuces.edu.co\/principal\/wp-json\/wp\/v2\/comments?post=203"}],"version-history":[{"count":9,"href":"https:\/\/unicuces.edu.co\/principal\/wp-json\/wp\/v2\/pages\/203\/revisions"}],"predecessor-version":[{"id":17901,"href":"https:\/\/unicuces.edu.co\/principal\/wp-json\/wp\/v2\/pages\/203\/revisions\/17901"}],"wp:attachment":[{"href":"https:\/\/unicuces.edu.co\/principal\/wp-json\/wp\/v2\/media?parent=203"}],"curies":[{"name":"wp","href":"https:\/\/api.w.org\/{rel}","templated":true}]}}