{"id":2024,"date":"2018-11-19T21:13:15","date_gmt":"2018-11-19T21:13:15","guid":{"rendered":"https:\/\/unicuces.edu.co\/principal\/?page_id=2024"},"modified":"2026-01-22T13:56:48","modified_gmt":"2026-01-22T18:56:48","slug":"formatos-para-candidatos-a-grados","status":"publish","type":"page","link":"https:\/\/unicuces.edu.co\/principal\/formatos-para-candidatos-a-grados\/","title":{"rendered":"Formatos para Candidatos a Grados"},"content":{"rendered":"<p>[et_pb_section fb_built=\u00bb1&#8243; _builder_version=\u00bb4.16&#8243; custom_padding=\u00bb46px|||||\u00bb global_colors_info=\u00bb{}\u00bb][et_pb_row _builder_version=\u00bb4.22.2&#8243; width=\u00bb100%\u00bb max_width=\u00bb2560px\u00bb custom_padding=\u00bb0px|||||\u00bb global_colors_info=\u00bb{}\u00bb][et_pb_column type=\u00bb4_4&#8243; _builder_version=\u00bb4.16&#8243; custom_padding=\u00bb|||\u00bb global_colors_info=\u00bb{}\u00bb custom_padding__hover=\u00bb|||\u00bb][et_pb_image src=\u00bbhttps:\/\/unicuces.edu.co\/principal\/wp-content\/uploads\/2023\/10\/Banner-Formato-Grados_Mesa-de-trabajo-1.png\u00bb title_text=\u00bbBanner Formato Grados_Mesa de trabajo 1&#8243; force_fullwidth=\u00bbon\u00bb align_tablet=\u00bbcenter\u00bb align_phone=\u00bbcenter\u00bb align_last_edited=\u00bbon|desktop\u00bb disabled_on=\u00bbon|on|off\u00bb _builder_version=\u00bb4.22.2&#8243; min_height=\u00bb283.3px\u00bb custom_margin=\u00bb7px|||||\u00bb global_colors_info=\u00bb{}\u00bb][\/et_pb_image][et_pb_image src=\u00bbhttps:\/\/unicuces.edu.co\/principal\/wp-content\/uploads\/2023\/10\/Banner-Formato-Grados_Mesa-de-trabajo-1-copia.png\u00bb title_text=\u00bbBanner Formato Grados_Mesa de trabajo 1 copia\u00bb force_fullwidth=\u00bbon\u00bb align_tablet=\u00bbcenter\u00bb align_phone=\u00bbcenter\u00bb align_last_edited=\u00bbon|desktop\u00bb disabled_on=\u00bboff|off|on\u00bb _builder_version=\u00bb4.22.2&#8243; min_height=\u00bb283.3px\u00bb custom_margin=\u00bb7px|||||\u00bb global_colors_info=\u00bb{}\u00bb][\/et_pb_image][\/et_pb_column][\/et_pb_row][et_pb_row _builder_version=\u00bb4.22.2&#8243; _module_preset=\u00bbdefault\u00bb global_colors_info=\u00bb{}\u00bb][et_pb_column type=\u00bb4_4&#8243; _builder_version=\u00bb4.22.2&#8243; _module_preset=\u00bbdefault\u00bb global_colors_info=\u00bb{}\u00bb][et_pb_accordion _builder_version=\u00bb4.27.4&#8243; _module_preset=\u00bbdefault\u00bb hover_enabled=\u00bb0&#8243; global_colors_info=\u00bb{}\u00bb sticky_enabled=\u00bb0&#8243;][et_pb_accordion_item title=\u00bbRESOLUCI\u00d3N RECTORAL N\u00ba 8 DEL  29 DE DICIEMBRE DEL 2023&#8243; _builder_version=\u00bb4.24.2&#8243; _module_preset=\u00bbdefault\u00bb global_colors_info=\u00bb{}\u00bb open=\u00bbon\u00bb]<\/p>\n<p style=\"text-align: left;\">El cual adopta la convocatoria de la experiencia empresarial; la programaci\u00f3n de los seminarios internacionales; y el cronograma para el cumplimiento de los requisitos de grados y la programaci\u00f3n de los mismos en ceremonia p\u00fablica, privada o virtual de la <strong>CORPORACI\u00d3N UNIVERSITARIA CENTRO SUPERIOR, UNICUCES.<\/strong><\/p>\n<p><a href=\"https:\/\/unicuces.edu.co\/principal\/wp-content\/uploads\/2024\/03\/RESORECT-RRE08-29DIC2023-Se-Establece-para-el-ano-de-2024-la-convocatoria-experiencia-empresarial-Requisitos-de-Grados-Cerem.-de-Grado.pdf\"><img loading=\"lazy\" decoding=\"async\" src=\"https:\/\/unicuces.edu.co\/principal\/wp-content\/uploads\/2023\/10\/Banner-Formato-Grados-02-300x106.png\" width=\"199\" height=\"70\" alt=\"\" class=\"wp-image-16560 alignnone size-medium\" style=\"display: block; margin-left: auto; margin-right: auto;\" \/><\/a>[\/et_pb_accordion_item][et_pb_accordion_item title=\u00bbINSCRIPCIO\u0301N COMO CANDIDATO A GRADO EN CEREMONIA PU\u0301BLICA \u00d3 PRIVADA\u00bb _builder_version=\u00bb4.27.4&#8243; _module_preset=\u00bbdefault\u00bb hover_enabled=\u00bb0&#8243; global_colors_info=\u00bb{}\u00bb open=\u00bboff\u00bb sticky_enabled=\u00bb0&#8243;]<\/p>\n<p style=\"text-align: left;\"><span>Inscribirse como candidato a grado en una ceremonia <strong>p\u00fablica o privada<\/strong> es un emocionante paso hacia el reconocimiento de tus logros acad\u00e9micos. Es el momento en que tus a\u00f1os de esfuerzo, dedicaci\u00f3n y sacrificio se materializan en un t\u00edtulo que simboliza tu preparaci\u00f3n y conocimiento. <\/span><\/p>\n<p style=\"text-align: left;\"><strong>\u00a1Es tu momento para brillar y ser reconocido por tus m\u00e9ritos!<\/strong><\/p>\n<p><a href=\"https:\/\/unicuces.edu.co\/principal\/wp-content\/uploads\/2026\/01\/1.-Formato-Insripcion-Ceremonia-de-Grado-2026.pdf\" target=\"_blank\" rel=\"noopener\"><img loading=\"lazy\" decoding=\"async\" src=\"https:\/\/unicuces.edu.co\/principal\/wp-content\/uploads\/2023\/10\/Banner-Formato-Grados-02-300x106.png\" width=\"199\" height=\"70\" alt=\"\" class=\"wp-image-16560 alignnone size-medium\" style=\"display: block; margin-left: auto; margin-right: auto;\" \/><\/a><\/p>\n<p>[\/et_pb_accordion_item][et_pb_accordion_item title=\u00bbREGISTRO DE EGRESADO\u00bb _builder_version=\u00bb4.27.4&#8243; _module_preset=\u00bbdefault\u00bb hover_enabled=\u00bb0&#8243; global_colors_info=\u00bb{}\u00bb open=\u00bboff\u00bb sticky_enabled=\u00bb0&#8243;]<\/p>\n<p style=\"text-align: left;\"><span>El proceso de registro como egresado es un hito fundamental en tu viaje acad\u00e9mico. Representa el reconocimiento de tus esfuerzos, dedicaci\u00f3n y perseverancia. A partir de este momento, te adentras en un nuevo cap\u00edtulo de tu vida, armado con el conocimiento y las habilidades que has adquirido a lo largo de tus estudios. Este registro simboliza la culminaci\u00f3n de una etapa y el inicio de emocionantes oportunidades para crecimiento personal y profesional. <\/span><\/p>\n<p style=\"text-align: left;\"><span><strong>\u00a1Felicidades por este logro y por lo que est\u00e1 por venir en tu futuro!<\/strong><\/span><\/p>\n<p style=\"text-align: justify;\"><a href=\"https:\/\/unicuces.edu.co\/principal\/wp-content\/uploads\/2026\/01\/2.-Formato-Registro-Egresado-2026.pdf\"><img loading=\"lazy\" decoding=\"async\" src=\"https:\/\/unicuces.edu.co\/principal\/wp-content\/uploads\/2023\/10\/Banner-Formato-Grados-02-300x106.png\" width=\"199\" height=\"70\" alt=\"\" class=\"wp-image-16560 alignnone size-medium\" style=\"display: block; margin-left: auto; margin-right: auto;\" \/><\/a><\/p>\n<p>[\/et_pb_accordion_item][et_pb_accordion_item title=\u00bbSOLICITUD CARNE\u0301 DE EGRESADO\u00bb _builder_version=\u00bb4.23.1&#8243; _module_preset=\u00bbdefault\u00bb global_colors_info=\u00bb{}\u00bb open=\u00bboff\u00bb]<\/p>\n<p style=\"text-align: left;\"><span>La solicitud del carn\u00e9 de egresado es un paso importante en tu vida postacad\u00e9mica. Este documento representa la culminaci\u00f3n de tu educaci\u00f3n y el comienzo de una nueva etapa llena de desaf\u00edos y oportunidades. Con \u00e9l, tendr\u00e1s acceso a una serie de beneficios y servicios que te ayudar\u00e1n a avanzar en tu carrera profesional y personal. La obtenci\u00f3n del carn\u00e9 de egresado es un motivo de orgullo y un recordatorio constante de tu capacidad para superar desaf\u00edos. <strong>\u00a1Felicidades por llegar a este punto y por todo lo que est\u00e1 por venir!<\/strong><\/span><\/p>\n<p style=\"text-align: justify;\"><a href=\"https:\/\/unicuces.edu.co\/principal\/wp-content\/uploads\/2023\/12\/3.-Carne-Registro-Egresado-2.pdf\"><img loading=\"lazy\" decoding=\"async\" src=\"https:\/\/unicuces.edu.co\/principal\/wp-content\/uploads\/2023\/10\/Banner-Formato-Grados-02-300x106.png\" width=\"199\" height=\"70\" alt=\"\" class=\"wp-image-16560 alignnone size-medium\" style=\"display: block; margin-left: auto; margin-right: auto;\" \/><\/a><\/p>\n<p>[\/et_pb_accordion_item][et_pb_accordion_item title=\u00bbACTUALIZACI\u00d3N DE EGRESADO\u00bb open=\u00bboff\u00bb _builder_version=\u00bb4.27.0&#8243; _module_preset=\u00bbdefault\u00bb link_option_url=\u00bbhttps:\/\/unicuces.edu.co\/principal\/actualizacion-egresados\/\u00bb global_colors_info=\u00bb{}\u00bb]<a href=\"https:\/\/unicuces.edu.co\/principal\/actualizacion-egresados\/\"><strong>Ir al formulario de actualizaci\u00f3n<\/strong><\/a>[\/et_pb_accordion_item][\/et_pb_accordion][\/et_pb_column][\/et_pb_row][\/et_pb_section][et_pb_section fb_built=\u00bb1&#8243; fullwidth=\u00bbon\u00bb _builder_version=\u00bb4.22.2&#8243; _module_preset=\u00bbdefault\u00bb global_colors_info=\u00bb{}\u00bb][\/et_pb_section]<\/p>\n","protected":false},"excerpt":{"rendered":"<p>El cual adopta la convocatoria de la experiencia empresarial; la programaci\u00f3n de los seminarios internacionales; y el cronograma para el cumplimiento de los requisitos de grados y la programaci\u00f3n de los mismos en ceremonia p\u00fablica, privada o virtual de la CORPORACI\u00d3N UNIVERSITARIA CENTRO SUPERIOR, UNICUCES. Inscribirse como candidato a grado en una ceremonia p\u00fablica o [&hellip;]<\/p>\n","protected":false},"author":14,"featured_media":0,"parent":0,"menu_order":0,"comment_status":"closed","ping_status":"closed","template":"","meta":{"_et_pb_use_builder":"on","_et_pb_old_content":"","_et_gb_content_width":"","footnotes":""},"class_list":["post-2024","page","type-page","status-publish","hentry"],"_links":{"self":[{"href":"https:\/\/unicuces.edu.co\/principal\/wp-json\/wp\/v2\/pages\/2024","targetHints":{"allow":["GET"]}}],"collection":[{"href":"https:\/\/unicuces.edu.co\/principal\/wp-json\/wp\/v2\/pages"}],"about":[{"href":"https:\/\/unicuces.edu.co\/principal\/wp-json\/wp\/v2\/types\/page"}],"author":[{"embeddable":true,"href":"https:\/\/unicuces.edu.co\/principal\/wp-json\/wp\/v2\/users\/14"}],"replies":[{"embeddable":true,"href":"https:\/\/unicuces.edu.co\/principal\/wp-json\/wp\/v2\/comments?post=2024"}],"version-history":[{"count":104,"href":"https:\/\/unicuces.edu.co\/principal\/wp-json\/wp\/v2\/pages\/2024\/revisions"}],"predecessor-version":[{"id":20315,"href":"https:\/\/unicuces.edu.co\/principal\/wp-json\/wp\/v2\/pages\/2024\/revisions\/20315"}],"wp:attachment":[{"href":"https:\/\/unicuces.edu.co\/principal\/wp-json\/wp\/v2\/media?parent=2024"}],"curies":[{"name":"wp","href":"https:\/\/api.w.org\/{rel}","templated":true}]}}