{"id":20091,"date":"2025-08-13T14:01:51","date_gmt":"2025-08-13T19:01:51","guid":{"rendered":"https:\/\/unicuces.edu.co\/principal\/?page_id=20091"},"modified":"2025-08-13T14:01:51","modified_gmt":"2025-08-13T19:01:51","slug":"por-que-estudiar-derecho-en-2025-es-una-excelente-decision","status":"publish","type":"page","link":"https:\/\/unicuces.edu.co\/principal\/por-que-estudiar-derecho-en-2025-es-una-excelente-decision\/","title":{"rendered":"\u00bfPor qu\u00e9 estudiar Derecho en 2025 es una excelente decisi\u00f3n?"},"content":{"rendered":"<p>[et_pb_section fb_built=\u00bb1&#8243; specialty=\u00bbon\u00bb _builder_version=\u00bb4.27.4&#8243; _module_preset=\u00bbdefault\u00bb global_colors_info=\u00bb{}\u00bb theme_builder_area=\u00bbpost_content\u00bb][et_pb_column type=\u00bb3_4&#8243; specialty_columns=\u00bb3&#8243; _builder_version=\u00bb4.16&#8243; custom_padding=\u00bb|||\u00bb global_colors_info=\u00bb{}\u00bb custom_padding__hover=\u00bb|||\u00bb theme_builder_area=\u00bbpost_content\u00bb][et_pb_row_inner _builder_version=\u00bb4.27.4&#8243; _module_preset=\u00bbdefault\u00bb global_colors_info=\u00bb{}\u00bb theme_builder_area=\u00bbpost_content\u00bb][et_pb_column_inner saved_specialty_column_type=\u00bb3_4&#8243; _builder_version=\u00bb4.27.4&#8243; _module_preset=\u00bbdefault\u00bb global_colors_info=\u00bb{}\u00bb theme_builder_area=\u00bbpost_content\u00bb][et_pb_heading title=\u00bb\u00bfPor qu\u00e9 estudiar Derecho en 2025 es una excelente decisi\u00f3n?\u00bb _builder_version=\u00bb4.27.4&#8243; _module_preset=\u00bbdefault\u00bb title_font=\u00bbPoppins||on|on|||||\u00bb title_text_color=\u00bb#0c3699&#8243; title_font_size=\u00bb54px\u00bb global_colors_info=\u00bb{}\u00bb theme_builder_area=\u00bbpost_content\u00bb][\/et_pb_heading][et_pb_text _builder_version=\u00bb4.27.4&#8243; _module_preset=\u00bbdefault\u00bb text_font=\u00bbPoppins||||||||\u00bb text_font_size=\u00bb18px\u00bb global_colors_info=\u00bb{}\u00bb theme_builder_area=\u00bbpost_content\u00bb]<\/p>\n<p>\u00a1Por primera vez en su historia, UNICUCES abre las puertas al programa de <strong>Derecho<\/strong>, una carrera esencial para quienes sue\u00f1an con defender la justicia, transformar la sociedad y construir un pa\u00eds mejor! Si alguna vez has sentido el llamado de servir, proteger derechos o representar a quienes m\u00e1s lo necesitan, este es tu momento.<\/p>\n<p><strong>\ud83d\udccd Ubicaci\u00f3n privilegiada: Estudia en el n\u00facleo jur\u00eddico-administrativo de Cali<\/strong><\/p>\n<p>UNICUCES est\u00e1 ubicada a solo pasos de los centros clave de la justicia en Cali:<\/p>\n<ul>\n<li>El <strong>CAM (Centro Administrativo Municipal)<\/strong>, donde se gestiona la vida pol\u00edtica y legal de la ciudad.<\/li>\n<li>El <strong>Palacio de Justicia<\/strong>, sede de los juzgados y tribunales m\u00e1s importantes del Valle del Cauca.<\/li>\n<li>Decenas de <strong>notar\u00edas, oficinas jur\u00eddicas, despachos y firmas legales<\/strong> rodean nuestra instituci\u00f3n.<\/li>\n<\/ul>\n<p>Esto te conecta directamente con el mundo real del Derecho desde el primer semestre, facilitando pr\u00e1cticas, pasant\u00edas, networking y oportunidades laborales.<\/p>\n<p><strong>\ud83d\udcc8 Alta demanda de profesionales del Derecho en Colombia<\/strong><\/p>\n<p>Seg\u00fan el Observatorio Laboral del Ministerio de Educaci\u00f3n y datos del DANE:<\/p>\n<ul>\n<li>Se proyecta un crecimiento del <strong>25% en la demanda de abogados<\/strong> en los pr\u00f3ximos 5 a\u00f1os.<\/li>\n<li>Solo en Cali, hay m\u00e1s de <strong>4.000 vacantes anuales<\/strong> en \u00e1reas como derecho penal, civil, laboral, comercial, constitucional y administrativo.<\/li>\n<li>Firmas legales, notar\u00edas, juzgados, fiscal\u00edas, oficinas de conciliaci\u00f3n y empresas privadas est\u00e1n en constante b\u00fasqueda de <strong>profesionales \u00edntegros, bien formados y comprometidos con la justicia social.<\/strong><\/li>\n<\/ul>\n<p><strong>\ud83d\udcbc \u00c1reas de desempe\u00f1o y proyecci\u00f3n laboral<\/strong><\/p>\n<ul>\n<li>Litigio y representaci\u00f3n legal<\/li>\n<li>Consultor\u00eda empresarial<\/li>\n<li>Derecho penal y defensa p\u00fablica<\/li>\n<li>Notariado y registro<\/li>\n<li>Carrera judicial y fiscal<\/li>\n<li>Derechos humanos y organizaciones sociales<\/li>\n<li>Derecho internacional y diplomacia<\/li>\n<\/ul>\n<p>Y si te interesa un camino independiente, podr\u00e1s ejercer como abogado con tu propia firma legal, asesorar empresas o trabajar en el sector p\u00fablico.<\/p>\n<p><strong>\ud83d\udcb0 \u00bfCu\u00e1nto gana un profesional en Derecho?<\/strong><\/p>\n<ul>\n<li>Salario promedio inicial: <strong>$2.800.000 a $3.500.000 mensuales<\/strong><\/li>\n<li>Profesionales con experiencia o especializaci\u00f3n: <strong>$5.000.000 a $7.000.000<\/strong><\/li>\n<li>Cargos p\u00fablicos, jueces, fiscales o socios de firmas privadas: <strong>m\u00e1s de $10.000.000 mensuales<\/strong><\/li>\n<\/ul>\n<p><strong>\ud83c\udf93 \u00bfPor qu\u00e9 estudiar Derecho en UNICUCES?<\/strong><\/p>\n<ul>\n<li>Enfoque <strong>presencial<\/strong>, pr\u00e1ctico y humanista, con formaci\u00f3n \u00e9tica y compromiso social.<\/li>\n<li>Docentes con experiencia en litigio, funci\u00f3n p\u00fablica, consultor\u00eda y justicia alternativa.<\/li>\n<li>Oportunidades reales de pasant\u00edas en el sector p\u00fablico y privado.<\/li>\n<li>Cercan\u00eda con las instituciones m\u00e1s importantes del Derecho en Cali.<\/li>\n<li>Un programa moderno, alineado con los retos jur\u00eddicos del siglo XXI.<\/li>\n<\/ul>\n<p>\u00abEl Derecho no es solo una carrera. Es una vocaci\u00f3n para quienes quieren cambiar el mundo con la fuerza de la ley y la palabra.\u00bb<\/p>\n<p><strong>\ud83d\udea8 \u00a1No dejes pasar esta oportunidad \u00fanica!<\/strong><\/p>\n<p>Esta es <strong>la primera cohorte del programa de Derecho en UNICUCES<\/strong>. Ser\u00e1s parte de una generaci\u00f3n fundadora, con beneficios especiales, cupos limitados y atenci\u00f3n personalizada.<\/p>\n<p>\u2705 \u00a1Inscr\u00edbete hoy mismo!<br \/>\u2705 Pregunta por becas, beneficios y matr\u00edculas anticipadas.<br \/>\ud83d\udcf2 Escr\u00edbenos por WhatsApp y asegura tu lugar en esta nueva historia.<\/p>\n<p>\ud83d\udc49 <a href=\"https:\/\/unicuces.edu.co\">unicuces.edu.co<\/a> | <a href=\"https:\/\/wa.me\/573153883737\">\ud83d\udcf2 WhatsApp: 3153883737<\/a><\/p>\n<p>[\/et_pb_text][\/et_pb_column_inner][\/et_pb_row_inner][\/et_pb_column][et_pb_column type=\u00bb1_4&#8243; _builder_version=\u00bb4.16&#8243; custom_padding=\u00bb|||\u00bb global_colors_info=\u00bb{}\u00bb custom_padding__hover=\u00bb|||\u00bb theme_builder_area=\u00bbpost_content\u00bb][et_pb_social_media_follow _builder_version=\u00bb4.27.4&#8243; _module_preset=\u00bbdefault\u00bb global_colors_info=\u00bb{}\u00bb theme_builder_area=\u00bbpost_content\u00bb][et_pb_social_media_follow_network social_network=\u00bbfacebook\u00bb url=\u00bbhttps:\/\/www.facebook.com\/CentroSuperiorUnicuces\/\u00bb _builder_version=\u00bb4.27.4&#8243; _module_preset=\u00bbdefault\u00bb background_color=\u00bb#3b5998&#8243; global_colors_info=\u00bb{}\u00bb theme_builder_area=\u00bbpost_content\u00bb follow_button=\u00bboff\u00bb url_new_window=\u00bbon\u00bb]facebook[\/et_pb_social_media_follow_network][et_pb_social_media_follow_network social_network=\u00bbinstagram\u00bb url=\u00bbhttps:\/\/www.instagram.com\/unicuces\u00bb _builder_version=\u00bb4.27.4&#8243; _module_preset=\u00bbdefault\u00bb background_color=\u00bb#ea2c59&#8243; global_colors_info=\u00bb{}\u00bb theme_builder_area=\u00bbpost_content\u00bb follow_button=\u00bboff\u00bb url_new_window=\u00bbon\u00bb]instagram[\/et_pb_social_media_follow_network][et_pb_social_media_follow_network social_network=\u00bbyoutube\u00bb url=\u00bbhttps:\/\/www.youtube.com\/@UNICUCES\u00bb _builder_version=\u00bb4.27.4&#8243; _module_preset=\u00bbdefault\u00bb background_color=\u00bb#a82400&#8243; global_colors_info=\u00bb{}\u00bb theme_builder_area=\u00bbpost_content\u00bb follow_button=\u00bboff\u00bb url_new_window=\u00bbon\u00bb]youtube[\/et_pb_social_media_follow_network][et_pb_social_media_follow_network social_network=\u00bbtiktok\u00bb url=\u00bbhttps:\/\/www.tiktok.com\/@unicuces\u00bb _builder_version=\u00bb4.27.4&#8243; _module_preset=\u00bbdefault\u00bb background_color=\u00bb#fe2c55&#8243; global_colors_info=\u00bb{}\u00bb theme_builder_area=\u00bbpost_content\u00bb follow_button=\u00bboff\u00bb url_new_window=\u00bbon\u00bb]tiktok[\/et_pb_social_media_follow_network][\/et_pb_social_media_follow][et_pb_sidebar orientation=\u00bbright\u00bb _builder_version=\u00bb4.27.4&#8243; _module_preset=\u00bbdefault\u00bb global_colors_info=\u00bb{}\u00bb theme_builder_area=\u00bbpost_content\u00bb][\/et_pb_sidebar][\/et_pb_column][\/et_pb_section]<\/p>\n","protected":false},"excerpt":{"rendered":"<p>\u00a1Por primera vez en su historia, UNICUCES abre las puertas al programa de Derecho, una carrera esencial para quienes sue\u00f1an con defender la justicia, transformar la sociedad y construir un pa\u00eds mejor! Si alguna vez has sentido el llamado de servir, proteger derechos o representar a quienes m\u00e1s lo necesitan, este es tu momento. \ud83d\udccd [&hellip;]<\/p>\n","protected":false},"author":14,"featured_media":0,"parent":0,"menu_order":0,"comment_status":"closed","ping_status":"closed","template":"","meta":{"_et_pb_use_builder":"on","_et_pb_old_content":"","_et_gb_content_width":"","footnotes":""},"class_list":["post-20091","page","type-page","status-publish","hentry"],"_links":{"self":[{"href":"https:\/\/unicuces.edu.co\/principal\/wp-json\/wp\/v2\/pages\/20091","targetHints":{"allow":["GET"]}}],"collection":[{"href":"https:\/\/unicuces.edu.co\/principal\/wp-json\/wp\/v2\/pages"}],"about":[{"href":"https:\/\/unicuces.edu.co\/principal\/wp-json\/wp\/v2\/types\/page"}],"author":[{"embeddable":true,"href":"https:\/\/unicuces.edu.co\/principal\/wp-json\/wp\/v2\/users\/14"}],"replies":[{"embeddable":true,"href":"https:\/\/unicuces.edu.co\/principal\/wp-json\/wp\/v2\/comments?post=20091"}],"version-history":[{"count":2,"href":"https:\/\/unicuces.edu.co\/principal\/wp-json\/wp\/v2\/pages\/20091\/revisions"}],"predecessor-version":[{"id":20094,"href":"https:\/\/unicuces.edu.co\/principal\/wp-json\/wp\/v2\/pages\/20091\/revisions\/20094"}],"wp:attachment":[{"href":"https:\/\/unicuces.edu.co\/principal\/wp-json\/wp\/v2\/media?parent=20091"}],"curies":[{"name":"wp","href":"https:\/\/api.w.org\/{rel}","templated":true}]}}