{"id":19152,"date":"2024-08-09T17:24:34","date_gmt":"2024-08-09T22:24:34","guid":{"rendered":"https:\/\/unicuces.edu.co\/principal\/?page_id=19152"},"modified":"2025-08-25T12:22:01","modified_gmt":"2025-08-25T17:22:01","slug":"tecnico-laboral-auxiliar-en-gestion-logistica","status":"publish","type":"page","link":"https:\/\/unicuces.edu.co\/principal\/tecnico-laboral-auxiliar-en-gestion-logistica\/","title":{"rendered":"T\u00e9cnico Laboral en Auxiliar en Gesti\u00f3n Log\u00edstica, Inventarios y Suministros"},"content":{"rendered":"\n[et_pb_section fb_built=\u00bb1&#8243; fullwidth=\u00bbon\u00bb _builder_version=\u00bb4.24.3&#8243; _module_preset=\u00bbdefault\u00bb global_colors_info=\u00bb{}\u00bb][et_pb_fullwidth_image src=\u00bbhttps:\/\/unicuces.edu.co\/principal\/wp-content\/uploads\/2024\/08\/Tecnico-Laboral-UNICUCES-CALI-NORTE-04-scaled.jpg\u00bb title_text=\u00bbTecnico-Laboral-UNICUCES-CALI-NORTE-04&#8243; _builder_version=\u00bb4.26.0&#8243; _module_preset=\u00bbdefault\u00bb global_colors_info=\u00bb{}\u00bb][\/et_pb_fullwidth_image][\/et_pb_section][et_pb_section fb_built=\u00bb1&#8243; module_id=\u00bbzona-1&#8243; _builder_version=\u00bb4.16&#8243; custom_padding=\u00bb0px||||false|false\u00bb global_colors_info=\u00bb{}\u00bb][et_pb_row column_structure=\u00bb2_5,3_5&#8243; _builder_version=\u00bb4.26.0&#8243; background_size=\u00bbinitial\u00bb background_position=\u00bbtop_left\u00bb background_repeat=\u00bbrepeat\u00bb width=\u00bb95%\u00bb width_tablet=\u00bb\u00bb width_phone=\u00bb90%\u00bb width_last_edited=\u00bbon|desktop\u00bb max_width=\u00bb2560%\u00bb max_width_tablet=\u00bb70%\u00bb max_width_phone=\u00bb90%\u00bb max_width_last_edited=\u00bbon|phone\u00bb global_colors_info=\u00bb{}\u00bb][et_pb_column type=\u00bb2_5&#8243; _builder_version=\u00bb4.16&#8243; custom_padding=\u00bb|||\u00bb global_colors_info=\u00bb{}\u00bb custom_padding__hover=\u00bb|||\u00bb][et_pb_gallery gallery_ids=\u00bb19198,19195,19196,19197,19199,19200&#8243; fullwidth=\u00bbon\u00bb _builder_version=\u00bb4.26.0&#8243; _module_preset=\u00bbdefault\u00bb width=\u00bb90%\u00bb module_alignment=\u00bbcenter\u00bb custom_margin=\u00bb2px|||||\u00bb global_colors_info=\u00bb{}\u00bb][\/et_pb_gallery][\/et_pb_column][et_pb_column type=\u00bb3_5&#8243; _builder_version=\u00bb4.16&#8243; custom_padding=\u00bb|||\u00bb global_colors_info=\u00bb{}\u00bb custom_padding__hover=\u00bb|||\u00bb][et_pb_text _builder_version=\u00bb4.27.4&#8243; custom_padding=\u00bb0px|||||\u00bb hover_enabled=\u00bb0&#8243; border_width_left=\u00bb1px\u00bb border_color_left=\u00bbrgba(239,239,239,0.92)\u00bb global_colors_info=\u00bb{}\u00bb sticky_enabled=\u00bb0&#8243;]<h1 style=\"text-align: center;\"><strong><\/strong><\/h1>\n<h1 style=\"text-align: center;\"><strong><\/strong><\/h1>\n<h1 style=\"text-align: center;\"><strong style=\"font-size: 26px; color: #0b1f66;\">CERTIF\u00cdCATE COMO<\/strong><strong><\/strong><\/h1>\n<h2 style=\"text-align: center;\"><span style=\"color: #0b1f66;\">T\u00e9cnico Laboral por Competencias en<\/span><\/h2>\n<h4 style=\"text-align: center;\"><span style=\"color: #0b1f66;\">Auxiliar en Gesti\u00f3n Log\u00edstica, Inventarios y Suministros\u00a0<\/span><\/h4>\n<h1 style=\"text-align: center;\"><span style=\"color: #0b1f66;\"><strong><\/strong><\/span><\/h1>\n<p style=\"text-align: center;\"><span style=\"color: #0b1f66;\"><strong><\/strong><\/span><\/p>\n<p style=\"text-align: center;\"><span style=\"color: #0b1f66;\"><strong><\/strong><\/span><\/p>\n<h1 style=\"text-align: center;\"><span style=\"color: #0b1f66;\"><strong>Registro SEM<\/strong><\/span><\/h1>\n<h4 style=\"text-align: center;\"><span style=\"color: #0b1f66;\">Resoluci\u00f3n N\u00b0 4143.010.21.0.04058\u2013 Agosto 08 del 2024<\/span><\/h4>\n<h4 style=\"text-align: center;\"><span style=\"color: #0b1f66;\">Resoluci\u00f3n N\u00b0 4143.010.21.0.00781\u2013 Febrero 14 del 2023<\/span><\/h4>\n<h1 style=\"text-align: center;\"><span style=\"color: #0b1f66;\"><strong><\/strong><\/span><\/h1>\n<h1 style=\"text-align: center;\"><span style=\"color: #0b1f66;\"><strong><\/strong><\/span><\/h1>\n<h1 style=\"text-align: center;\"><span style=\"color: #0b1f66;\"><strong><\/strong><\/span><\/h1>\n<h1 style=\"text-align: center;\"><span style=\"color: #0b1f66;\"><strong>Duraci\u00f3n<\/strong><\/span><\/h1>\n<h4 style=\"text-align: center;\"><span style=\"color: #0b1f66;\">1200 Horas<\/span><\/h4>\n<table border=\"0\" style=\"height: 114px; width: 107.413%; border-collapse: collapse;\" height=\"114\">\n<tbody>\n<tr>\n<td style=\"width: 50%; text-align: center;\"><a href=\"https:\/\/unicuces.edu.co\/principal\/wp-content\/uploads\/2024\/11\/ALI-Pensum.pdf\"><img loading=\"lazy\" decoding=\"async\" src=\"https:\/\/unicuces.edu.co\/principal\/wp-content\/uploads\/2024\/05\/BANNER-14.png\" width=\"334\" height=\"117\" alt=\"\" class=\"wp-image-18261 alignnone size-full\" \/><\/a><\/td>\n<td style=\"width: 50%; text-align: center;\"><a href=\"https:\/\/unicuces.edu.co\/principal\/wp-content\/uploads\/2025\/08\/RESOLUCION-2023-2024-TECNICO-LABORAL-AUXILIAR-EN-GESTION-LOGISTICA-INVENTARIOS-Y-SUMINISTROS.pdf\"><img loading=\"lazy\" decoding=\"async\" src=\"https:\/\/unicuces.edu.co\/principal\/wp-content\/uploads\/2024\/05\/BANNER-13.png\" width=\"329\" height=\"116\" alt=\"\" class=\"wp-image-18260 alignnone size-full\" style=\"font-family: inherit; font-size: inherit;\" \/><\/a><\/td>\n<\/tr>\n<\/tbody>\n<\/table>\n<p style=\"text-align: center;\"><!-- --><\/p>[\/et_pb_text][\/et_pb_column][\/et_pb_row][\/et_pb_section][et_pb_section fb_built=\u00bb1&#8243; _builder_version=\u00bb4.26.0&#8243; background_color=\u00bb#5B8500&#8243; parallax=\u00bbon\u00bb global_colors_info=\u00bb{}\u00bb][et_pb_row column_structure=\u00bb1_5,1_5,1_5,1_5,1_5&#8243; _builder_version=\u00bb4.16&#8243; background_size=\u00bbinitial\u00bb background_position=\u00bbtop_left\u00bb background_repeat=\u00bbrepeat\u00bb global_colors_info=\u00bb{}\u00bb][et_pb_column type=\u00bb1_5&#8243; _builder_version=\u00bb4.16&#8243; custom_padding=\u00bb|||\u00bb global_colors_info=\u00bb{}\u00bb custom_padding__hover=\u00bb|||\u00bb][et_pb_blurb title=\u00bbUbicaci\u00f3n Estrat\u00e9gica\u00bb use_icon=\u00bbon\u00bb font_icon=\u00bb&#xe01d;||divi||400&#8243; image_icon_background_color=\u00bb#ffffff\u00bb image_icon_width=\u00bb48px\u00bb admin_label=\u00bbBlurb\u00bb _builder_version=\u00bb4.17.0&#8243; header_font=\u00bb|700|||||||\u00bb background_size=\u00bbinitial\u00bb background_position=\u00bbtop_left\u00bb background_repeat=\u00bbrepeat\u00bb image_icon_custom_padding=\u00bb25px|25px|25px|25px|false|false\u00bb text_orientation=\u00bbcenter\u00bb background_layout=\u00bbdark\u00bb animation=\u00bboff\u00bb border_radii_image=\u00bbon|100%|100%|100%|100%\u00bb use_circle=\u00bbon\u00bb circle_color=\u00bb#ffffff\u00bb global_colors_info=\u00bb{}\u00bb image_icon_background_color__sticky_enabled=\u00bb#ab001d\u00bb image_icon_background_color__sticky=\u00bb#ab001d\u00bb]<p>Estamos ubicados una zona de facil acceso en el Barrio Granada, Sector Centro &#8211; Norte, en la Comuna 2.<\/p>[\/et_pb_blurb][\/et_pb_column][et_pb_column type=\u00bb1_5&#8243; _builder_version=\u00bb4.16&#8243; custom_padding=\u00bb|||\u00bb global_colors_info=\u00bb{}\u00bb custom_padding__hover=\u00bb|||\u00bb][et_pb_blurb title=\u00bbFormas de Pago\u00bb use_icon=\u00bbon\u00bb font_icon=\u00bb&#xe100;||divi||400&#8243; image_icon_background_color=\u00bb#ffffff\u00bb image_icon_width=\u00bb48px\u00bb admin_label=\u00bbBlurb\u00bb _builder_version=\u00bb4.17.0&#8243; header_font=\u00bb|700|||||||\u00bb background_size=\u00bbinitial\u00bb background_position=\u00bbtop_left\u00bb background_repeat=\u00bbrepeat\u00bb image_icon_custom_padding=\u00bb25px|25px|25px|25px|false|false\u00bb text_orientation=\u00bbcenter\u00bb background_layout=\u00bbdark\u00bb animation=\u00bboff\u00bb border_radii_image=\u00bbon|100%|100%|100%|100%\u00bb use_circle=\u00bbon\u00bb circle_color=\u00bb#ffffff\u00bb global_colors_info=\u00bb{}\u00bb image_icon_background_color__sticky_enabled=\u00bb#ab001d\u00bb image_icon_background_color__sticky=\u00bb#ab001d\u00bb]<p>Contamos con opciones de pago tales como: Contado (Efectivo \/ Cheque),\u00a0<span style=\"font-size: 14px;\">Tarjetas (Cr\u00e9dito \/ D\u00e9bito)<\/span><\/p>[\/et_pb_blurb][\/et_pb_column][et_pb_column type=\u00bb1_5&#8243; _builder_version=\u00bb4.16&#8243; custom_padding=\u00bb|||\u00bb global_colors_info=\u00bb{}\u00bb custom_padding__hover=\u00bb|||\u00bb][et_pb_blurb title=\u00bbFinanciamiento Directo\u00bb use_icon=\u00bbon\u00bb font_icon=\u00bb&#xe0ed;||divi||400&#8243; image_icon_background_color=\u00bb#ffffff\u00bb image_icon_width=\u00bb48px\u00bb admin_label=\u00bbBlurb\u00bb _builder_version=\u00bb4.17.0&#8243; header_font=\u00bb|700|||||||\u00bb background_size=\u00bbinitial\u00bb background_position=\u00bbtop_left\u00bb background_repeat=\u00bbrepeat\u00bb image_icon_custom_padding=\u00bb25px|25px|25px|25px|false|false\u00bb text_orientation=\u00bbcenter\u00bb background_layout=\u00bbdark\u00bb animation=\u00bboff\u00bb border_radii_image=\u00bbon|100%|100%|100%|100%\u00bb use_circle=\u00bbon\u00bb circle_color=\u00bb#ffffff\u00bb global_colors_info=\u00bb{}\u00bb image_icon_background_color__sticky_enabled=\u00bb#ab001d\u00bb image_icon_background_color__sticky=\u00bb#ab001d\u00bb]<p>Contamos con el beneficio de financiamiento directamente con UNICUCES.<\/p>[\/et_pb_blurb][\/et_pb_column][et_pb_column type=\u00bb1_5&#8243; _builder_version=\u00bb4.16&#8243; custom_padding=\u00bb|||\u00bb global_colors_info=\u00bb{}\u00bb custom_padding__hover=\u00bb|||\u00bb][et_pb_blurb title=\u00bbApoyo a la Viculaci\u00f3n Laboral\u00bb use_icon=\u00bbon\u00bb font_icon=\u00bb&#xe108;||divi||400&#8243; image_icon_background_color=\u00bb#ffffff\u00bb image_icon_width=\u00bb48px\u00bb admin_label=\u00bbBlurb\u00bb _builder_version=\u00bb4.17.0&#8243; header_font=\u00bb|700|||||||\u00bb background_size=\u00bbinitial\u00bb background_position=\u00bbtop_left\u00bb background_repeat=\u00bbrepeat\u00bb image_icon_custom_padding=\u00bb25px|25px|25px|25px|false|false\u00bb text_orientation=\u00bbcenter\u00bb background_layout=\u00bbdark\u00bb animation=\u00bboff\u00bb border_radii_image=\u00bbon|100%|100%|100%|100%\u00bb use_circle=\u00bbon\u00bb circle_color=\u00bb#ffffff\u00bb global_colors_info=\u00bb{}\u00bb image_icon_background_color__sticky_enabled=\u00bb#ab001d\u00bb image_icon_background_color__sticky=\u00bb#ab001d\u00bb]<p>Contamos con el\u00a0 Servicio de Empleo VICUL\u00c9MONOS y con convenios para pr\u00e1cticas y pasant\u00edas empresariales.<\/p>[\/et_pb_blurb][\/et_pb_column][et_pb_column type=\u00bb1_5&#8243; _builder_version=\u00bb4.16&#8243; custom_padding=\u00bb|||\u00bb global_colors_info=\u00bb{}\u00bb custom_padding__hover=\u00bb|||\u00bb][et_pb_blurb title=\u00bbOferta Acad\u00e9mica Diversa\u00bb use_icon=\u00bbon\u00bb font_icon=\u00bb&#x4c;||divi||400&#8243; image_icon_background_color=\u00bb#ffffff\u00bb image_icon_width=\u00bb48px\u00bb admin_label=\u00bbBlurb\u00bb _builder_version=\u00bb4.17.0&#8243; header_font=\u00bb|700|||||||\u00bb background_size=\u00bbinitial\u00bb background_position=\u00bbtop_left\u00bb background_repeat=\u00bbrepeat\u00bb image_icon_custom_padding=\u00bb25px|25px|25px|25px|false|false\u00bb text_orientation=\u00bbcenter\u00bb background_layout=\u00bbdark\u00bb animation=\u00bboff\u00bb border_radii_image=\u00bbon|100%|100%|100%|100%\u00bb use_circle=\u00bbon\u00bb circle_color=\u00bb#ffffff\u00bb global_colors_info=\u00bb{}\u00bb image_icon_background_color__sticky_enabled=\u00bb#ab001d\u00bb image_icon_background_color__sticky=\u00bb#ab001d\u00bb]<p>Contamos con Programas Acad\u00e9micos\u00a0 de Pregrado, Posgrado y Educaci\u00f3n Continua.<\/p>[\/et_pb_blurb][\/et_pb_column][\/et_pb_row][\/et_pb_section][et_pb_section fb_built=\u00bb1&#8243; _builder_version=\u00bb4.26.0&#8243; background_color=\u00bbRGBA(255,255,255,0)\u00bb parallax=\u00bbon\u00bb global_colors_info=\u00bb{}\u00bb][et_pb_row _builder_version=\u00bb4.26.0&#8243; _module_preset=\u00bbdefault\u00bb global_colors_info=\u00bb{}\u00bb][et_pb_column type=\u00bb4_4&#8243; _builder_version=\u00bb4.26.0&#8243; _module_preset=\u00bbdefault\u00bb global_colors_info=\u00bb{}\u00bb][et_pb_contact_form captcha=\u00bboff\u00bb email=\u00bbunicucescontactcenter@gmail.com, educontinua@unicuces.edu.co\u00bb title=\u00bbNuestros asesores acad\u00e9micos resolver\u00e1n tus dudas\u00bb custom_message=\u00bbNombre prospecto: %%Nombre%%||et_pb_line_break_holder||||et_pb_line_break_holder||N\u00famero de contacto: %%Celular%%||et_pb_line_break_holder||||et_pb_line_break_holder||Link directo a WhatsApp: https:\/\/wa.me\/57%%Celular%%||et_pb_line_break_holder||||et_pb_line_break_holder||Correo electr\u00f3nico: %%Email%%||et_pb_line_break_holder||||et_pb_line_break_holder||||et_pb_line_break_holder||Programa de Inter\u00e9s: ||et_pb_line_break_holder||T\u00e9cnico Laboral Auxiliar en Gesti\u00f3n Log\u00edstica, ||et_pb_line_break_holder||Inventarios y Suministros||et_pb_line_break_holder||\u00bb success_message=\u00bb\u00a1Tu solicitud fue enviada! En breve nos contact\u00e1remos con usted!\u00bb submit_button_text=\u00bbENVIAR\u00bb title_last_edited=\u00bboff|desktop\u00bb _builder_version=\u00bb4.26.0&#8243; _module_preset=\u00bbdefault\u00bb _unique_id=\u00bb0fd56c17-3465-456d-8d52-1dddc317c1a9&#8243; title_text_color=\u00bb#0B1F66&#8243; title_font_size=\u00bb20px\u00bb form_field_text_align=\u00bbcenter\u00bb custom_button=\u00bbon\u00bb button_text_size=\u00bb18px\u00bb button_text_color=\u00bb#FFFFFF\u00bb button_bg_color=\u00bb#DD5A0C\u00bb button_border_width=\u00bb0px\u00bb button_border_radius=\u00bb73px\u00bb button_letter_spacing=\u00bb4px\u00bb button_font=\u00bb|700|||||||\u00bb button_icon=\u00bb&#x52;||divi||400&#8243; button_icon_color=\u00bb#FFFFFF\u00bb button_icon_placement=\u00bbleft\u00bb button_on_hover=\u00bboff\u00bb button_custom_margin=\u00bb||||false|false\u00bb button_custom_padding=\u00bb9px|57px||72px|false|false\u00bb text_orientation=\u00bbcenter\u00bb min_height=\u00bb414.5px\u00bb custom_margin=\u00bb1px|||||\u00bb custom_padding=\u00bb|0px||||\u00bb box_shadow_style_button=\u00bbpreset1&#8243; box_shadow_spread_button=\u00bb4px\u00bb locked=\u00bboff\u00bb global_colors_info=\u00bb{}\u00bb button_bg_color__hover_enabled=\u00bbon|hover\u00bb button_bg_color__hover=\u00bb#AB001D\u00bb button_bg_enable_color__hover=\u00bbon\u00bb][et_pb_contact_field field_id=\u00bbNombre\u00bb field_title=\u00bbNombre completo*\u00bb fullwidth_field=\u00bbon\u00bb _builder_version=\u00bb4.16&#8243; global_colors_info=\u00bb{}\u00bb button_text_size__hover_enabled=\u00bboff\u00bb button_one_text_size__hover_enabled=\u00bboff\u00bb button_two_text_size__hover_enabled=\u00bboff\u00bb button_text_color__hover_enabled=\u00bboff\u00bb button_one_text_color__hover_enabled=\u00bboff\u00bb button_two_text_color__hover_enabled=\u00bboff\u00bb button_border_width__hover_enabled=\u00bboff\u00bb button_one_border_width__hover_enabled=\u00bboff\u00bb button_two_border_width__hover_enabled=\u00bboff\u00bb button_border_color__hover_enabled=\u00bboff\u00bb button_one_border_color__hover_enabled=\u00bboff\u00bb button_two_border_color__hover_enabled=\u00bboff\u00bb button_border_radius__hover_enabled=\u00bboff\u00bb button_one_border_radius__hover_enabled=\u00bboff\u00bb button_two_border_radius__hover_enabled=\u00bboff\u00bb button_letter_spacing__hover_enabled=\u00bboff\u00bb button_one_letter_spacing__hover_enabled=\u00bboff\u00bb button_two_letter_spacing__hover_enabled=\u00bboff\u00bb button_bg_color__hover_enabled=\u00bboff\u00bb button_one_bg_color__hover_enabled=\u00bboff\u00bb button_two_bg_color__hover_enabled=\u00bboff\u00bb][\/et_pb_contact_field][et_pb_contact_field field_id=\u00bbEmail\u00bb field_title=\u00bbCorreo electr\u00f3nico*\u00bb field_type=\u00bbemail\u00bb fullwidth_field=\u00bbon\u00bb _builder_version=\u00bb4.16&#8243; global_colors_info=\u00bb{}\u00bb button_text_size__hover_enabled=\u00bboff\u00bb button_one_text_size__hover_enabled=\u00bboff\u00bb button_two_text_size__hover_enabled=\u00bboff\u00bb button_text_color__hover_enabled=\u00bboff\u00bb button_one_text_color__hover_enabled=\u00bboff\u00bb button_two_text_color__hover_enabled=\u00bboff\u00bb button_border_width__hover_enabled=\u00bboff\u00bb button_one_border_width__hover_enabled=\u00bboff\u00bb button_two_border_width__hover_enabled=\u00bboff\u00bb button_border_color__hover_enabled=\u00bboff\u00bb button_one_border_color__hover_enabled=\u00bboff\u00bb button_two_border_color__hover_enabled=\u00bboff\u00bb button_border_radius__hover_enabled=\u00bboff\u00bb button_one_border_radius__hover_enabled=\u00bboff\u00bb button_two_border_radius__hover_enabled=\u00bboff\u00bb button_letter_spacing__hover_enabled=\u00bboff\u00bb button_one_letter_spacing__hover_enabled=\u00bboff\u00bb button_two_letter_spacing__hover_enabled=\u00bboff\u00bb button_bg_color__hover_enabled=\u00bboff\u00bb button_one_bg_color__hover_enabled=\u00bboff\u00bb button_two_bg_color__hover_enabled=\u00bboff\u00bb][\/et_pb_contact_field][et_pb_contact_field field_id=\u00bbCelular\u00bb field_title=\u00bbN\u00famero de contacto*\u00bb allowed_symbols=\u00bbnumbers\u00bb fullwidth_field=\u00bbon\u00bb _builder_version=\u00bb4.16&#8243; _module_preset=\u00bbdefault\u00bb global_colors_info=\u00bb{}\u00bb][\/et_pb_contact_field][et_pb_contact_field field_id=\u00bbAutorizo\u00bb field_title=\u00bb-\u00bb field_type=\u00bbcheckbox\u00bb checkbox_options=\u00bb%91{%22value%22:%22Autorizo el tratamiento de mis datos personales &#8211; %22,%22checked%22:1,%22dragID%22:-1,%22link_text%22:%22Ver Pol\u00edtica%22,%22link_url%22:%22https:\/\/www.unicuces.edu.co\/principal\/imagenes-UNICUCES\/Documentos-UNICUCES\/Politica%20De-Tratamiento-de-Informacion-y-Datos-Personales.html%22}%93&#8243; fullwidth_field=\u00bbon\u00bb _builder_version=\u00bb4.16&#8243; _module_preset=\u00bbdefault\u00bb global_colors_info=\u00bb{}\u00bb][\/et_pb_contact_field][\/et_pb_contact_form][\/et_pb_column][\/et_pb_row][\/et_pb_section]\n","protected":false},"excerpt":{"rendered":"<p>CERTIF\u00cdCATE COMO T\u00e9cnico Laboral por Competencias en Auxiliar en Gesti\u00f3n Log\u00edstica, Inventarios y Suministros\u00a0 Registro SEM Resoluci\u00f3n N\u00b0 4143.010.21.0.04058\u2013 Agosto 08 del 2024 Resoluci\u00f3n N\u00b0 4143.010.21.0.00781\u2013 Febrero 14 del 2023 Duraci\u00f3n 1200 Horas Estamos ubicados una zona de facil acceso en el Barrio Granada, Sector Centro &#8211; Norte, en la Comuna 2.Contamos con opciones de [&hellip;]<\/p>\n","protected":false},"author":20,"featured_media":0,"parent":0,"menu_order":0,"comment_status":"closed","ping_status":"closed","template":"","meta":{"_et_pb_use_builder":"on","_et_pb_old_content":"","_et_gb_content_width":"","footnotes":""},"class_list":["post-19152","page","type-page","status-publish","hentry"],"_links":{"self":[{"href":"https:\/\/unicuces.edu.co\/principal\/wp-json\/wp\/v2\/pages\/19152","targetHints":{"allow":["GET"]}}],"collection":[{"href":"https:\/\/unicuces.edu.co\/principal\/wp-json\/wp\/v2\/pages"}],"about":[{"href":"https:\/\/unicuces.edu.co\/principal\/wp-json\/wp\/v2\/types\/page"}],"author":[{"embeddable":true,"href":"https:\/\/unicuces.edu.co\/principal\/wp-json\/wp\/v2\/users\/20"}],"replies":[{"embeddable":true,"href":"https:\/\/unicuces.edu.co\/principal\/wp-json\/wp\/v2\/comments?post=19152"}],"version-history":[{"count":10,"href":"https:\/\/unicuces.edu.co\/principal\/wp-json\/wp\/v2\/pages\/19152\/revisions"}],"predecessor-version":[{"id":20162,"href":"https:\/\/unicuces.edu.co\/principal\/wp-json\/wp\/v2\/pages\/19152\/revisions\/20162"}],"wp:attachment":[{"href":"https:\/\/unicuces.edu.co\/principal\/wp-json\/wp\/v2\/media?parent=19152"}],"curies":[{"name":"wp","href":"https:\/\/api.w.org\/{rel}","templated":true}]}}