{"id":19049,"date":"2024-08-08T12:30:52","date_gmt":"2024-08-08T17:30:52","guid":{"rendered":"https:\/\/unicuces.edu.co\/principal\/?page_id=19049"},"modified":"2025-01-20T13:45:34","modified_gmt":"2025-01-20T18:45:34","slug":"especializacion-en-seguridad-y-salud-en-el-trabajo","status":"publish","type":"page","link":"https:\/\/unicuces.edu.co\/principal\/especializacion-en-seguridad-y-salud-en-el-trabajo\/","title":{"rendered":"Especializaci\u00f3n en Seguridad y Salud en el Trabajo"},"content":{"rendered":"<p>[et_pb_section fb_built=\u00bb1&#8243; fullwidth=\u00bbon\u00bb _builder_version=\u00bb4.24.3&#8243; _module_preset=\u00bbdefault\u00bb global_colors_info=\u00bb{}\u00bb][et_pb_fullwidth_image src=\u00bbhttps:\/\/unicuces.edu.co\/principal\/wp-content\/uploads\/2024\/08\/PREGRADO-UNICUCES-13.png\u00bb title_text=\u00bbPREGRADO UNICUCES-13&#8243; _builder_version=\u00bb4.26.0&#8243; _module_preset=\u00bbdefault\u00bb global_colors_info=\u00bb{}\u00bb][\/et_pb_fullwidth_image][\/et_pb_section][et_pb_section fb_built=\u00bb1&#8243; module_id=\u00bbzona-1&#8243; _builder_version=\u00bb4.16&#8243; custom_padding=\u00bb0px||||false|false\u00bb global_colors_info=\u00bb{}\u00bb][et_pb_row column_structure=\u00bb1_2,1_2&#8243; _builder_version=\u00bb4.26.0&#8243; background_size=\u00bbinitial\u00bb background_position=\u00bbtop_left\u00bb background_repeat=\u00bbrepeat\u00bb width=\u00bb95%\u00bb width_tablet=\u00bb\u00bb width_phone=\u00bb90%\u00bb width_last_edited=\u00bbon|desktop\u00bb max_width=\u00bb2560%\u00bb max_width_tablet=\u00bb70%\u00bb max_width_phone=\u00bb90%\u00bb max_width_last_edited=\u00bbon|phone\u00bb global_colors_info=\u00bb{}\u00bb][et_pb_column type=\u00bb1_2&#8243; _builder_version=\u00bb4.16&#8243; custom_padding=\u00bb|||\u00bb global_colors_info=\u00bb{}\u00bb custom_padding__hover=\u00bb|||\u00bb][et_pb_text _builder_version=\u00bb4.27.4&#8243; module_alignment=\u00bbcenter\u00bb custom_padding=\u00bb0px|||||\u00bb hover_enabled=\u00bb0&#8243; border_width_left=\u00bb1px\u00bb border_color_left=\u00bbrgba(239,239,239,0.92)\u00bb global_colors_info=\u00bb{}\u00bb sticky_enabled=\u00bb0&#8243;]<\/p>\n<table border=\"0\" style=\"height: 308px; width: 100%; border-collapse: collapse;\" height=\"362\">\n<tbody>\n<tr>\n<td style=\"width: 100%;\">\n<h3 style=\"color: #ffffff; text-align: center;\"><strong><span style=\"color: #000080;\">Especializaci\u00f3n en<\/span><\/strong><\/h3>\n<h2 style=\"margin: -8px 0px 0px; color: #ffffff; text-align: center;\"><span style=\"font-size: xx-large; color: #800000;\"><b>Seguridad y Salud en el Trabajo<\/b><\/span><\/h2>\n<h3 style=\"color: #ffffff; text-align: center;\"><span style=\"font-size: medium; color: #000080;\"><strong><\/strong><\/span><\/h3>\n<h3 style=\"color: #ffffff; text-align: center;\"><span style=\"font-size: medium; color: #000080;\"><strong>T\u00cdTULO: <\/strong>Especialista en Seguridad y Salud en el Trabajo<\/span><\/h3>\n<h3 style=\"color: #ffffff; text-align: center;\"><strong style=\"color: #000080; font-size: medium;\">C\u00d3DIGO SNIES:<\/strong><span style=\"color: #000080; font-size: medium;\"> 111655<\/span><\/h3>\n<h3 style=\"color: #ffffff; text-align: center;\"><span style=\"font-size: medium; color: #000080;\"><strong>REGISTRO CALIFICADO<\/strong> M.E.N. Res. 006798 &#8211; Abril 26 de 2023<\/span><\/h3>\n<h3 style=\"color: #ffffff; text-align: center;\"><span style=\"font-size: medium; color: #000080;\"><strong>Cr\u00e9ditos Acad\u00e9micos:<\/strong> 2<\/span><\/h3>\n<\/td>\n<\/tr>\n<\/tbody>\n<\/table>\n<table border=\"0\" style=\"height: 227px; width: 100.572%; border-collapse: collapse; margin-left: auto; margin-right: auto;\" height=\"131\">\n<tbody>\n<tr>\n<td style=\"width: 50%;\"><a href=\"https:\/\/unicuces.edu.co\/principal\/wp-content\/uploads\/2025\/01\/Portafolio-Posgrado-Individual.pdf\"><img loading=\"lazy\" decoding=\"async\" src=\"https:\/\/unicuces.edu.co\/principal\/wp-content\/uploads\/2024\/05\/BANNER-14.png\" width=\"311\" height=\"109\" style=\"display: block; margin-left: auto; margin-right: auto;\" \/><\/a><\/td>\n<td style=\"width: 50%;\"><a href=\"https:\/\/unicuces.edu.co\/principal\/wp-content\/uploads\/2024\/08\/ESP.-SEG.-SAL.-TRABAJO.pdf\"><img loading=\"lazy\" decoding=\"async\" src=\"https:\/\/unicuces.edu.co\/principal\/wp-content\/uploads\/2024\/05\/BANNER-13.png\" width=\"300\" height=\"105\" style=\"display: block; margin-left: auto; margin-right: auto;\" \/><\/a><\/td>\n<\/tr>\n<\/tbody>\n<\/table>\n<p>[\/et_pb_text][\/et_pb_column][et_pb_column type=\u00bb1_2&#8243; _builder_version=\u00bb4.16&#8243; custom_padding=\u00bb|||\u00bb hover_enabled=\u00bb0&#8243; global_colors_info=\u00bb{}\u00bb custom_padding__hover=\u00bb|||\u00bb sticky_enabled=\u00bb0&#8243;][et_pb_contact_form captcha=\u00bboff\u00bb email=\u00bbmercadeo@unicuces.edu.co\u00bb title=\u00bbNuestros asesores acad\u00e9micos resolver\u00e1n tus dudas\u00bb custom_message=\u00bbNombre prospecto: %%Nombre%%||et_pb_line_break_holder||||et_pb_line_break_holder||N\u00famero de contacto: %%Celular%%||et_pb_line_break_holder||||et_pb_line_break_holder||Link directo a WhatsApp: https:\/\/wa.me\/57%%Celular%%||et_pb_line_break_holder||||et_pb_line_break_holder||Correo electr\u00f3nico: %%Email%%||et_pb_line_break_holder||||et_pb_line_break_holder||Tema: %%Para%%||et_pb_line_break_holder||||et_pb_line_break_holder||Programa de Inter\u00e9s: Especializaci\u00f3n enSeguridad y Salud en el Trabajo||et_pb_line_break_holder||\u00bb success_message=\u00bb\u00a1Tu solicitud fue enviada! En breve nos contact\u00e1remos con usted!\u00bb submit_button_text=\u00bbENVIAR\u00bb title_last_edited=\u00bboff|desktop\u00bb _builder_version=\u00bb4.27.0&#8243; _module_preset=\u00bbdefault\u00bb _unique_id=\u00bb0fd56c17-3465-456d-8d52-1dddc317c1a9&#8243; title_text_color=\u00bb#0B1F66&#8243; title_font_size=\u00bb20px\u00bb form_field_text_align=\u00bbcenter\u00bb custom_button=\u00bbon\u00bb button_text_size=\u00bb18px\u00bb button_text_color=\u00bb#FFFFFF\u00bb button_bg_color=\u00bb#f41313&#8243; button_border_width=\u00bb0px\u00bb button_border_radius=\u00bb73px\u00bb button_letter_spacing=\u00bb4px\u00bb button_font=\u00bb|700|||||||\u00bb button_icon=\u00bb&#x52;||divi||400&#8243; button_icon_color=\u00bb#FFFFFF\u00bb button_icon_placement=\u00bbleft\u00bb button_on_hover=\u00bboff\u00bb button_custom_margin=\u00bb||||false|false\u00bb button_custom_padding=\u00bb9px|57px||72px|false|false\u00bb text_orientation=\u00bbcenter\u00bb min_height=\u00bb414.5px\u00bb custom_margin=\u00bb4px|||||\u00bb box_shadow_style_button=\u00bbpreset1&#8243; box_shadow_spread_button=\u00bb4px\u00bb locked=\u00bboff\u00bb global_colors_info=\u00bb{}\u00bb button_bg_color__hover_enabled=\u00bbon|hover\u00bb button_bg_color__hover=\u00bb#AB001D\u00bb button_bg_enable_color__hover=\u00bbon\u00bb][et_pb_contact_field field_id=\u00bbNombre\u00bb field_title=\u00bbNombre completo*\u00bb fullwidth_field=\u00bbon\u00bb _builder_version=\u00bb4.16&#8243; global_colors_info=\u00bb{}\u00bb button_text_size__hover_enabled=\u00bboff\u00bb button_one_text_size__hover_enabled=\u00bboff\u00bb button_two_text_size__hover_enabled=\u00bboff\u00bb button_text_color__hover_enabled=\u00bboff\u00bb button_one_text_color__hover_enabled=\u00bboff\u00bb button_two_text_color__hover_enabled=\u00bboff\u00bb button_border_width__hover_enabled=\u00bboff\u00bb button_one_border_width__hover_enabled=\u00bboff\u00bb button_two_border_width__hover_enabled=\u00bboff\u00bb button_border_color__hover_enabled=\u00bboff\u00bb button_one_border_color__hover_enabled=\u00bboff\u00bb button_two_border_color__hover_enabled=\u00bboff\u00bb button_border_radius__hover_enabled=\u00bboff\u00bb button_one_border_radius__hover_enabled=\u00bboff\u00bb button_two_border_radius__hover_enabled=\u00bboff\u00bb button_letter_spacing__hover_enabled=\u00bboff\u00bb button_one_letter_spacing__hover_enabled=\u00bboff\u00bb button_two_letter_spacing__hover_enabled=\u00bboff\u00bb button_bg_color__hover_enabled=\u00bboff\u00bb button_one_bg_color__hover_enabled=\u00bboff\u00bb button_two_bg_color__hover_enabled=\u00bboff\u00bb][\/et_pb_contact_field][et_pb_contact_field field_id=\u00bbEmail\u00bb field_title=\u00bbCorreo electr\u00f3nico*\u00bb field_type=\u00bbemail\u00bb fullwidth_field=\u00bbon\u00bb _builder_version=\u00bb4.16&#8243; global_colors_info=\u00bb{}\u00bb button_text_size__hover_enabled=\u00bboff\u00bb button_one_text_size__hover_enabled=\u00bboff\u00bb button_two_text_size__hover_enabled=\u00bboff\u00bb button_text_color__hover_enabled=\u00bboff\u00bb button_one_text_color__hover_enabled=\u00bboff\u00bb button_two_text_color__hover_enabled=\u00bboff\u00bb button_border_width__hover_enabled=\u00bboff\u00bb button_one_border_width__hover_enabled=\u00bboff\u00bb button_two_border_width__hover_enabled=\u00bboff\u00bb button_border_color__hover_enabled=\u00bboff\u00bb button_one_border_color__hover_enabled=\u00bboff\u00bb button_two_border_color__hover_enabled=\u00bboff\u00bb button_border_radius__hover_enabled=\u00bboff\u00bb button_one_border_radius__hover_enabled=\u00bboff\u00bb button_two_border_radius__hover_enabled=\u00bboff\u00bb button_letter_spacing__hover_enabled=\u00bboff\u00bb button_one_letter_spacing__hover_enabled=\u00bboff\u00bb button_two_letter_spacing__hover_enabled=\u00bboff\u00bb button_bg_color__hover_enabled=\u00bboff\u00bb button_one_bg_color__hover_enabled=\u00bboff\u00bb button_two_bg_color__hover_enabled=\u00bboff\u00bb][\/et_pb_contact_field][et_pb_contact_field field_id=\u00bbCelular\u00bb field_title=\u00bbN\u00famero de contacto*\u00bb allowed_symbols=\u00bbnumbers\u00bb fullwidth_field=\u00bbon\u00bb _builder_version=\u00bb4.16&#8243; _module_preset=\u00bbdefault\u00bb global_colors_info=\u00bb{}\u00bb][\/et_pb_contact_field][et_pb_contact_field field_id=\u00bbAutorizo\u00bb field_title=\u00bb-\u00bb field_type=\u00bbcheckbox\u00bb checkbox_options=\u00bb%91{%22value%22:%22Autorizo el tratamiento de mis datos personales &#8211; %22,%22checked%22:1,%22dragID%22:-1,%22link_text%22:%22Ver Pol\u00edtica%22,%22link_url%22:%22https:\/\/www.unicuces.edu.co\/principal\/imagenes-UNICUCES\/Documentos-UNICUCES\/Politica%20De-Tratamiento-de-Informacion-y-Datos-Personales.html%22}%93&#8243; fullwidth_field=\u00bbon\u00bb _builder_version=\u00bb4.16&#8243; _module_preset=\u00bbdefault\u00bb global_colors_info=\u00bb{}\u00bb][\/et_pb_contact_field][\/et_pb_contact_form][\/et_pb_column][\/et_pb_row][\/et_pb_section][et_pb_section fb_built=\u00bb1&#8243; _builder_version=\u00bb4.26.0&#8243; background_color=\u00bb#AB001D\u00bb parallax=\u00bbon\u00bb global_colors_info=\u00bb{}\u00bb][et_pb_row _builder_version=\u00bb4.16&#8243; background_size=\u00bbinitial\u00bb background_position=\u00bbtop_left\u00bb background_repeat=\u00bbrepeat\u00bb custom_margin=\u00bb0px|||\u00bb custom_padding=\u00bb0px|||\u00bb global_colors_info=\u00bb{}\u00bb][et_pb_column type=\u00bb4_4&#8243; _builder_version=\u00bb4.16&#8243; custom_padding=\u00bb|||\u00bb global_colors_info=\u00bb{}\u00bb custom_padding__hover=\u00bb|||\u00bb][et_pb_text admin_label=\u00bbText\u00bb _builder_version=\u00bb4.17.0&#8243; background_size=\u00bbinitial\u00bb background_position=\u00bbtop_left\u00bb background_repeat=\u00bbrepeat\u00bb text_orientation=\u00bbcenter\u00bb module_alignment=\u00bbcenter\u00bb global_colors_info=\u00bb{}\u00bb]<\/p>\n<h1><span style=\"color: #ffffff;\">\u00bfPor qu\u00e9 estudiar en la UNICUCES?<\/span><\/h1>\n<p>[\/et_pb_text][\/et_pb_column][\/et_pb_row][et_pb_row column_structure=\u00bb1_4,1_4,1_4,1_4&#8243; _builder_version=\u00bb4.16&#8243; background_size=\u00bbinitial\u00bb background_position=\u00bbtop_left\u00bb background_repeat=\u00bbrepeat\u00bb global_colors_info=\u00bb{}\u00bb][et_pb_column type=\u00bb1_4&#8243; _builder_version=\u00bb4.16&#8243; custom_padding=\u00bb|||\u00bb global_colors_info=\u00bb{}\u00bb custom_padding__hover=\u00bb|||\u00bb][et_pb_blurb title=\u00bbDoble T\u00edtulo\u00bb use_icon=\u00bbon\u00bb font_icon=\u00bb&#xe106;||divi||400&#8243; image_icon_background_color=\u00bb#ffffff\u00bb image_icon_width=\u00bb48px\u00bb admin_label=\u00bbBlurb\u00bb _builder_version=\u00bb4.17.0&#8243; header_font=\u00bb|700|||||||\u00bb background_size=\u00bbinitial\u00bb background_position=\u00bbtop_left\u00bb background_repeat=\u00bbrepeat\u00bb image_icon_custom_padding=\u00bb25px|25px|25px|25px|false|false\u00bb text_orientation=\u00bbcenter\u00bb background_layout=\u00bbdark\u00bb animation=\u00bboff\u00bb border_radii_image=\u00bbon|100%|100%|100%|100%\u00bb use_circle=\u00bbon\u00bb circle_color=\u00bb#ffffff\u00bb global_colors_info=\u00bb{}\u00bb image_icon_background_color__sticky_enabled=\u00bb#ab001d\u00bb image_icon_background_color__sticky=\u00bb#ab001d\u00bb]<\/p>\n<p>Programa de Educaci\u00f3n Superior por ciclos proped\u00e9uticos (Tecnol\u00f3gico y Universitario).<\/p>\n<p>[\/et_pb_blurb][\/et_pb_column][et_pb_column type=\u00bb1_4&#8243; _builder_version=\u00bb4.16&#8243; custom_padding=\u00bb|||\u00bb global_colors_info=\u00bb{}\u00bb custom_padding__hover=\u00bb|||\u00bb][et_pb_blurb title=\u00bbUbicaci\u00f3n Estrat\u00e9gica\u00bb use_icon=\u00bbon\u00bb font_icon=\u00bb&#xe01d;||divi||400&#8243; image_icon_background_color=\u00bb#ffffff\u00bb image_icon_width=\u00bb48px\u00bb admin_label=\u00bbBlurb\u00bb _builder_version=\u00bb4.17.0&#8243; header_font=\u00bb|700|||||||\u00bb background_size=\u00bbinitial\u00bb background_position=\u00bbtop_left\u00bb background_repeat=\u00bbrepeat\u00bb image_icon_custom_padding=\u00bb25px|25px|25px|25px|false|false\u00bb text_orientation=\u00bbcenter\u00bb background_layout=\u00bbdark\u00bb animation=\u00bboff\u00bb border_radii_image=\u00bbon|100%|100%|100%|100%\u00bb use_circle=\u00bbon\u00bb circle_color=\u00bb#ffffff\u00bb global_colors_info=\u00bb{}\u00bb image_icon_background_color__sticky_enabled=\u00bb#ab001d\u00bb image_icon_background_color__sticky=\u00bb#ab001d\u00bb]<\/p>\n<p>Estamos ubicados una zona de facil acceso en el Barrio Granada, Sector Centro &#8211; Norte, en la Comuna 2.<\/p>\n<p>[\/et_pb_blurb][\/et_pb_column][et_pb_column type=\u00bb1_4&#8243; _builder_version=\u00bb4.16&#8243; custom_padding=\u00bb|||\u00bb global_colors_info=\u00bb{}\u00bb custom_padding__hover=\u00bb|||\u00bb][et_pb_blurb title=\u00bbFormas de Pago\u00bb use_icon=\u00bbon\u00bb font_icon=\u00bb&#xe100;||divi||400&#8243; image_icon_background_color=\u00bb#ffffff\u00bb image_icon_width=\u00bb48px\u00bb admin_label=\u00bbBlurb\u00bb _builder_version=\u00bb4.17.0&#8243; header_font=\u00bb|700|||||||\u00bb background_size=\u00bbinitial\u00bb background_position=\u00bbtop_left\u00bb background_repeat=\u00bbrepeat\u00bb image_icon_custom_padding=\u00bb25px|25px|25px|25px|false|false\u00bb text_orientation=\u00bbcenter\u00bb background_layout=\u00bbdark\u00bb animation=\u00bboff\u00bb border_radii_image=\u00bbon|100%|100%|100%|100%\u00bb use_circle=\u00bbon\u00bb circle_color=\u00bb#ffffff\u00bb global_colors_info=\u00bb{}\u00bb image_icon_background_color__sticky_enabled=\u00bb#ab001d\u00bb image_icon_background_color__sticky=\u00bb#ab001d\u00bb]<\/p>\n<p>Contamos con opciones de pago tales como: Contado (Efectivo \/ Cheque),\u00a0<span style=\"font-size: 14px;\">Tarjetas (Cr\u00e9dito \/ D\u00e9bito),\u00a0<\/span><span style=\"font-size: 14px;\">Cr\u00e9dito Bancario e\u00a0<\/span><span style=\"font-size: 14px;\">Icetex.<\/span><\/p>\n<p>[\/et_pb_blurb][\/et_pb_column][et_pb_column type=\u00bb1_4&#8243; _builder_version=\u00bb4.16&#8243; custom_padding=\u00bb|||\u00bb global_colors_info=\u00bb{}\u00bb custom_padding__hover=\u00bb|||\u00bb][et_pb_blurb title=\u00bbSubsidios\u00bb use_icon=\u00bbon\u00bb font_icon=\u00bb&#xe0ed;||divi||400&#8243; image_icon_background_color=\u00bb#ffffff\u00bb image_icon_width=\u00bb48px\u00bb admin_label=\u00bbBlurb\u00bb _builder_version=\u00bb4.17.0&#8243; header_font=\u00bb|700|||||||\u00bb background_size=\u00bbinitial\u00bb background_position=\u00bbtop_left\u00bb background_repeat=\u00bbrepeat\u00bb image_icon_custom_padding=\u00bb25px|25px|25px|25px|false|false\u00bb text_orientation=\u00bbcenter\u00bb background_layout=\u00bbdark\u00bb animation=\u00bboff\u00bb border_radii_image=\u00bbon|100%|100%|100%|100%\u00bb use_circle=\u00bbon\u00bb circle_color=\u00bb#ffffff\u00bb global_colors_info=\u00bb{}\u00bb image_icon_background_color__sticky_enabled=\u00bb#ab001d\u00bb image_icon_background_color__sticky=\u00bb#ab001d\u00bb]<\/p>\n<p>Contamos con subsidios para Afiliados a Cajas de Compensaci\u00f3n, Cooperativas, Empresas, Colegios y Fondos de Empleados en Convenio.<\/p>\n<p>[\/et_pb_blurb][\/et_pb_column][\/et_pb_row][et_pb_row column_structure=\u00bb1_4,1_4,1_4,1_4&#8243; _builder_version=\u00bb4.16&#8243; background_size=\u00bbinitial\u00bb background_position=\u00bbtop_left\u00bb background_repeat=\u00bbrepeat\u00bb global_colors_info=\u00bb{}\u00bb][et_pb_column type=\u00bb1_4&#8243; _builder_version=\u00bb4.16&#8243; custom_padding=\u00bb|||\u00bb global_colors_info=\u00bb{}\u00bb custom_padding__hover=\u00bb|||\u00bb][et_pb_blurb title=\u00bb\u00c9nfasis en la Investigaci\u00f3n \u00bb use_icon=\u00bbon\u00bb font_icon=\u00bb&#x55;||divi||400&#8243; image_icon_background_color=\u00bb#ffffff\u00bb image_icon_width=\u00bb48px\u00bb admin_label=\u00bbBlurb\u00bb _builder_version=\u00bb4.17.0&#8243; header_font=\u00bb|700|||||||\u00bb background_size=\u00bbinitial\u00bb background_position=\u00bbtop_left\u00bb background_repeat=\u00bbrepeat\u00bb image_icon_custom_padding=\u00bb25px|25px|25px|25px|false|false\u00bb text_orientation=\u00bbcenter\u00bb background_layout=\u00bbdark\u00bb animation=\u00bboff\u00bb border_radii_image=\u00bbon|100%|100%|100%|100%\u00bb use_circle=\u00bbon\u00bb circle_color=\u00bb#ffffff\u00bb global_colors_info=\u00bb{}\u00bb image_icon_background_color__sticky_enabled=\u00bb#ab001d\u00bb image_icon_background_color__sticky=\u00bb#ab001d\u00bb]<\/p>\n<p>Contamos con 4 Grupos de Investigaci\u00f3n reconocidos y categorizados por Minciencias.<\/p>\n<p>[\/et_pb_blurb][\/et_pb_column][et_pb_column type=\u00bb1_4&#8243; _builder_version=\u00bb4.16&#8243; custom_padding=\u00bb|||\u00bb global_colors_info=\u00bb{}\u00bb custom_padding__hover=\u00bb|||\u00bb][et_pb_blurb title=\u00bb\u00c9nfasis en la Responsabilidad Social Empresarial\u00bb use_icon=\u00bbon\u00bb font_icon=\u00bb&#xe030;||divi||400&#8243; image_icon_background_color=\u00bb#ffffff\u00bb image_icon_width=\u00bb48px\u00bb admin_label=\u00bbBlurb\u00bb _builder_version=\u00bb4.17.0&#8243; header_font=\u00bb|700|||||||\u00bb background_size=\u00bbinitial\u00bb background_position=\u00bbtop_left\u00bb background_repeat=\u00bbrepeat\u00bb image_icon_custom_padding=\u00bb25px|25px|25px|25px|false|false\u00bb text_orientation=\u00bbcenter\u00bb background_layout=\u00bbdark\u00bb animation=\u00bboff\u00bb border_radii_image=\u00bbon|100%|100%|100%|100%\u00bb use_circle=\u00bbon\u00bb circle_color=\u00bb#ffffff\u00bb global_colors_info=\u00bb{}\u00bb image_icon_background_color__sticky_enabled=\u00bb#ab001d\u00bb image_icon_background_color__sticky=\u00bb#ab001d\u00bb]<\/p>\n<p>Contamos con el Centro de Investigaci\u00f3n en Responsabilidad Social\u00a0 Empresarial CEINERSE.<\/p>\n<p>[\/et_pb_blurb][\/et_pb_column][et_pb_column type=\u00bb1_4&#8243; _builder_version=\u00bb4.16&#8243; custom_padding=\u00bb|||\u00bb global_colors_info=\u00bb{}\u00bb custom_padding__hover=\u00bb|||\u00bb][et_pb_blurb title=\u00bbApoyo a la Viculaci\u00f3n Laboral\u00bb use_icon=\u00bbon\u00bb font_icon=\u00bb&#xe108;||divi||400&#8243; image_icon_background_color=\u00bb#ffffff\u00bb image_icon_width=\u00bb48px\u00bb admin_label=\u00bbBlurb\u00bb _builder_version=\u00bb4.17.0&#8243; header_font=\u00bb|700|||||||\u00bb background_size=\u00bbinitial\u00bb background_position=\u00bbtop_left\u00bb background_repeat=\u00bbrepeat\u00bb image_icon_custom_padding=\u00bb25px|25px|25px|25px|false|false\u00bb text_orientation=\u00bbcenter\u00bb background_layout=\u00bbdark\u00bb animation=\u00bboff\u00bb border_radii_image=\u00bbon|100%|100%|100%|100%\u00bb use_circle=\u00bbon\u00bb circle_color=\u00bb#ffffff\u00bb global_colors_info=\u00bb{}\u00bb image_icon_background_color__sticky_enabled=\u00bb#ab001d\u00bb image_icon_background_color__sticky=\u00bb#ab001d\u00bb]<\/p>\n<p>Contamos con el\u00a0 Servicio de Empleo VICUL\u00c9MONOS y con convenios para pr\u00e1cticas y pasant\u00edas empresariales.<\/p>\n<p>[\/et_pb_blurb][\/et_pb_column][et_pb_column type=\u00bb1_4&#8243; _builder_version=\u00bb4.16&#8243; custom_padding=\u00bb|||\u00bb global_colors_info=\u00bb{}\u00bb custom_padding__hover=\u00bb|||\u00bb][et_pb_blurb title=\u00bbOferta Acad\u00e9mica Diversa\u00bb use_icon=\u00bbon\u00bb font_icon=\u00bb&#x4c;||divi||400&#8243; image_icon_background_color=\u00bb#ffffff\u00bb image_icon_width=\u00bb48px\u00bb admin_label=\u00bbBlurb\u00bb _builder_version=\u00bb4.17.0&#8243; header_font=\u00bb|700|||||||\u00bb background_size=\u00bbinitial\u00bb background_position=\u00bbtop_left\u00bb background_repeat=\u00bbrepeat\u00bb image_icon_custom_padding=\u00bb25px|25px|25px|25px|false|false\u00bb text_orientation=\u00bbcenter\u00bb background_layout=\u00bbdark\u00bb animation=\u00bboff\u00bb border_radii_image=\u00bbon|100%|100%|100%|100%\u00bb use_circle=\u00bbon\u00bb circle_color=\u00bb#ffffff\u00bb global_colors_info=\u00bb{}\u00bb image_icon_background_color__sticky_enabled=\u00bb#ab001d\u00bb image_icon_background_color__sticky=\u00bb#ab001d\u00bb]<\/p>\n<p>Contamos con Programas Acad\u00e9micos\u00a0 de Pregrado, Posgrado y Educaci\u00f3n Continua.<\/p>\n<p>[\/et_pb_blurb][\/et_pb_column][\/et_pb_row][\/et_pb_section]<\/p>\n","protected":false},"excerpt":{"rendered":"<p>Especializaci\u00f3n en Seguridad y Salud en el Trabajo T\u00cdTULO: Especialista en Seguridad y Salud en el Trabajo C\u00d3DIGO SNIES: 111655 REGISTRO CALIFICADO M.E.N. Res. 006798 &#8211; Abril 26 de 2023 Cr\u00e9ditos Acad\u00e9micos: 2 \u00bfPor qu\u00e9 estudiar en la UNICUCES?Programa de Educaci\u00f3n Superior por ciclos proped\u00e9uticos (Tecnol\u00f3gico y Universitario).Estamos ubicados una zona de facil acceso en [&hellip;]<\/p>\n","protected":false},"author":20,"featured_media":0,"parent":0,"menu_order":0,"comment_status":"closed","ping_status":"closed","template":"","meta":{"_et_pb_use_builder":"on","_et_pb_old_content":"","_et_gb_content_width":"","footnotes":""},"class_list":["post-19049","page","type-page","status-publish","hentry"],"_links":{"self":[{"href":"https:\/\/unicuces.edu.co\/principal\/wp-json\/wp\/v2\/pages\/19049","targetHints":{"allow":["GET"]}}],"collection":[{"href":"https:\/\/unicuces.edu.co\/principal\/wp-json\/wp\/v2\/pages"}],"about":[{"href":"https:\/\/unicuces.edu.co\/principal\/wp-json\/wp\/v2\/types\/page"}],"author":[{"embeddable":true,"href":"https:\/\/unicuces.edu.co\/principal\/wp-json\/wp\/v2\/users\/20"}],"replies":[{"embeddable":true,"href":"https:\/\/unicuces.edu.co\/principal\/wp-json\/wp\/v2\/comments?post=19049"}],"version-history":[{"count":9,"href":"https:\/\/unicuces.edu.co\/principal\/wp-json\/wp\/v2\/pages\/19049\/revisions"}],"predecessor-version":[{"id":19686,"href":"https:\/\/unicuces.edu.co\/principal\/wp-json\/wp\/v2\/pages\/19049\/revisions\/19686"}],"wp:attachment":[{"href":"https:\/\/unicuces.edu.co\/principal\/wp-json\/wp\/v2\/media?parent=19049"}],"curies":[{"name":"wp","href":"https:\/\/api.w.org\/{rel}","templated":true}]}}