{"id":18453,"date":"2024-05-28T13:21:19","date_gmt":"2024-05-28T18:21:19","guid":{"rendered":"https:\/\/unicuces.edu.co\/principal\/?page_id=18453"},"modified":"2024-05-28T17:47:51","modified_gmt":"2024-05-28T22:47:51","slug":"registro","status":"publish","type":"page","link":"https:\/\/unicuces.edu.co\/principal\/registro\/","title":{"rendered":"Registro"},"content":{"rendered":"<p>[et_pb_section fb_built=\u00bb1&#8243; fullwidth=\u00bbon\u00bb _builder_version=\u00bb4.24.3&#8243; _module_preset=\u00bbdefault\u00bb global_colors_info=\u00bb{}\u00bb][et_pb_fullwidth_image src=\u00bbhttps:\/\/unicuces.edu.co\/principal\/wp-content\/uploads\/2024\/05\/Diseno-Registro-01-scaled.jpg\u00bb title_text=\u00bbDisen\u0303o Registro-01&#8243; _builder_version=\u00bb4.25.1&#8243; _module_preset=\u00bbdefault\u00bb hover_enabled=\u00bb0&#8243; global_colors_info=\u00bb{}\u00bb sticky_enabled=\u00bb0&#8243;][\/et_pb_fullwidth_image][\/et_pb_section][et_pb_section fb_built=\u00bb1&#8243; module_id=\u00bbzona-1&#8243; _builder_version=\u00bb4.16&#8243; custom_padding=\u00bb0px||||false|false\u00bb global_colors_info=\u00bb{}\u00bb][et_pb_row disabled_on=\u00bboff|off|off\u00bb _builder_version=\u00bb4.25.1&#8243; background_size=\u00bbinitial\u00bb background_position=\u00bbtop_left\u00bb background_repeat=\u00bbrepeat\u00bb width=\u00bb90%\u00bb width_tablet=\u00bb\u00bb width_phone=\u00bb90%\u00bb width_last_edited=\u00bbon|desktop\u00bb max_width=\u00bb2560%\u00bb max_width_tablet=\u00bb70%\u00bb max_width_phone=\u00bb90%\u00bb max_width_last_edited=\u00bbon|tablet\u00bb global_colors_info=\u00bb{}\u00bb][et_pb_column type=\u00bb4_4&#8243; _builder_version=\u00bb4.16&#8243; custom_padding=\u00bb|||\u00bb global_colors_info=\u00bb{}\u00bb custom_padding__hover=\u00bb|||\u00bb][et_pb_contact_form captcha=\u00bboff\u00bb email=\u00bbunicucescontactcenter@gmail.com\u00bb title=\u00bbNuestros asesores acad\u00e9micos resolver\u00e1n tus dudas \u00bb custom_message=\u00bbNombre prospecto: %%Nombre%%||et_pb_line_break_holder||||et_pb_line_break_holder||N\u00famero de contacto: %%Celular%%||et_pb_line_break_holder||||et_pb_line_break_holder||Link directo a WhatsApp: https:\/\/wa.me\/57%%Celular%%||et_pb_line_break_holder||||et_pb_line_break_holder||Correo electr\u00f3nico: %%Email%%||et_pb_line_break_holder||||et_pb_line_break_holder||Tema: %%Para%%||et_pb_line_break_holder||||et_pb_line_break_holder||Programa de Inter\u00e9s: ADMINISTRACI\u00d3N DE EMPRESAS||et_pb_line_break_holder||||et_pb_line_break_holder||\u00bb success_message=\u00bb\u00a1Tu solicitud fue enviada! En breve nos cont\u00e1ctaremos con usted\u00bb submit_button_text=\u00bbENVIAR\u00bb _builder_version=\u00bb4.25.1&#8243; _module_preset=\u00bbdefault\u00bb _unique_id=\u00bb0fd56c17-3465-456d-8d52-1dddc317c1a9&#8243; title_text_align=\u00bbcenter\u00bb title_text_color=\u00bb#0B1F66&#8243; title_font_size=\u00bb20px\u00bb custom_button=\u00bbon\u00bb button_text_color=\u00bb#FFFFFF\u00bb button_bg_color=\u00bb#f41313&#8243; button_border_width=\u00bb0px\u00bb button_border_radius=\u00bb50px\u00bb button_letter_spacing=\u00bb1px\u00bb button_font=\u00bb|700|||||||\u00bb button_use_icon=\u00bboff\u00bb button_custom_margin=\u00bb||||false|false\u00bb button_custom_padding=\u00bb|20px||20px|false|true\u00bb locked=\u00bboff\u00bb global_colors_info=\u00bb{}\u00bb button_bg_color__hover_enabled=\u00bbon|hover\u00bb button_bg_color__hover=\u00bb#AB001D\u00bb button_bg_enable_color__hover=\u00bbon\u00bb][et_pb_contact_field field_id=\u00bbNombre\u00bb field_title=\u00bbNombre completo*\u00bb fullwidth_field=\u00bbon\u00bb _builder_version=\u00bb4.16&#8243; global_colors_info=\u00bb{}\u00bb button_text_size__hover_enabled=\u00bboff\u00bb button_one_text_size__hover_enabled=\u00bboff\u00bb button_two_text_size__hover_enabled=\u00bboff\u00bb button_text_color__hover_enabled=\u00bboff\u00bb button_one_text_color__hover_enabled=\u00bboff\u00bb button_two_text_color__hover_enabled=\u00bboff\u00bb button_border_width__hover_enabled=\u00bboff\u00bb button_one_border_width__hover_enabled=\u00bboff\u00bb button_two_border_width__hover_enabled=\u00bboff\u00bb button_border_color__hover_enabled=\u00bboff\u00bb button_one_border_color__hover_enabled=\u00bboff\u00bb button_two_border_color__hover_enabled=\u00bboff\u00bb button_border_radius__hover_enabled=\u00bboff\u00bb button_one_border_radius__hover_enabled=\u00bboff\u00bb button_two_border_radius__hover_enabled=\u00bboff\u00bb button_letter_spacing__hover_enabled=\u00bboff\u00bb button_one_letter_spacing__hover_enabled=\u00bboff\u00bb button_two_letter_spacing__hover_enabled=\u00bboff\u00bb button_bg_color__hover_enabled=\u00bboff\u00bb button_one_bg_color__hover_enabled=\u00bboff\u00bb button_two_bg_color__hover_enabled=\u00bboff\u00bb][\/et_pb_contact_field][et_pb_contact_field field_id=\u00bbEmail\u00bb field_title=\u00bbCorreo electr\u00f3nico*\u00bb field_type=\u00bbemail\u00bb fullwidth_field=\u00bbon\u00bb _builder_version=\u00bb4.16&#8243; global_colors_info=\u00bb{}\u00bb button_text_size__hover_enabled=\u00bboff\u00bb button_one_text_size__hover_enabled=\u00bboff\u00bb button_two_text_size__hover_enabled=\u00bboff\u00bb button_text_color__hover_enabled=\u00bboff\u00bb button_one_text_color__hover_enabled=\u00bboff\u00bb button_two_text_color__hover_enabled=\u00bboff\u00bb button_border_width__hover_enabled=\u00bboff\u00bb button_one_border_width__hover_enabled=\u00bboff\u00bb button_two_border_width__hover_enabled=\u00bboff\u00bb button_border_color__hover_enabled=\u00bboff\u00bb button_one_border_color__hover_enabled=\u00bboff\u00bb button_two_border_color__hover_enabled=\u00bboff\u00bb button_border_radius__hover_enabled=\u00bboff\u00bb button_one_border_radius__hover_enabled=\u00bboff\u00bb button_two_border_radius__hover_enabled=\u00bboff\u00bb button_letter_spacing__hover_enabled=\u00bboff\u00bb button_one_letter_spacing__hover_enabled=\u00bboff\u00bb button_two_letter_spacing__hover_enabled=\u00bboff\u00bb button_bg_color__hover_enabled=\u00bboff\u00bb button_one_bg_color__hover_enabled=\u00bboff\u00bb button_two_bg_color__hover_enabled=\u00bboff\u00bb][\/et_pb_contact_field][et_pb_contact_field field_id=\u00bbCelular\u00bb field_title=\u00bbN\u00famero de contacto*\u00bb allowed_symbols=\u00bbnumbers\u00bb fullwidth_field=\u00bbon\u00bb _builder_version=\u00bb4.16&#8243; _module_preset=\u00bbdefault\u00bb global_colors_info=\u00bb{}\u00bb][\/et_pb_contact_field][et_pb_contact_field field_id=\u00bbingresaa\u00bb field_title=\u00bbIngresa a\u00bb field_type=\u00bbselect\u00bb select_options=\u00bb%91{%22value%22:%22Primer semestre%22,%22checked%22:0,%22dragID%22:-1},{%22value%22:%22Homologaci\u00f3n%22,%22checked%22:0,%22dragID%22:0},{%22value%22:%22Reingreso%22,%22checked%22:0,%22dragID%22:1}%93&#8243; fullwidth_field=\u00bbon\u00bb _builder_version=\u00bb4.25.1&#8243; _module_preset=\u00bbdefault\u00bb global_colors_info=\u00bb{}\u00bb][\/et_pb_contact_field][et_pb_contact_field field_id=\u00bbprograma\u00bb field_title=\u00bbPrograma Acad\u00e9mico de Inter\u00e9s\u00bb field_type=\u00bbselect\u00bb select_options=\u00bb%91{%22value%22:%22Derecho%22,%22checked%22:0,%22dragID%22:-1},{%22value%22:%22Administraci\u00f3n de Empresas%22,%22checked%22:0,%22dragID%22:0},{%22value%22:%22Contadur\u00eda P\u00fablica%22,%22checked%22:0,%22dragID%22:1},{%22value%22:%22Comercio y Finanzas Internacionales%22,%22checked%22:0,%22dragID%22:2},{%22value%22:%22Ingenier\u00eda Industrial%22,%22checked%22:0,%22dragID%22:3},{%22value%22:%22Ingenier\u00eda de Sistemas%22,%22checked%22:0,%22dragID%22:4},{%22value%22:%22Administraci\u00f3n de la Cadena de Suministro y Log\u00edstica%22,%22checked%22:0,%22dragID%22:5}%93&#8243; fullwidth_field=\u00bbon\u00bb _builder_version=\u00bb4.25.1&#8243; _module_preset=\u00bbdefault\u00bb global_colors_info=\u00bb{}\u00bb][\/et_pb_contact_field][et_pb_contact_field field_id=\u00bbtratamientodedatos\u00bb field_title=\u00bbAl marcar la casilla correspondiente, manifiesto mi consentimiento para que los datos personales, proporcionados en este formulario, sean tratados con el fin de establecer contacto.\u00bb field_type=\u00bbcheckbox\u00bb checkbox_options=\u00bb%91{%22value%22:%22Acepto las %22,%22checked%22:0,%22dragID%22:-1,%22link_url%22:%22https:\/\/www.unicuces.edu.co\/principal\/imagenes-UNICUCES\/Documentos-UNICUCES\/Politica%20De-Tratamiento-de-Informacion-y-Datos-Personales.html%22,%22link_text%22:%22Pol\u00edticas de Tratamiento de Datos Personales%22}%93&#8243; fullwidth_field=\u00bbon\u00bb _builder_version=\u00bb4.25.1&#8243; _module_preset=\u00bbdefault\u00bb global_colors_info=\u00bb{}\u00bb][\/et_pb_contact_field][\/et_pb_contact_form][\/et_pb_column][\/et_pb_row][\/et_pb_section][et_pb_section fb_built=\u00bb1&#8243; fullwidth=\u00bbon\u00bb _builder_version=\u00bb4.25.0&#8243; _module_preset=\u00bbdefault\u00bb global_colors_info=\u00bb{}\u00bb][et_pb_fullwidth_image src=\u00bbhttps:\/\/unicuces.edu.co\/principal\/wp-content\/uploads\/2024\/05\/Diseno-Registro-02-scaled.jpg\u00bb title_text=\u00bbDisen\u0303o Registro-02&#8243; _builder_version=\u00bb4.25.1&#8243; _module_preset=\u00bbdefault\u00bb hover_enabled=\u00bb0&#8243; global_colors_info=\u00bb{}\u00bb sticky_enabled=\u00bb0&#8243;][\/et_pb_fullwidth_image][\/et_pb_section]<\/p>\n","protected":false},"excerpt":{"rendered":"","protected":false},"author":20,"featured_media":0,"parent":0,"menu_order":0,"comment_status":"closed","ping_status":"closed","template":"","meta":{"_et_pb_use_builder":"on","_et_pb_old_content":"","_et_gb_content_width":"","footnotes":""},"class_list":["post-18453","page","type-page","status-publish","hentry"],"_links":{"self":[{"href":"https:\/\/unicuces.edu.co\/principal\/wp-json\/wp\/v2\/pages\/18453","targetHints":{"allow":["GET"]}}],"collection":[{"href":"https:\/\/unicuces.edu.co\/principal\/wp-json\/wp\/v2\/pages"}],"about":[{"href":"https:\/\/unicuces.edu.co\/principal\/wp-json\/wp\/v2\/types\/page"}],"author":[{"embeddable":true,"href":"https:\/\/unicuces.edu.co\/principal\/wp-json\/wp\/v2\/users\/20"}],"replies":[{"embeddable":true,"href":"https:\/\/unicuces.edu.co\/principal\/wp-json\/wp\/v2\/comments?post=18453"}],"version-history":[{"count":7,"href":"https:\/\/unicuces.edu.co\/principal\/wp-json\/wp\/v2\/pages\/18453\/revisions"}],"predecessor-version":[{"id":18469,"href":"https:\/\/unicuces.edu.co\/principal\/wp-json\/wp\/v2\/pages\/18453\/revisions\/18469"}],"wp:attachment":[{"href":"https:\/\/unicuces.edu.co\/principal\/wp-json\/wp\/v2\/media?parent=18453"}],"curies":[{"name":"wp","href":"https:\/\/api.w.org\/{rel}","templated":true}]}}