{"id":18288,"date":"2024-05-07T13:14:58","date_gmt":"2024-05-07T18:14:58","guid":{"rendered":"https:\/\/unicuces.edu.co\/principal\/?page_id=18288"},"modified":"2024-08-15T10:32:15","modified_gmt":"2024-08-15T15:32:15","slug":"derecho","status":"publish","type":"page","link":"https:\/\/unicuces.edu.co\/principal\/derecho\/","title":{"rendered":"Derecho"},"content":{"rendered":"<p>[et_pb_section fb_built=\u00bb1&#8243; fullwidth=\u00bbon\u00bb _builder_version=\u00bb4.24.3&#8243; _module_preset=\u00bbdefault\u00bb global_colors_info=\u00bb{}\u00bb][et_pb_fullwidth_image src=\u00bbhttps:\/\/unicuces.edu.co\/principal\/wp-content\/uploads\/2024\/08\/PREGRADO-UNICUCES-09.png\u00bb title_text=\u00bbPREGRADO UNICUCES-09&#8243; _builder_version=\u00bb4.27.0&#8243; _module_preset=\u00bbdefault\u00bb hover_enabled=\u00bb0&#8243; global_colors_info=\u00bb{}\u00bb sticky_enabled=\u00bb0&#8243;][\/et_pb_fullwidth_image][\/et_pb_section][et_pb_section fb_built=\u00bb1&#8243; module_id=\u00bbzona-1&#8243; _builder_version=\u00bb4.16&#8243; custom_padding=\u00bb0px||||false|false\u00bb global_colors_info=\u00bb{}\u00bb][et_pb_row column_structure=\u00bb2_5,3_5&#8243; _builder_version=\u00bb4.24.3&#8243; background_size=\u00bbinitial\u00bb background_position=\u00bbtop_left\u00bb background_repeat=\u00bbrepeat\u00bb width=\u00bb95%\u00bb width_tablet=\u00bb\u00bb width_phone=\u00bb90%\u00bb width_last_edited=\u00bbon|phone\u00bb max_width=\u00bb2560%\u00bb max_width_tablet=\u00bb70%\u00bb max_width_phone=\u00bb90%\u00bb max_width_last_edited=\u00bbon|phone\u00bb module_alignment=\u00bbcenter\u00bb global_colors_info=\u00bb{}\u00bb][et_pb_column type=\u00bb2_5&#8243; _builder_version=\u00bb4.16&#8243; custom_padding=\u00bb|||\u00bb global_colors_info=\u00bb{}\u00bb custom_padding__hover=\u00bb|||\u00bb][et_pb_video src=\u00bbhttps:\/\/www.youtube.com\/watch?v=qQw87Kowszw&#038;feature=youtu.be\u00bb _builder_version=\u00bb4.25.1&#8243; _module_preset=\u00bbdefault\u00bb global_colors_info=\u00bb{}\u00bb][\/et_pb_video][\/et_pb_column][et_pb_column type=\u00bb3_5&#8243; _builder_version=\u00bb4.16&#8243; custom_padding=\u00bb|||\u00bb global_colors_info=\u00bb{}\u00bb custom_padding__hover=\u00bb|||\u00bb][et_pb_contact_form captcha=\u00bboff\u00bb email=\u00bbmercadeo@unicuces.edu.co\u00bb title=\u00bbNuestros asesores acad\u00e9micos resolver\u00e1n tus dudas\u00bb custom_message=\u00bbNombre prospecto: %%Nombre%%||et_pb_line_break_holder||||et_pb_line_break_holder||N\u00famero de contacto: %%Celular%%||et_pb_line_break_holder||||et_pb_line_break_holder||Link directo a WhatsApp: https:\/\/wa.me\/57%%Celular%%||et_pb_line_break_holder||||et_pb_line_break_holder||Correo electr\u00f3nico: %%Email%%||et_pb_line_break_holder||||et_pb_line_break_holder||Tema: %%Para%%||et_pb_line_break_holder||||et_pb_line_break_holder||Programa de Inter\u00e9s: DERECHO||et_pb_line_break_holder||||et_pb_line_break_holder||\u00bb success_message=\u00bb\u00a1Tu solicitud fue enviada! En breve nos contact\u00e1remos con usted!\u00bb submit_button_text=\u00bbENVIAR\u00bb title_last_edited=\u00bboff|desktop\u00bb _builder_version=\u00bb4.27.0&#8243; _module_preset=\u00bbdefault\u00bb _unique_id=\u00bb0fd56c17-3465-456d-8d52-1dddc317c1a9&#8243; title_text_color=\u00bb#0B1F66&#8243; title_font_size=\u00bb20px\u00bb form_field_text_align=\u00bbcenter\u00bb custom_button=\u00bbon\u00bb button_text_size=\u00bb18px\u00bb button_text_color=\u00bb#FFFFFF\u00bb button_bg_color=\u00bb#f41313&#8243; button_border_width=\u00bb0px\u00bb button_border_radius=\u00bb73px\u00bb button_letter_spacing=\u00bb4px\u00bb button_font=\u00bb|700|||||||\u00bb button_icon=\u00bb&#x52;||divi||400&#8243; button_icon_color=\u00bb#FFFFFF\u00bb button_icon_placement=\u00bbleft\u00bb button_on_hover=\u00bboff\u00bb button_custom_margin=\u00bb||||false|false\u00bb button_custom_padding=\u00bb9px|57px||72px|false|false\u00bb text_orientation=\u00bbcenter\u00bb min_height=\u00bb414.5px\u00bb custom_margin=\u00bb69px|||||\u00bb hover_enabled=\u00bb0&#8243; box_shadow_style_button=\u00bbpreset1&#8243; box_shadow_spread_button=\u00bb4px\u00bb locked=\u00bboff\u00bb global_colors_info=\u00bb{}\u00bb button_bg_color__hover_enabled=\u00bbon|hover\u00bb button_bg_color__hover=\u00bb#AB001D\u00bb button_bg_enable_color__hover=\u00bbon\u00bb sticky_enabled=\u00bb0&#8243;][et_pb_contact_field field_id=\u00bbNombre\u00bb field_title=\u00bbNombre completo*\u00bb fullwidth_field=\u00bbon\u00bb _builder_version=\u00bb4.16&#8243; global_colors_info=\u00bb{}\u00bb button_text_size__hover_enabled=\u00bboff\u00bb button_one_text_size__hover_enabled=\u00bboff\u00bb button_two_text_size__hover_enabled=\u00bboff\u00bb button_text_color__hover_enabled=\u00bboff\u00bb button_one_text_color__hover_enabled=\u00bboff\u00bb button_two_text_color__hover_enabled=\u00bboff\u00bb button_border_width__hover_enabled=\u00bboff\u00bb button_one_border_width__hover_enabled=\u00bboff\u00bb button_two_border_width__hover_enabled=\u00bboff\u00bb button_border_color__hover_enabled=\u00bboff\u00bb button_one_border_color__hover_enabled=\u00bboff\u00bb button_two_border_color__hover_enabled=\u00bboff\u00bb button_border_radius__hover_enabled=\u00bboff\u00bb button_one_border_radius__hover_enabled=\u00bboff\u00bb button_two_border_radius__hover_enabled=\u00bboff\u00bb button_letter_spacing__hover_enabled=\u00bboff\u00bb button_one_letter_spacing__hover_enabled=\u00bboff\u00bb button_two_letter_spacing__hover_enabled=\u00bboff\u00bb button_bg_color__hover_enabled=\u00bboff\u00bb button_one_bg_color__hover_enabled=\u00bboff\u00bb button_two_bg_color__hover_enabled=\u00bboff\u00bb][\/et_pb_contact_field][et_pb_contact_field field_id=\u00bbEmail\u00bb field_title=\u00bbCorreo electr\u00f3nico*\u00bb field_type=\u00bbemail\u00bb fullwidth_field=\u00bbon\u00bb _builder_version=\u00bb4.16&#8243; global_colors_info=\u00bb{}\u00bb button_text_size__hover_enabled=\u00bboff\u00bb button_one_text_size__hover_enabled=\u00bboff\u00bb button_two_text_size__hover_enabled=\u00bboff\u00bb button_text_color__hover_enabled=\u00bboff\u00bb button_one_text_color__hover_enabled=\u00bboff\u00bb button_two_text_color__hover_enabled=\u00bboff\u00bb button_border_width__hover_enabled=\u00bboff\u00bb button_one_border_width__hover_enabled=\u00bboff\u00bb button_two_border_width__hover_enabled=\u00bboff\u00bb button_border_color__hover_enabled=\u00bboff\u00bb button_one_border_color__hover_enabled=\u00bboff\u00bb button_two_border_color__hover_enabled=\u00bboff\u00bb button_border_radius__hover_enabled=\u00bboff\u00bb button_one_border_radius__hover_enabled=\u00bboff\u00bb button_two_border_radius__hover_enabled=\u00bboff\u00bb button_letter_spacing__hover_enabled=\u00bboff\u00bb button_one_letter_spacing__hover_enabled=\u00bboff\u00bb button_two_letter_spacing__hover_enabled=\u00bboff\u00bb button_bg_color__hover_enabled=\u00bboff\u00bb button_one_bg_color__hover_enabled=\u00bboff\u00bb button_two_bg_color__hover_enabled=\u00bboff\u00bb][\/et_pb_contact_field][et_pb_contact_field field_id=\u00bbCelular\u00bb field_title=\u00bbN\u00famero de contacto*\u00bb allowed_symbols=\u00bbnumbers\u00bb fullwidth_field=\u00bbon\u00bb _builder_version=\u00bb4.16&#8243; _module_preset=\u00bbdefault\u00bb global_colors_info=\u00bb{}\u00bb][\/et_pb_contact_field][et_pb_contact_field field_id=\u00bbPara\u00bb field_title=\u00bbSelecciona una opci\u00f3n*\u00bb field_type=\u00bbselect\u00bb select_options=\u00bb%91{%22value%22:%22Ingreso a primer semestre%22,%22checked%22:0,%22dragID%22:-1},{%22value%22:%22Homologaci\u00f3n%22,%22checked%22:0,%22dragID%22:0}%93&#8243; fullwidth_field=\u00bbon\u00bb _builder_version=\u00bb4.16&#8243; _module_preset=\u00bbdefault\u00bb global_colors_info=\u00bb{}\u00bb][\/et_pb_contact_field][et_pb_contact_field field_id=\u00bbAutorizo\u00bb field_title=\u00bb-\u00bb field_type=\u00bbcheckbox\u00bb checkbox_options=\u00bb%91{%22value%22:%22Autorizo el tratamiento de mis datos personales &#8211; %22,%22checked%22:1,%22dragID%22:-1,%22link_text%22:%22Ver Pol\u00edtica%22,%22link_url%22:%22https:\/\/www.unicuces.edu.co\/principal\/imagenes-UNICUCES\/Documentos-UNICUCES\/Politica%20De-Tratamiento-de-Informacion-y-Datos-Personales.html%22}%93&#8243; fullwidth_field=\u00bbon\u00bb _builder_version=\u00bb4.16&#8243; _module_preset=\u00bbdefault\u00bb global_colors_info=\u00bb{}\u00bb][\/et_pb_contact_field][\/et_pb_contact_form][\/et_pb_column][\/et_pb_row][\/et_pb_section][et_pb_section fb_built=\u00bb1&#8243; _builder_version=\u00bb4.16&#8243; background_color=\u00bb#ba0c2a\u00bb global_colors_info=\u00bb{}\u00bb][et_pb_row column_structure=\u00bb1_2,1_2&#8243; _builder_version=\u00bb4.16&#8243; background_size=\u00bbinitial\u00bb background_position=\u00bbtop_left\u00bb background_repeat=\u00bbrepeat\u00bb custom_padding=\u00bb||0px|||\u00bb global_colors_info=\u00bb{}\u00bb][et_pb_column type=\u00bb1_2&#8243; _builder_version=\u00bb4.16&#8243; custom_padding=\u00bb|||\u00bb global_colors_info=\u00bb{}\u00bb custom_padding__hover=\u00bb|||\u00bb][et_pb_text _builder_version=\u00bb4.25.1&#8243; custom_padding=\u00bb0px|||||\u00bb border_width_left=\u00bb1px\u00bb border_color_left=\u00bbrgba(239,239,239,0.92)\u00bb global_colors_info=\u00bb{}\u00bb]<\/p>\n<table style=\"border: 0; color: #fff; font-size: 16px;\" border=\"0\" width=\"600\">\n<tbody>\n<tr>\n<td style=\"border: 0;\">\n<h3 style=\"color: #fff;\">Universitario en<\/h3>\n<h2 style=\"margin: -8px 0 0; color: #fff;\"><span style=\"font-size: xx-large;\"><b>DERECHO<\/b><\/span><\/h2>\n<h3 style=\"color: #ffffff; text-align: left;\"><strong><span style=\"font-size: 16px;\">Programa Curr\u00edculo Integrado<\/span><\/strong><\/h3>\n<h3 style=\"color: #ffffff; text-align: left;\"><span style=\"font-size: medium;\"><strong>T\u00cdTULO:<\/strong> ABOGADO(A)<\/span><\/h3>\n<h3 style=\"color: #ffffff; text-align: left;\"><span style=\"font-size: medium;\"><strong>C\u00d3DIGO SNIES:<\/strong> 111580<\/span><\/h3>\n<h3 style=\"color: #ffffff; text-align: left;\"><span style=\"font-size: medium;\"><strong>REGISTRO CALIFICADO<\/strong> M.E.N. Res. 006797 &#8211; Abril 26 de 2023<\/span><\/h3>\n<h3 style=\"color: #ffffff; text-align: left;\"><span style=\"font-size: medium;\"><strong>Cr\u00e9ditos Acad\u00e9micos:<\/strong> 160<\/span><\/h3>\n<p style=\"text-align: center;\"><!--https:\/\/www.unicuces.edu.co\/principal\/imagenes-UNICUCES\/Documentos-UNICUCES\/II.html--><\/p>\n<p style=\"text-align: center;\"><a href=\"https:\/\/unicuces.edu.co\/principal\/wp-content\/uploads\/2024\/06\/Derecho-Pensum.pdf\"><img loading=\"lazy\" decoding=\"async\" src=\"https:\/\/unicuces.edu.co\/principal\/wp-content\/uploads\/2024\/05\/BANNER-14.png\" width=\"254\" height=\"89\" alt=\"\" class=\"wp-image-18261 alignnone size-full\" \/><\/a><a href=\"https:\/\/unicuces.edu.co\/principal\/wp-content\/uploads\/2024\/05\/DERECHO.pdf\"><img loading=\"lazy\" decoding=\"async\" src=\"https:\/\/unicuces.edu.co\/principal\/wp-content\/uploads\/2024\/05\/BANNER-13.png\" width=\"246\" height=\"86\" alt=\"\" class=\"wp-image-18260 alignnone size-full\" style=\"font-family: inherit; font-size: inherit;\" \/><\/a><a href=\"https:\/\/www.unicuces.edu.co\/principal\/wp-content\/uploads\/images\/stories\/Mallas-Academicas\/Univ-II-2018.pdf\"><\/a><\/p>\n<h3 style=\"color: #ffffff; text-align: center;\"><b>INTRODUCCI\u00d3N AL DERECHO<\/b><\/h3>\n<p>El Derecho ha sido el soporte estructural de las sociedades regulando la conducta de las personas, encarg\u00e1ndose de la b\u00fasqueda constante de la justicia bajo la primac\u00eda de la ley a partir del estudio minucioso de las normas que rigen la vida en sociedad de manera individual y colectiva. Esta disciplina acad\u00e9mica se enfoca en comprender y aplicar leyes, pol\u00edticas y procedimientos que regulan la convivencia social, teniendo en cuentas las nuevas exigencias de la humanidad.<\/p>\n<div class=\"Text-Tenologia-AE\" style=\"text-align: center;\">\n<ul style=\"text-align: justify;\"><\/ul>\n<\/div>\n<\/td>\n<\/tr>\n<\/tbody>\n<\/table>\n<p><!-- --><\/p>\n<p>[\/et_pb_text][\/et_pb_column][et_pb_column type=\u00bb1_2&#8243; _builder_version=\u00bb4.16&#8243; custom_padding=\u00bb|||\u00bb global_colors_info=\u00bb{}\u00bb custom_padding__hover=\u00bb|||\u00bb][et_pb_text _builder_version=\u00bb4.24.3&#8243; custom_padding=\u00bb0px|||||\u00bb border_width_left=\u00bb1px\u00bb border_color_left=\u00bbrgba(239,239,239,0.92)\u00bb global_colors_info=\u00bb{}\u00bb]<\/p>\n<table style=\"border: 0; color: #fff; font-size: 16px;\" border=\"0\" width=\"600\">\n<tbody>\n<tr>\n<td style=\"border: 0;\">\n<h3 style=\"color: #ffffff; text-align: center;\"><b>PERFIL OCUPACIONAL<\/b><\/h3>\n<p>Como egresado de Derecho, ser\u00e1s un profesional experto en las leyes y regulaciones. Tendr\u00e1s la capacidad de asesorar a individuos, empresas y organizaciones en asuntos legales, representar a clientes en litigios y colaborar en la creaci\u00f3n y modificaci\u00f3n de leyes. Tu perfil ocupacional te permitir\u00e1 trabajar en \u00e1reas como la abogac\u00eda, el asesoramiento legal, la defensa de derechos y la mediaci\u00f3n de conflictos.<\/p>\n<p>&nbsp;<\/p>\n<h3 style=\"color: #ffffff; text-align: center;\"><b>\u00bfPOR QU\u00c9 ESTUDIAR DERECHO EN UNICUCES?<\/b><\/h3>\n<p style=\"text-align: justify;\">La carrera de Derecho en UNICUCES, es una disciplina que desempe\u00f1a un papel fundamental en la sociedad y la justicia. Los profesionales del Derecho son los defensores de la ley y la justicia, responsables de garantizar que los derechos individuales y colectivos sean protegidos. En un mundo donde las leyes y regulaciones son esenciales, esta carrera se centra en la comprensi\u00f3n de las normativas legales, la resoluci\u00f3n de conflictos y la promoci\u00f3n de la justicia.<\/p>\n<div class=\"Text-Tenologia-AE\" style=\"text-align: center;\">\n<ul style=\"text-align: justify;\"><\/ul>\n<\/div>\n<\/td>\n<\/tr>\n<\/tbody>\n<\/table>\n<p><!-- --><\/p>\n<p>[\/et_pb_text][\/et_pb_column][\/et_pb_row][\/et_pb_section][et_pb_section fb_built=\u00bb1&#8243; _builder_version=\u00bb4.16&#8243; background_color=\u00bb#0b1f66&#8243; parallax=\u00bbon\u00bb global_colors_info=\u00bb{}\u00bb][et_pb_row _builder_version=\u00bb4.16&#8243; background_size=\u00bbinitial\u00bb background_position=\u00bbtop_left\u00bb background_repeat=\u00bbrepeat\u00bb custom_margin=\u00bb0px|||\u00bb custom_padding=\u00bb0px|||\u00bb global_colors_info=\u00bb{}\u00bb][et_pb_column type=\u00bb4_4&#8243; _builder_version=\u00bb4.16&#8243; custom_padding=\u00bb|||\u00bb global_colors_info=\u00bb{}\u00bb custom_padding__hover=\u00bb|||\u00bb][et_pb_text admin_label=\u00bbText\u00bb _builder_version=\u00bb4.17.0&#8243; background_size=\u00bbinitial\u00bb background_position=\u00bbtop_left\u00bb background_repeat=\u00bbrepeat\u00bb text_orientation=\u00bbcenter\u00bb module_alignment=\u00bbcenter\u00bb global_colors_info=\u00bb{}\u00bb]<\/p>\n<h1><span style=\"color: #ffffff;\">\u00bfPor qu\u00e9 estudiar en la UNICUCES?<\/span><\/h1>\n<p>[\/et_pb_text][\/et_pb_column][\/et_pb_row][et_pb_row column_structure=\u00bb1_4,1_4,1_4,1_4&#8243; _builder_version=\u00bb4.16&#8243; background_size=\u00bbinitial\u00bb background_position=\u00bbtop_left\u00bb background_repeat=\u00bbrepeat\u00bb global_colors_info=\u00bb{}\u00bb][et_pb_column type=\u00bb1_4&#8243; _builder_version=\u00bb4.16&#8243; custom_padding=\u00bb|||\u00bb global_colors_info=\u00bb{}\u00bb custom_padding__hover=\u00bb|||\u00bb][et_pb_blurb title=\u00bbDoble T\u00edtulo\u00bb use_icon=\u00bbon\u00bb font_icon=\u00bb&#xe106;||divi||400&#8243; image_icon_background_color=\u00bb#ffffff\u00bb image_icon_width=\u00bb48px\u00bb admin_label=\u00bbBlurb\u00bb _builder_version=\u00bb4.17.0&#8243; header_font=\u00bb|700|||||||\u00bb background_size=\u00bbinitial\u00bb background_position=\u00bbtop_left\u00bb background_repeat=\u00bbrepeat\u00bb image_icon_custom_padding=\u00bb25px|25px|25px|25px|false|false\u00bb text_orientation=\u00bbcenter\u00bb background_layout=\u00bbdark\u00bb animation=\u00bboff\u00bb border_radii_image=\u00bbon|100%|100%|100%|100%\u00bb use_circle=\u00bbon\u00bb circle_color=\u00bb#ffffff\u00bb global_colors_info=\u00bb{}\u00bb image_icon_background_color__sticky_enabled=\u00bb#ab001d\u00bb image_icon_background_color__sticky=\u00bb#ab001d\u00bb]<\/p>\n<p>Programa de Educaci\u00f3n Superior por ciclos proped\u00e9uticos (Tecnol\u00f3gico y Universitario).<\/p>\n<p>[\/et_pb_blurb][\/et_pb_column][et_pb_column type=\u00bb1_4&#8243; _builder_version=\u00bb4.16&#8243; custom_padding=\u00bb|||\u00bb global_colors_info=\u00bb{}\u00bb custom_padding__hover=\u00bb|||\u00bb][et_pb_blurb title=\u00bbUbicaci\u00f3n Estrat\u00e9gica\u00bb use_icon=\u00bbon\u00bb font_icon=\u00bb&#xe01d;||divi||400&#8243; image_icon_background_color=\u00bb#ffffff\u00bb image_icon_width=\u00bb48px\u00bb admin_label=\u00bbBlurb\u00bb _builder_version=\u00bb4.17.0&#8243; header_font=\u00bb|700|||||||\u00bb background_size=\u00bbinitial\u00bb background_position=\u00bbtop_left\u00bb background_repeat=\u00bbrepeat\u00bb image_icon_custom_padding=\u00bb25px|25px|25px|25px|false|false\u00bb text_orientation=\u00bbcenter\u00bb background_layout=\u00bbdark\u00bb animation=\u00bboff\u00bb border_radii_image=\u00bbon|100%|100%|100%|100%\u00bb use_circle=\u00bbon\u00bb circle_color=\u00bb#ffffff\u00bb global_colors_info=\u00bb{}\u00bb image_icon_background_color__sticky_enabled=\u00bb#ab001d\u00bb image_icon_background_color__sticky=\u00bb#ab001d\u00bb]<\/p>\n<p>Estamos ubicados una zona de facil acceso en el Barrio Granada, Sector Centro &#8211; Norte, en la Comuna 2.<\/p>\n<p>[\/et_pb_blurb][\/et_pb_column][et_pb_column type=\u00bb1_4&#8243; _builder_version=\u00bb4.16&#8243; custom_padding=\u00bb|||\u00bb global_colors_info=\u00bb{}\u00bb custom_padding__hover=\u00bb|||\u00bb][et_pb_blurb title=\u00bbFormas de Pago\u00bb use_icon=\u00bbon\u00bb font_icon=\u00bb&#xe100;||divi||400&#8243; image_icon_background_color=\u00bb#ffffff\u00bb image_icon_width=\u00bb48px\u00bb admin_label=\u00bbBlurb\u00bb _builder_version=\u00bb4.17.0&#8243; header_font=\u00bb|700|||||||\u00bb background_size=\u00bbinitial\u00bb background_position=\u00bbtop_left\u00bb background_repeat=\u00bbrepeat\u00bb image_icon_custom_padding=\u00bb25px|25px|25px|25px|false|false\u00bb text_orientation=\u00bbcenter\u00bb background_layout=\u00bbdark\u00bb animation=\u00bboff\u00bb border_radii_image=\u00bbon|100%|100%|100%|100%\u00bb use_circle=\u00bbon\u00bb circle_color=\u00bb#ffffff\u00bb global_colors_info=\u00bb{}\u00bb image_icon_background_color__sticky_enabled=\u00bb#ab001d\u00bb image_icon_background_color__sticky=\u00bb#ab001d\u00bb]<\/p>\n<p>Contamos con opciones de pago tales como: Contado (Efectivo \/ Cheque),\u00a0<span style=\"font-size: 14px;\">Tarjetas (Cr\u00e9dito \/ D\u00e9bito),\u00a0<\/span><span style=\"font-size: 14px;\">Cr\u00e9dito Bancario e\u00a0<\/span><span style=\"font-size: 14px;\">Icetex.<\/span><\/p>\n<p>[\/et_pb_blurb][\/et_pb_column][et_pb_column type=\u00bb1_4&#8243; _builder_version=\u00bb4.16&#8243; custom_padding=\u00bb|||\u00bb global_colors_info=\u00bb{}\u00bb custom_padding__hover=\u00bb|||\u00bb][et_pb_blurb title=\u00bbSubsidios\u00bb use_icon=\u00bbon\u00bb font_icon=\u00bb&#xe0ed;||divi||400&#8243; image_icon_background_color=\u00bb#ffffff\u00bb image_icon_width=\u00bb48px\u00bb admin_label=\u00bbBlurb\u00bb _builder_version=\u00bb4.17.0&#8243; header_font=\u00bb|700|||||||\u00bb background_size=\u00bbinitial\u00bb background_position=\u00bbtop_left\u00bb background_repeat=\u00bbrepeat\u00bb image_icon_custom_padding=\u00bb25px|25px|25px|25px|false|false\u00bb text_orientation=\u00bbcenter\u00bb background_layout=\u00bbdark\u00bb animation=\u00bboff\u00bb border_radii_image=\u00bbon|100%|100%|100%|100%\u00bb use_circle=\u00bbon\u00bb circle_color=\u00bb#ffffff\u00bb global_colors_info=\u00bb{}\u00bb image_icon_background_color__sticky_enabled=\u00bb#ab001d\u00bb image_icon_background_color__sticky=\u00bb#ab001d\u00bb]<\/p>\n<p>Contamos con subsidios para Afiliados a Cajas de Compensaci\u00f3n, Cooperativas, Empresas, Colegios y Fondos de Empleados en Convenio.<\/p>\n<p>[\/et_pb_blurb][\/et_pb_column][\/et_pb_row][et_pb_row column_structure=\u00bb1_4,1_4,1_4,1_4&#8243; _builder_version=\u00bb4.16&#8243; background_size=\u00bbinitial\u00bb background_position=\u00bbtop_left\u00bb background_repeat=\u00bbrepeat\u00bb global_colors_info=\u00bb{}\u00bb][et_pb_column type=\u00bb1_4&#8243; _builder_version=\u00bb4.16&#8243; custom_padding=\u00bb|||\u00bb global_colors_info=\u00bb{}\u00bb custom_padding__hover=\u00bb|||\u00bb][et_pb_blurb title=\u00bb\u00c9nfasis en la Investigaci\u00f3n \u00bb use_icon=\u00bbon\u00bb font_icon=\u00bb&#x55;||divi||400&#8243; image_icon_background_color=\u00bb#ffffff\u00bb image_icon_width=\u00bb48px\u00bb admin_label=\u00bbBlurb\u00bb _builder_version=\u00bb4.17.0&#8243; header_font=\u00bb|700|||||||\u00bb background_size=\u00bbinitial\u00bb background_position=\u00bbtop_left\u00bb background_repeat=\u00bbrepeat\u00bb image_icon_custom_padding=\u00bb25px|25px|25px|25px|false|false\u00bb text_orientation=\u00bbcenter\u00bb background_layout=\u00bbdark\u00bb animation=\u00bboff\u00bb border_radii_image=\u00bbon|100%|100%|100%|100%\u00bb use_circle=\u00bbon\u00bb circle_color=\u00bb#ffffff\u00bb global_colors_info=\u00bb{}\u00bb image_icon_background_color__sticky_enabled=\u00bb#ab001d\u00bb image_icon_background_color__sticky=\u00bb#ab001d\u00bb]<\/p>\n<p>Contamos con 4 Grupos de Investigaci\u00f3n reconocidos y categorizados por Minciencias.<\/p>\n<p>[\/et_pb_blurb][\/et_pb_column][et_pb_column type=\u00bb1_4&#8243; _builder_version=\u00bb4.16&#8243; custom_padding=\u00bb|||\u00bb global_colors_info=\u00bb{}\u00bb custom_padding__hover=\u00bb|||\u00bb][et_pb_blurb title=\u00bb\u00c9nfasis en la Responsabilidad Social Empresarial\u00bb use_icon=\u00bbon\u00bb font_icon=\u00bb&#xe030;||divi||400&#8243; image_icon_background_color=\u00bb#ffffff\u00bb image_icon_width=\u00bb48px\u00bb admin_label=\u00bbBlurb\u00bb _builder_version=\u00bb4.17.0&#8243; header_font=\u00bb|700|||||||\u00bb background_size=\u00bbinitial\u00bb background_position=\u00bbtop_left\u00bb background_repeat=\u00bbrepeat\u00bb image_icon_custom_padding=\u00bb25px|25px|25px|25px|false|false\u00bb text_orientation=\u00bbcenter\u00bb background_layout=\u00bbdark\u00bb animation=\u00bboff\u00bb border_radii_image=\u00bbon|100%|100%|100%|100%\u00bb use_circle=\u00bbon\u00bb circle_color=\u00bb#ffffff\u00bb global_colors_info=\u00bb{}\u00bb image_icon_background_color__sticky_enabled=\u00bb#ab001d\u00bb image_icon_background_color__sticky=\u00bb#ab001d\u00bb]<\/p>\n<p>Contamos con el Centro de Investigaci\u00f3n en Responsabilidad Social\u00a0 Empresarial CEINERSE.<\/p>\n<p>[\/et_pb_blurb][\/et_pb_column][et_pb_column type=\u00bb1_4&#8243; _builder_version=\u00bb4.16&#8243; custom_padding=\u00bb|||\u00bb global_colors_info=\u00bb{}\u00bb custom_padding__hover=\u00bb|||\u00bb][et_pb_blurb title=\u00bbApoyo a la Viculaci\u00f3n Laboral\u00bb use_icon=\u00bbon\u00bb font_icon=\u00bb&#xe108;||divi||400&#8243; image_icon_background_color=\u00bb#ffffff\u00bb image_icon_width=\u00bb48px\u00bb admin_label=\u00bbBlurb\u00bb _builder_version=\u00bb4.17.0&#8243; header_font=\u00bb|700|||||||\u00bb background_size=\u00bbinitial\u00bb background_position=\u00bbtop_left\u00bb background_repeat=\u00bbrepeat\u00bb image_icon_custom_padding=\u00bb25px|25px|25px|25px|false|false\u00bb text_orientation=\u00bbcenter\u00bb background_layout=\u00bbdark\u00bb animation=\u00bboff\u00bb border_radii_image=\u00bbon|100%|100%|100%|100%\u00bb use_circle=\u00bbon\u00bb circle_color=\u00bb#ffffff\u00bb global_colors_info=\u00bb{}\u00bb image_icon_background_color__sticky_enabled=\u00bb#ab001d\u00bb image_icon_background_color__sticky=\u00bb#ab001d\u00bb]<\/p>\n<p>Contamos con el\u00a0 Servicio de Empleo VICUL\u00c9MONOS y con convenios para pr\u00e1cticas y pasant\u00edas empresariales.<\/p>\n<p>[\/et_pb_blurb][\/et_pb_column][et_pb_column type=\u00bb1_4&#8243; _builder_version=\u00bb4.16&#8243; custom_padding=\u00bb|||\u00bb global_colors_info=\u00bb{}\u00bb custom_padding__hover=\u00bb|||\u00bb][et_pb_blurb title=\u00bbOferta Acad\u00e9mica Diversa\u00bb use_icon=\u00bbon\u00bb font_icon=\u00bb&#x4c;||divi||400&#8243; image_icon_background_color=\u00bb#ffffff\u00bb image_icon_width=\u00bb48px\u00bb admin_label=\u00bbBlurb\u00bb _builder_version=\u00bb4.17.0&#8243; header_font=\u00bb|700|||||||\u00bb background_size=\u00bbinitial\u00bb background_position=\u00bbtop_left\u00bb background_repeat=\u00bbrepeat\u00bb image_icon_custom_padding=\u00bb25px|25px|25px|25px|false|false\u00bb text_orientation=\u00bbcenter\u00bb background_layout=\u00bbdark\u00bb animation=\u00bboff\u00bb border_radii_image=\u00bbon|100%|100%|100%|100%\u00bb use_circle=\u00bbon\u00bb circle_color=\u00bb#ffffff\u00bb global_colors_info=\u00bb{}\u00bb image_icon_background_color__sticky_enabled=\u00bb#ab001d\u00bb image_icon_background_color__sticky=\u00bb#ab001d\u00bb]<\/p>\n<p>Contamos con Programas Acad\u00e9micos\u00a0 de Pregrado, Posgrado y Educaci\u00f3n Continua.<\/p>\n<p>[\/et_pb_blurb][\/et_pb_column][\/et_pb_row][\/et_pb_section]<\/p>\n","protected":false},"excerpt":{"rendered":"<p>Universitario en DERECHO Programa Curr\u00edculo Integrado T\u00cdTULO: ABOGADO(A) C\u00d3DIGO SNIES: 111580 REGISTRO CALIFICADO M.E.N. Res. 006797 &#8211; Abril 26 de 2023 Cr\u00e9ditos Acad\u00e9micos: 160 INTRODUCCI\u00d3N AL DERECHO El Derecho ha sido el soporte estructural de las sociedades regulando la conducta de las personas, encarg\u00e1ndose de la b\u00fasqueda constante de la justicia bajo la primac\u00eda de [&hellip;]<\/p>\n","protected":false},"author":20,"featured_media":0,"parent":0,"menu_order":0,"comment_status":"closed","ping_status":"closed","template":"","meta":{"_et_pb_use_builder":"on","_et_pb_old_content":"","_et_gb_content_width":"","footnotes":""},"class_list":["post-18288","page","type-page","status-publish","hentry"],"_links":{"self":[{"href":"https:\/\/unicuces.edu.co\/principal\/wp-json\/wp\/v2\/pages\/18288","targetHints":{"allow":["GET"]}}],"collection":[{"href":"https:\/\/unicuces.edu.co\/principal\/wp-json\/wp\/v2\/pages"}],"about":[{"href":"https:\/\/unicuces.edu.co\/principal\/wp-json\/wp\/v2\/types\/page"}],"author":[{"embeddable":true,"href":"https:\/\/unicuces.edu.co\/principal\/wp-json\/wp\/v2\/users\/20"}],"replies":[{"embeddable":true,"href":"https:\/\/unicuces.edu.co\/principal\/wp-json\/wp\/v2\/comments?post=18288"}],"version-history":[{"count":21,"href":"https:\/\/unicuces.edu.co\/principal\/wp-json\/wp\/v2\/pages\/18288\/revisions"}],"predecessor-version":[{"id":19319,"href":"https:\/\/unicuces.edu.co\/principal\/wp-json\/wp\/v2\/pages\/18288\/revisions\/19319"}],"wp:attachment":[{"href":"https:\/\/unicuces.edu.co\/principal\/wp-json\/wp\/v2\/media?parent=18288"}],"curies":[{"name":"wp","href":"https:\/\/api.w.org\/{rel}","templated":true}]}}