{"id":181,"date":"2018-08-01T16:16:13","date_gmt":"2018-08-01T16:16:13","guid":{"rendered":"https:\/\/demo.unicuces.edu.co\/wp\/?page_id=181"},"modified":"2026-02-06T19:41:31","modified_gmt":"2026-02-07T00:41:31","slug":"induccion-docentes","status":"publish","type":"page","link":"https:\/\/unicuces.edu.co\/principal\/induccion-docentes\/","title":{"rendered":"Inducci\u00f3n Docentes"},"content":{"rendered":"<p>[et_pb_section fb_built=\u00bb1&#8243; fullwidth=\u00bbon\u00bb _builder_version=\u00bb4.24.0&#8243; _module_preset=\u00bbdefault\u00bb global_colors_info=\u00bb{}\u00bb][et_pb_fullwidth_image src=\u00bbhttps:\/\/unicuces.edu.co\/principal\/wp-content\/uploads\/2024\/01\/Titulo-Docentes-03-scaled.jpg\u00bb title_text=\u00bbTi\u0301tulo Docentes-03&#8243; disabled_on=\u00bbon|off|off\u00bb _builder_version=\u00bb4.24.0&#8243; _module_preset=\u00bbdefault\u00bb global_colors_info=\u00bb{}\u00bb][\/et_pb_fullwidth_image][\/et_pb_section][et_pb_section fb_built=\u00bb1&#8243; _builder_version=\u00bb4.16&#8243; custom_padding=\u00bb||16px|||\u00bb global_colors_info=\u00bb{}\u00bb][et_pb_row _builder_version=\u00bb4.16&#8243; custom_padding=\u00bb27px|0px|27px|0px\u00bb hover_enabled=\u00bb0&#8243; global_colors_info=\u00bb{}\u00bb sticky_enabled=\u00bb0&#8243;][et_pb_column type=\u00bb4_4&#8243; _builder_version=\u00bb4.16&#8243; custom_padding=\u00bb|||\u00bb hover_enabled=\u00bb0&#8243; global_colors_info=\u00bb{}\u00bb custom_padding__hover=\u00bb|||\u00bb sticky_enabled=\u00bb0&#8243;][et_pb_text _builder_version=\u00bb4.27.4&#8243; custom_padding=\u00bb0px|||||\u00bb hover_enabled=\u00bb0&#8243; global_colors_info=\u00bb{}\u00bb sticky_enabled=\u00bb0&#8243;]<\/p>\n<table style=\"height: 599px;\" width=\"1340\">\n<tbody>\n<tr style=\"height: 48px;\">\n<td style=\"width: 937.5px; height: 48px; text-align: left;\">MEMORANDO RECTOR\u00cdA\u00a0 2026 &#8211; 1<\/td>\n<td style=\"width: 386.5px; height: 48px; text-align: center;\"><strong><span style=\"color: #c1102c;\"><a style=\"color: #c1102c;\" href=\"https:\/\/unicuces.edu.co\/principal\/wp-content\/uploads\/2026\/02\/MEMORANDO-01-RECTORIA-I-2026.pdf\" target=\"_blank\" rel=\"noopener\">Descargar<\/a><\/span><\/strong><\/td>\n<\/tr>\n<tr style=\"height: 72px;\">\n<td style=\"width: 937.5px; height: 72px; text-align: left;\">MEMORANDO VICERECTOR\u00cdA ADMINISTRATIVA 2026 &#8211; 1<\/td>\n<td style=\"width: 386.5px; height: 72px; text-align: center;\"><strong><span style=\"color: #c1102c;\"><a style=\"color: #c1102c;\" href=\"https:\/\/unicuces.edu.co\/principal\/wp-content\/uploads\/2026\/02\/MEMORANDO-VICERRECTORIA-ADMINISTRATIVA-2026-1.pdf\" target=\"_blank\" rel=\"noopener\">Descargar<\/a><\/span><\/strong><\/td>\n<\/tr>\n<tr style=\"height: 24px;\">\n<td style=\"width: 937.5px; height: 24px; text-align: left;\">CALENDARIO DE ACTIVIDADES INSTITUCIONALES<\/td>\n<td style=\"width: 386.5px; height: 24px; text-align: center;\"><strong><span style=\"color: #c1102c;\">Descargar<\/span><\/strong><\/td>\n<\/tr>\n<tr style=\"height: 48px;\">\n<td style=\"width: 937.5px; height: 48px; text-align: left;\">HIMNO DE LA CORPORACI\u00d3N UNIVERSITARIA CENTRO SUPERIOR, UNICUCES<\/td>\n<td style=\"width: 386.5px; height: 48px; text-align: center;\"><strong><span style=\"color: #c1102c;\"><a style=\"color: #c1102c;\" href=\"https:\/\/unicuces.edu.co\/principal\/wp-content\/uploads\/2021\/07\/Himno_Bluni.jpg\" target=\"_blank\" rel=\"noopener\">Descargar<\/a><\/span><\/strong><\/td>\n<\/tr>\n<tr style=\"height: 24px;\">\n<td style=\"width: 937.5px; height: 24px; text-align: left;\">DIRECIONAMIENTO ESTRAT\u00c9GICO DE LA UNICUCES: Misi\u00f3n, Visi\u00f3n, Principios, SIGU<\/td>\n<td style=\"width: 386.5px; height: 24px; text-align: center;\"><span style=\"color: #c1102c;\"><strong><a style=\"color: #c1102c;\" href=\"https:\/\/www.unicuces.edu.co\/principal\/wp-content\/uploads\/images\/imagenes-home\/Induccion-Docentes\/DIRECCIONAMIENTO%20ESTRATEGICO.pdf\" target=\"_blank\" rel=\"noopener\">Descargar<\/a><\/strong><\/span><\/td>\n<\/tr>\n<tr style=\"height: 24px;\">\n<td style=\"width: 937.5px; height: 19px; text-align: left;\">ESTATUTO DOCENTE ACUERDO DEL CONSEJO SUPERIOR N\u00ba 16 de septiembre 20 de 2018<\/td>\n<td style=\"width: 386.5px; height: 19px; text-align: center;\"><span style=\"color: #c1102c;\"><strong><a style=\"color: #c1102c;\" href=\"https:\/\/www.unicuces.edu.co\/principal\/imagenes-UNICUCES\/Documentos-UNICUCES\/REGLAMENTO%20PERSONAL%20DOCENTE.pdf\" target=\"_blank\" rel=\"noopener\">Descargar<\/a><\/strong><\/span><\/td>\n<\/tr>\n<tr style=\"height: 24px;\">\n<td style=\"width: 937.5px; text-align: left; height: 24px;\">ESCALAF\u00d3N DOCENTE, ACUERDO DEL CONSEJO SUPERIOR N\u00ba 27 de diciembre 06 de 2018<\/td>\n<td style=\"width: 386.5px; text-align: center; height: 24px;\"><span style=\"color: #c1102c;\"><strong><a style=\"color: #c1102c;\" href=\"https:\/\/unicuces.edu.co\/principal\/wp-content\/uploads\/2021\/02\/2018-ACD-27-DIC-6_ESCALAFON-DOCENTE-ACTUALIZADO.pdf\" target=\"_blank\" rel=\"noopener\">Descargar<\/a><\/strong><\/span><\/td>\n<\/tr>\n<tr style=\"height: 24px;\">\n<td style=\"width: 937.5px; text-align: left; height: 24px;\">REGLAMENTO ESTUDIANTIL, ACUERDO DEL CONSEJO SUPERIOR N\u00ba 13 de diciembre 04 de 2015<\/td>\n<td style=\"width: 386.5px; text-align: center; height: 24px;\"><span style=\"color: #c1102c;\"><strong><a style=\"color: #c1102c;\" href=\"https:\/\/www.unicuces.edu.co\/principal\/wp-content\/uploads\/images\/imagenes-home\/Induccion-Docentes\/REGLAMENTO%20ESTUDIANTIL%20-%20CONS%20SUP%20ACD%2013%20dic%204-2015.pdf\" target=\"_blank\" rel=\"noopener\">Descargar<\/a><\/strong><\/span><\/td>\n<\/tr>\n<tr style=\"height: 24px;\">\n<td style=\"width: 937.5px; text-align: left; height: 24px;\">REGLAMENTO REQUISITOS DE GRADO, ACUERDO DEL CONSEJO SUPERIOR N\u00ba 14 de diciembre 04 de 2015<\/td>\n<td style=\"width: 386.5px; text-align: center; height: 24px;\"><span style=\"color: #c1102c;\"><strong><a style=\"color: #c1102c;\" href=\"https:\/\/www.unicuces.edu.co\/principal\/wp-content\/uploads\/images\/imagenes-home\/Induccion-Docentes\/REGLAMENTO%20REQUISITOS%20DE%20GRADO%20-%20CONS%20SUP%20ACD%2014%20dic%204-2015.pdf\" target=\"_blank\" rel=\"noopener\">Descargar<\/a><\/strong><\/span><\/td>\n<\/tr>\n<tr style=\"height: 24px;\">\n<td style=\"width: 937.5px; text-align: left; height: 24px;\">INSTRUCTIVO PARA RECUPERACI\u00d3N DE HORAS DE CLASES<\/td>\n<td style=\"width: 386.5px; text-align: center; height: 24px;\"><span style=\"color: #c1102c;\"><strong><a href=\"https:\/\/unicuces.edu.co\/principal\/wp-content\/uploads\/2023\/01\/Instructivo-R-Clases.pdf\" target=\"_blank\" rel=\"noopener\" style=\"color: #c1102c;\">Descargar<\/a><\/strong><\/span><\/td>\n<\/tr>\n<tr style=\"height: 24px;\">\n<td style=\"width: 937.5px; text-align: left; height: 24px;\">FORMATOS PARA LA RECUPERACI\u00d3N DE HORAS DE CLASE<\/td>\n<td style=\"width: 386.5px; text-align: center; height: 24px;\"><span> <span style=\"color: #c1102c;\"><strong><a href=\"https:\/\/unicuces.edu.co\/principal\/wp-content\/uploads\/2021\/01\/RG15-SOLICITUD-RECUPERACION-DE-CLASES.pdf\" target=\"_blank\" rel=\"noopener\" style=\"color: #c1102c;\">Descargar<\/a>\u00a0<\/strong><\/span><\/span><span style=\"color: rgba(255, 255, 255, 0);\"><strong><\/strong><\/span><\/td>\n<\/tr>\n<tr style=\"height: 24px;\">\n<td style=\"width: 937.5px; text-align: left; height: 24px;\">INFORME DE CLASES RECUPERADAS<span>.<\/span><\/td>\n<td style=\"width: 386.5px; text-align: center; height: 24px;\"><span><span style=\"color: #c1102c;\"><strong><a href=\"https:\/\/unicuces.edu.co\/principal\/wp-content\/uploads\/2021\/01\/RG16-INFORME-RECUPERACION-DE-CLASES.pdf\" target=\"_blank\" rel=\"noopener\" style=\"color: #c1102c;\">Descargar<\/a><\/strong><\/span><\/span><\/td>\n<\/tr>\n<tr style=\"height: 48px;\">\n<td style=\"width: 937.5px; text-align: left; height: 48px;\">MEMORANDO DE VICERRECTOR\u00cdA ADMINISTRATIVA<\/td>\n<td style=\"width: 386.5px; text-align: center; height: 48px;\"><span><span style=\"color: #c1102c;\"><strong><a href=\"https:\/\/unicuces.edu.co\/principal\/wp-content\/uploads\/2021\/07\/MEMORANDO-VICERRECTORIA-ADMINISTRATIVA.pdf\" target=\"_blank\" rel=\"noopener\" style=\"color: #c1102c;\">Descargar<\/a><\/strong><\/span><\/span><\/td>\n<\/tr>\n<tr style=\"height: 24px;\">\n<td style=\"width: 937.5px; text-align: left; height: 24px;\">TIPS SOBRE PRESENTACI\u00d3N PERSONAL<\/td>\n<td style=\"width: 386.5px; text-align: center; height: 24px;\"><span style=\"color: #c1102c;\"><strong><a href=\"https:\/\/unicuces.edu.co\/principal\/wp-content\/uploads\/images\/imagenes-home\/Induccion-Docentes\/TIPS%20PRESENTACION%20PERSONAL.pdf\" target=\"_blank\" rel=\"noopener\" style=\"color: #c1102c;\">Descargar<\/a><\/strong><\/span><\/td>\n<\/tr>\n<tr style=\"height: 24px;\">\n<td style=\"width: 937.5px; text-align: left; height: 24px;\">FORMA INADECUADA DE VESTIR<\/td>\n<td style=\"width: 386.5px; text-align: center; height: 24px;\"><span style=\"color: #c1102c;\"><strong><a href=\"https:\/\/unicuces.edu.co\/principal\/wp-content\/uploads\/images\/imagenes-home\/Presentacion-Inadecuada.pdf\" target=\"_blank\" rel=\"noopener\" style=\"color: #c1102c;\">Descargar<\/a><\/strong><\/span><\/td>\n<\/tr>\n<\/tbody>\n<\/table>\n<p style=\"text-align: justify;\"><!--<\/p>\n\n\n\n\n<p class=\"description\">Aqu\u00ed puedes crear el contenido que se usar\u00e1 dentro del m\u00f3dulo.<\/p>\n\n\n\n\n<p>--><\/p>\n<p>[\/et_pb_text][\/et_pb_column][\/et_pb_row][\/et_pb_section]<\/p>\n","protected":false},"excerpt":{"rendered":"<p>MEMORANDO RECTOR\u00cdA\u00a0 2026 &#8211; 1 Descargar MEMORANDO VICERECTOR\u00cdA ADMINISTRATIVA 2026 &#8211; 1 Descargar CALENDARIO DE ACTIVIDADES INSTITUCIONALES Descargar HIMNO DE LA CORPORACI\u00d3N UNIVERSITARIA CENTRO SUPERIOR, UNICUCES Descargar DIRECIONAMIENTO ESTRAT\u00c9GICO DE LA UNICUCES: Misi\u00f3n, Visi\u00f3n, Principios, SIGU Descargar ESTATUTO DOCENTE ACUERDO DEL CONSEJO SUPERIOR N\u00ba 16 de septiembre 20 de 2018 Descargar ESCALAF\u00d3N DOCENTE, ACUERDO DEL [&hellip;]<\/p>\n","protected":false},"author":14,"featured_media":0,"parent":0,"menu_order":0,"comment_status":"closed","ping_status":"closed","template":"","meta":{"_et_pb_use_builder":"on","_et_pb_old_content":"","_et_gb_content_width":"","footnotes":""},"class_list":["post-181","page","type-page","status-publish","hentry"],"_links":{"self":[{"href":"https:\/\/unicuces.edu.co\/principal\/wp-json\/wp\/v2\/pages\/181","targetHints":{"allow":["GET"]}}],"collection":[{"href":"https:\/\/unicuces.edu.co\/principal\/wp-json\/wp\/v2\/pages"}],"about":[{"href":"https:\/\/unicuces.edu.co\/principal\/wp-json\/wp\/v2\/types\/page"}],"author":[{"embeddable":true,"href":"https:\/\/unicuces.edu.co\/principal\/wp-json\/wp\/v2\/users\/14"}],"replies":[{"embeddable":true,"href":"https:\/\/unicuces.edu.co\/principal\/wp-json\/wp\/v2\/comments?post=181"}],"version-history":[{"count":66,"href":"https:\/\/unicuces.edu.co\/principal\/wp-json\/wp\/v2\/pages\/181\/revisions"}],"predecessor-version":[{"id":20400,"href":"https:\/\/unicuces.edu.co\/principal\/wp-json\/wp\/v2\/pages\/181\/revisions\/20400"}],"wp:attachment":[{"href":"https:\/\/unicuces.edu.co\/principal\/wp-json\/wp\/v2\/media?parent=181"}],"curies":[{"name":"wp","href":"https:\/\/api.w.org\/{rel}","templated":true}]}}