{"id":17917,"date":"2024-04-03T13:16:35","date_gmt":"2024-04-03T18:16:35","guid":{"rendered":"https:\/\/unicuces.edu.co\/principal\/?page_id=17917"},"modified":"2024-04-03T13:30:27","modified_gmt":"2024-04-03T18:30:27","slug":"boletines2020","status":"publish","type":"page","link":"https:\/\/unicuces.edu.co\/principal\/boletines2020\/","title":{"rendered":"Boletines 2020"},"content":{"rendered":"<p>[et_pb_section fb_built=\u00bb1&#8243; fullwidth=\u00bbon\u00bb theme_builder_area=\u00bbpost_content\u00bb _builder_version=\u00bb4.24.2&#8243; _module_preset=\u00bbdefault\u00bb][et_pb_fullwidth_image src=\u00bbhttps:\/\/unicuces.edu.co\/principal\/wp-content\/uploads\/2024\/04\/Banner-2020_Mesa-de-trabajo-1-copia.jpg\u00bb _builder_version=\u00bb4.24.2&#8243; _module_preset=\u00bbdefault\u00bb theme_builder_area=\u00bbpost_content\u00bb title_text=\u00bbBanner 2020_Mesa de trabajo 1 copia\u00bb hover_enabled=\u00bb0&#8243; sticky_enabled=\u00bb0&#8243; disabled_on=\u00bbon|off|off\u00bb][\/et_pb_fullwidth_image][\/et_pb_section][et_pb_section fb_built=\u00bb1&#8243; fullwidth=\u00bbon\u00bb theme_builder_area=\u00bbpost_content\u00bb _builder_version=\u00bb4.24.2&#8243; _module_preset=\u00bbdefault\u00bb][et_pb_fullwidth_image src=\u00bbhttps:\/\/unicuces.edu.co\/principal\/wp-content\/uploads\/2024\/04\/Banner-2020_Mesa-de-trabajo-1-copia-2.jpg\u00bb _builder_version=\u00bb4.24.2&#8243; _module_preset=\u00bbdefault\u00bb theme_builder_area=\u00bbpost_content\u00bb title_text=\u00bbBanner 2020_Mesa de trabajo 1 copia 2&#8243; hover_enabled=\u00bb0&#8243; sticky_enabled=\u00bb0&#8243; disabled_on=\u00bboff|on|on\u00bb][\/et_pb_fullwidth_image][\/et_pb_section][et_pb_section fb_built=\u00bb1&#8243; _builder_version=\u00bb4.16&#8243; _module_preset=\u00bbdefault\u00bb global_colors_info=\u00bb{}\u00bb][et_pb_row column_structure=\u00bb1_4,1_4,1_4,1_4&#8243; _builder_version=\u00bb4.16&#8243; locked=\u00bboff\u00bb global_colors_info=\u00bb{}\u00bb][et_pb_column type=\u00bb1_4&#8243; _builder_version=\u00bb4.16&#8243; custom_padding=\u00bb|||\u00bb global_colors_info=\u00bb{}\u00bb custom_padding__hover=\u00bb|||\u00bb][et_pb_image src=\u00bbhttps:\/\/unicuces.edu.co\/principal\/wp-content\/uploads\/2020\/08\/boletines-icono-UNICUCES.png\u00bb align=\u00bbcenter\u00bb align_tablet=\u00bbcenter\u00bb align_phone=\u00bbcenter\u00bb align_last_edited=\u00bbon|desktop\u00bb _builder_version=\u00bb4.16&#8243; max_width=\u00bb45%\u00bb module_alignment=\u00bbcenter\u00bb global_colors_info=\u00bb{}\u00bb][\/et_pb_image][et_pb_text _builder_version=\u00bb4.16&#8243; text_font_size=\u00bb10px\u00bb header_text_align=\u00bbcenter\u00bb text_orientation=\u00bbcenter\u00bb custom_margin=\u00bb-20px|||\u00bb global_colors_info=\u00bb{}\u00bb]<\/p>\n<h6><b>BOLET\u00cdN FEBRERO<\/b><\/h6>\n<h5>Administraci\u00f3n de Empresas &#8211; Tecnolog\u00eda en Gesti\u00f3n Empresarial<\/h5>\n<p>____<br \/>\n2020<\/p>\n<p>[\/et_pb_text][et_pb_button button_url=\u00bbhttp:\/\/www.unicuces.edu.co\/principal\/wp-content\/uploads\/images\/imagenes-home\/ComunicaRSE\/Boletin-ComunicaRSE%20-%20Febrero.pdf\u00bb url_new_window=\u00bbon\u00bb button_text=\u00bbVer Bolet\u00edn\u00bb button_alignment=\u00bbcenter\u00bb _builder_version=\u00bb4.16&#8243; global_colors_info=\u00bb{}\u00bb][\/et_pb_button][\/et_pb_column][et_pb_column type=\u00bb1_4&#8243; _builder_version=\u00bb4.16&#8243; custom_padding=\u00bb|||\u00bb global_colors_info=\u00bb{}\u00bb custom_padding__hover=\u00bb|||\u00bb][et_pb_image src=\u00bbhttps:\/\/unicuces.edu.co\/principal\/wp-content\/uploads\/2020\/08\/boletines-icono-UNICUCES.png\u00bb align=\u00bbcenter\u00bb align_tablet=\u00bbcenter\u00bb align_phone=\u00bbcenter\u00bb align_last_edited=\u00bbon|desktop\u00bb _builder_version=\u00bb4.16&#8243; max_width=\u00bb45%\u00bb module_alignment=\u00bbcenter\u00bb global_colors_info=\u00bb{}\u00bb][\/et_pb_image][et_pb_text _builder_version=\u00bb4.16&#8243; text_font_size=\u00bb10px\u00bb header_text_align=\u00bbcenter\u00bb text_orientation=\u00bbcenter\u00bb custom_margin=\u00bb-20px|||\u00bb global_colors_info=\u00bb{}\u00bb]<\/p>\n<h6><b>BOLET\u00cdN MARZO<\/b><\/h6>\n<h5>Contadur\u00eda P\u00fablica &#8211; Tecnolog\u00eda en Gesti\u00f3n Contable y Financiera<\/h5>\n<p>____<br \/>\n2020<\/p>\n<p>[\/et_pb_text][et_pb_button button_url=\u00bbhttp:\/\/www.unicuces.edu.co\/principal\/wp-content\/uploads\/images\/imagenes-home\/ComunicaRSE\/Boletin-ComunicaRSE%20-%20Marzo.pdf\u00bb url_new_window=\u00bbon\u00bb button_text=\u00bbVer Bolet\u00edn\u00bb button_alignment=\u00bbcenter\u00bb _builder_version=\u00bb4.16&#8243; global_colors_info=\u00bb{}\u00bb][\/et_pb_button][\/et_pb_column][et_pb_column type=\u00bb1_4&#8243; _builder_version=\u00bb4.16&#8243; custom_padding=\u00bb|||\u00bb global_colors_info=\u00bb{}\u00bb custom_padding__hover=\u00bb|||\u00bb][et_pb_image src=\u00bbhttps:\/\/unicuces.edu.co\/principal\/wp-content\/uploads\/2020\/08\/boletines-icono-UNICUCES.png\u00bb align=\u00bbcenter\u00bb align_tablet=\u00bbcenter\u00bb align_phone=\u00bbcenter\u00bb align_last_edited=\u00bbon|desktop\u00bb _builder_version=\u00bb4.16&#8243; max_width=\u00bb45%\u00bb module_alignment=\u00bbcenter\u00bb global_colors_info=\u00bb{}\u00bb][\/et_pb_image][et_pb_text _builder_version=\u00bb4.16&#8243; text_font_size=\u00bb10px\u00bb header_text_align=\u00bbcenter\u00bb text_orientation=\u00bbcenter\u00bb custom_margin=\u00bb-20px|||\u00bb global_colors_info=\u00bb{}\u00bb]<\/p>\n<h6><b>BOLET\u00cdN ABRIL<\/b><\/h6>\n<h5>Ingenier\u00eda Industrial &#8211; Tecnolog\u00eda en Gesti\u00f3n de la Producci\u00f3n<\/h5>\n<p>____<br \/>\n2020<\/p>\n<p>[\/et_pb_text][et_pb_button button_url=\u00bbhttp:\/\/www.unicuces.edu.co\/principal\/wp-content\/uploads\/images\/imagenes-home\/ComunicaRSE\/Boletin-ComunicaRSE%20-%20Abril.pdf\u00bb url_new_window=\u00bbon\u00bb button_text=\u00bbVer Bolet\u00edn\u00bb button_alignment=\u00bbcenter\u00bb _builder_version=\u00bb4.16&#8243; global_colors_info=\u00bb{}\u00bb][\/et_pb_button][\/et_pb_column][et_pb_column type=\u00bb1_4&#8243; _builder_version=\u00bb4.16&#8243; custom_padding=\u00bb|||\u00bb global_colors_info=\u00bb{}\u00bb custom_padding__hover=\u00bb|||\u00bb][et_pb_image src=\u00bbhttps:\/\/unicuces.edu.co\/principal\/wp-content\/uploads\/2020\/08\/boletines-icono-UNICUCES.png\u00bb align=\u00bbcenter\u00bb align_tablet=\u00bbcenter\u00bb align_phone=\u00bbcenter\u00bb align_last_edited=\u00bbon|desktop\u00bb _builder_version=\u00bb4.16&#8243; max_width=\u00bb45%\u00bb module_alignment=\u00bbcenter\u00bb global_colors_info=\u00bb{}\u00bb][\/et_pb_image][et_pb_text _builder_version=\u00bb4.16&#8243; text_font_size=\u00bb10px\u00bb header_text_align=\u00bbcenter\u00bb text_orientation=\u00bbcenter\u00bb custom_margin=\u00bb-20px|||\u00bb global_colors_info=\u00bb{}\u00bb]<\/p>\n<h6><b>BOLET\u00cdN MAYO<\/b><\/h6>\n<h5>Comercio y Finanzas Internacionales &#8211; Administraci\u00f3n de la Cadena de Suministro y Log\u00edstica<\/h5>\n<p>____<br \/>\n2020<\/p>\n<p>[\/et_pb_text][et_pb_button button_url=\u00bbhttps:\/\/unicuces.edu.co\/principal\/wp-content\/uploads\/2020\/10\/Boletion-ComunicaRSE-Mayo-CSL-CFI.pdf\u00bb url_new_window=\u00bbon\u00bb button_text=\u00bbVer Bolet\u00edn\u00bb button_alignment=\u00bbcenter\u00bb _builder_version=\u00bb4.16&#8243; global_colors_info=\u00bb{}\u00bb][\/et_pb_button][\/et_pb_column][\/et_pb_row][et_pb_row column_structure=\u00bb1_4,1_4,1_4,1_4&#8243; _builder_version=\u00bb4.16&#8243; locked=\u00bboff\u00bb global_colors_info=\u00bb{}\u00bb][et_pb_column type=\u00bb1_4&#8243; _builder_version=\u00bb4.16&#8243; custom_padding=\u00bb|||\u00bb global_colors_info=\u00bb{}\u00bb custom_padding__hover=\u00bb|||\u00bb][et_pb_image src=\u00bbhttps:\/\/unicuces.edu.co\/principal\/wp-content\/uploads\/2020\/08\/boletines-icono-UNICUCES.png\u00bb align=\u00bbcenter\u00bb align_tablet=\u00bbcenter\u00bb align_phone=\u00bbcenter\u00bb align_last_edited=\u00bbon|desktop\u00bb _builder_version=\u00bb4.16&#8243; max_width=\u00bb45%\u00bb module_alignment=\u00bbcenter\u00bb global_colors_info=\u00bb{}\u00bb][\/et_pb_image][et_pb_text _builder_version=\u00bb4.16&#8243; text_font_size=\u00bb10px\u00bb header_text_align=\u00bbcenter\u00bb text_orientation=\u00bbcenter\u00bb custom_margin=\u00bb-20px|||\u00bb global_colors_info=\u00bb{}\u00bb]<\/p>\n<h6><b>BOLET\u00cdN JUNIO<\/b><\/h6>\n<h5>Investigaci\u00f3n<\/h5>\n<p>____<br \/>\n2020<\/p>\n<p>[\/et_pb_text][et_pb_button button_url=\u00bbhttp:\/\/www.unicuces.edu.co\/principal\/wp-content\/uploads\/images\/imagenes-home\/ComunicaRSE\/Boletin-ComunicaRSE%20-%20Junio.pdf\u00bb url_new_window=\u00bbon\u00bb button_text=\u00bbVer Bolet\u00edn\u00bb button_alignment=\u00bbcenter\u00bb _builder_version=\u00bb4.16&#8243; global_colors_info=\u00bb{}\u00bb][\/et_pb_button][\/et_pb_column][et_pb_column type=\u00bb1_4&#8243; _builder_version=\u00bb4.16&#8243; custom_padding=\u00bb|||\u00bb global_colors_info=\u00bb{}\u00bb custom_padding__hover=\u00bb|||\u00bb][et_pb_image src=\u00bbhttps:\/\/unicuces.edu.co\/principal\/wp-content\/uploads\/2020\/08\/boletines-icono-UNICUCES.png\u00bb align=\u00bbcenter\u00bb align_tablet=\u00bbcenter\u00bb align_phone=\u00bbcenter\u00bb align_last_edited=\u00bbon|desktop\u00bb _builder_version=\u00bb4.16&#8243; max_width=\u00bb45%\u00bb module_alignment=\u00bbcenter\u00bb global_colors_info=\u00bb{}\u00bb][\/et_pb_image][et_pb_text _builder_version=\u00bb4.16&#8243; text_font_size=\u00bb10px\u00bb header_text_align=\u00bbcenter\u00bb text_orientation=\u00bbcenter\u00bb custom_margin=\u00bb-20px|||\u00bb global_colors_info=\u00bb{}\u00bb]<\/p>\n<h6><b>BOLET\u00cdN JULIO<\/b><\/h6>\n<h5> Bienestar Institucional<\/h5>\n<p>____<br \/>\n2020<\/p>\n<p>[\/et_pb_text][et_pb_button button_url=\u00bbhttp:\/\/www.unicuces.edu.co\/principal\/wp-content\/uploads\/images\/imagenes-home\/ComunicaRSE\/Boletin-ComunicaRSE%20-%20Julio.pdf\u00bb url_new_window=\u00bbon\u00bb button_text=\u00bbVer Bolet\u00edn\u00bb button_alignment=\u00bbcenter\u00bb _builder_version=\u00bb4.16&#8243; global_colors_info=\u00bb{}\u00bb][\/et_pb_button][\/et_pb_column][et_pb_column type=\u00bb1_4&#8243; _builder_version=\u00bb4.16&#8243; custom_padding=\u00bb|||\u00bb global_colors_info=\u00bb{}\u00bb custom_padding__hover=\u00bb|||\u00bb][et_pb_image src=\u00bbhttps:\/\/unicuces.edu.co\/principal\/wp-content\/uploads\/2020\/08\/boletines-icono-UNICUCES.png\u00bb align=\u00bbcenter\u00bb align_tablet=\u00bbcenter\u00bb align_phone=\u00bbcenter\u00bb align_last_edited=\u00bbon|desktop\u00bb _builder_version=\u00bb4.16&#8243; max_width=\u00bb45%\u00bb module_alignment=\u00bbcenter\u00bb global_colors_info=\u00bb{}\u00bb][\/et_pb_image][et_pb_text _builder_version=\u00bb4.16&#8243; text_font_size=\u00bb10px\u00bb header_text_align=\u00bbcenter\u00bb text_orientation=\u00bbcenter\u00bb custom_margin=\u00bb-20px|||\u00bb global_colors_info=\u00bb{}\u00bb]<\/p>\n<h6><b>BOLET\u00cdN AGOSTO<\/b><\/h6>\n<h5> Proyecci\u00f3n Social<\/h5>\n<p>____<br \/>\n2020<\/p>\n<p>[\/et_pb_text][et_pb_button button_url=\u00bbhttp:\/\/www.unicuces.edu.co\/principal\/wp-content\/uploads\/images\/imagenes-home\/ComunicaRSE\/Boletin-ComunicaRSE%20-%20Agosto.pdf\u00bb url_new_window=\u00bbon\u00bb button_text=\u00bbVer Bolet\u00edn\u00bb button_alignment=\u00bbcenter\u00bb _builder_version=\u00bb4.16&#8243; global_colors_info=\u00bb{}\u00bb][\/et_pb_button][\/et_pb_column][et_pb_column type=\u00bb1_4&#8243; _builder_version=\u00bb4.16&#8243; custom_padding=\u00bb|||\u00bb global_colors_info=\u00bb{}\u00bb custom_padding__hover=\u00bb|||\u00bb][et_pb_image src=\u00bbhttps:\/\/unicuces.edu.co\/principal\/wp-content\/uploads\/2020\/08\/boletines-icono-UNICUCES.png\u00bb align=\u00bbcenter\u00bb align_tablet=\u00bbcenter\u00bb align_phone=\u00bbcenter\u00bb align_last_edited=\u00bbon|desktop\u00bb _builder_version=\u00bb4.16&#8243; max_width=\u00bb45%\u00bb module_alignment=\u00bbcenter\u00bb global_colors_info=\u00bb{}\u00bb][\/et_pb_image][et_pb_text _builder_version=\u00bb4.16&#8243; text_font_size=\u00bb10px\u00bb header_text_align=\u00bbcenter\u00bb text_orientation=\u00bbcenter\u00bb custom_margin=\u00bb-20px|||\u00bb global_colors_info=\u00bb{}\u00bb]<\/p>\n<h6><b>BOLET\u00cdN SEPTIEMBRE<\/b><\/h6>\n<h5> Autoevaluaci\u00f3n<\/h5>\n<p>____<br \/>\n2020<\/p>\n<p>[\/et_pb_text][et_pb_button button_url=\u00bbhttps:\/\/unicuces.edu.co\/principal\/wp-content\/uploads\/2020\/10\/ComunicaRSE-Septiembre.pdf\u00bb url_new_window=\u00bbon\u00bb button_text=\u00bbVer Bolet\u00edn\u00bb button_alignment=\u00bbcenter\u00bb _builder_version=\u00bb4.16&#8243; global_colors_info=\u00bb{}\u00bb][\/et_pb_button][\/et_pb_column][\/et_pb_row][\/et_pb_section]<\/p>\n","protected":false},"excerpt":{"rendered":"<p>BOLET\u00cdN FEBRERO Administraci\u00f3n de Empresas &#8211; Tecnolog\u00eda en Gesti\u00f3n Empresarial ____ 2020 BOLET\u00cdN MARZO Contadur\u00eda P\u00fablica &#8211; Tecnolog\u00eda en Gesti\u00f3n Contable y Financiera ____ 2020 BOLET\u00cdN ABRIL Ingenier\u00eda Industrial &#8211; Tecnolog\u00eda en Gesti\u00f3n de la Producci\u00f3n ____ 2020 BOLET\u00cdN MAYO Comercio y Finanzas Internacionales &#8211; Administraci\u00f3n de la Cadena de Suministro y Log\u00edstica ____ 2020 [&hellip;]<\/p>\n","protected":false},"author":14,"featured_media":0,"parent":0,"menu_order":0,"comment_status":"closed","ping_status":"closed","template":"","meta":{"_et_pb_use_builder":"on","_et_pb_old_content":"","_et_gb_content_width":"","footnotes":""},"class_list":["post-17917","page","type-page","status-publish","hentry"],"_links":{"self":[{"href":"https:\/\/unicuces.edu.co\/principal\/wp-json\/wp\/v2\/pages\/17917","targetHints":{"allow":["GET"]}}],"collection":[{"href":"https:\/\/unicuces.edu.co\/principal\/wp-json\/wp\/v2\/pages"}],"about":[{"href":"https:\/\/unicuces.edu.co\/principal\/wp-json\/wp\/v2\/types\/page"}],"author":[{"embeddable":true,"href":"https:\/\/unicuces.edu.co\/principal\/wp-json\/wp\/v2\/users\/14"}],"replies":[{"embeddable":true,"href":"https:\/\/unicuces.edu.co\/principal\/wp-json\/wp\/v2\/comments?post=17917"}],"version-history":[{"count":2,"href":"https:\/\/unicuces.edu.co\/principal\/wp-json\/wp\/v2\/pages\/17917\/revisions"}],"predecessor-version":[{"id":17943,"href":"https:\/\/unicuces.edu.co\/principal\/wp-json\/wp\/v2\/pages\/17917\/revisions\/17943"}],"wp:attachment":[{"href":"https:\/\/unicuces.edu.co\/principal\/wp-json\/wp\/v2\/media?parent=17917"}],"curies":[{"name":"wp","href":"https:\/\/api.w.org\/{rel}","templated":true}]}}