{"id":17913,"date":"2024-04-03T13:16:21","date_gmt":"2024-04-03T18:16:21","guid":{"rendered":"https:\/\/unicuces.edu.co\/principal\/?page_id=17913"},"modified":"2024-04-03T13:33:50","modified_gmt":"2024-04-03T18:33:50","slug":"boletines2022","status":"publish","type":"page","link":"https:\/\/unicuces.edu.co\/principal\/boletines2022\/","title":{"rendered":"Boletines 2022"},"content":{"rendered":"<p>[et_pb_section fb_built=\u00bb1&#8243; fullwidth=\u00bbon\u00bb theme_builder_area=\u00bbpost_content\u00bb _builder_version=\u00bb4.24.2&#8243; _module_preset=\u00bbdefault\u00bb][et_pb_fullwidth_image src=\u00bbhttps:\/\/unicuces.edu.co\/principal\/wp-content\/uploads\/2024\/04\/Banner-2022_Mesa-de-trabajo-1-copia.jpg\u00bb _builder_version=\u00bb4.24.2&#8243; _module_preset=\u00bbdefault\u00bb theme_builder_area=\u00bbpost_content\u00bb title_text=\u00bbBanner 2022_Mesa de trabajo 1 copia\u00bb hover_enabled=\u00bb0&#8243; sticky_enabled=\u00bb0&#8243; disabled_on=\u00bbon|off|off\u00bb][\/et_pb_fullwidth_image][\/et_pb_section][et_pb_section fb_built=\u00bb1&#8243; fullwidth=\u00bbon\u00bb theme_builder_area=\u00bbpost_content\u00bb _builder_version=\u00bb4.24.2&#8243; _module_preset=\u00bbdefault\u00bb][et_pb_fullwidth_image src=\u00bbhttps:\/\/unicuces.edu.co\/principal\/wp-content\/uploads\/2024\/04\/Banner-2022_Mesa-de-trabajo-1-copia-2.jpg\u00bb _builder_version=\u00bb4.24.2&#8243; _module_preset=\u00bbdefault\u00bb theme_builder_area=\u00bbpost_content\u00bb title_text=\u00bbBanner 2022_Mesa de trabajo 1 copia 2&#8243; hover_enabled=\u00bb0&#8243; sticky_enabled=\u00bb0&#8243; disabled_on=\u00bboff|on|on\u00bb][\/et_pb_fullwidth_image][\/et_pb_section][et_pb_section fb_built=\u00bb1&#8243; _builder_version=\u00bb4.16&#8243; _module_preset=\u00bbdefault\u00bb global_colors_info=\u00bb{}\u00bb][et_pb_row column_structure=\u00bb1_4,1_4,1_4,1_4&#8243; _builder_version=\u00bb4.16&#8243; locked=\u00bboff\u00bb global_colors_info=\u00bb{}\u00bb][et_pb_column type=\u00bb1_4&#8243; _builder_version=\u00bb4.16&#8243; custom_padding=\u00bb|||\u00bb global_colors_info=\u00bb{}\u00bb custom_padding__hover=\u00bb|||\u00bb][et_pb_image src=\u00bbhttps:\/\/unicuces.edu.co\/principal\/wp-content\/uploads\/2020\/08\/boletines-icono-UNICUCES.png\u00bb align=\u00bbcenter\u00bb align_tablet=\u00bbcenter\u00bb align_phone=\u00bbcenter\u00bb align_last_edited=\u00bbon|desktop\u00bb _builder_version=\u00bb4.16&#8243; max_width=\u00bb45%\u00bb module_alignment=\u00bbcenter\u00bb global_colors_info=\u00bb{}\u00bb][\/et_pb_image][et_pb_text _builder_version=\u00bb4.17.4&#8243; text_font_size=\u00bb10px\u00bb header_text_align=\u00bbcenter\u00bb text_orientation=\u00bbcenter\u00bb custom_margin=\u00bb-20px|||\u00bb global_colors_info=\u00bb{}\u00bb]<\/p>\n<h6><b>BOLET\u00cdN FEBRERO<\/b><\/h6>\n<h5>Autoevaluaci\u00f3n<\/h5>\n<p>____<br \/>2022<\/p>\n<p>[\/et_pb_text][et_pb_button button_url=\u00bbhttps:\/\/unicuces.edu.co\/principal\/wp-content\/uploads\/2022\/05\/boletin-comunicarse-feb-2022.pdf\u00bb url_new_window=\u00bbon\u00bb button_text=\u00bbVer Bolet\u00edn\u00bb button_alignment=\u00bbcenter\u00bb _builder_version=\u00bb4.17.4&#8243; global_colors_info=\u00bb{}\u00bb][\/et_pb_button][\/et_pb_column][et_pb_column type=\u00bb1_4&#8243; _builder_version=\u00bb4.16&#8243; custom_padding=\u00bb|||\u00bb global_colors_info=\u00bb{}\u00bb custom_padding__hover=\u00bb|||\u00bb][et_pb_image src=\u00bbhttps:\/\/unicuces.edu.co\/principal\/wp-content\/uploads\/2020\/08\/boletines-icono-UNICUCES.png\u00bb align=\u00bbcenter\u00bb align_tablet=\u00bbcenter\u00bb align_phone=\u00bbcenter\u00bb align_last_edited=\u00bbon|desktop\u00bb _builder_version=\u00bb4.16&#8243; max_width=\u00bb45%\u00bb module_alignment=\u00bbcenter\u00bb global_colors_info=\u00bb{}\u00bb][\/et_pb_image][et_pb_text _builder_version=\u00bb4.17.4&#8243; text_font_size=\u00bb10px\u00bb header_text_align=\u00bbcenter\u00bb text_orientation=\u00bbcenter\u00bb custom_margin=\u00bb-20px|||\u00bb global_colors_info=\u00bb{}\u00bb]<\/p>\n<h6 style=\"text-align: center;\"><b>BOLET\u00cdN MARZO <\/b><\/h6>\n<h5 style=\"text-align: center;\">Ingenieria de Sistemas<\/h5>\n<p style=\"text-align: center;\">____<br \/>2022<\/p>\n<p>[\/et_pb_text][et_pb_button button_url=\u00bbhttps:\/\/unicuces.edu.co\/principal\/wp-content\/uploads\/2022\/07\/MARZO_2022_BOLETIN-Ingenieria-de-sistemas.pdf\u00bb url_new_window=\u00bbon\u00bb button_text=\u00bbVer Bolet\u00edn\u00bb button_alignment=\u00bbcenter\u00bb _builder_version=\u00bb4.17.4&#8243; global_colors_info=\u00bb{}\u00bb][\/et_pb_button][\/et_pb_column][et_pb_column type=\u00bb1_4&#8243; _builder_version=\u00bb4.16&#8243; custom_padding=\u00bb|||\u00bb global_colors_info=\u00bb{}\u00bb custom_padding__hover=\u00bb|||\u00bb][et_pb_image src=\u00bbhttps:\/\/unicuces.edu.co\/principal\/wp-content\/uploads\/2020\/08\/boletines-icono-UNICUCES.png\u00bb align=\u00bbcenter\u00bb align_tablet=\u00bbcenter\u00bb align_phone=\u00bbcenter\u00bb align_last_edited=\u00bbon|desktop\u00bb _builder_version=\u00bb4.16&#8243; max_width=\u00bb45%\u00bb module_alignment=\u00bbcenter\u00bb global_colors_info=\u00bb{}\u00bb][\/et_pb_image][et_pb_text _builder_version=\u00bb4.17.4&#8243; text_font_size=\u00bb10px\u00bb header_text_align=\u00bbcenter\u00bb text_orientation=\u00bbcenter\u00bb custom_margin=\u00bb-20px|||\u00bb global_colors_info=\u00bb{}\u00bb]<\/p>\n<h6 style=\"text-align: center;\"><b>BOLET\u00cdN ABRIL <\/b><\/h6>\n<h5 style=\"text-align: center;\">Administraci\u00f3n de Empresas \u2013 Tecnolog\u00eda en Gesti\u00f3n Empresarial<\/h5>\n<p style=\"text-align: center;\">____<br \/>2022<\/p>\n<p>[\/et_pb_text][et_pb_button button_url=\u00bbhttps:\/\/unicuces.edu.co\/principal\/wp-content\/uploads\/2022\/07\/ABRIL_2022-BOLETIN-Administracio\u0301n-de-Empresas-Tecnologi\u0301a-en-Gestio\u0301n-Empresarial.pdf\u00bb url_new_window=\u00bbon\u00bb button_text=\u00bbVer Bolet\u00edn\u00bb button_alignment=\u00bbcenter\u00bb _builder_version=\u00bb4.17.4&#8243; global_colors_info=\u00bb{}\u00bb][\/et_pb_button][\/et_pb_column][et_pb_column type=\u00bb1_4&#8243; _builder_version=\u00bb4.16&#8243; custom_padding=\u00bb|||\u00bb global_colors_info=\u00bb{}\u00bb custom_padding__hover=\u00bb|||\u00bb][et_pb_image src=\u00bbhttps:\/\/unicuces.edu.co\/principal\/wp-content\/uploads\/2020\/08\/boletines-icono-UNICUCES.png\u00bb align=\u00bbcenter\u00bb align_tablet=\u00bbcenter\u00bb align_phone=\u00bbcenter\u00bb align_last_edited=\u00bbon|desktop\u00bb _builder_version=\u00bb4.16&#8243; max_width=\u00bb45%\u00bb module_alignment=\u00bbcenter\u00bb global_colors_info=\u00bb{}\u00bb][\/et_pb_image][et_pb_text _builder_version=\u00bb4.17.4&#8243; text_font_size=\u00bb10px\u00bb header_text_align=\u00bbcenter\u00bb text_orientation=\u00bbcenter\u00bb custom_margin=\u00bb-20px|||\u00bb global_colors_info=\u00bb{}\u00bb]<\/p>\n<h6 style=\"text-align: center;\"><b>BOLET\u00cdN MAYO <\/b><\/h6>\n<h5 style=\"text-align: center;\">Ingenier\u00eda Industrial<\/h5>\n<p style=\"text-align: center;\">____<br \/>2022<\/p>\n<p>[\/et_pb_text][et_pb_button button_url=\u00bbhttps:\/\/unicuces.edu.co\/principal\/wp-content\/uploads\/2022\/07\/MAYO_2022_BOLETIN-Ingenieria-Industrial.pdf\u00bb url_new_window=\u00bbon\u00bb button_text=\u00bbVer Bolet\u00edn\u00bb button_alignment=\u00bbcenter\u00bb _builder_version=\u00bb4.17.4&#8243; global_colors_info=\u00bb{}\u00bb][\/et_pb_button][\/et_pb_column][\/et_pb_row][et_pb_row column_structure=\u00bb1_4,1_4,1_4,1_4&#8243; _builder_version=\u00bb4.18.0&#8243; locked=\u00bboff\u00bb global_colors_info=\u00bb{}\u00bb][et_pb_column type=\u00bb1_4&#8243; _builder_version=\u00bb4.16&#8243; custom_padding=\u00bb|||\u00bb global_colors_info=\u00bb{}\u00bb custom_padding__hover=\u00bb|||\u00bb][et_pb_image src=\u00bbhttps:\/\/unicuces.edu.co\/principal\/wp-content\/uploads\/2020\/08\/boletines-icono-UNICUCES.png\u00bb align=\u00bbcenter\u00bb align_tablet=\u00bbcenter\u00bb align_phone=\u00bbcenter\u00bb align_last_edited=\u00bbon|desktop\u00bb _builder_version=\u00bb4.17.4&#8243; max_width=\u00bb45%\u00bb module_alignment=\u00bbcenter\u00bb global_colors_info=\u00bb{}\u00bb][\/et_pb_image][et_pb_text _builder_version=\u00bb4.17.4&#8243; text_font_size=\u00bb10px\u00bb header_text_align=\u00bbcenter\u00bb text_orientation=\u00bbcenter\u00bb custom_margin=\u00bb-20px|||\u00bb global_colors_info=\u00bb{}\u00bb]<\/p>\n<h6><b>BOLET\u00cdN JUNIO<\/b><\/h6>\n<h5>Investigaciones<\/h5>\n<p>____<br \/>2022<\/p>\n<p>[\/et_pb_text][et_pb_button button_url=\u00bbhttps:\/\/unicuces.edu.co\/principal\/wp-content\/uploads\/2022\/07\/JUNIO_2022-BOLETIN-Investigaciones.pdf\u00bb url_new_window=\u00bbon\u00bb button_text=\u00bbVer Bolet\u00edn\u00bb button_alignment=\u00bbcenter\u00bb _builder_version=\u00bb4.17.4&#8243; global_colors_info=\u00bb{}\u00bb][\/et_pb_button][\/et_pb_column][et_pb_column type=\u00bb1_4&#8243; _builder_version=\u00bb4.17.4&#8243; _module_preset=\u00bbdefault\u00bb global_colors_info=\u00bb{}\u00bb][et_pb_image src=\u00bbhttps:\/\/unicuces.edu.co\/principal\/wp-content\/uploads\/2020\/08\/boletines-icono-UNICUCES.png\u00bb align=\u00bbcenter\u00bb align_tablet=\u00bbcenter\u00bb align_phone=\u00bbcenter\u00bb align_last_edited=\u00bbon|desktop\u00bb _builder_version=\u00bb4.17.4&#8243; max_width=\u00bb45%\u00bb module_alignment=\u00bbcenter\u00bb global_colors_info=\u00bb{}\u00bb][\/et_pb_image][et_pb_text admin_label=\u00bbTexto\u00bb _builder_version=\u00bb4.17.4&#8243; text_font_size=\u00bb10px\u00bb header_text_align=\u00bbcenter\u00bb text_orientation=\u00bbcenter\u00bb custom_margin=\u00bb-20px|||\u00bb global_colors_info=\u00bb{}\u00bb]<\/p>\n<h6><b>BOLET\u00cdN JULIO<\/b><\/h6>\n<h5>Proyecci\u00f3n Social &#8211; Emprendimiento<\/h5>\n<p>____<br \/>2022<\/p>\n<p>[\/et_pb_text][et_pb_button button_url=\u00bbhttps:\/\/unicuces.edu.co\/principal\/wp-content\/uploads\/2022\/07\/JULIO_2022-BOLETIN-Bienestar.pdf\u00bb url_new_window=\u00bbon\u00bb button_text=\u00bbVer Bolet\u00edn\u00bb button_alignment=\u00bbcenter\u00bb admin_label=\u00bbBot\u00f3n\u00bb _builder_version=\u00bb4.17.4&#8243; global_colors_info=\u00bb{}\u00bb][\/et_pb_button][\/et_pb_column][et_pb_column type=\u00bb1_4&#8243; _builder_version=\u00bb4.16&#8243; custom_padding=\u00bb|||\u00bb global_colors_info=\u00bb{}\u00bb custom_padding__hover=\u00bb|||\u00bb][et_pb_image src=\u00bbhttps:\/\/unicuces.edu.co\/principal\/wp-content\/uploads\/2020\/08\/boletines-icono-UNICUCES.png\u00bb align=\u00bbcenter\u00bb align_tablet=\u00bbcenter\u00bb align_phone=\u00bbcenter\u00bb align_last_edited=\u00bbon|desktop\u00bb _builder_version=\u00bb4.17.4&#8243; max_width=\u00bb45%\u00bb module_alignment=\u00bbcenter\u00bb global_colors_info=\u00bb{}\u00bb][\/et_pb_image][et_pb_text admin_label=\u00bbTexto\u00bb _builder_version=\u00bb4.18.0&#8243; text_font_size=\u00bb10px\u00bb header_text_align=\u00bbcenter\u00bb text_orientation=\u00bbcenter\u00bb custom_margin=\u00bb-20px|||\u00bb global_colors_info=\u00bb{}\u00bb]<\/p>\n<h6><b>BOLET\u00cdN AGOSTO<\/b><\/h6>\n<h5>Contadur\u00eda P\u00fablica \u2013 Tecnolog\u00eda en Gesti\u00f3n Contable y Financiera<\/h5>\n<p>____<br \/>2022<\/p>\n<p>[\/et_pb_text][et_pb_button button_url=\u00bbhttps:\/\/unicuces.edu.co\/principal\/wp-content\/uploads\/2022\/10\/ComunicaRSE-8-CONTADURI\u0301A-PU\u0301BLICA.pdf\u00bb url_new_window=\u00bbon\u00bb button_text=\u00bbVer Bolet\u00edn\u00bb button_alignment=\u00bbcenter\u00bb admin_label=\u00bbBot\u00f3n\u00bb _builder_version=\u00bb4.18.0&#8243; global_colors_info=\u00bb{}\u00bb][\/et_pb_button][\/et_pb_column][et_pb_column type=\u00bb1_4&#8243; _builder_version=\u00bb4.16&#8243; custom_padding=\u00bb|||\u00bb global_colors_info=\u00bb{}\u00bb custom_padding__hover=\u00bb|||\u00bb][et_pb_image src=\u00bbhttps:\/\/unicuces.edu.co\/principal\/wp-content\/uploads\/2020\/08\/boletines-icono-UNICUCES.png\u00bb align=\u00bbcenter\u00bb align_tablet=\u00bbcenter\u00bb align_phone=\u00bbcenter\u00bb align_last_edited=\u00bbon|desktop\u00bb _builder_version=\u00bb4.17.4&#8243; max_width=\u00bb45%\u00bb module_alignment=\u00bbcenter\u00bb global_colors_info=\u00bb{}\u00bb][\/et_pb_image][et_pb_text admin_label=\u00bbTexto\u00bb _builder_version=\u00bb4.18.0&#8243; text_font_size=\u00bb10px\u00bb header_text_align=\u00bbcenter\u00bb text_orientation=\u00bbcenter\u00bb custom_margin=\u00bb-20px|||\u00bb global_colors_info=\u00bb{}\u00bb]<\/p>\n<h6><b>BOLET\u00cdN SEPTIEMBRE<\/b><\/h6>\n<h5>Autoevaluaci\u00f3n<\/h5>\n<p>____<br \/>2022<\/p>\n<p>[\/et_pb_text][et_pb_button button_url=\u00bbhttps:\/\/unicuces.edu.co\/principal\/wp-content\/uploads\/2022\/10\/ComunicaRSE-9-AUTOEVALUACIO\u0301N.pdf\u00bb url_new_window=\u00bbon\u00bb button_text=\u00bbVer Bolet\u00edn\u00bb button_alignment=\u00bbcenter\u00bb admin_label=\u00bbBot\u00f3n\u00bb _builder_version=\u00bb4.18.0&#8243; global_colors_info=\u00bb{}\u00bb][\/et_pb_button][\/et_pb_column][\/et_pb_row][et_pb_row column_structure=\u00bb1_4,1_4,1_4,1_4&#8243; _builder_version=\u00bb4.18.0&#8243; locked=\u00bboff\u00bb global_colors_info=\u00bb{}\u00bb][et_pb_column type=\u00bb1_4&#8243; _builder_version=\u00bb4.16&#8243; custom_padding=\u00bb|||\u00bb global_colors_info=\u00bb{}\u00bb custom_padding__hover=\u00bb|||\u00bb][et_pb_image src=\u00bbhttps:\/\/unicuces.edu.co\/principal\/wp-content\/uploads\/2020\/08\/boletines-icono-UNICUCES.png\u00bb align=\u00bbcenter\u00bb align_tablet=\u00bbcenter\u00bb align_phone=\u00bbcenter\u00bb align_last_edited=\u00bbon|desktop\u00bb _builder_version=\u00bb4.17.4&#8243; max_width=\u00bb45%\u00bb module_alignment=\u00bbcenter\u00bb global_colors_info=\u00bb{}\u00bb][\/et_pb_image][et_pb_text _builder_version=\u00bb4.18.0&#8243; text_font_size=\u00bb10px\u00bb header_text_align=\u00bbcenter\u00bb text_orientation=\u00bbcenter\u00bb custom_margin=\u00bb-20px|||\u00bb global_colors_info=\u00bb{}\u00bb]<\/p>\n<h6><b>BOLET\u00cdN OCTUBRE<\/b><\/h6>\n<h5>Administraci\u00f3n de la Cadena de Suministro y Log\u00edstica<\/h5>\n<p>____<br \/>2022<\/p>\n<p>[\/et_pb_text][et_pb_button button_url=\u00bbhttps:\/\/unicuces.edu.co\/principal\/wp-content\/uploads\/2022\/10\/Plantilla-Boletin-Comunicarse.pdf\u00bb url_new_window=\u00bbon\u00bb button_text=\u00bbVer Bolet\u00edn\u00bb button_alignment=\u00bbcenter\u00bb _builder_version=\u00bb4.18.0&#8243; global_colors_info=\u00bb{}\u00bb][\/et_pb_button][\/et_pb_column][et_pb_column type=\u00bb1_4&#8243; _builder_version=\u00bb4.17.4&#8243; _module_preset=\u00bbdefault\u00bb global_colors_info=\u00bb{}\u00bb][et_pb_image src=\u00bbhttps:\/\/unicuces.edu.co\/principal\/wp-content\/uploads\/2020\/08\/boletines-icono-UNICUCES.png\u00bb align=\u00bbcenter\u00bb align_tablet=\u00bbcenter\u00bb align_phone=\u00bbcenter\u00bb align_last_edited=\u00bbon|desktop\u00bb _builder_version=\u00bb4.17.4&#8243; max_width=\u00bb45%\u00bb module_alignment=\u00bbcenter\u00bb global_colors_info=\u00bb{}\u00bb][\/et_pb_image][et_pb_text _builder_version=\u00bb4.18.0&#8243; text_font_size=\u00bb10px\u00bb header_text_align=\u00bbcenter\u00bb text_orientation=\u00bbcenter\u00bb custom_margin=\u00bb-20px|||\u00bb global_colors_info=\u00bb{}\u00bb]<\/p>\n<h6><b>BOLET\u00cdN NOVIEMBRE<\/b><\/h6>\n<h5>Comercio y Finanzas Internacionales<\/h5>\n<p>____<br \/>2022<\/p>\n<p>[\/et_pb_text][et_pb_button button_url=\u00bbhttps:\/\/unicuces.edu.co\/principal\/wp-content\/uploads\/2022\/12\/Boletin-Noviembre-2022.pdf\u00bb url_new_window=\u00bbon\u00bb button_text=\u00bbVer Bolet\u00edn\u00bb button_alignment=\u00bbcenter\u00bb _builder_version=\u00bb4.18.0&#8243; global_colors_info=\u00bb{}\u00bb][\/et_pb_button][\/et_pb_column][et_pb_column type=\u00bb1_4&#8243; _builder_version=\u00bb4.16&#8243; custom_padding=\u00bb|||\u00bb global_colors_info=\u00bb{}\u00bb custom_padding__hover=\u00bb|||\u00bb][et_pb_image src=\u00bbhttps:\/\/unicuces.edu.co\/principal\/wp-content\/uploads\/2020\/08\/boletines-icono-UNICUCES.png\u00bb align=\u00bbcenter\u00bb align_tablet=\u00bbcenter\u00bb align_phone=\u00bbcenter\u00bb align_last_edited=\u00bbon|desktop\u00bb _builder_version=\u00bb4.17.4&#8243; max_width=\u00bb45%\u00bb module_alignment=\u00bbcenter\u00bb global_colors_info=\u00bb{}\u00bb][\/et_pb_image][et_pb_text _builder_version=\u00bb4.18.0&#8243; text_font_size=\u00bb10px\u00bb header_text_align=\u00bbcenter\u00bb text_orientation=\u00bbcenter\u00bb custom_margin=\u00bb-20px|||\u00bb global_colors_info=\u00bb{}\u00bb]<\/p>\n<h6><b>BOLET\u00cdN DICIEMBRE<\/b><\/h6>\n<h5>Bienestar Institucional &#8211; Emprendimiento<\/h5>\n<p>____<br \/>2022<\/p>\n<p>[\/et_pb_text][et_pb_button button_url=\u00bbhttps:\/\/unicuces.edu.co\/principal\/wp-content\/uploads\/2022\/12\/Boletin-Diciembre-2022.pdf\u00bb url_new_window=\u00bbon\u00bb button_text=\u00bbVer Bolet\u00edn\u00bb button_alignment=\u00bbcenter\u00bb _builder_version=\u00bb4.18.0&#8243; global_colors_info=\u00bb{}\u00bb][\/et_pb_button][\/et_pb_column][et_pb_column type=\u00bb1_4&#8243; _builder_version=\u00bb4.16&#8243; custom_padding=\u00bb|||\u00bb global_colors_info=\u00bb{}\u00bb custom_padding__hover=\u00bb|||\u00bb][\/et_pb_column][\/et_pb_row][\/et_pb_section]<\/p>\n","protected":false},"excerpt":{"rendered":"<p>BOLET\u00cdN FEBRERO Autoevaluaci\u00f3n ____2022BOLET\u00cdN MARZO Ingenieria de Sistemas ____2022BOLET\u00cdN ABRIL Administraci\u00f3n de Empresas \u2013 Tecnolog\u00eda en Gesti\u00f3n Empresarial ____2022BOLET\u00cdN MAYO Ingenier\u00eda Industrial ____2022BOLET\u00cdN JUNIO Investigaciones ____2022BOLET\u00cdN JULIO Proyecci\u00f3n Social &#8211; Emprendimiento ____2022BOLET\u00cdN AGOSTO Contadur\u00eda P\u00fablica \u2013 Tecnolog\u00eda en Gesti\u00f3n Contable y Financiera ____2022BOLET\u00cdN SEPTIEMBRE Autoevaluaci\u00f3n ____2022BOLET\u00cdN OCTUBRE Administraci\u00f3n de la Cadena de Suministro y Log\u00edstica [&hellip;]<\/p>\n","protected":false},"author":14,"featured_media":0,"parent":0,"menu_order":0,"comment_status":"closed","ping_status":"closed","template":"","meta":{"_et_pb_use_builder":"on","_et_pb_old_content":"","_et_gb_content_width":"","footnotes":""},"class_list":["post-17913","page","type-page","status-publish","hentry"],"_links":{"self":[{"href":"https:\/\/unicuces.edu.co\/principal\/wp-json\/wp\/v2\/pages\/17913","targetHints":{"allow":["GET"]}}],"collection":[{"href":"https:\/\/unicuces.edu.co\/principal\/wp-json\/wp\/v2\/pages"}],"about":[{"href":"https:\/\/unicuces.edu.co\/principal\/wp-json\/wp\/v2\/types\/page"}],"author":[{"embeddable":true,"href":"https:\/\/unicuces.edu.co\/principal\/wp-json\/wp\/v2\/users\/14"}],"replies":[{"embeddable":true,"href":"https:\/\/unicuces.edu.co\/principal\/wp-json\/wp\/v2\/comments?post=17913"}],"version-history":[{"count":3,"href":"https:\/\/unicuces.edu.co\/principal\/wp-json\/wp\/v2\/pages\/17913\/revisions"}],"predecessor-version":[{"id":17947,"href":"https:\/\/unicuces.edu.co\/principal\/wp-json\/wp\/v2\/pages\/17913\/revisions\/17947"}],"wp:attachment":[{"href":"https:\/\/unicuces.edu.co\/principal\/wp-json\/wp\/v2\/media?parent=17913"}],"curies":[{"name":"wp","href":"https:\/\/api.w.org\/{rel}","templated":true}]}}