{"id":17556,"date":"2024-03-07T14:23:50","date_gmt":"2024-03-07T19:23:50","guid":{"rendered":"https:\/\/unicuces.edu.co\/principal\/acceder\/"},"modified":"2026-01-30T16:06:06","modified_gmt":"2026-01-30T21:06:06","slug":"inscripcion","status":"publish","type":"page","link":"https:\/\/unicuces.edu.co\/principal\/inscripcion\/","title":{"rendered":"inscripcion"},"content":{"rendered":"<p>[et_pb_section fb_built=\u00bb1&#8243; _builder_version=\u00bb4.27.4&#8243; _module_preset=\u00bbdefault\u00bb global_colors_info=\u00bb{}\u00bb][et_pb_row _builder_version=\u00bb4.27.4&#8243; _module_preset=\u00bbdefault\u00bb global_colors_info=\u00bb{}\u00bb][et_pb_column type=\u00bb4_4&#8243; _builder_version=\u00bb4.27.4&#8243; _module_preset=\u00bbdefault\u00bb global_colors_info=\u00bb{}\u00bb][et_pb_text _builder_version=\u00bb4.27.4&#8243; _module_preset=\u00bbdefault\u00bb global_colors_info=\u00bb{}\u00bb]<\/p>\n<h1 class=\"coh-heading ssa-component coh-component ssa-component-instance-572177e6-dcaf-4b65-99ad-388df7dad94c coh-component-instance-572177e6-dcaf-4b65-99ad-388df7dad94c coh-style-heading-2-size align-text-left ssa-instance-b80bfde4f604a6fe149d2e6ed3ef574a coh-ce-cpt_heading_ub-4d57c4e4\" style=\"text-align: center;\"><span style=\"color: #000080;\"><strong>\u00bfYa sabes qu\u00e9 programa quieres estudiar?<\/strong><\/span><\/h1>\n<p>[\/et_pb_text][\/et_pb_column][\/et_pb_row][et_pb_row _builder_version=\u00bb4.27.4&#8243; _module_preset=\u00bbdefault\u00bb global_colors_info=\u00bb{}\u00bb][et_pb_column type=\u00bb4_4&#8243; _builder_version=\u00bb4.27.4&#8243; _module_preset=\u00bbdefault\u00bb global_colors_info=\u00bb{}\u00bb][et_pb_text _builder_version=\u00bb4.27.4&#8243; _module_preset=\u00bbdefault\u00bb custom_margin=\u00bb-15px||||false|false\u00bb global_colors_info=\u00bb{}\u00bb]<\/p>\n<h4 style=\"text-align: center;\"><strong>Sigue este proceso de inscripci\u00f3n y da el siguiente paso hacia tu formaci\u00f3n profesional.<\/strong><\/h4>\n<p>[\/et_pb_text][\/et_pb_column][\/et_pb_row][\/et_pb_section][et_pb_section fb_built=\u00bb1&#8243; _builder_version=\u00bb4.27.4&#8243; _module_preset=\u00bbdefault\u00bb width=\u00bb99.9%\u00bb global_colors_info=\u00bb{}\u00bb][et_pb_row column_structure=\u00bb1_2,1_2&#8243; _builder_version=\u00bb4.27.4&#8243; _module_preset=\u00bbdefault\u00bb min_height=\u00bb105.5px\u00bb custom_margin=\u00bb|auto|-5px|auto||\u00bb global_colors_info=\u00bb{}\u00bb][et_pb_column type=\u00bb1_2&#8243; _builder_version=\u00bb4.27.4&#8243; _module_preset=\u00bbdefault\u00bb global_colors_info=\u00bb{}\u00bb][et_pb_text _builder_version=\u00bb4.27.4&#8243; _module_preset=\u00bbdefault\u00bb global_colors_info=\u00bb{}\u00bb]<\/p>\n<h4 style=\"text-align: left;\"><span style=\"color: #000080;\"><strong>Primer semestre<\/strong><\/span><\/h4>\n<h5 style=\"text-align: left;\"><span style=\"color: #333333;\"><strong>Para aspirantes que ingresan por primera vez a La UNICUCES.<\/strong><\/span><\/h5>\n<p>[\/et_pb_text][et_pb_text _builder_version=\u00bb4.27.4&#8243; _module_preset=\u00bbdefault\u00bb link_option_url=\u00bbhttps:\/\/unicuces.edu.co\/principal\/wp-content\/uploads\/2026\/01\/DocumentosInscripcionPrimerSemestre.docx\u00bb link_option_url_new_window=\u00bbon\u00bb global_colors_info=\u00bb{}\u00bb]<\/p>\n<h5>Paso 1. Requisitos de inscripci\u00f3n<\/h5>\n<h5>Antes de iniciar tu inscripci\u00f3n, aseg\u00farate de contar con los siguientes documentos.<\/h5>\n<p>[\/et_pb_text][et_pb_button button_url=\u00bbhttps:\/\/unicuces.edu.co\/principal\/wp-content\/uploads\/2026\/01\/DocumentosInscripcionPrimerSemestre.docx\u00bb url_new_window=\u00bbon\u00bb button_text=\u00bbDescargar checklist \u2013 Primer semestre\u00bb button_alignment=\u00bbcenter\u00bb _builder_version=\u00bb4.27.4&#8243; _module_preset=\u00bbdefault\u00bb custom_button=\u00bbon\u00bb button_text_size=\u00bb17px\u00bb button_text_color=\u00bb#F9F8F6&#8243; button_bg_color=\u00bb#0B1F66&#8243; button_border_color=\u00bb#0B1F66&#8243; button_border_radius=\u00bb50px\u00bb custom_margin=\u00bb||||false|false\u00bb global_colors_info=\u00bb{}\u00bb][\/et_pb_button][et_pb_text _builder_version=\u00bb4.27.4&#8243; _module_preset=\u00bbdefault\u00bb global_colors_info=\u00bb{}\u00bb]<\/p>\n<h5>Paso 2. Formato de inscripci\u00f3n<\/h5>\n<h5>Diligencia el formulario de inscripci\u00f3n<\/h5>\n<p>[\/et_pb_text][et_pb_button button_url=\u00bbhttps:\/\/unicuces.edu.co\/principal\/wp-content\/uploads\/2026\/01\/FORMULARIO-DE-INSCRIPCION-2025-5-1-pdf-20714-22bfa3c2-b4a8-4f08-8e38-9b89583718dd-1.pdf\u00bb url_new_window=\u00bbon\u00bb button_text=\u00bbFormato de inscripci\u00f3n\u00bb button_alignment=\u00bbcenter\u00bb _builder_version=\u00bb4.27.4&#8243; _module_preset=\u00bbdefault\u00bb custom_button=\u00bbon\u00bb button_text_size=\u00bb18px\u00bb button_text_color=\u00bb#F9F8F6&#8243; button_bg_color=\u00bb#0B1F66&#8243; button_border_radius=\u00bb50px\u00bb custom_margin=\u00bb-26px||||false|false\u00bb global_colors_info=\u00bb{}\u00bb][\/et_pb_button][\/et_pb_column][et_pb_column type=\u00bb1_2&#8243; _builder_version=\u00bb4.27.4&#8243; _module_preset=\u00bbdefault\u00bb global_colors_info=\u00bb{}\u00bb][et_pb_text _builder_version=\u00bb4.27.4&#8243; _module_preset=\u00bbdefault\u00bb global_colors_info=\u00bb{}\u00bb]<\/p>\n<h4 style=\"text-align: left;\"><span style=\"color: #333399;\"><strong>Homologaci\u00f3n<\/strong><\/span><\/h4>\n<h5 style=\"text-align: left;\"><span style=\"color: #333300;\"><strong>Para estudiantes que vienen de otra instituci\u00f3n y desean homologar asignaturas.<\/strong><\/span><\/h5>\n<p>[\/et_pb_text][et_pb_text _builder_version=\u00bb4.27.4&#8243; _module_preset=\u00bbdefault\u00bb link_option_url=\u00bbhttps:\/\/unicuces.edu.co\/principal\/wp-content\/uploads\/2026\/01\/DocumentosInscripcionPrimerSemestre.docx\u00bb link_option_url_new_window=\u00bbon\u00bb locked=\u00bboff\u00bb global_colors_info=\u00bb{}\u00bb]<\/p>\n<h5>Paso 1. Requisitos de inscripci\u00f3n<\/h5>\n<h5>Antes de iniciar tu inscripci\u00f3n, aseg\u00farate de contar con los siguientes documentos.<\/h5>\n<p>[\/et_pb_text][et_pb_button button_url=\u00bbhttps:\/\/unicuces.edu.co\/principal\/wp-content\/uploads\/2026\/01\/DocumentosIncripcionHomologacion.docx\u00bb url_new_window=\u00bbon\u00bb button_text=\u00bbDescargar checklist \u2013 Homologaci\u00f3n\u00bb button_alignment=\u00bbcenter\u00bb _builder_version=\u00bb4.27.4&#8243; _module_preset=\u00bbdefault\u00bb custom_button=\u00bbon\u00bb button_text_size=\u00bb17px\u00bb button_text_color=\u00bb#F9F8F6&#8243; button_bg_color=\u00bb#0B1F66&#8243; button_border_color=\u00bb#0B1F66&#8243; button_border_radius=\u00bb50px\u00bb custom_margin=\u00bb||||false|false\u00bb locked=\u00bboff\u00bb global_colors_info=\u00bb{}\u00bb][\/et_pb_button][et_pb_text _builder_version=\u00bb4.27.4&#8243; _module_preset=\u00bbdefault\u00bb locked=\u00bboff\u00bb global_colors_info=\u00bb{}\u00bb]<\/p>\n<h5>Paso 2. Formato de inscripci\u00f3n<\/h5>\n<h5>Diligencia el formulario de inscripci\u00f3n<\/h5>\n<p>[\/et_pb_text][et_pb_button button_url=\u00bbhttps:\/\/unicuces.edu.co\/principal\/wp-content\/uploads\/2026\/01\/FORMULARIO-DE-INSCRIPCION-2025-5-1-pdf-20714-22bfa3c2-b4a8-4f08-8e38-9b89583718dd-1.pdf\u00bb url_new_window=\u00bbon\u00bb button_text=\u00bbFormato de inscripci\u00f3n\u00bb button_alignment=\u00bbcenter\u00bb _builder_version=\u00bb4.27.4&#8243; _module_preset=\u00bbdefault\u00bb custom_button=\u00bbon\u00bb button_text_size=\u00bb18px\u00bb button_text_color=\u00bb#F9F8F6&#8243; button_bg_color=\u00bb#0B1F66&#8243; button_border_radius=\u00bb50px\u00bb custom_margin=\u00bb-26px||||false|false\u00bb locked=\u00bboff\u00bb global_colors_info=\u00bb{}\u00bb][\/et_pb_button][et_pb_text _builder_version=\u00bb4.27.4&#8243; _module_preset=\u00bbdefault\u00bb hover_enabled=\u00bb0&#8243; locked=\u00bboff\u00bb global_colors_info=\u00bb{}\u00bb sticky_enabled=\u00bb0&#8243;]<\/p>\n<h5>Paso 3. Solicitud de tranferencia<\/h5>\n<p>[\/et_pb_text][et_pb_button button_url=\u00bbhttps:\/\/unicuces.edu.co\/principal\/wp-content\/uploads\/2026\/01\/SOLICITUD-DE-TRANSFERENCIA-2026.docx\u00bb url_new_window=\u00bbon\u00bb button_text=\u00bbSolicitud de transferencia\u00bb button_alignment=\u00bbcenter\u00bb _builder_version=\u00bb4.27.4&#8243; _module_preset=\u00bbdefault\u00bb custom_button=\u00bbon\u00bb button_text_size=\u00bb18px\u00bb button_text_color=\u00bb#F9F8F6&#8243; button_bg_color=\u00bb#0B1F66&#8243; button_border_radius=\u00bb50px\u00bb custom_margin=\u00bb-26px||||false|false\u00bb hover_enabled=\u00bb0&#8243; locked=\u00bboff\u00bb global_colors_info=\u00bb{}\u00bb sticky_enabled=\u00bb0&#8243;][\/et_pb_button][\/et_pb_column][\/et_pb_row][\/et_pb_section]<\/p>\n","protected":false},"excerpt":{"rendered":"<p>\u00bfYa sabes qu\u00e9 programa quieres estudiar?Sigue este proceso de inscripci\u00f3n y da el siguiente paso hacia tu formaci\u00f3n profesional.Primer semestre Para aspirantes que ingresan por primera vez a La UNICUCES.Paso 1. Requisitos de inscripci\u00f3n Antes de iniciar tu inscripci\u00f3n, aseg\u00farate de contar con los siguientes documentos.Paso 2. Formato de inscripci\u00f3n Diligencia el formulario de inscripci\u00f3nHomologaci\u00f3n [&hellip;]<\/p>\n","protected":false},"author":1,"featured_media":0,"parent":0,"menu_order":0,"comment_status":"closed","ping_status":"closed","template":"","meta":{"_et_pb_use_builder":"on","_et_pb_old_content":"<!-- wp:wpum\/login-form \/-->","_et_gb_content_width":"","footnotes":""},"class_list":["post-17556","page","type-page","status-publish","hentry"],"_links":{"self":[{"href":"https:\/\/unicuces.edu.co\/principal\/wp-json\/wp\/v2\/pages\/17556","targetHints":{"allow":["GET"]}}],"collection":[{"href":"https:\/\/unicuces.edu.co\/principal\/wp-json\/wp\/v2\/pages"}],"about":[{"href":"https:\/\/unicuces.edu.co\/principal\/wp-json\/wp\/v2\/types\/page"}],"author":[{"embeddable":true,"href":"https:\/\/unicuces.edu.co\/principal\/wp-json\/wp\/v2\/users\/1"}],"replies":[{"embeddable":true,"href":"https:\/\/unicuces.edu.co\/principal\/wp-json\/wp\/v2\/comments?post=17556"}],"version-history":[{"count":7,"href":"https:\/\/unicuces.edu.co\/principal\/wp-json\/wp\/v2\/pages\/17556\/revisions"}],"predecessor-version":[{"id":20376,"href":"https:\/\/unicuces.edu.co\/principal\/wp-json\/wp\/v2\/pages\/17556\/revisions\/20376"}],"wp:attachment":[{"href":"https:\/\/unicuces.edu.co\/principal\/wp-json\/wp\/v2\/media?parent=17556"}],"curies":[{"name":"wp","href":"https:\/\/api.w.org\/{rel}","templated":true}]}}