{"id":170,"date":"2018-08-01T16:13:34","date_gmt":"2018-08-01T16:13:34","guid":{"rendered":"https:\/\/demo.unicuces.edu.co\/wp\/?page_id=170"},"modified":"2023-02-07T15:58:38","modified_gmt":"2023-02-07T20:58:38","slug":"autoevaluacion","status":"publish","type":"page","link":"https:\/\/unicuces.edu.co\/principal\/autoevaluacion\/","title":{"rendered":"Autoevaluaci\u00f3n"},"content":{"rendered":"<p>[et_pb_section fb_built=\u00bb1&#8243; fullwidth=\u00bbon\u00bb _builder_version=\u00bb4.16&#8243; background_image=\u00bbhttps:\/\/unicuces.edu.co\/principal\/wp-content\/uploads\/2018\/11\/1-Autoevaluacion-UNICUCES.jpg\u00bb da_disable_devices=\u00bboff|off|off\u00bb global_colors_info=\u00bb{}\u00bb da_is_popup=\u00bboff\u00bb da_exit_intent=\u00bboff\u00bb da_has_close=\u00bbon\u00bb da_alt_close=\u00bboff\u00bb da_dark_close=\u00bboff\u00bb da_not_modal=\u00bbon\u00bb da_is_singular=\u00bboff\u00bb da_with_loader=\u00bboff\u00bb da_has_shadow=\u00bbon\u00bb][et_pb_fullwidth_header title=\u00bbAUTOEVALUACI\u00d3N\u00bb text_orientation=\u00bbcenter\u00bb admin_label=\u00bbFullwidth Header\u00bb _builder_version=\u00bb4.16&#8243; title_font=\u00bb||||||||\u00bb background_color=\u00bbrgba(255, 255, 255, 0)\u00bb title_text_shadow_style=\u00bbpreset2&#8243; title_text_shadow_color=\u00bbrgba(11,31,102,0.4)\u00bb text_shadow_style=\u00bbpreset2&#8243; global_colors_info=\u00bb{}\u00bb button_one_text_size__hover_enabled=\u00bboff\u00bb button_one_text_size__hover=\u00bbnull\u00bb button_two_text_size__hover_enabled=\u00bboff\u00bb button_two_text_size__hover=\u00bbnull\u00bb button_one_text_color__hover_enabled=\u00bboff\u00bb button_one_text_color__hover=\u00bbnull\u00bb button_two_text_color__hover_enabled=\u00bboff\u00bb button_two_text_color__hover=\u00bbnull\u00bb button_one_border_width__hover_enabled=\u00bboff\u00bb button_one_border_width__hover=\u00bbnull\u00bb button_two_border_width__hover_enabled=\u00bboff\u00bb button_two_border_width__hover=\u00bbnull\u00bb button_one_border_color__hover_enabled=\u00bboff\u00bb button_one_border_color__hover=\u00bbnull\u00bb button_two_border_color__hover_enabled=\u00bboff\u00bb button_two_border_color__hover=\u00bbnull\u00bb button_one_border_radius__hover_enabled=\u00bboff\u00bb button_one_border_radius__hover=\u00bbnull\u00bb button_two_border_radius__hover_enabled=\u00bboff\u00bb button_two_border_radius__hover=\u00bbnull\u00bb button_one_letter_spacing__hover_enabled=\u00bboff\u00bb button_one_letter_spacing__hover=\u00bbnull\u00bb button_two_letter_spacing__hover_enabled=\u00bboff\u00bb button_two_letter_spacing__hover=\u00bbnull\u00bb button_one_bg_color__hover_enabled=\u00bboff\u00bb button_one_bg_color__hover=\u00bbnull\u00bb button_two_bg_color__hover_enabled=\u00bboff\u00bb button_two_bg_color__hover=\u00bbnull\u00bb][\/et_pb_fullwidth_header][\/et_pb_section][et_pb_section fb_built=\u00bb1&#8243; _builder_version=\u00bb4.16&#8243; custom_margin=\u00bb0px|||\u00bb custom_padding=\u00bb0px|||\u00bb da_disable_devices=\u00bboff|off|off\u00bb global_colors_info=\u00bb{}\u00bb da_is_popup=\u00bboff\u00bb da_exit_intent=\u00bboff\u00bb da_has_close=\u00bbon\u00bb da_alt_close=\u00bboff\u00bb da_dark_close=\u00bboff\u00bb da_not_modal=\u00bbon\u00bb da_is_singular=\u00bboff\u00bb da_with_loader=\u00bboff\u00bb da_has_shadow=\u00bbon\u00bb][et_pb_row _builder_version=\u00bb4.16&#8243; custom_margin=\u00bb0px|||\u00bb custom_padding=\u00bb0px|||\u00bb global_colors_info=\u00bb{}\u00bb][et_pb_column type=\u00bb4_4&#8243; _builder_version=\u00bb4.16&#8243; custom_padding=\u00bb|||\u00bb global_colors_info=\u00bb{}\u00bb custom_padding__hover=\u00bb|||\u00bb][et_pb_code _builder_version=\u00bb4.16&#8243; global_colors_info=\u00bb{}\u00bb]<!-- [et_pb_line_break_holder] --><!-- [et_pb_line_break_holder] -->[\/et_pb_code][et_pb_text _builder_version=\u00bb4.16&#8243; header_text_align=\u00bbjustify\u00bb global_colors_info=\u00bb{}\u00bb]<\/p>\n<p style=\"text-align: justify;\">La\u00a0<b>AUTOEVALUACI\u00d3N<\/b>\u00a0se consolida como una gu\u00eda que orienta conceptual, metodol\u00f3gica y t\u00e9cnicamente a la Instituci\u00f3n. Igualmente es el mecanismo preciso para rendir cuenta a la sociedad y al Estado, del cumplimiento de las condiciones de calidad de los programas acad\u00e9micos para la obtenci\u00f3n y renovaci\u00f3n de Registro Calificado. Adem\u00e1s es el mecanismo preciso para asumir el reto de la acreditaci\u00f3n en alta calidad de programas acad\u00e9micos e institucional.<\/p>\n<p style=\"text-align: justify;\">El producto del ejercicio peri\u00f3dico de la autoevaluaci\u00f3n, define necesariamente planes espec\u00edficos que involucran a los programas acad\u00e9micos, \u00e1reas de gesti\u00f3n y planes institucionales de desarrollo con el fin de establecer una cultura de mejoramiento continuo, capacitado para medirse y efectuarse sobre este, el seguimiento pertinente que permita esclarecer el grado de avance de la instituci\u00f3n para la ejecuci\u00f3n de dichas acciones de mejora y su compromiso real de direccionar los esfuerzos al establecimiento de una formaci\u00f3n de calidad.<\/p>\n<p>[\/et_pb_text][\/et_pb_column][\/et_pb_row][et_pb_row _builder_version=\u00bb4.16&#8243; global_colors_info=\u00bb{}\u00bb][et_pb_column type=\u00bb4_4&#8243; _builder_version=\u00bb4.16&#8243; custom_padding=\u00bb|||\u00bb global_colors_info=\u00bb{}\u00bb custom_padding__hover=\u00bb|||\u00bb][et_pb_code _builder_version=\u00bb4.16&#8243; text_orientation=\u00bbcenter\u00bb global_colors_info=\u00bb{}\u00bb]<\/p>\n<div style=\"margin: 0 0 0 179px;\"><iframe loading=\"lazy\" width=\"350\" height=\"175\" src=\"https:\/\/www.youtube.com\/embed\/aaK7nm4Qxhg\" frameborder=\"0\" allow=\"accelerometer; autoplay; encrypted-media; gyroscope; picture-in-picture\" allowfullscreen style=\"    width: 710px !important;\"><\/iframe><\/div>\n<p>[\/et_pb_code][et_pb_tabs active_tab_background_color=\u00bb#ab001d\u00bb inactive_tab_background_color=\u00bb#0b1f66&#8243; _builder_version=\u00bb4.18.0&#8243; tab_text_color=\u00bb#ffffff\u00bb module_alignment=\u00bbcenter\u00bb hover_enabled=\u00bb0&#8243; custom_css_tab=\u00bbwidth: 33.33%;||text-align: center;\u00bb tab_text_shadow_style=\u00bbpreset2&#8243; border_radii=\u00bbon|10px|10px|10px|10px\u00bb box_shadow_style=\u00bbpreset2&#8243; global_colors_info=\u00bb{}\u00bb custom_css_tab_last_edited=\u00bbon|phone\u00bb custom_css_tab_phone=\u00bbwidth: 100%;\u00bb custom_css_tab_tablet=\u00bbwidth: 33.33%;||text-align: center;\u00bb sticky_enabled=\u00bb0&#8243;][et_pb_tab title=\u00bbMODELO DE AUTOEVALUACI\u00d3N\u00bb _builder_version=\u00bb4.17.4&#8243; global_colors_info=\u00bb{}\u00bb]<\/p>\n<p style=\"text-align: justify;\"><span style=\"color: #c1102c;\"><strong>&#8211; OBJETIVOS DEL PROCESO DE AUTOEVALUACI\u00d3N<\/strong><\/span><\/p>\n<p><span>La&nbsp;<\/span><b>CORPORACI\u00d3N UNIVERSITARIA CENTRO SUPERIOR, UNICUCES,<\/b><span>&nbsp;define los siguientes objetivos del proceso de autoevaluaci\u00f3n:<\/span><\/p>\n<p><span>a) Obtener la acreditaci\u00f3n de alta calidad para la instituci\u00f3n y los programas acad\u00e9micos.<\/span><br \/><span>b) Fomentar una cultura de evaluaci\u00f3n permanente a trav\u00e9s de un proceso integral, participativo, sistem\u00e1tico y continuo.<\/span><br \/><span>c) Definir un escenario de discusi\u00f3n para la toma de decisiones que pretendan el mejoramiento de la instituci\u00f3n, mediante la medici\u00f3n constante de las acciones de mejoramiento emprendidas.<\/span><\/p>\n<p style=\"text-align: center;\"><span style=\"color: rgba(255, 255, 255, 0);\">&#8230;&#8230;&#8230;&#8230;&#8230;&#8230;&#8230;&#8230;&#8230;&#8230;&#8230;&#8230;&#8230;&#8230;&#8230;&#8230;&#8230;&#8230;&#8230;&#8230;&#8230;&#8230;&#8230;&#8230;&#8230;.<\/span><\/p>\n<p><span><\/span><\/p>\n<p style=\"text-align: justify;\"><span><span style=\"color: #c1102c;\"><strong>&#8211; ESQUEMA METODOL\u00d3GICO DEL MODELO DE AUTOEVALUACI\u00d3N<\/strong><\/span><\/span><\/p>\n<p>La&nbsp;<b>CORPORACI\u00d3N UNIVERSITARIA CENTRO SUPERIOR, UNICUCES,<\/b>&nbsp;establece el siguiente esquema que orienta metodol\u00f3gicamente el proceso de autoevaluaci\u00f3n de los programas acad\u00e9micos:<\/p>\n<p><img loading=\"lazy\" decoding=\"async\" src=\"https:\/\/www.unicuces.edu.co\/principal\/wp-content\/uploads\/images\/imagenes-home\/Metodologia-autoevaluacion-UNICUCES.jpg\" width=\"539\" height=\"550\" style=\"display: block; margin-left: auto; margin-right: auto;\"><\/p>\n<p>El punto de partida del esquema metodol\u00f3gico del Modelo de Autoevaluaci\u00f3n lo constituyen los lineamientos del CNA para la acreditaci\u00f3n de programas e institucional. La construcci\u00f3n de los indicadores resulta de la informaci\u00f3n documental, estad\u00edstica y de percepci\u00f3n que se solicitan en los factores, caracter\u00edsticas y aspectos a evaluar formulados por el CNA, y que miden la calidad de los programas acad\u00e9micos y las Instituciones de Educaci\u00f3n Superior. Para que los indicadores sean valorados, es necesario definir aspectos fundamentales como la ponderaci\u00f3n de factores y caracter\u00edsticas, y las escalas de calificaci\u00f3n o gradaci\u00f3n. Asimismo, se deben determinar las fuentes de informaci\u00f3n y los instrumentos de evaluaci\u00f3n mediante los cuales se consultar\u00e1 a la comunidad universitaria y se realizar\u00e1 la verificaci\u00f3n documental. Todos estos elementos interact\u00faan durante el procesamiento de la informaci\u00f3n, para generar al final una calificaci\u00f3n cuantitativa y cualitativa del estado del programa acad\u00e9mico, la cual se obtiene discriminada por factores o por condiciones de calidad, seg\u00fan la necesidad del programa acad\u00e9mico que est\u00e9 desarrollando el proceso de autoevaluaci\u00f3n. Estos resultados son en el insumo principal para la elaboraci\u00f3n de los Informes de Autoevaluaci\u00f3n y la formulaci\u00f3n de las acciones correctivas que conformar\u00e1n los Planes de Mejoramiento, cumpliendo con el prop\u00f3sito de generar al interior de la instituci\u00f3n una cultura de mejoramiento continuo que permita ofrecer a la comunidad un servicio cada vez m\u00e1s aproximado a los altos est\u00e1ndares de calidad establecidos por el Ministerio de Educaci\u00f3n Nacional.<\/p>\n<p><span><\/span><\/p>\n<p><span><span style=\"color: #c1102c;\"><strong><\/strong><\/span><\/span><\/p>\n<p style=\"text-align: justify;\"><span><span style=\"color: #c1102c;\"><strong>&#8211; ETAPAS DEL PROCESO DE AUTOEVALUACI\u00d3N<\/strong><\/span><\/span><\/p>\n<p>El proceso de&nbsp;<b>AUTOEVALUACI\u00d3N<\/b>&nbsp;de la&nbsp;<b>UNICUCES<\/b>, se desarrolla de conformidad con lo que establece la normatividad y se dinamiza a partir de cinco (5) etapas, las cuales aplican perfectamente a los dos distintos escenarios: acreditaci\u00f3n de alta calidad de programas acad\u00e9micos e institucional, por lo tanto las actividades precisan continuamente y de manera paralela los productos que se requieren para ambos ejercicios. Las cinco etapas en menci\u00f3n son las siguientes:<\/p>\n<p><img decoding=\"async\" src=\"https:\/\/www.unicuces.edu.co\/principal\/wp-content\/uploads\/images\/imagenes-home\/Etapas-autoevaluacion-UNICUCES.png\" style=\"display: block; margin-left: auto; margin-right: auto;\"><\/p>\n<p><b>Etapa I. Contexto<\/b><\/p>\n<p>En esta etapa se realiza un diagn\u00f3stico de la UNICUCES, sus objetivos, organizaci\u00f3n y logros en el marco de los principios que sustentan el ideal de su compromiso. De igual manera se formula un diagn\u00f3stico de referentes nacionales e internacionales<\/p>\n<p><b>Etapa II. Planeaci\u00f3n<\/b><\/p>\n<p>En la etapa de planeaci\u00f3n se dise\u00f1a y organiza el proceso de autoevaluaci\u00f3n en coherencia con los par\u00e1metros establecidos en el Modelo de Autoevaluaci\u00f3n Institucional.<\/p>\n<p><b>Etapa III. Desarrollo<\/b><\/p>\n<p>En esta etapa se ejecuta el proceso de autoevaluaci\u00f3n institucional con el prop\u00f3sito de lograr su comprensi\u00f3n, compromiso y \u00f3ptimo desarrollo por parte la comunidad universitaria.<\/p>\n<p><b>Etapa IV. Comunicaci\u00f3n<\/b><\/p>\n<p>En esta etapa se difunden los resultados del proceso de autoevaluaci\u00f3n a la comunidad universitaria, sociedad y Estado.<\/p>\n<p><b>Etapa V. Seguimiento y control<\/b><\/p>\n<p>Esta etapa corresponde al ejercicio de seguimiento de las acciones de mejora identificadas en el proceso de autoevaluaci\u00f3n.<\/p>\n<p><span><\/span><\/p>\n<p><span><\/span><\/p>\n<p><span><strong><span style=\"color: #c1102c;\">&#8211; MODELO DE AUTOEVALUACI\u00d3N UNICUCES (2020)<\/span> &nbsp;&nbsp; |&nbsp;<\/strong>&nbsp;&nbsp;&nbsp;&nbsp;&nbsp;<a href=\"https:\/\/unicuces.edu.co\/principal\/wp-content\/uploads\/2021\/02\/Modelo-de-Autoevaluacio\u0301n-2020.pdf\">Descargar<\/a><\/span><\/p>\n<p><span><\/span><\/p>\n<p>[\/et_pb_tab][et_pb_tab title=\u00bbNOTICIAS\u00bb _builder_version=\u00bb4.16&#8243; link_option_url=\u00bbprueba1&#8243; global_colors_info=\u00bb{}\u00bb]<center><\/p>\n<p><span><strong><img loading=\"lazy\" decoding=\"async\" src=\"https:\/\/www.unicuces.edu.co\/principal\/wp-content\/uploads\/images\/1377805969_comment.png\" alt=\"\" width=\"32\" height=\"32\"><\/strong>&nbsp;<strong>NOTICIAS SOBRE EL PROCESO DE AUTOEVALUACI\u00d3N<\/strong><\/span><\/p>\n<p><img loading=\"lazy\" decoding=\"async\" src=\"https:\/\/unicuces.edu.co\/principal\/wp-content\/uploads\/2020\/03\/Noticia-2-Autoevaluacion.png\" alt=\"becas\" width=\"300\" height=\"210\"><\/p>\n<p><\/center><\/p>\n<p style=\"text-align: justify;\"><span><em><br \/>\n<b>AVANZAMOS EN EL PROCESO DE AUTOEVALUACI\u00d3N CON FINES DE ACREDITACI\u00d3N DEL PROGRAMA ACAD\u00c9MICO ADMINISTRACI\u00d3N DE EMPRESAS ARTICULADO POR CICLOS PROPED\u00c9UTICOS CON LA TECNOLOG\u00cdA EN GESTI\u00d3N EMPRESARIAL<\/b><br \/>\nEn el marco del Modelo de Autoevaluaci\u00f3n de la UNICUCES y respondiendo a las pol\u00edticas acad\u00e9micas integradas en el Proyecto Educativo Institucional, que propenden por el cumplimiento de las tres funciones sustantivas de la Instituci\u00f3n; el programa acad\u00e9mico de Administraci\u00f3n de Empresas articulado por ciclos proped\u00e9uticos con la Tecnolog\u00eda en Gesti\u00f3n Empresarial avanza en su proceso de autoevaluaci\u00f3n con fines de acreditaci\u00f3n de alta calidad.<br \/>\n<\/em><\/span><\/p>\n<p><center><\/p>\n<p><a href=\"https:\/\/unicuces.edu.co\/principal\/wp-content\/uploads\/2020\/03\/Noticias-Autoevaluacio\u0301n.pdf\" target=\"_blank\" rel=\"noopener\"><span><em><img loading=\"lazy\" decoding=\"async\" src=\"https:\/\/www.unicuces.edu.co\/principal\/wp-content\/uploads\/images\/stories\/mas-info.png\" alt=\"\" width=\"194\" height=\"37\"><\/em><\/span><\/a><\/p>\n<p><\/center><\/p>\n<p>&#8212;&#8212;&#8212;&#8212;&#8212;&#8212;&#8212;&#8212;&#8212;&#8212;&#8212;&#8212;&#8212;&#8212;&#8212;&#8212;&#8212;&#8212;&#8212;&#8212;&#8212;&#8212;&#8212;&#8212;&#8212;&#8212;&#8212;&#8212;&#8212;&#8212;&#8212;&#8212;&#8212;&#8212;&#8212;&#8212;&#8212;&#8212;&#8212;&#8212;&#8212;&#8212;&#8212;&#8212;&#8212;&#8212;&#8212;&#8212;<\/p>\n<p><center><\/p>\n<p><span><strong><img loading=\"lazy\" decoding=\"async\" src=\"https:\/\/www.unicuces.edu.co\/principal\/wp-content\/uploads\/images\/1377805969_comment.png\" alt=\"\" width=\"32\" height=\"32\"><\/strong>&nbsp;<strong>ENCUENTRO DE SOCIALIZACI\u00d3N DEL PROCESO DE ACREDITACI\u00d3N<\/strong><\/span><\/p>\n<p><img loading=\"lazy\" decoding=\"async\" src=\"https:\/\/www.unicuces.edu.co\/principal\/wp-content\/uploads\/images\/imagenes-home\/acreditacion-UNICUCES.jpg\" alt=\"becas\" width=\"300\" height=\"197\"><\/p>\n<p><\/center><\/p>\n<p style=\"text-align: justify;\"> <span><em>El pasado s\u00e1bado, 24 de febrero, se realiz\u00f3 el Encuentro de Socializaci\u00f3n del Proceso de Acreditaci\u00f3n de los programas acad\u00e9micos de Administraci\u00f3n de Empresas, Tecnolog\u00eda en Gesti\u00f3n Empresarial, Ingenier\u00eda Industrial y Tecnolog\u00eda en Gesti\u00f3n de la Producci\u00f3n, al cual asistieron directivos, personal administrativo, docentes, estudiantes y egresados de la Instituci\u00f3n.&nbsp;<\/em><\/span><\/p>\n<p><em><br \/>\n<\/em><\/p>\n<p><em>Al finalizar el Encuentro, se reconoci\u00f3 la activa participaci\u00f3n de los profesores en el proceso de autoevaluaci\u00f3n del a\u00f1o pasado y se motiv\u00f3 a los asistentes a continuar con el mismo compromiso y esp\u00edritu participativo para adquirir un conocimiento global de la instituci\u00f3n que promueva un mayor aprovechamiento de la diversidad y los desarrollos que las distintas unidades acad\u00e9micas y administrativas ofrecen, desde sus propios saberes y din\u00e1micas internas.<\/em><\/p>\n<p><center><\/p>\n<p><a href=\"https:\/\/www.unicuces.edu.co\/principal\/wp-content\/uploads\/images\/imagenes-home\/ENCUENTRO%20DE%20SOCIALIZACION%20PROCESO%20DE%20ACREDITACION.pdf\" target=\"_blank\" rel=\"noopener\"><span><em><img loading=\"lazy\" decoding=\"async\" src=\"https:\/\/www.unicuces.edu.co\/principal\/wp-content\/uploads\/images\/stories\/mas-info.png\" alt=\"\" width=\"194\" height=\"37\"><\/em><\/span><\/a><\/p>\n<p><\/center><br \/>\n[\/et_pb_tab][et_pb_tab title=\u00bbBOLETINES\u00bb _builder_version=\u00bb4.18.0&#8243; hover_enabled=\u00bb0&#8243; global_colors_info=\u00bb{}\u00bb sticky_enabled=\u00bb0&#8243;]<\/p>\n<div class=\"et_pb_column et_pb_column_1_4 et_pb_column_18    et_pb_css_mix_blend_mode_passthrough\">\n<div class=\"et_pb_module et_pb_image et_pb_image_12 et_always_center_on_mobile\"><span class=\"et_pb_image_wrap \"><img decoding=\"async\" src=\"https:\/\/unicuces.edu.co\/principal\/wp-content\/uploads\/2020\/08\/boletines-icono-UNICUCES.png\" alt=\"\" \/><\/span><\/div>\n<div class=\"et_pb_module et_pb_text et_pb_text_15 et_pb_bg_layout_light  et_pb_text_align_center\">\n<div class=\"et_pb_text_inner\">\n<h6><b>BOLET\u00cdN FEBRERO<\/b><\/h6>\n<h5>Autoevaluaci\u00f3n<\/h5>\n<p>____<br \/>2023<\/p>\n<\/div>\n<\/div>\n<div class=\"et_pb_button_module_wrapper et_pb_button_12_wrapper et_pb_button_alignment_center et_pb_module \"><a class=\"et_pb_button et_pb_button_12 et_pb_bg_layout_light\" href=\"https:\/\/unicuces.edu.co\/principal\/wp-content\/uploads\/2023\/02\/ComunicaRSE-1-ASEGURAMIENTO.pdf\" target=\"_blank\" rel=\"noopener\">Ver Bolet\u00edn<\/a><\/div>\n<\/div>\n<div class=\"et_pb_column et_pb_column_1_4 et_pb_column_2    et_pb_css_mix_blend_mode_passthrough\">\n<div class=\"et_pb_module et_pb_image et_pb_image_0 et_always_center_on_mobile\"><span class=\"et_pb_image_wrap \"><img decoding=\"async\" src=\"https:\/\/unicuces.edu.co\/principal\/wp-content\/uploads\/2020\/08\/boletines-icono-UNICUCES.png\" alt=\"\" \/><\/span><\/div>\n<div class=\"et_pb_module et_pb_text et_pb_text_2 et_pb_bg_layout_light  et_pb_text_align_center\">\n<div class=\"et_pb_text_inner\">\n<h6><b>BOLET\u00cdN FEBRERO<\/b><\/h6>\n<h5>Autoevaluaci\u00f3n<\/h5>\n<p>____<br \/>2022<\/p>\n<\/div>\n<\/div>\n<div class=\"et_pb_button_module_wrapper et_pb_button_0_wrapper et_pb_button_alignment_center et_pb_module \"><a class=\"et_pb_button et_pb_button_0 et_pb_bg_layout_light\" href=\"https:\/\/unicuces.edu.co\/principal\/wp-content\/uploads\/2022\/05\/boletin-comunicarse-feb-2022.pdf\" target=\"_blank\" rel=\"noopener\">Ver Bolet\u00edn<\/a><\/div>\n<\/div>\n<div class=\"et_pb_column et_pb_column_1_4 et_pb_column_2    et_pb_css_mix_blend_mode_passthrough\">\n<div class=\"et_pb_module et_pb_image et_pb_image_0 et_always_center_on_mobile\"><span class=\"et_pb_image_wrap \"><img decoding=\"async\" src=\"https:\/\/unicuces.edu.co\/principal\/wp-content\/uploads\/2020\/08\/boletines-icono-UNICUCES.png\" alt=\"\" \/><\/span><\/div>\n<div class=\"et_pb_module et_pb_text et_pb_text_2 et_pb_bg_layout_light  et_pb_text_align_center\">\n<div class=\"et_pb_text_inner\">\n<h6><b>BOLET\u00cdN FEBRERO<\/b><\/h6>\n<h5>Autoevaluaci\u00f3n<\/h5>\n<p>____<br \/>2021<\/p>\n<\/div>\n<\/div>\n<div class=\"et_pb_button_module_wrapper et_pb_button_0_wrapper et_pb_button_alignment_center et_pb_module \"><a class=\"et_pb_button et_pb_button_0 et_pb_bg_layout_light\" href=\"https:\/\/unicuces.edu.co\/principal\/wp-content\/uploads\/2021\/03\/ComunicaRSE-Febrero-2021.pdf\" target=\"_blank\" rel=\"noopener\">Ver Bolet\u00edn<\/a><\/div>\n<\/div>\n<div class=\"et_pb_column et_pb_column_1_4 et_pb_column_18    et_pb_css_mix_blend_mode_passthrough\">\n<div class=\"et_pb_module et_pb_image et_pb_image_12 et_always_center_on_mobile\"><span class=\"et_pb_image_wrap \"><img decoding=\"async\" src=\"https:\/\/unicuces.edu.co\/principal\/wp-content\/uploads\/2020\/08\/boletines-icono-UNICUCES.png\" alt=\"\" \/><\/span><\/div>\n<div class=\"et_pb_module et_pb_text et_pb_text_15 et_pb_bg_layout_light  et_pb_text_align_center\">\n<div class=\"et_pb_text_inner\">\n<h6><b>BOLET\u00cdN SEPTIEMBRE<\/b><\/h6>\n<h5>Autoevaluaci\u00f3n<\/h5>\n<p>____<br \/>2020<\/p>\n<\/div>\n<\/div>\n<div class=\"et_pb_button_module_wrapper et_pb_button_12_wrapper et_pb_button_alignment_center et_pb_module \"><a class=\"et_pb_button et_pb_button_12 et_pb_bg_layout_light\" href=\"https:\/\/unicuces.edu.co\/principal\/wp-content\/uploads\/2020\/10\/ComunicaRSE-Septiembre.pdf\" target=\"_blank\" rel=\"noopener\">Ver Bolet\u00edn<\/a><\/div>\n<\/div>\n<p>[\/et_pb_tab][\/et_pb_tabs][et_pb_filterable_portfolio _builder_version=\u00bb4.18.0&#8243; _module_preset=\u00bbdefault\u00bb][\/et_pb_filterable_portfolio][\/et_pb_column][\/et_pb_row][\/et_pb_section]<\/p>\n","protected":false},"excerpt":{"rendered":"<p>La\u00a0AUTOEVALUACI\u00d3N\u00a0se consolida como una gu\u00eda que orienta conceptual, metodol\u00f3gica y t\u00e9cnicamente a la Instituci\u00f3n. Igualmente es el mecanismo preciso para rendir cuenta a la sociedad y al Estado, del cumplimiento de las condiciones de calidad de los programas acad\u00e9micos para la obtenci\u00f3n y renovaci\u00f3n de Registro Calificado. Adem\u00e1s es el mecanismo preciso para asumir el [&hellip;]<\/p>\n","protected":false},"author":14,"featured_media":0,"parent":0,"menu_order":0,"comment_status":"closed","ping_status":"closed","template":"","meta":{"_et_pb_use_builder":"on","_et_pb_old_content":"","_et_gb_content_width":"","footnotes":""},"class_list":["post-170","page","type-page","status-publish","hentry"],"_links":{"self":[{"href":"https:\/\/unicuces.edu.co\/principal\/wp-json\/wp\/v2\/pages\/170","targetHints":{"allow":["GET"]}}],"collection":[{"href":"https:\/\/unicuces.edu.co\/principal\/wp-json\/wp\/v2\/pages"}],"about":[{"href":"https:\/\/unicuces.edu.co\/principal\/wp-json\/wp\/v2\/types\/page"}],"author":[{"embeddable":true,"href":"https:\/\/unicuces.edu.co\/principal\/wp-json\/wp\/v2\/users\/14"}],"replies":[{"embeddable":true,"href":"https:\/\/unicuces.edu.co\/principal\/wp-json\/wp\/v2\/comments?post=170"}],"version-history":[{"count":38,"href":"https:\/\/unicuces.edu.co\/principal\/wp-json\/wp\/v2\/pages\/170\/revisions"}],"predecessor-version":[{"id":15405,"href":"https:\/\/unicuces.edu.co\/principal\/wp-json\/wp\/v2\/pages\/170\/revisions\/15405"}],"wp:attachment":[{"href":"https:\/\/unicuces.edu.co\/principal\/wp-json\/wp\/v2\/media?parent=170"}],"curies":[{"name":"wp","href":"https:\/\/api.w.org\/{rel}","templated":true}]}}