{"id":15307,"date":"2023-02-03T18:08:09","date_gmt":"2023-02-03T23:08:09","guid":{"rendered":"https:\/\/unicuces.edu.co\/principal\/?page_id=15307"},"modified":"2024-08-15T10:37:05","modified_gmt":"2024-08-15T15:37:05","slug":"interesado-en-estudiar-administracion-de-la-cadena-de-suministro-y-logistica","status":"publish","type":"page","link":"https:\/\/unicuces.edu.co\/principal\/interesado-en-estudiar-administracion-de-la-cadena-de-suministro-y-logistica\/","title":{"rendered":"Administraci\u00f3n de la Cadena de Suministro y Log\u00edstica"},"content":{"rendered":"<p>[et_pb_section fb_built=\u00bb1&#8243; fullwidth=\u00bbon\u00bb _builder_version=\u00bb4.25.0&#8243; _module_preset=\u00bbdefault\u00bb global_colors_info=\u00bb{}\u00bb][et_pb_fullwidth_image src=\u00bbhttps:\/\/unicuces.edu.co\/principal\/wp-content\/uploads\/2024\/08\/PREGRADO-UNICUCES-06.png\u00bb title_text=\u00bbPREGRADO UNICUCES-06&#8243; _builder_version=\u00bb4.27.0&#8243; _module_preset=\u00bbdefault\u00bb hover_enabled=\u00bb0&#8243; global_colors_info=\u00bb{}\u00bb sticky_enabled=\u00bb0&#8243;][\/et_pb_fullwidth_image][\/et_pb_section][et_pb_section fb_built=\u00bb1&#8243; module_id=\u00bbzona-1&#8243; _builder_version=\u00bb4.16&#8243; custom_padding=\u00bb0px||||false|false\u00bb global_colors_info=\u00bb{}\u00bb][et_pb_row column_structure=\u00bb1_2,1_2&#8243; _builder_version=\u00bb4.25.0&#8243; background_size=\u00bbinitial\u00bb background_position=\u00bbtop_left\u00bb background_repeat=\u00bbrepeat\u00bb width=\u00bb95%\u00bb width_tablet=\u00bb\u00bb width_phone=\u00bb90%\u00bb width_last_edited=\u00bbon|phone\u00bb max_width=\u00bb2560%\u00bb max_width_tablet=\u00bb70%\u00bb max_width_phone=\u00bb90%\u00bb max_width_last_edited=\u00bbon|phone\u00bb global_colors_info=\u00bb{}\u00bb][et_pb_column type=\u00bb1_2&#8243; _builder_version=\u00bb4.16&#8243; custom_padding=\u00bb|||\u00bb global_colors_info=\u00bb{}\u00bb custom_padding__hover=\u00bb|||\u00bb][et_pb_video src=\u00bbhttps:\/\/unicuces.edu.co\/principal\/wp-content\/uploads\/2022\/11\/ACSL.mp4&#8243; play_icon_color=\u00bb#FFFFFF\u00bb font_icon=\u00bb&#x49;||divi||400&#8243; admin_label=\u00bbV\u00eddeo\u00bb _builder_version=\u00bb4.18.0&#8243; border_radii=\u00bbon|15px|15px|15px|15px\u00bb border_color_all=\u00bbrgba(81,81,81,0.31)\u00bb border_style_all=\u00bbinset\u00bb box_shadow_style=\u00bbpreset2&#8243; box_shadow_horizontal=\u00bb5px\u00bb box_shadow_blur=\u00bb10px\u00bb global_colors_info=\u00bb{}\u00bb][\/et_pb_video][\/et_pb_column][et_pb_column type=\u00bb1_2&#8243; _builder_version=\u00bb4.16&#8243; custom_padding=\u00bb|||\u00bb global_colors_info=\u00bb{}\u00bb custom_padding__hover=\u00bb|||\u00bb][et_pb_contact_form captcha=\u00bboff\u00bb email=\u00bbmercadeo@unicuces.edu.co\u00bb title=\u00bbNuestros asesores acad\u00e9micos resolver\u00e1n tus dudas \u00bb custom_message=\u00bbNombre prospecto: %%Nombre%%||et_pb_line_break_holder||||et_pb_line_break_holder||N\u00famero de contacto: %%Celular%%||et_pb_line_break_holder||||et_pb_line_break_holder||Link directo a WhatsApp: https:\/\/wa.me\/57%%Celular%%||et_pb_line_break_holder||||et_pb_line_break_holder||Correo electr\u00f3nico: %%Email%%||et_pb_line_break_holder||||et_pb_line_break_holder||Tema: %%Para%%||et_pb_line_break_holder||||et_pb_line_break_holder||Programa de Inter\u00e9s: ADM. CADENA DE SUMINISTRO Y LOG\u00cdSTICA||et_pb_line_break_holder||||et_pb_line_break_holder||\u00bb success_message=\u00bb\u00a1Tu solicitud fue enviada! En breve nos cont\u00e1ctaremos con usted\u00bb submit_button_text=\u00bbENVIAR\u00bb _builder_version=\u00bb4.27.0&#8243; _module_preset=\u00bbdefault\u00bb _unique_id=\u00bb0fd56c17-3465-456d-8d52-1dddc317c1a9&#8243; title_text_align=\u00bbcenter\u00bb title_text_color=\u00bb#0B1F66&#8243; title_font_size=\u00bb20px\u00bb custom_button=\u00bbon\u00bb button_text_color=\u00bb#FFFFFF\u00bb button_bg_color=\u00bb#5B8500&#8243; button_border_width=\u00bb0px\u00bb button_border_radius=\u00bb50px\u00bb button_letter_spacing=\u00bb1px\u00bb button_font=\u00bb|700|||||||\u00bb button_use_icon=\u00bboff\u00bb button_custom_padding=\u00bb|20px||20px|false|true\u00bb hover_enabled=\u00bb0&#8243; global_colors_info=\u00bb{}\u00bb button_bg_color__hover_enabled=\u00bbon|hover\u00bb button_bg_color__hover=\u00bb#AB001D\u00bb button_bg_enable_color__hover=\u00bbon\u00bb sticky_enabled=\u00bb0&#8243; button_bg_enable_color=\u00bbon\u00bb][et_pb_contact_field field_id=\u00bbNombre\u00bb field_title=\u00bbNombre completo*\u00bb fullwidth_field=\u00bbon\u00bb _builder_version=\u00bb4.16&#8243; global_colors_info=\u00bb{}\u00bb button_text_size__hover_enabled=\u00bboff\u00bb button_one_text_size__hover_enabled=\u00bboff\u00bb button_two_text_size__hover_enabled=\u00bboff\u00bb button_text_color__hover_enabled=\u00bboff\u00bb button_one_text_color__hover_enabled=\u00bboff\u00bb button_two_text_color__hover_enabled=\u00bboff\u00bb button_border_width__hover_enabled=\u00bboff\u00bb button_one_border_width__hover_enabled=\u00bboff\u00bb button_two_border_width__hover_enabled=\u00bboff\u00bb button_border_color__hover_enabled=\u00bboff\u00bb button_one_border_color__hover_enabled=\u00bboff\u00bb button_two_border_color__hover_enabled=\u00bboff\u00bb button_border_radius__hover_enabled=\u00bboff\u00bb button_one_border_radius__hover_enabled=\u00bboff\u00bb button_two_border_radius__hover_enabled=\u00bboff\u00bb button_letter_spacing__hover_enabled=\u00bboff\u00bb button_one_letter_spacing__hover_enabled=\u00bboff\u00bb button_two_letter_spacing__hover_enabled=\u00bboff\u00bb button_bg_color__hover_enabled=\u00bboff\u00bb button_one_bg_color__hover_enabled=\u00bboff\u00bb button_two_bg_color__hover_enabled=\u00bboff\u00bb][\/et_pb_contact_field][et_pb_contact_field field_id=\u00bbEmail\u00bb field_title=\u00bbCorreo electr\u00f3nico*\u00bb field_type=\u00bbemail\u00bb fullwidth_field=\u00bbon\u00bb _builder_version=\u00bb4.16&#8243; global_colors_info=\u00bb{}\u00bb button_text_size__hover_enabled=\u00bboff\u00bb button_one_text_size__hover_enabled=\u00bboff\u00bb button_two_text_size__hover_enabled=\u00bboff\u00bb button_text_color__hover_enabled=\u00bboff\u00bb button_one_text_color__hover_enabled=\u00bboff\u00bb button_two_text_color__hover_enabled=\u00bboff\u00bb button_border_width__hover_enabled=\u00bboff\u00bb button_one_border_width__hover_enabled=\u00bboff\u00bb button_two_border_width__hover_enabled=\u00bboff\u00bb button_border_color__hover_enabled=\u00bboff\u00bb button_one_border_color__hover_enabled=\u00bboff\u00bb button_two_border_color__hover_enabled=\u00bboff\u00bb button_border_radius__hover_enabled=\u00bboff\u00bb button_one_border_radius__hover_enabled=\u00bboff\u00bb button_two_border_radius__hover_enabled=\u00bboff\u00bb button_letter_spacing__hover_enabled=\u00bboff\u00bb button_one_letter_spacing__hover_enabled=\u00bboff\u00bb button_two_letter_spacing__hover_enabled=\u00bboff\u00bb button_bg_color__hover_enabled=\u00bboff\u00bb button_one_bg_color__hover_enabled=\u00bboff\u00bb button_two_bg_color__hover_enabled=\u00bboff\u00bb][\/et_pb_contact_field][et_pb_contact_field field_id=\u00bbCelular\u00bb field_title=\u00bbN\u00famero de contacto*\u00bb allowed_symbols=\u00bbnumbers\u00bb fullwidth_field=\u00bbon\u00bb _builder_version=\u00bb4.16&#8243; _module_preset=\u00bbdefault\u00bb global_colors_info=\u00bb{}\u00bb][\/et_pb_contact_field][et_pb_contact_field field_id=\u00bbPara\u00bb field_title=\u00bbSelecciona una opci\u00f3n*\u00bb field_type=\u00bbselect\u00bb select_options=\u00bb%91{%22value%22:%22Ingreso a primer semestre%22,%22checked%22:0,%22dragID%22:-1},{%22value%22:%22Homologaci\u00f3n%22,%22checked%22:0,%22dragID%22:0}%93&#8243; fullwidth_field=\u00bbon\u00bb _builder_version=\u00bb4.16&#8243; _module_preset=\u00bbdefault\u00bb global_colors_info=\u00bb{}\u00bb][\/et_pb_contact_field][et_pb_contact_field field_id=\u00bbAutorizo\u00bb field_title=\u00bb-\u00bb field_type=\u00bbcheckbox\u00bb checkbox_options=\u00bb%91{%22value%22:%22Autorizo el tratamiento de mis datos personales &#8211; %22,%22checked%22:1,%22dragID%22:-1,%22link_text%22:%22Ver Pol\u00edtica%22,%22link_url%22:%22https:\/\/www.unicuces.edu.co\/principal\/imagenes-UNICUCES\/Documentos-UNICUCES\/Politica%20De-Tratamiento-de-Informacion-y-Datos-Personales.html%22}%93&#8243; fullwidth_field=\u00bbon\u00bb _builder_version=\u00bb4.16&#8243; _module_preset=\u00bbdefault\u00bb global_colors_info=\u00bb{}\u00bb][\/et_pb_contact_field][\/et_pb_contact_form][\/et_pb_column][\/et_pb_row][\/et_pb_section][et_pb_section fb_built=\u00bb1&#8243; _builder_version=\u00bb4.27.0&#8243; background_color=\u00bb#769114&#8243; hover_enabled=\u00bb0&#8243; global_colors_info=\u00bb{}\u00bb sticky_enabled=\u00bb0&#8243;][et_pb_row column_structure=\u00bb1_2,1_2&#8243; _builder_version=\u00bb4.16&#8243; global_colors_info=\u00bb{}\u00bb][et_pb_column type=\u00bb1_2&#8243; _builder_version=\u00bb4.16&#8243; custom_padding=\u00bb|||\u00bb global_colors_info=\u00bb{}\u00bb custom_padding__hover=\u00bb|||\u00bb][et_pb_text _builder_version=\u00bb4.25.1&#8243; text_orientation=\u00bbcenter\u00bb global_colors_info=\u00bb{}\u00bb]<\/p>\n<table style=\"border: 0; color: #fff; font-size: 16px;\" border=\"0\" width=\"600\">\n<tbody>\n<tr>\n<td style=\"border: 0;\">\n<h3 style=\"color: #fff;\">Universitario en<\/h3>\n<h2 style=\"margin: -8px 0 0; color: #fff;\"><b>ADMINISTRACI\u00d3N DE LA CADENA DE SUMINISTRO Y LOG\u00cdSTICA <\/b><\/h2>\n<ul>\n<li>Programa por Curr\u00edculo Integrado<\/li>\n<li>T\u00cdTULO: PROFESIONAL EN ADMINISTRACI\u00d3N DE LA CADENA DE SUMINISTRO Y LOG\u00cdSTICA<\/li>\n<li>C\u00d3DIGO SNIES: 107203<\/li>\n<li>REGISTRO CALIFICADO M.E.N. Res. 11481 \u2013 Jul 13 de 2018<\/li>\n<li>Cr\u00e9ditos Acad\u00e9micos: 144<\/li>\n<\/ul>\n<p><a href=\"https:\/\/unicuces.edu.co\/principal\/wp-content\/uploads\/2024\/06\/ACSL-Pensum.pdf\"><img loading=\"lazy\" decoding=\"async\" src=\"https:\/\/unicuces.edu.co\/principal\/wp-content\/uploads\/2024\/05\/BANNER-14.png\" width=\"254\" height=\"89\" alt=\"\" class=\"wp-image-18261 alignnone size-full\" \/><\/a><a href=\"https:\/\/unicuces.edu.co\/principal\/wp-content\/uploads\/2024\/05\/ADMIN.-CAD.-SUM.-LOGISTICA.pdf\"><img loading=\"lazy\" decoding=\"async\" src=\"https:\/\/unicuces.edu.co\/principal\/wp-content\/uploads\/2024\/05\/BANNER-13.png\" width=\"246\" height=\"86\" alt=\"\" class=\"wp-image-18260 alignnone size-full\" style=\"font-family: inherit; font-size: inherit;\" \/><\/a><b><\/b><b><\/b><\/p>\n<h3 style=\"color: #fff;\"><strong>MISI\u00d3N DEL PROGRAMA<\/strong><\/h3>\n<p>Formar profesionales integrales en Administraci\u00f3n de la Cadena de Suministro y Log\u00edstica, con capacidad para gestionar procesos de Abastecimiento, Producci\u00f3n, Administraci\u00f3n de Inventarios, Distribuci\u00f3n F\u00edsica y Servicio al Cliente, contribuyendo a la generaci\u00f3n de redes empresariales, que les permite generar factores de innovaci\u00f3n hacia una industria cada vez m\u00e1s competitiva y cambiante.<\/p>\n<hr \/>\n<p><span style=\"font-size: 14px; text-align: center; color: #666666;\">\u00a0<\/span><\/p>\n<\/td>\n<\/tr>\n<\/tbody>\n<\/table>\n<p><!-- --><\/p>\n<p>[\/et_pb_text][\/et_pb_column][et_pb_column type=\u00bb1_2&#8243; _builder_version=\u00bb4.16&#8243; custom_padding=\u00bb|||\u00bb global_colors_info=\u00bb{}\u00bb custom_padding__hover=\u00bb|||\u00bb][et_pb_text _builder_version=\u00bb4.17.2&#8243; text_orientation=\u00bbcenter\u00bb global_colors_info=\u00bb{}\u00bb]<\/p>\n<h3 style=\"color: #ffffff; text-align: left;\"><span style=\"color: #ffffff;\"><strong>VISI\u00d3N DEL PROGRAMA<\/strong><\/span><\/h3>\n<p style=\"text-align: left;\"><span style=\"color: #ffffff;\">Ser reconocidos por la exigencia y pertinencia acad\u00e9mica de sus procesos de formaci\u00f3n integral, por su compromiso con la investigaci\u00f3n y por las capacidades tecnol\u00f3gicas, las competencias y la b\u00fasqueda continua del conocimiento, y por el impacto cient\u00edfico, tecnol\u00f3gico y empresarial en el \u00e1rea de los procesos de Administraci\u00f3n de la Cadena de Suministro y Log\u00edstica, para generar desarrollo en la Regi\u00f3n del Valle del Cauca y el Pa\u00eds.<\/span><\/p>\n<hr \/>\n<p style=\"text-align: left;\"><span style=\"color: #ffffff;\">\u00a0<b><\/b><\/span><\/p>\n<h3 style=\"color: #ffffff; text-align: left;\"><span style=\"color: #ffffff;\"><b>OBJETIVO<\/b><\/span><\/h3>\n<p style=\"text-align: left;\"><span style=\"color: #ffffff;\">Formar Administradores integrales en la Cadena de Suministro y Log\u00edstica que planeen, dise\u00f1en, lideren y tomen decisiones a partir de los objetivos estrat\u00e9gicos del negocio, en la b\u00fasqueda de la satisfacci\u00f3n de los clientes, cumpliendo con rigurosidad los compromisos adquiridos en tiempo, costo, lugar, y la comprensi\u00f3n del intercambio de bienes y servicios en las operaciones entre regiones, como soporte de crecimiento y productividad de la unidad social y corporativa tanto en lo p\u00fablico como en lo privado, dentro de un marco de \u00e9tica y honestidad.<\/span><\/p>\n<p style=\"text-align: left;\">\n<h3 style=\"text-align: left;\"><span style=\"color: #ffffff;\"><b>\u00bfPOR QU\u00c9 ESTUDIAR ADMINISTRACI\u00d3N DE LA CADENA DE SUMINISTRO Y LOG\u00cdSTICA?<\/b><\/span><\/h3>\n<p style=\"text-align: left;\"><span style=\"color: #ffffff;\">Nuestro programa est\u00e1 enfocado a cubrir toda la cadena de suministro, desde los proveedores hasta los clientes, incluyendo todo el proceso intermedio de dise\u00f1o, planificaci\u00f3n y gesti\u00f3n. Estudiar Administraci\u00f3n de la Cadena de Suministro y Log\u00edstica, formar profesionales universitarios que entiendan el proceso de la cadena de suministro y log\u00edstica como algo que aporta a sus empresas y que permite aumentar su competitividad en el mercado. Profesionales que sepan dise\u00f1ar, implantar y mantener una visi\u00f3n estrat\u00e9gica del \u00e1rea de operaciones y, espec\u00edficamente, de la Cadena de Suministro y Log\u00edstica.<\/span><\/p>\n<div class=\"Text-Tenologia-AE\">\n<p>&nbsp;<\/p>\n<\/div>\n<p>[\/et_pb_text][\/et_pb_column][\/et_pb_row][\/et_pb_section][et_pb_section fb_built=\u00bb1&#8243; _builder_version=\u00bb4.16&#8243; background_color=\u00bb#0b1f66&#8243; parallax=\u00bbon\u00bb global_colors_info=\u00bb{}\u00bb][et_pb_row _builder_version=\u00bb4.16&#8243; background_size=\u00bbinitial\u00bb background_position=\u00bbtop_left\u00bb background_repeat=\u00bbrepeat\u00bb custom_margin=\u00bb0px|||\u00bb custom_padding=\u00bb0px|||\u00bb global_colors_info=\u00bb{}\u00bb][et_pb_column type=\u00bb4_4&#8243; _builder_version=\u00bb4.16&#8243; custom_padding=\u00bb|||\u00bb global_colors_info=\u00bb{}\u00bb custom_padding__hover=\u00bb|||\u00bb][et_pb_text admin_label=\u00bbText\u00bb _builder_version=\u00bb4.17.0&#8243; background_size=\u00bbinitial\u00bb background_position=\u00bbtop_left\u00bb background_repeat=\u00bbrepeat\u00bb text_orientation=\u00bbcenter\u00bb module_alignment=\u00bbcenter\u00bb global_colors_info=\u00bb{}\u00bb]<\/p>\n<h1><span style=\"color: #ffffff;\">\u00bfPor qu\u00e9 estudiar en la UNICUCES?<\/span><\/h1>\n<p>[\/et_pb_text][\/et_pb_column][\/et_pb_row][et_pb_row column_structure=\u00bb1_4,1_4,1_4,1_4&#8243; _builder_version=\u00bb4.16&#8243; background_size=\u00bbinitial\u00bb background_position=\u00bbtop_left\u00bb background_repeat=\u00bbrepeat\u00bb global_colors_info=\u00bb{}\u00bb][et_pb_column type=\u00bb1_4&#8243; _builder_version=\u00bb4.16&#8243; custom_padding=\u00bb|||\u00bb global_colors_info=\u00bb{}\u00bb custom_padding__hover=\u00bb|||\u00bb][et_pb_blurb title=\u00bbUbicaci\u00f3n Estrat\u00e9gica\u00bb use_icon=\u00bbon\u00bb font_icon=\u00bb&#xe01d;||divi||400&#8243; image_icon_background_color=\u00bb#ffffff\u00bb image_icon_width=\u00bb48px\u00bb admin_label=\u00bbBlurb\u00bb _builder_version=\u00bb4.17.0&#8243; header_font=\u00bb|700|||||||\u00bb background_size=\u00bbinitial\u00bb background_position=\u00bbtop_left\u00bb background_repeat=\u00bbrepeat\u00bb image_icon_custom_padding=\u00bb25px|25px|25px|25px|false|false\u00bb text_orientation=\u00bbcenter\u00bb background_layout=\u00bbdark\u00bb animation=\u00bboff\u00bb border_radii_image=\u00bbon|100%|100%|100%|100%\u00bb use_circle=\u00bbon\u00bb circle_color=\u00bb#ffffff\u00bb global_colors_info=\u00bb{}\u00bb image_icon_background_color__sticky_enabled=\u00bb#ab001d\u00bb image_icon_background_color__sticky=\u00bb#ab001d\u00bb]<\/p>\n<p>Estamos ubicados una zona de facil acceso en el Barrio Granada, Sector Centro &#8211; Norte, en la Comuna 2.<\/p>\n<p>[\/et_pb_blurb][\/et_pb_column][et_pb_column type=\u00bb1_4&#8243; _builder_version=\u00bb4.16&#8243; custom_padding=\u00bb|||\u00bb global_colors_info=\u00bb{}\u00bb custom_padding__hover=\u00bb|||\u00bb][et_pb_blurb title=\u00bbFormas de Pago\u00bb use_icon=\u00bbon\u00bb font_icon=\u00bb&#xe100;||divi||400&#8243; image_icon_background_color=\u00bb#ffffff\u00bb image_icon_width=\u00bb48px\u00bb admin_label=\u00bbBlurb\u00bb _builder_version=\u00bb4.17.0&#8243; header_font=\u00bb|700|||||||\u00bb background_size=\u00bbinitial\u00bb background_position=\u00bbtop_left\u00bb background_repeat=\u00bbrepeat\u00bb image_icon_custom_padding=\u00bb25px|25px|25px|25px|false|false\u00bb text_orientation=\u00bbcenter\u00bb background_layout=\u00bbdark\u00bb animation=\u00bboff\u00bb border_radii_image=\u00bbon|100%|100%|100%|100%\u00bb use_circle=\u00bbon\u00bb circle_color=\u00bb#ffffff\u00bb global_colors_info=\u00bb{}\u00bb image_icon_background_color__sticky_enabled=\u00bb#ab001d\u00bb image_icon_background_color__sticky=\u00bb#ab001d\u00bb]<\/p>\n<p>Contamos con opciones de pago tales como: Contado (Efectivo \/ Cheque),\u00a0<span style=\"font-size: 14px;\">Tarjetas (Cr\u00e9dito \/ D\u00e9bito),\u00a0<\/span><span style=\"font-size: 14px;\">Cr\u00e9dito Bancario e\u00a0<\/span><span style=\"font-size: 14px;\">Icetex.<\/span><\/p>\n<p>[\/et_pb_blurb][\/et_pb_column][et_pb_column type=\u00bb1_4&#8243; _builder_version=\u00bb4.16&#8243; custom_padding=\u00bb|||\u00bb global_colors_info=\u00bb{}\u00bb custom_padding__hover=\u00bb|||\u00bb][et_pb_blurb title=\u00bbSubsidios\u00bb use_icon=\u00bbon\u00bb font_icon=\u00bb&#xe0ed;||divi||400&#8243; image_icon_background_color=\u00bb#ffffff\u00bb image_icon_width=\u00bb48px\u00bb admin_label=\u00bbBlurb\u00bb _builder_version=\u00bb4.17.0&#8243; header_font=\u00bb|700|||||||\u00bb background_size=\u00bbinitial\u00bb background_position=\u00bbtop_left\u00bb background_repeat=\u00bbrepeat\u00bb image_icon_custom_padding=\u00bb25px|25px|25px|25px|false|false\u00bb text_orientation=\u00bbcenter\u00bb background_layout=\u00bbdark\u00bb animation=\u00bboff\u00bb border_radii_image=\u00bbon|100%|100%|100%|100%\u00bb use_circle=\u00bbon\u00bb circle_color=\u00bb#ffffff\u00bb global_colors_info=\u00bb{}\u00bb image_icon_background_color__sticky_enabled=\u00bb#ab001d\u00bb image_icon_background_color__sticky=\u00bb#ab001d\u00bb]<\/p>\n<p>Contamos con subsidios para Afiliados a Cajas de Compensaci\u00f3n, Cooperativas, Empresas, Colegios y Fondos de Empleados en Convenio.<\/p>\n<p>[\/et_pb_blurb][\/et_pb_column][et_pb_column type=\u00bb1_4&#8243; _builder_version=\u00bb4.16&#8243; custom_padding=\u00bb|||\u00bb global_colors_info=\u00bb{}\u00bb custom_padding__hover=\u00bb|||\u00bb][et_pb_blurb title=\u00bb\u00c9nfasis en la Investigaci\u00f3n \u00bb use_icon=\u00bbon\u00bb font_icon=\u00bb&#x55;||divi||400&#8243; image_icon_background_color=\u00bb#ffffff\u00bb image_icon_width=\u00bb48px\u00bb admin_label=\u00bbBlurb\u00bb _builder_version=\u00bb4.17.0&#8243; header_font=\u00bb|700|||||||\u00bb background_size=\u00bbinitial\u00bb background_position=\u00bbtop_left\u00bb background_repeat=\u00bbrepeat\u00bb image_icon_custom_padding=\u00bb25px|25px|25px|25px|false|false\u00bb text_orientation=\u00bbcenter\u00bb background_layout=\u00bbdark\u00bb animation=\u00bboff\u00bb border_radii_image=\u00bbon|100%|100%|100%|100%\u00bb use_circle=\u00bbon\u00bb circle_color=\u00bb#ffffff\u00bb global_colors_info=\u00bb{}\u00bb image_icon_background_color__sticky_enabled=\u00bb#ab001d\u00bb image_icon_background_color__sticky=\u00bb#ab001d\u00bb]<\/p>\n<p>Contamos con 4 Grupos de Investigaci\u00f3n reconocidos y categorizados por Minciencias.<\/p>\n<p>[\/et_pb_blurb][\/et_pb_column][\/et_pb_row][et_pb_row column_structure=\u00bb1_4,1_4,1_4,1_4&#8243; _builder_version=\u00bb4.16&#8243; background_size=\u00bbinitial\u00bb background_position=\u00bbtop_left\u00bb background_repeat=\u00bbrepeat\u00bb global_colors_info=\u00bb{}\u00bb][et_pb_column type=\u00bb1_4&#8243; _builder_version=\u00bb4.16&#8243; custom_padding=\u00bb|||\u00bb global_colors_info=\u00bb{}\u00bb custom_padding__hover=\u00bb|||\u00bb][et_pb_blurb title=\u00bb\u00c9nfasis en la Responsabilidad Social Empresarial\u00bb use_icon=\u00bbon\u00bb font_icon=\u00bb&#xe030;||divi||400&#8243; image_icon_background_color=\u00bb#ffffff\u00bb image_icon_width=\u00bb48px\u00bb admin_label=\u00bbBlurb\u00bb _builder_version=\u00bb4.17.0&#8243; header_font=\u00bb|700|||||||\u00bb background_size=\u00bbinitial\u00bb background_position=\u00bbtop_left\u00bb background_repeat=\u00bbrepeat\u00bb image_icon_custom_padding=\u00bb25px|25px|25px|25px|false|false\u00bb text_orientation=\u00bbcenter\u00bb background_layout=\u00bbdark\u00bb animation=\u00bboff\u00bb border_radii_image=\u00bbon|100%|100%|100%|100%\u00bb use_circle=\u00bbon\u00bb circle_color=\u00bb#ffffff\u00bb global_colors_info=\u00bb{}\u00bb image_icon_background_color__sticky_enabled=\u00bb#ab001d\u00bb image_icon_background_color__sticky=\u00bb#ab001d\u00bb]<\/p>\n<p>Contamos con el Centro de Investigaci\u00f3n en Responsabilidad Social\u00a0 Empresarial CEINERSE.<\/p>\n<p>[\/et_pb_blurb][\/et_pb_column][et_pb_column type=\u00bb1_4&#8243; _builder_version=\u00bb4.16&#8243; custom_padding=\u00bb|||\u00bb global_colors_info=\u00bb{}\u00bb custom_padding__hover=\u00bb|||\u00bb][et_pb_blurb title=\u00bbApoyo a la Viculaci\u00f3n Laboral\u00bb use_icon=\u00bbon\u00bb font_icon=\u00bb&#xe108;||divi||400&#8243; image_icon_background_color=\u00bb#ffffff\u00bb image_icon_width=\u00bb48px\u00bb admin_label=\u00bbBlurb\u00bb _builder_version=\u00bb4.17.0&#8243; header_font=\u00bb|700|||||||\u00bb background_size=\u00bbinitial\u00bb background_position=\u00bbtop_left\u00bb background_repeat=\u00bbrepeat\u00bb image_icon_custom_padding=\u00bb25px|25px|25px|25px|false|false\u00bb text_orientation=\u00bbcenter\u00bb background_layout=\u00bbdark\u00bb animation=\u00bboff\u00bb border_radii_image=\u00bbon|100%|100%|100%|100%\u00bb use_circle=\u00bbon\u00bb circle_color=\u00bb#ffffff\u00bb global_colors_info=\u00bb{}\u00bb image_icon_background_color__sticky_enabled=\u00bb#ab001d\u00bb image_icon_background_color__sticky=\u00bb#ab001d\u00bb]<\/p>\n<p>Contamos con el\u00a0 Servicio de Empleo VICUL\u00c9MONOS y con convenios para pr\u00e1cticas y pasant\u00edas empresariales.<\/p>\n<p>[\/et_pb_blurb][\/et_pb_column][et_pb_column type=\u00bb1_4&#8243; _builder_version=\u00bb4.16&#8243; custom_padding=\u00bb|||\u00bb global_colors_info=\u00bb{}\u00bb custom_padding__hover=\u00bb|||\u00bb][et_pb_blurb title=\u00bbOferta Acad\u00e9mica Diversa\u00bb use_icon=\u00bbon\u00bb font_icon=\u00bb&#x4c;||divi||400&#8243; image_icon_background_color=\u00bb#ffffff\u00bb image_icon_width=\u00bb48px\u00bb admin_label=\u00bbBlurb\u00bb _builder_version=\u00bb4.17.0&#8243; header_font=\u00bb|700|||||||\u00bb background_size=\u00bbinitial\u00bb background_position=\u00bbtop_left\u00bb background_repeat=\u00bbrepeat\u00bb image_icon_custom_padding=\u00bb25px|25px|25px|25px|false|false\u00bb text_orientation=\u00bbcenter\u00bb background_layout=\u00bbdark\u00bb animation=\u00bboff\u00bb border_radii_image=\u00bbon|100%|100%|100%|100%\u00bb use_circle=\u00bbon\u00bb circle_color=\u00bb#ffffff\u00bb global_colors_info=\u00bb{}\u00bb image_icon_background_color__sticky_enabled=\u00bb#ab001d\u00bb image_icon_background_color__sticky=\u00bb#ab001d\u00bb]<\/p>\n<p>Contamos con Programas Acad\u00e9micos\u00a0 de Pregrado, Posgrado y Educaci\u00f3n Continua.<\/p>\n<p>[\/et_pb_blurb][\/et_pb_column][et_pb_column type=\u00bb1_4&#8243; _builder_version=\u00bb4.16&#8243; custom_padding=\u00bb|||\u00bb global_colors_info=\u00bb{}\u00bb custom_padding__hover=\u00bb|||\u00bb][\/et_pb_column][\/et_pb_row][\/et_pb_section]<\/p>\n","protected":false},"excerpt":{"rendered":"<p>Universitario en ADMINISTRACI\u00d3N DE LA CADENA DE SUMINISTRO Y LOG\u00cdSTICA Programa por Curr\u00edculo Integrado T\u00cdTULO: PROFESIONAL EN ADMINISTRACI\u00d3N DE LA CADENA DE SUMINISTRO Y LOG\u00cdSTICA C\u00d3DIGO SNIES: 107203 REGISTRO CALIFICADO M.E.N. Res. 11481 \u2013 Jul 13 de 2018 Cr\u00e9ditos Acad\u00e9micos: 144 MISI\u00d3N DEL PROGRAMA Formar profesionales integrales en Administraci\u00f3n de la Cadena de Suministro y [&hellip;]<\/p>\n","protected":false},"author":14,"featured_media":0,"parent":0,"menu_order":0,"comment_status":"closed","ping_status":"closed","template":"","meta":{"_et_pb_use_builder":"on","_et_pb_old_content":"<p><img class=\"alignnone size-full wp-image-4654\" src=\"https:\/\/unicuces.edu.co\/principal\/wp-content\/uploads\/2020\/07\/Admon-Empresas-Cali-UNICUCES.jpg\" alt=\"\" width=\"1200\" height=\"399\" \/><\/p>","_et_gb_content_width":"","footnotes":""},"class_list":["post-15307","page","type-page","status-publish","hentry"],"_links":{"self":[{"href":"https:\/\/unicuces.edu.co\/principal\/wp-json\/wp\/v2\/pages\/15307","targetHints":{"allow":["GET"]}}],"collection":[{"href":"https:\/\/unicuces.edu.co\/principal\/wp-json\/wp\/v2\/pages"}],"about":[{"href":"https:\/\/unicuces.edu.co\/principal\/wp-json\/wp\/v2\/types\/page"}],"author":[{"embeddable":true,"href":"https:\/\/unicuces.edu.co\/principal\/wp-json\/wp\/v2\/users\/14"}],"replies":[{"embeddable":true,"href":"https:\/\/unicuces.edu.co\/principal\/wp-json\/wp\/v2\/comments?post=15307"}],"version-history":[{"count":15,"href":"https:\/\/unicuces.edu.co\/principal\/wp-json\/wp\/v2\/pages\/15307\/revisions"}],"predecessor-version":[{"id":19330,"href":"https:\/\/unicuces.edu.co\/principal\/wp-json\/wp\/v2\/pages\/15307\/revisions\/19330"}],"wp:attachment":[{"href":"https:\/\/unicuces.edu.co\/principal\/wp-json\/wp\/v2\/media?parent=15307"}],"curies":[{"name":"wp","href":"https:\/\/api.w.org\/{rel}","templated":true}]}}