{"id":11300,"date":"2022-03-28T13:36:08","date_gmt":"2022-03-28T18:36:08","guid":{"rendered":"https:\/\/unicuces.edu.co\/principal\/?page_id=11300"},"modified":"2022-04-05T08:48:26","modified_gmt":"2022-04-05T13:48:26","slug":"naturaleza-y-fines","status":"publish","type":"page","link":"https:\/\/unicuces.edu.co\/principal\/naturaleza-y-fines\/","title":{"rendered":"Naturaleza y Fines"},"content":{"rendered":"\n[et_pb_section fb_built=\u00bb1&#8243; fullwidth=\u00bbon\u00bb _builder_version=\u00bb4.15&#8243; background_image=\u00bbhttps:\/\/unicuces.edu.co\/principal\/wp-content\/uploads\/2018\/11\/Video-Institucional-Unicuces-Universidad-Cali-Final-1.jpg\u00bb global_colors_info=\u00bb{}\u00bb locked=\u00bboff\u00bb theme_builder_area=\u00bbpost_content\u00bb da_is_popup=\u00bboff\u00bb da_exit_intent=\u00bboff\u00bb da_has_close=\u00bbon\u00bb da_alt_close=\u00bboff\u00bb da_dark_close=\u00bboff\u00bb da_not_modal=\u00bbon\u00bb da_is_singular=\u00bboff\u00bb da_with_loader=\u00bboff\u00bb da_has_shadow=\u00bbon\u00bb da_disable_devices=\u00bboff|off|off\u00bb][et_pb_fullwidth_header title=\u00bbNATURALEZA Y FINES\u00bb text_orientation=\u00bbcenter\u00bb admin_label=\u00bbFullwidth Header\u00bb _builder_version=\u00bb4.15&#8243; title_font=\u00bb||||||||\u00bb background_color=\u00bbrgba(255, 255, 255, 0)\u00bb title_text_shadow_style=\u00bbpreset1&#8243; title_text_shadow_color=\u00bbrgba(11,31,102,0.63)\u00bb global_colors_info=\u00bb{}\u00bb button_one_text_size__hover_enabled=\u00bboff\u00bb button_two_text_size__hover_enabled=\u00bboff\u00bb button_one_text_color__hover_enabled=\u00bboff\u00bb button_two_text_color__hover_enabled=\u00bboff\u00bb button_one_border_width__hover_enabled=\u00bboff\u00bb button_two_border_width__hover_enabled=\u00bboff\u00bb button_one_border_color__hover_enabled=\u00bboff\u00bb button_two_border_color__hover_enabled=\u00bboff\u00bb button_one_border_radius__hover_enabled=\u00bboff\u00bb button_two_border_radius__hover_enabled=\u00bboff\u00bb button_one_letter_spacing__hover_enabled=\u00bboff\u00bb button_two_letter_spacing__hover_enabled=\u00bboff\u00bb button_one_bg_color__hover_enabled=\u00bboff\u00bb button_two_bg_color__hover_enabled=\u00bboff\u00bb theme_builder_area=\u00bbpost_content\u00bb][\/et_pb_fullwidth_header][\/et_pb_section][et_pb_section fb_built=\u00bb1&#8243; _builder_version=\u00bb4.15&#8243; global_colors_info=\u00bb{}\u00bb locked=\u00bboff\u00bb theme_builder_area=\u00bbpost_content\u00bb da_is_popup=\u00bboff\u00bb da_exit_intent=\u00bboff\u00bb da_has_close=\u00bbon\u00bb da_alt_close=\u00bboff\u00bb da_dark_close=\u00bboff\u00bb da_not_modal=\u00bbon\u00bb da_is_singular=\u00bboff\u00bb da_with_loader=\u00bboff\u00bb da_has_shadow=\u00bbon\u00bb da_disable_devices=\u00bboff|off|off\u00bb][et_pb_row _builder_version=\u00bb4.15&#8243; background_size=\u00bbinitial\u00bb background_position=\u00bbtop_left\u00bb background_repeat=\u00bbrepeat\u00bb global_colors_info=\u00bb{}\u00bb theme_builder_area=\u00bbpost_content\u00bb][et_pb_column type=\u00bb4_4&#8243; _builder_version=\u00bb4.15&#8243; custom_padding=\u00bb|||\u00bb global_colors_info=\u00bb{}\u00bb custom_padding__hover=\u00bb|||\u00bb theme_builder_area=\u00bbpost_content\u00bb][et_pb_text admin_label=\u00bbText\u00bb _builder_version=\u00bb4.15&#8243; background_size=\u00bbinitial\u00bb background_position=\u00bbtop_left\u00bb background_repeat=\u00bbrepeat\u00bb global_colors_info=\u00bb{}\u00bb theme_builder_area=\u00bbpost_content\u00bb]<p style=\"text-align: justify;\"><span>De acuerdo con su historia y su misi\u00f3n, la<strong>\u00a0<span style=\"color: #ab001d;\">UNICUCES<\/span>\u00a0<\/strong>se ha mantenido dentro de lo establecido por la ley del Estado colombiano y en su desarrollo institucional ha buscado cumplir con los objetivos de la Educaci\u00f3n\u00a0 Superior.\u00a0<\/span><\/p>\n<p style=\"text-align: justify;\"><span>En este sentido se propone alcanzar los siguientes objetivos:<\/span><\/p>\n<ol>\n<li style=\"text-align: justify;\"><span>Desarrollar competencias profesionales en los estudiantes que les permitan adaptarse a un entorno educativo y laboral en permanente cambio y actuar con autonom\u00eda, responsabilidad y efectividad\u00a0 en distintos contextos ocupacionales y sociales.<br \/><br \/><\/span><\/li>\n<li style=\"text-align: justify;\"><span>Buscar una formaci\u00f3n de calidad que favorezca el desarrollo integral del hombre, haciendo posible su real incorporaci\u00f3n a la sociedad contempor\u00e1nea y que est\u00e9 expresada en t\u00e9rminos de competencia para resolver problemas de la realidad.<br \/><br \/><\/span><\/li>\n<li style=\"text-align: justify;\"><span>Articular las necesidades de formaci\u00f3n del individuo con las necesidades del mundo del trabajo, desarrollando programas con una estructura curricular abierta y flexible que habiliten al estudiante para el trabajo y le permita salidas parciales al mundo laboral.<br \/><br \/><\/span><\/li>\n<li style=\"text-align: justify;\"><span>Trabajar por la creaci\u00f3n, el desarrollo y la transmisi\u00f3n del conocimiento en todas sus formas y expresiones y, promover su utilizaci\u00f3n en actividades de investigaci\u00f3n, orientadas a la aplicaci\u00f3n de conocimientos universales para la soluci\u00f3n de problemas empresariales\u00a0 concretos.<br \/><br \/><\/span><\/li>\n<li style=\"text-align: justify;\"><span>Establecer alianzas estrat\u00e9gicas de cooperaci\u00f3n con entidades de los sectores educativo y productivo de la regi\u00f3n, para realizar proyectos conjuntos.<br \/><br \/><\/span><\/li>\n<li style=\"text-align: justify;\"><span>Ofrecer y desarrollar programas pertinentes de Proyecci\u00f3n Social (Educaci\u00f3n Continuada, Asesor\u00edas y Consultor\u00edas), que promuevan el desarrollo humano, social, t\u00e9cnico y tecnol\u00f3gico de la sociedad vallecaucana.<br \/><br \/><\/span><\/li>\n<li style=\"text-align: justify;\"><span>Desarrollar actividades de Servicio Social en aras del mejoramiento de la calidad de vida de la poblaci\u00f3n menos favorecida, en las que participen directamente los estudiantes y los docentes.<br \/><br \/><\/span><\/li>\n<li style=\"text-align: justify;\"><span>Mantener una relaci\u00f3n permanente con los egresados a fin de establecer las necesidades de cualificaci\u00f3n e igualmente ser\u00e1n el medio por el cual se pueda evaluar el impacto que tiene la Instituci\u00f3n en la regi\u00f3n y con ello permitir la retroalimentaci\u00f3n de los curr\u00edculos.<br \/><br \/><\/span><\/li>\n<li style=\"text-align: justify;\"><span>Impulsar la pr\u00e1ctica profesional del estudiante como elemento integral de su formaci\u00f3n.<br \/><br \/><\/span><\/li>\n<li style=\"text-align: justify;\"><span>Promover la acreditaci\u00f3n de alta calidad de los programas.<br \/><br \/><\/span><\/li>\n<li style=\"text-align: justify;\"><span>Disponer de una infraestructura f\u00edsica y tecnol\u00f3gica adecuada para apoyar el desarrollo de los procesos de formaci\u00f3n integral de calidad y de apoyo administrativo.<br \/><br \/><\/span><\/li>\n<li style=\"text-align: justify;\"><span>Disponer de Programas (servicios y actividades) de Bienestar Universitario que faciliten la convivencia y mejoren las condiciones de la gesti\u00f3n acad\u00e9mica y\u00a0 administrativa en la Instituci\u00f3n.<\/span><\/li>\n<\/ol>[\/et_pb_text][\/et_pb_column][\/et_pb_row][\/et_pb_section]\n","protected":false},"excerpt":{"rendered":"<p>De acuerdo con su historia y su misi\u00f3n, la\u00a0UNICUCES\u00a0se ha mantenido dentro de lo establecido por la ley del Estado colombiano y en su desarrollo institucional ha buscado cumplir con los objetivos de la Educaci\u00f3n\u00a0 Superior.\u00a0 En este sentido se propone alcanzar los siguientes objetivos: Desarrollar competencias profesionales en los estudiantes que les permitan adaptarse [&hellip;]<\/p>\n","protected":false},"author":14,"featured_media":0,"parent":0,"menu_order":0,"comment_status":"closed","ping_status":"closed","template":"","meta":{"_et_pb_use_builder":"on","_et_pb_old_content":"","_et_gb_content_width":"","footnotes":""},"class_list":["post-11300","page","type-page","status-publish","hentry"],"_links":{"self":[{"href":"https:\/\/unicuces.edu.co\/principal\/wp-json\/wp\/v2\/pages\/11300","targetHints":{"allow":["GET"]}}],"collection":[{"href":"https:\/\/unicuces.edu.co\/principal\/wp-json\/wp\/v2\/pages"}],"about":[{"href":"https:\/\/unicuces.edu.co\/principal\/wp-json\/wp\/v2\/types\/page"}],"author":[{"embeddable":true,"href":"https:\/\/unicuces.edu.co\/principal\/wp-json\/wp\/v2\/users\/14"}],"replies":[{"embeddable":true,"href":"https:\/\/unicuces.edu.co\/principal\/wp-json\/wp\/v2\/comments?post=11300"}],"version-history":[{"count":2,"href":"https:\/\/unicuces.edu.co\/principal\/wp-json\/wp\/v2\/pages\/11300\/revisions"}],"predecessor-version":[{"id":11304,"href":"https:\/\/unicuces.edu.co\/principal\/wp-json\/wp\/v2\/pages\/11300\/revisions\/11304"}],"wp:attachment":[{"href":"https:\/\/unicuces.edu.co\/principal\/wp-json\/wp\/v2\/media?parent=11300"}],"curies":[{"name":"wp","href":"https:\/\/api.w.org\/{rel}","templated":true}]}}