{"id":11267,"date":"2022-03-28T11:20:48","date_gmt":"2022-03-28T16:20:48","guid":{"rendered":"https:\/\/unicuces.edu.co\/principal\/?page_id=11267"},"modified":"2022-04-04T18:57:31","modified_gmt":"2022-04-04T23:57:31","slug":"aliados-de-apoyo","status":"publish","type":"page","link":"https:\/\/unicuces.edu.co\/principal\/aliados-de-apoyo\/","title":{"rendered":"Aliados de Apoyo"},"content":{"rendered":"\n[et_pb_section fb_built=\u00bb1&#8243; fullwidth=\u00bbon\u00bb _builder_version=\u00bb4.15&#8243; background_color_gradient_direction=\u00bb356deg\u00bb background_image=\u00bbhttps:\/\/unicuces.edu.co\/principal\/wp-content\/uploads\/2018\/11\/Aliados-Unicuces-Universidad-Cali-4-1.jpg\u00bb da_disable_devices=\u00bboff|off|off\u00bb global_colors_info=\u00bb{}\u00bb locked=\u00bboff\u00bb theme_builder_area=\u00bbpost_content\u00bb da_is_popup=\u00bboff\u00bb da_exit_intent=\u00bboff\u00bb da_has_close=\u00bbon\u00bb da_alt_close=\u00bboff\u00bb da_dark_close=\u00bboff\u00bb da_not_modal=\u00bbon\u00bb da_is_singular=\u00bboff\u00bb da_with_loader=\u00bboff\u00bb da_has_shadow=\u00bbon\u00bb][et_pb_fullwidth_header title=\u00bbALIADOS\u00bb text_orientation=\u00bbcenter\u00bb _builder_version=\u00bb4.15&#8243; title_font=\u00bb||||||||\u00bb title_text_color=\u00bb#ffffff\u00bb background_color=\u00bbrgba(255, 255, 255, 0)\u00bb background_layout=\u00bblight\u00bb title_text_shadow_style=\u00bbpreset1&#8243; title_text_shadow_color=\u00bbrgba(11,31,102,0.63)\u00bb global_colors_info=\u00bb{}\u00bb button_one_text_size__hover_enabled=\u00bboff\u00bb button_two_text_size__hover_enabled=\u00bboff\u00bb button_one_text_color__hover_enabled=\u00bboff\u00bb button_two_text_color__hover_enabled=\u00bboff\u00bb button_one_border_width__hover_enabled=\u00bboff\u00bb button_two_border_width__hover_enabled=\u00bboff\u00bb button_one_border_color__hover_enabled=\u00bboff\u00bb button_two_border_color__hover_enabled=\u00bboff\u00bb button_one_border_radius__hover_enabled=\u00bboff\u00bb button_two_border_radius__hover_enabled=\u00bboff\u00bb button_one_letter_spacing__hover_enabled=\u00bboff\u00bb button_two_letter_spacing__hover_enabled=\u00bboff\u00bb button_one_bg_color__hover_enabled=\u00bboff\u00bb button_two_bg_color__hover_enabled=\u00bboff\u00bb theme_builder_area=\u00bbpost_content\u00bb][\/et_pb_fullwidth_header][\/et_pb_section][et_pb_section fb_built=\u00bb1&#8243; _builder_version=\u00bb4.15&#8243; da_disable_devices=\u00bboff|off|off\u00bb global_colors_info=\u00bb{}\u00bb locked=\u00bboff\u00bb theme_builder_area=\u00bbpost_content\u00bb da_is_popup=\u00bboff\u00bb da_exit_intent=\u00bboff\u00bb da_has_close=\u00bbon\u00bb da_alt_close=\u00bboff\u00bb da_dark_close=\u00bboff\u00bb da_not_modal=\u00bbon\u00bb da_is_singular=\u00bboff\u00bb da_with_loader=\u00bboff\u00bb da_has_shadow=\u00bbon\u00bb][et_pb_row column_structure=\u00bb1_2,1_2&#8243; _builder_version=\u00bb4.15&#8243; background_size=\u00bbinitial\u00bb background_position=\u00bbtop_left\u00bb background_repeat=\u00bbrepeat\u00bb global_colors_info=\u00bb{}\u00bb theme_builder_area=\u00bbpost_content\u00bb][et_pb_column type=\u00bb1_2&#8243; _builder_version=\u00bb4.15&#8243; custom_padding=\u00bb|||\u00bb global_colors_info=\u00bb{}\u00bb custom_padding__hover=\u00bb|||\u00bb theme_builder_area=\u00bbpost_content\u00bb][et_pb_blurb title=\u00bbFUDECES\u00bb image=\u00bbhttps:\/\/unicuces.edu.co\/principal\/wp-content\/uploads\/2018\/08\/logo_fudeces.jpg\u00bb image_icon_width=\u00bb77%\u00bb admin_label=\u00bbBlurb\u00bb _builder_version=\u00bb4.15&#8243; header_font=\u00bb||||||||\u00bb header_text_color=\u00bb#ab001d\u00bb background_size=\u00bbinitial\u00bb background_position=\u00bbtop_left\u00bb background_repeat=\u00bbrepeat\u00bb text_orientation=\u00bbcenter\u00bb image_max_width=\u00bb77%\u00bb global_colors_info=\u00bb{}\u00bb theme_builder_area=\u00bbpost_content\u00bb]<p><span>\u201cFundaci\u00f3n para el Desarrollo Social CENTRO SUPERIOR\u201d. Promueve y desarrolla acciones y actividades de car\u00e1cter social, econ\u00f3mico y cultural que permitan el desarrollo y proyecci\u00f3n de las funciones de la Instituci\u00f3n de Educaci\u00f3n Superior. ONG registrada en la CCC bajo Nro. 2965 del Libro L de Agoto 11 \u2013 2006.<\/span><\/p>[\/et_pb_blurb][\/et_pb_column][et_pb_column type=\u00bb1_2&#8243; _builder_version=\u00bb4.15&#8243; custom_padding=\u00bb|||\u00bb global_colors_info=\u00bb{}\u00bb custom_padding__hover=\u00bb|||\u00bb theme_builder_area=\u00bbpost_content\u00bb][et_pb_blurb title=\u00bbCEINERSE\u00bb image=\u00bbhttps:\/\/unicuces.edu.co\/principal\/wp-content\/uploads\/2018\/08\/logo_ceinerse.jpg\u00bb admin_label=\u00bbBlurb\u00bb _builder_version=\u00bb4.15&#8243; header_font=\u00bb||||||||\u00bb header_text_color=\u00bb#ab001d\u00bb background_size=\u00bbinitial\u00bb background_position=\u00bbtop_left\u00bb background_repeat=\u00bbrepeat\u00bb text_orientation=\u00bbcenter\u00bb global_colors_info=\u00bb{}\u00bb theme_builder_area=\u00bbpost_content\u00bb]<p><span>\u201cCentro de Investigaci\u00f3n en Responsabilidad\u201d, Acuerdo del Consejo Superior 06 de Julio 10 \u2013 2007. Coordina el desarrollo de procesos de investigaci\u00f3n tanto con la vocaci\u00f3n acad\u00e9mica como con las necesidades del entorno econ\u00f3mico actual.<\/span><\/p>[\/et_pb_blurb][\/et_pb_column][\/et_pb_row][et_pb_row column_structure=\u00bb1_2,1_2&#8243; _builder_version=\u00bb4.15&#8243; background_size=\u00bbinitial\u00bb background_position=\u00bbtop_left\u00bb background_repeat=\u00bbrepeat\u00bb global_colors_info=\u00bb{}\u00bb theme_builder_area=\u00bbpost_content\u00bb][et_pb_column type=\u00bb1_2&#8243; _builder_version=\u00bb4.15&#8243; custom_padding=\u00bb|||\u00bb global_colors_info=\u00bb{}\u00bb custom_padding__hover=\u00bb|||\u00bb theme_builder_area=\u00bbpost_content\u00bb][et_pb_blurb title=\u00bbVINCULEMONOS\u00bb image=\u00bbhttps:\/\/unicuces.edu.co\/principal\/wp-content\/uploads\/2018\/08\/logo_vinculemonos.jpg\u00bb image_icon_width=\u00bb98%\u00bb admin_label=\u00bbBlurb\u00bb _builder_version=\u00bb4.15.0&#8243; header_font=\u00bb||||||||\u00bb header_text_color=\u00bb#ab001d\u00bb background_size=\u00bbinitial\u00bb background_position=\u00bbtop_left\u00bb background_repeat=\u00bbrepeat\u00bb text_orientation=\u00bbcenter\u00bb custom_margin=\u00bb|-30px||-20px\u00bb image_max_width=\u00bb98%\u00bb global_colors_info=\u00bb{}\u00bb theme_builder_area=\u00bbpost_content\u00bb]<p><span>\u201cBOLSA DE Empleo CENTRO SUPERIOR\u201d. Servicio Social Institucional que promueve y desarrolla acciones especiales para vincular laboralmente a estudiantes y egresados de la Instituci\u00f3n.<\/span><\/p>[\/et_pb_blurb][\/et_pb_column][et_pb_column type=\u00bb1_2&#8243; _builder_version=\u00bb4.15&#8243; custom_padding=\u00bb|||\u00bb global_colors_info=\u00bb{}\u00bb custom_padding__hover=\u00bb|||\u00bb theme_builder_area=\u00bbpost_content\u00bb][et_pb_blurb title=\u00bbADECUCES\u00bb image=\u00bbhttps:\/\/unicuces.edu.co\/principal\/wp-content\/uploads\/2018\/08\/logo_adecuces.jpg\u00bb image_icon_width=\u00bb78%\u00bb admin_label=\u00bbBlurb\u00bb _builder_version=\u00bb4.15&#8243; header_font=\u00bb||||||||\u00bb header_text_color=\u00bb#ab001d\u00bb background_size=\u00bbinitial\u00bb background_position=\u00bbtop_left\u00bb background_repeat=\u00bbrepeat\u00bb text_orientation=\u00bbcenter\u00bb custom_margin=\u00bb|||\u00bb image_max_width=\u00bb78%\u00bb global_colors_info=\u00bb{}\u00bb theme_builder_area=\u00bbpost_content\u00bb]<p style=\"text-align: center;\"><span>\u201cAsociaci\u00f3n de Egresados del CENTRO SUPERIOR\u201d. Mantiene una relaci\u00f3n permanente entre la UNICUCES, sus 9794 egresados y el entorno social con el fin de aunar esfuerzos y lograr metas de inter\u00e9s institucional y colectivo.<\/span><\/p>[\/et_pb_blurb][\/et_pb_column][\/et_pb_row][\/et_pb_section]\n","protected":false},"excerpt":{"rendered":"<p>\u201cFundaci\u00f3n para el Desarrollo Social CENTRO SUPERIOR\u201d. Promueve y desarrolla acciones y actividades de car\u00e1cter social, econ\u00f3mico y cultural que permitan el desarrollo y proyecci\u00f3n de las funciones de la Instituci\u00f3n de Educaci\u00f3n Superior. ONG registrada en la CCC bajo Nro. 2965 del Libro L de Agoto 11 \u2013 2006.\u201cCentro de Investigaci\u00f3n en Responsabilidad\u201d, Acuerdo [&hellip;]<\/p>\n","protected":false},"author":14,"featured_media":0,"parent":0,"menu_order":0,"comment_status":"closed","ping_status":"closed","template":"","meta":{"_et_pb_use_builder":"on","_et_pb_old_content":"","_et_gb_content_width":"","footnotes":""},"class_list":["post-11267","page","type-page","status-publish","hentry"],"_links":{"self":[{"href":"https:\/\/unicuces.edu.co\/principal\/wp-json\/wp\/v2\/pages\/11267","targetHints":{"allow":["GET"]}}],"collection":[{"href":"https:\/\/unicuces.edu.co\/principal\/wp-json\/wp\/v2\/pages"}],"about":[{"href":"https:\/\/unicuces.edu.co\/principal\/wp-json\/wp\/v2\/types\/page"}],"author":[{"embeddable":true,"href":"https:\/\/unicuces.edu.co\/principal\/wp-json\/wp\/v2\/users\/14"}],"replies":[{"embeddable":true,"href":"https:\/\/unicuces.edu.co\/principal\/wp-json\/wp\/v2\/comments?post=11267"}],"version-history":[{"count":2,"href":"https:\/\/unicuces.edu.co\/principal\/wp-json\/wp\/v2\/pages\/11267\/revisions"}],"predecessor-version":[{"id":11270,"href":"https:\/\/unicuces.edu.co\/principal\/wp-json\/wp\/v2\/pages\/11267\/revisions\/11270"}],"wp:attachment":[{"href":"https:\/\/unicuces.edu.co\/principal\/wp-json\/wp\/v2\/media?parent=11267"}],"curies":[{"name":"wp","href":"https:\/\/api.w.org\/{rel}","templated":true}]}}